{"id":162,"date":"2017-09-27T17:47:25","date_gmt":"2017-09-27T15:47:25","guid":{"rendered":"https:\/\/ent2d.ac-bordeaux.fr\/disciplines\/ciras\/?page_id=162"},"modified":"2017-10-25T11:46:57","modified_gmt":"2017-10-25T09:46:57","slug":"6-enseigner-le-bia","status":"publish","type":"page","link":"https:\/\/ent2d.ac-bordeaux.fr\/disciplines\/ciras\/6-enseigner-le-bia\/","title":{"rendered":"5 Enseigner le BIA"},"content":{"rendered":"<p>De nombreux sites proposent une documentation p\u00e9dagogique sur l&#8217;enseignement du BIA. Il est primordiale de sc\u00e9nariser l&#8217;enseignement et de proposer des activit\u00e9s dynamiques et d\u00e9monstratives pour susciter la motivation des \u00e9l\u00e8ves.<\/p>\n<p>le site national propose des ressources en ligne : <a href=\"http:\/\/eduscol.education.fr\/sti\/bia#ressources\" target=\"_blank\" rel=\"noopener\">site national eduscol<\/a><\/p>\n","protected":false},"excerpt":{"rendered":"<p>De nombreux sites proposent une documentation p\u00e9dagogique sur l&#8217;enseignement du BIA. Il est primordiale de sc\u00e9nariser l&#8217;enseignement et de proposer des activit\u00e9s dynamiques et d\u00e9monstratives pour susciter la motivation des \u00e9l\u00e8ves. le site national propose des ressources en ligne : site national eduscol<\/p>\n","protected":false},"author":100,"featured_media":0,"parent":0,"menu_order":0,"comment_status":"closed","ping_status":"closed","template":"","meta":{"footnotes":""},"class_list":["post-162","page","type-page","status-publish","hentry","nodate"],"_links":{"self":[{"href":"https:\/\/ent2d.ac-bordeaux.fr\/disciplines\/ciras\/wp-json\/wp\/v2\/pages\/162","targetHints":{"allow":["GET"]}}],"collection":[{"href":"https:\/\/ent2d.ac-bordeaux.fr\/disciplines\/ciras\/wp-json\/wp\/v2\/pages"}],"about":[{"href":"https:\/\/ent2d.ac-bordeaux.fr\/disciplines\/ciras\/wp-json\/wp\/v2\/types\/page"}],"author":[{"embeddable":true,"href":"https:\/\/ent2d.ac-bordeaux.fr\/disciplines\/ciras\/wp-json\/wp\/v2\/users\/100"}],"replies":[{"embeddable":true,"href":"https:\/\/ent2d.ac-bordeaux.fr\/disciplines\/ciras\/wp-json\/wp\/v2\/comments?post=162"}],"version-history":[{"count":2,"href":"https:\/\/ent2d.ac-bordeaux.fr\/disciplines\/ciras\/wp-json\/wp\/v2\/pages\/162\/revisions"}],"predecessor-version":[{"id":180,"href":"https:\/\/ent2d.ac-bordeaux.fr\/disciplines\/ciras\/wp-json\/wp\/v2\/pages\/162\/revisions\/180"}],"wp:attachment":[{"href":"https:\/\/ent2d.ac-bordeaux.fr\/disciplines\/ciras\/wp-json\/wp\/v2\/media?parent=162"}],"curies":[{"name":"wp","href":"https:\/\/api.w.org\/{rel}","templated":true}]}}