{"id":149,"date":"2017-09-17T20:12:49","date_gmt":"2017-09-17T18:12:49","guid":{"rendered":"https:\/\/ent2d.ac-bordeaux.fr\/disciplines\/ciras\/?page_id=149"},"modified":"2017-11-03T09:59:32","modified_gmt":"2017-11-03T08:59:32","slug":"integrer-le-bia-dans-les-dispositifs-de-formations","status":"publish","type":"page","link":"https:\/\/ent2d.ac-bordeaux.fr\/disciplines\/ciras\/6-enseigner-le-bia\/integrer-le-bia-dans-les-dispositifs-de-formations\/","title":{"rendered":"1 Int\u00e9grer le BIA dans les dispositifs de formations"},"content":{"rendered":"<p>La th\u00e9matique a\u00e9ronautique est riche. Ainsi, quelque soit le niveau de l&#8217;\u00e9l\u00e8ve, il est possible d&#8217;int\u00e9grer ce domaine pour susciter leur int\u00e9r\u00eat. Le document ci dessous propose des pistes de mise en oeuvre :<\/p>\n<p style=\"text-align: center\"><a href=\"https:\/\/ent2d.ac-bordeaux.fr\/disciplines\/ciras\/wp-content\/uploads\/sites\/53\/2017\/09\/A\u00e9ro-en-milieu-scolaire-V2.pdf\">A\u00e9ro en milieu scolaire V2<\/a><\/p>\n","protected":false},"excerpt":{"rendered":"<p>La th\u00e9matique a\u00e9ronautique est riche. Ainsi, quelque soit le niveau de l&#8217;\u00e9l\u00e8ve, il est possible d&#8217;int\u00e9grer ce domaine pour susciter leur int\u00e9r\u00eat. Le document ci dessous propose des pistes de mise en oeuvre : A\u00e9ro en milieu scolaire V2<\/p>\n","protected":false},"author":100,"featured_media":0,"parent":162,"menu_order":0,"comment_status":"closed","ping_status":"closed","template":"","meta":{"footnotes":""},"class_list":["post-149","page","type-page","status-publish","hentry","nodate"],"_links":{"self":[{"href":"https:\/\/ent2d.ac-bordeaux.fr\/disciplines\/ciras\/wp-json\/wp\/v2\/pages\/149","targetHints":{"allow":["GET"]}}],"collection":[{"href":"https:\/\/ent2d.ac-bordeaux.fr\/disciplines\/ciras\/wp-json\/wp\/v2\/pages"}],"about":[{"href":"https:\/\/ent2d.ac-bordeaux.fr\/disciplines\/ciras\/wp-json\/wp\/v2\/types\/page"}],"author":[{"embeddable":true,"href":"https:\/\/ent2d.ac-bordeaux.fr\/disciplines\/ciras\/wp-json\/wp\/v2\/users\/100"}],"replies":[{"embeddable":true,"href":"https:\/\/ent2d.ac-bordeaux.fr\/disciplines\/ciras\/wp-json\/wp\/v2\/comments?post=149"}],"version-history":[{"count":3,"href":"https:\/\/ent2d.ac-bordeaux.fr\/disciplines\/ciras\/wp-json\/wp\/v2\/pages\/149\/revisions"}],"predecessor-version":[{"id":206,"href":"https:\/\/ent2d.ac-bordeaux.fr\/disciplines\/ciras\/wp-json\/wp\/v2\/pages\/149\/revisions\/206"}],"up":[{"embeddable":true,"href":"https:\/\/ent2d.ac-bordeaux.fr\/disciplines\/ciras\/wp-json\/wp\/v2\/pages\/162"}],"wp:attachment":[{"href":"https:\/\/ent2d.ac-bordeaux.fr\/disciplines\/ciras\/wp-json\/wp\/v2\/media?parent=149"}],"curies":[{"name":"wp","href":"https:\/\/api.w.org\/{rel}","templated":true}]}}