{"id":127,"date":"2017-09-13T23:40:41","date_gmt":"2017-09-13T21:40:41","guid":{"rendered":"https:\/\/ent2d.ac-bordeaux.fr\/disciplines\/ciras\/?page_id=127"},"modified":"2017-10-25T11:46:50","modified_gmt":"2017-10-25T09:46:50","slug":"5-textes-et-conventions","status":"publish","type":"page","link":"https:\/\/ent2d.ac-bordeaux.fr\/disciplines\/ciras\/5-textes-et-conventions\/","title":{"rendered":"6 Textes et conventions"},"content":{"rendered":"<p style=\"text-align: center\"><strong>Le Brevet d&#8217;Initiation A\u00e9ronautique<\/strong><\/p>\n<p>Arr\u00eat\u00e9 de cr\u00e9ation du BIA :\u00a0<a href=\"https:\/\/ent2d.ac-bordeaux.fr\/disciplines\/ciras\/wp-content\/uploads\/sites\/53\/2017\/09\/BIA-2015.pdf\" target=\"_blank\" rel=\"noopener\">BIA 2015<\/a><\/p>\n<p>Programme du BIA :\u00a0<a href=\"https:\/\/ent2d.ac-bordeaux.fr\/disciplines\/ciras\/wp-content\/uploads\/sites\/53\/2017\/09\/BIA-programme.pdf\" target=\"_blank\" rel=\"noopener\">BIA-programme<\/a><\/p>\n<p>Mod\u00e8le de convention non modifiable entre un EPLE et un a\u00e9roclub :\u00a0<a href=\"https:\/\/ent2d.ac-bordeaux.fr\/disciplines\/ciras\/wp-content\/uploads\/sites\/53\/2017\/07\/Convention-type-.pdf\" target=\"_blank\" rel=\"noopener\">Convention type<\/a><\/p>\n<p style=\"text-align: center\"><strong>Le Certificat d&#8217;aptitude \u00e0 l&#8217;enseignement A\u00e9ronautique<\/strong><\/p>\n<p>Arr\u00eat\u00e9 de cr\u00e9ation du CAEA :\u00a0<a href=\"https:\/\/ent2d.ac-bordeaux.fr\/disciplines\/ciras\/wp-content\/uploads\/sites\/53\/2017\/09\/CAEA.pdf\" target=\"_blank\" rel=\"noopener\">CAEA<\/a><\/p>\n<p>Programme du CAEA :\u00a0<a href=\"https:\/\/ent2d.ac-bordeaux.fr\/disciplines\/ciras\/wp-content\/uploads\/sites\/53\/2017\/09\/CAEA_programme.pdf\" target=\"_blank\" rel=\"noopener\">CAEA_programme<\/a><\/p>\n<p>Titre et qualifications permettant un dispense d&#8217;\u00e9preuve au CAEA :\u00a0<a href=\"https:\/\/ent2d.ac-bordeaux.fr\/disciplines\/ciras\/wp-content\/uploads\/sites\/53\/2017\/09\/titres-et-qualifications-pour-les-dispenses-au-caea-2017.pdf\" target=\"_blank\" rel=\"noopener\">titres-et-qualifications-pour-les-dispenses-au-caea-2017<\/a><\/p>\n<p style=\"text-align: center\"><strong>Les conventions Nationales<\/strong><\/p>\n<p>Convention Minist\u00e8re de l&#8217;Education Nationale, du Minist\u00e8re de l&#8217;\u00e9cologie, du d\u00e9veloppement durable et de l&#8217;\u00e9nergie, et du conseil national des f\u00e9d\u00e9rations a\u00e9ronautiques et sportives :\u00a0<a href=\"https:\/\/ent2d.ac-bordeaux.fr\/disciplines\/ciras\/wp-content\/uploads\/sites\/53\/2017\/09\/convention-men-ggac-cnfas-2015.pdf\" target=\"_blank\" rel=\"noopener\">convention-men-ggac-cnfas 2015<\/a><\/p>\n<p>Convention Minist\u00e8re de l&#8217;Education Nationale et l&#8217;Arm\u00e9e de l&#8217;air :\u00a0<a href=\"https:\/\/ent2d.ac-bordeaux.fr\/disciplines\/ciras\/wp-content\/uploads\/sites\/53\/2017\/09\/CONVENTION_BIA_-_MENESR_ET_ARMEE_DE_L_AIR_-_JUIN_2015_439384.pdf\" target=\"_blank\" rel=\"noopener\">CONVENTION_BIA_-_MENESR_ET_ARMEE_DE_L_AIR_-_JUIN_2015_439384<\/a><\/p>\n<p>Convention entre l&#8217;Arm\u00e9e de l&#8217;Air et la F\u00e9d\u00e9ration Fran\u00e7aise de Vol \u00e0 Voile :\u00a0<a href=\"https:\/\/ent2d.ac-bordeaux.fr\/disciplines\/ciras\/wp-content\/uploads\/sites\/53\/2017\/09\/Convention-AA-FFVV.pdf\" target=\"_blank\" rel=\"noopener\">Convention AA FFVV<\/a><\/p>\n","protected":false},"excerpt":{"rendered":"<p>Le Brevet d&#8217;Initiation A\u00e9ronautique Arr\u00eat\u00e9 de cr\u00e9ation du BIA :\u00a0BIA 2015 Programme du BIA :\u00a0BIA-programme Mod\u00e8le de convention non modifiable entre un EPLE et un a\u00e9roclub :\u00a0Convention type Le Certificat d&#8217;aptitude \u00e0 l&#8217;enseignement A\u00e9ronautique Arr\u00eat\u00e9 de cr\u00e9ation du CAEA :\u00a0CAEA Programme du CAEA :\u00a0CAEA_programme Titre et qualifications permettant un dispense d&#8217;\u00e9preuve au CAEA :\u00a0titres-et-qualifications-pour-les-dispenses-au-caea-2017 Les &hellip; <\/p>\n<p><a class=\"more-link block-button\" href=\"https:\/\/ent2d.ac-bordeaux.fr\/disciplines\/ciras\/5-textes-et-conventions\/\">Lire la Suite &raquo;<\/a><\/p>\n","protected":false},"author":100,"featured_media":0,"parent":0,"menu_order":0,"comment_status":"closed","ping_status":"closed","template":"","meta":{"footnotes":""},"class_list":["post-127","page","type-page","status-publish","hentry","nodate"],"_links":{"self":[{"href":"https:\/\/ent2d.ac-bordeaux.fr\/disciplines\/ciras\/wp-json\/wp\/v2\/pages\/127","targetHints":{"allow":["GET"]}}],"collection":[{"href":"https:\/\/ent2d.ac-bordeaux.fr\/disciplines\/ciras\/wp-json\/wp\/v2\/pages"}],"about":[{"href":"https:\/\/ent2d.ac-bordeaux.fr\/disciplines\/ciras\/wp-json\/wp\/v2\/types\/page"}],"author":[{"embeddable":true,"href":"https:\/\/ent2d.ac-bordeaux.fr\/disciplines\/ciras\/wp-json\/wp\/v2\/users\/100"}],"replies":[{"embeddable":true,"href":"https:\/\/ent2d.ac-bordeaux.fr\/disciplines\/ciras\/wp-json\/wp\/v2\/comments?post=127"}],"version-history":[{"count":6,"href":"https:\/\/ent2d.ac-bordeaux.fr\/disciplines\/ciras\/wp-json\/wp\/v2\/pages\/127\/revisions"}],"predecessor-version":[{"id":179,"href":"https:\/\/ent2d.ac-bordeaux.fr\/disciplines\/ciras\/wp-json\/wp\/v2\/pages\/127\/revisions\/179"}],"wp:attachment":[{"href":"https:\/\/ent2d.ac-bordeaux.fr\/disciplines\/ciras\/wp-json\/wp\/v2\/media?parent=127"}],"curies":[{"name":"wp","href":"https:\/\/api.w.org\/{rel}","templated":true}]}}