{"id":78,"date":"2016-12-26T09:26:15","date_gmt":"2016-12-26T08:26:15","guid":{"rendered":"https:\/\/ent2d.ac-bordeaux.fr\/disciplines\/chaudronnerie\/?page_id=78"},"modified":"2017-11-08T18:19:48","modified_gmt":"2017-11-08T17:19:48","slug":"les-pfmp","status":"publish","type":"page","link":"https:\/\/ent2d.ac-bordeaux.fr\/disciplines\/chaudronnerie\/relations-ecole-entreprise\/les-pfmp\/","title":{"rendered":"les PFMP"},"content":{"rendered":"<p>Les liens suivants vous proposent des documents d&#8217;organisation des PFMP dans l&#8217;\u00e9tablissement. Ils ont \u00e9t\u00e9 construits par le coll\u00e8ge des IEN EG\/ET de l&#8217;acad\u00e9mie de Bordeaux et sont actualis\u00e9s en fonction des derniers textes en vigueur :<\/p>\n<p>Pr\u00e9sentation : <a href=\"https:\/\/ent2d.ac-bordeaux.fr\/disciplines\/chaudronnerie\/wp-content\/uploads\/sites\/23\/2016\/12\/Guide-daccompagnement-des-PFMP-V01.17.pdf\" target=\"_blank\" rel=\"noopener\">guide-daccompagnement-des-pfmp-v01-17<\/a><\/p>\n<p><a href=\"https:\/\/ent2d.ac-bordeaux.fr\/disciplines\/chaudronnerie\/wp-content\/uploads\/sites\/23\/2016\/12\/Fiche-PFMP-1-organisation-daccueil-version-1.pdf\" target=\"_blank\" rel=\"noopener\">fiche-pfmp-1-organisation-daccueil-version-1<\/a><\/p>\n<p><a href=\"https:\/\/ent2d.ac-bordeaux.fr\/disciplines\/chaudronnerie\/wp-content\/uploads\/sites\/23\/2016\/12\/Fiche-PFMP-2-conseil-d-administration-version-1.pdf\" target=\"_blank\" rel=\"noopener\">fiche-pfmp-2-conseil-d-administration-version-1<\/a><\/p>\n<p><a href=\"https:\/\/ent2d.ac-bordeaux.fr\/disciplines\/chaudronnerie\/wp-content\/uploads\/sites\/23\/2016\/12\/Fiche-PFMP-3-\u00e9quipe-p\u00e9dagogique-version-1.pdf\" target=\"_blank\" rel=\"noopener\">fiche-pfmp-3-equipe-pedagogique-version-1<\/a><\/p>\n<p><a href=\"https:\/\/ent2d.ac-bordeaux.fr\/disciplines\/chaudronnerie\/wp-content\/uploads\/sites\/23\/2016\/12\/Fiche-PFMP-4-r\u00e9f\u00e9rent-version-1.1.pdf\" target=\"_blank\" rel=\"noopener\">fiche-pfmp-4-referent-version-1-1<\/a><\/p>\n<p><a href=\"https:\/\/ent2d.ac-bordeaux.fr\/disciplines\/chaudronnerie\/wp-content\/uploads\/sites\/23\/2016\/12\/fiche-PFMP-5-PFMP-\u00e0-l\u00e9tranger.pdf\" target=\"_blank\" rel=\"noopener\">fiche-pfmp-5-pfmp-a-letranger<\/a><\/p>\n<p><a href=\"https:\/\/ent2d.ac-bordeaux.fr\/disciplines\/chaudronnerie\/wp-content\/uploads\/sites\/23\/2016\/12\/Fiche-PFMP-6-jeune-stagiaire-version-1.1.pdf\" target=\"_blank\" rel=\"noopener\">fiche-pfmp-6-jeune-stagiaire-version-1-1<\/a><\/p>\n<p>dans le cas d&#8217;extr\u00eame n\u00e9cessit\u00e9, le dispositif <a href=\"http:\/\/www.ac-bordeaux.fr\/cid98343\/les-poles-de-stages.html\" target=\"_blank\" rel=\"noopener\">&#8220;Pole de stage&#8221;<\/a> peut \u00eatre mobilis\u00e9.<\/p>\n<p>&nbsp;<\/p>\n<p>&nbsp;<\/p>\n","protected":false},"excerpt":{"rendered":"<p>Les liens suivants vous proposent des documents d&#8217;organisation des PFMP dans l&#8217;\u00e9tablissement. Ils ont \u00e9t\u00e9 construits par le coll\u00e8ge des IEN EG\/ET de l&#8217;acad\u00e9mie de Bordeaux et sont actualis\u00e9s en fonction des derniers textes en vigueur : Pr\u00e9sentation : guide-daccompagnement-des-pfmp-v01-17 fiche-pfmp-1-organisation-daccueil-version-1 fiche-pfmp-2-conseil-d-administration-version-1 fiche-pfmp-3-equipe-pedagogique-version-1 fiche-pfmp-4-referent-version-1-1 fiche-pfmp-5-pfmp-a-letranger fiche-pfmp-6-jeune-stagiaire-version-1-1 dans le cas d&#8217;extr\u00eame n\u00e9cessit\u00e9, le dispositif &#8220;Pole de &hellip; <\/p>\n<p><a class=\"more-link block-button\" href=\"https:\/\/ent2d.ac-bordeaux.fr\/disciplines\/chaudronnerie\/relations-ecole-entreprise\/les-pfmp\/\">Lire la Suite &raquo;<\/a><\/p>\n","protected":false},"author":100,"featured_media":0,"parent":76,"menu_order":0,"comment_status":"closed","ping_status":"closed","template":"","meta":{"footnotes":""},"class_list":["post-78","page","type-page","status-publish","hentry","nodate"],"_links":{"self":[{"href":"https:\/\/ent2d.ac-bordeaux.fr\/disciplines\/chaudronnerie\/wp-json\/wp\/v2\/pages\/78","targetHints":{"allow":["GET"]}}],"collection":[{"href":"https:\/\/ent2d.ac-bordeaux.fr\/disciplines\/chaudronnerie\/wp-json\/wp\/v2\/pages"}],"about":[{"href":"https:\/\/ent2d.ac-bordeaux.fr\/disciplines\/chaudronnerie\/wp-json\/wp\/v2\/types\/page"}],"author":[{"embeddable":true,"href":"https:\/\/ent2d.ac-bordeaux.fr\/disciplines\/chaudronnerie\/wp-json\/wp\/v2\/users\/100"}],"replies":[{"embeddable":true,"href":"https:\/\/ent2d.ac-bordeaux.fr\/disciplines\/chaudronnerie\/wp-json\/wp\/v2\/comments?post=78"}],"version-history":[{"count":6,"href":"https:\/\/ent2d.ac-bordeaux.fr\/disciplines\/chaudronnerie\/wp-json\/wp\/v2\/pages\/78\/revisions"}],"predecessor-version":[{"id":375,"href":"https:\/\/ent2d.ac-bordeaux.fr\/disciplines\/chaudronnerie\/wp-json\/wp\/v2\/pages\/78\/revisions\/375"}],"up":[{"embeddable":true,"href":"https:\/\/ent2d.ac-bordeaux.fr\/disciplines\/chaudronnerie\/wp-json\/wp\/v2\/pages\/76"}],"wp:attachment":[{"href":"https:\/\/ent2d.ac-bordeaux.fr\/disciplines\/chaudronnerie\/wp-json\/wp\/v2\/media?parent=78"}],"curies":[{"name":"wp","href":"https:\/\/api.w.org\/{rel}","templated":true}]}}