{"id":76,"date":"2016-12-26T09:13:07","date_gmt":"2016-12-26T08:13:07","guid":{"rendered":"https:\/\/ent2d.ac-bordeaux.fr\/disciplines\/chaudronnerie\/?page_id=76"},"modified":"2017-09-23T08:33:45","modified_gmt":"2017-09-23T06:33:45","slug":"relations-ecole-entreprise","status":"publish","type":"page","link":"https:\/\/ent2d.ac-bordeaux.fr\/disciplines\/chaudronnerie\/relations-ecole-entreprise\/","title":{"rendered":"3 D\u00e9velopper la Relation \u00e9cole &#8211; entreprise"},"content":{"rendered":"<p>La relation Ecole &#8211; Entreprise est primordiale dans la construction du parcours de d\u00e9veloppement des comp\u00e9tences des \u00e9l\u00e8ves. Elle est d\u00e9velopp\u00e9e par :<\/p>\n<ul>\n<li>les p\u00e9riodes de formation en milieu professionnel<\/li>\n<li>la d\u00e9couverte de l&#8217;entreprise et de son environnement<\/li>\n<li>des actions en relation avec la profession et l&#8217;innovation<\/li>\n<\/ul>\n<p>les pages suivantes vous proposent des pistes de r\u00e9flexion pour :<\/p>\n<ul>\n<li>rechercher et accompagner les PFMP<\/li>\n<li>d\u00e9couvrir l&#8217;entreprise<\/li>\n<li>valoriser le m\u00e9tier et les \u00e9l\u00e8ves<\/li>\n<\/ul>\n","protected":false},"excerpt":{"rendered":"<p>La relation Ecole &#8211; Entreprise est primordiale dans la construction du parcours de d\u00e9veloppement des comp\u00e9tences des \u00e9l\u00e8ves. Elle est d\u00e9velopp\u00e9e par : les p\u00e9riodes de formation en milieu professionnel la d\u00e9couverte de l&#8217;entreprise et de son environnement des actions en relation avec la profession et l&#8217;innovation les pages suivantes vous proposent des pistes de &hellip; <\/p>\n<p><a class=\"more-link block-button\" href=\"https:\/\/ent2d.ac-bordeaux.fr\/disciplines\/chaudronnerie\/relations-ecole-entreprise\/\">Lire la Suite &raquo;<\/a><\/p>\n","protected":false},"author":100,"featured_media":0,"parent":0,"menu_order":0,"comment_status":"closed","ping_status":"closed","template":"","meta":{"footnotes":""},"class_list":["post-76","page","type-page","status-publish","hentry","nodate"],"_links":{"self":[{"href":"https:\/\/ent2d.ac-bordeaux.fr\/disciplines\/chaudronnerie\/wp-json\/wp\/v2\/pages\/76","targetHints":{"allow":["GET"]}}],"collection":[{"href":"https:\/\/ent2d.ac-bordeaux.fr\/disciplines\/chaudronnerie\/wp-json\/wp\/v2\/pages"}],"about":[{"href":"https:\/\/ent2d.ac-bordeaux.fr\/disciplines\/chaudronnerie\/wp-json\/wp\/v2\/types\/page"}],"author":[{"embeddable":true,"href":"https:\/\/ent2d.ac-bordeaux.fr\/disciplines\/chaudronnerie\/wp-json\/wp\/v2\/users\/100"}],"replies":[{"embeddable":true,"href":"https:\/\/ent2d.ac-bordeaux.fr\/disciplines\/chaudronnerie\/wp-json\/wp\/v2\/comments?post=76"}],"version-history":[{"count":4,"href":"https:\/\/ent2d.ac-bordeaux.fr\/disciplines\/chaudronnerie\/wp-json\/wp\/v2\/pages\/76\/revisions"}],"predecessor-version":[{"id":322,"href":"https:\/\/ent2d.ac-bordeaux.fr\/disciplines\/chaudronnerie\/wp-json\/wp\/v2\/pages\/76\/revisions\/322"}],"wp:attachment":[{"href":"https:\/\/ent2d.ac-bordeaux.fr\/disciplines\/chaudronnerie\/wp-json\/wp\/v2\/media?parent=76"}],"curies":[{"name":"wp","href":"https:\/\/api.w.org\/{rel}","templated":true}]}}