{"id":64,"date":"2016-12-23T09:22:43","date_gmt":"2016-12-23T08:22:43","guid":{"rendered":"https:\/\/ent2d.ac-bordeaux.fr\/disciplines\/chaudronnerie\/?page_id=64"},"modified":"2017-11-07T19:01:54","modified_gmt":"2017-11-07T18:01:54","slug":"cisaille-amada-gps-630","status":"publish","type":"page","link":"https:\/\/ent2d.ac-bordeaux.fr\/disciplines\/chaudronnerie\/ressources\/cisaille-amada-gps-630\/","title":{"rendered":"Cisaille Amada GPS 630"},"content":{"rendered":"<p>Fichier des URL et QR Code :<\/p>\n<p><a href=\"https:\/\/ent2d.ac-bordeaux.fr\/disciplines\/chaudronnerie\/wp-content\/uploads\/sites\/23\/2016\/12\/Cisaille-AMADA-GPS-630-1.odt\">Cisaille-AMADA-GPS-630<\/a><\/p>\n<p>&nbsp;<\/p>\n<p>Mise en \u0153uvre de la cisaille :<\/p>\n<div><iframe loading=\"lazy\" frameborder=\"0\" width=\"550\" height=\"375.76923076923\" src=\"https:\/\/ent2d.ac-bordeaux.fr\/mediacad\/m\/8637\/d\/i\" webkitAllowFullScreen=\"true\" mozallowfullscreen=\"true\" allowFullScreen=\"true\" ><\/iframe><\/div>\n<p>&nbsp;<\/p>\n<p>R\u00e9alisation d&#8217;un programme<\/p>\n<pre><div><iframe loading=\"lazy\" frameborder=\"0\" width=\"550\" height=\"375.76923076923\" src=\"https:\/\/ent2d.ac-bordeaux.fr\/mediacad\/m\/8640\/d\/i\" webkitAllowFullScreen=\"true\" mozallowfullscreen=\"true\" allowFullScreen=\"true\" ><\/iframe><\/div>\r\n\r\nR\u00e9glage des param\u00e8tres<\/pre>\n<pre><div><iframe loading=\"lazy\" frameborder=\"0\" width=\"550\" height=\"370.36082474227\" src=\"https:\/\/ent2d.ac-bordeaux.fr\/mediacad\/m\/8641\/d\/i\" webkitAllowFullScreen=\"true\" mozallowfullscreen=\"true\" allowFullScreen=\"true\" ><\/iframe><\/div>\r\nR\u00e9alisation d'une coupe<\/pre>\n<pre><div><iframe loading=\"lazy\" frameborder=\"0\" width=\"550\" height=\"370.36082474227\" src=\"https:\/\/ent2d.ac-bordeaux.fr\/mediacad\/m\/8642\/d\/i\" webkitAllowFullScreen=\"true\" mozallowfullscreen=\"true\" allowFullScreen=\"true\" ><\/iframe><\/div><\/pre>\n","protected":false},"excerpt":{"rendered":"<p>Fichier des URL et QR Code : Cisaille-AMADA-GPS-630 &nbsp; Mise en \u0153uvre de la cisaille : &nbsp; R\u00e9alisation d&#8217;un programme R\u00e9glage des param\u00e8tres R\u00e9alisation d&#8217;une coupe<\/p>\n","protected":false},"author":100,"featured_media":0,"parent":24,"menu_order":0,"comment_status":"closed","ping_status":"closed","template":"","meta":{"footnotes":""},"class_list":["post-64","page","type-page","status-publish","hentry","nodate"],"_links":{"self":[{"href":"https:\/\/ent2d.ac-bordeaux.fr\/disciplines\/chaudronnerie\/wp-json\/wp\/v2\/pages\/64","targetHints":{"allow":["GET"]}}],"collection":[{"href":"https:\/\/ent2d.ac-bordeaux.fr\/disciplines\/chaudronnerie\/wp-json\/wp\/v2\/pages"}],"about":[{"href":"https:\/\/ent2d.ac-bordeaux.fr\/disciplines\/chaudronnerie\/wp-json\/wp\/v2\/types\/page"}],"author":[{"embeddable":true,"href":"https:\/\/ent2d.ac-bordeaux.fr\/disciplines\/chaudronnerie\/wp-json\/wp\/v2\/users\/100"}],"replies":[{"embeddable":true,"href":"https:\/\/ent2d.ac-bordeaux.fr\/disciplines\/chaudronnerie\/wp-json\/wp\/v2\/comments?post=64"}],"version-history":[{"count":6,"href":"https:\/\/ent2d.ac-bordeaux.fr\/disciplines\/chaudronnerie\/wp-json\/wp\/v2\/pages\/64\/revisions"}],"predecessor-version":[{"id":374,"href":"https:\/\/ent2d.ac-bordeaux.fr\/disciplines\/chaudronnerie\/wp-json\/wp\/v2\/pages\/64\/revisions\/374"}],"up":[{"embeddable":true,"href":"https:\/\/ent2d.ac-bordeaux.fr\/disciplines\/chaudronnerie\/wp-json\/wp\/v2\/pages\/24"}],"wp:attachment":[{"href":"https:\/\/ent2d.ac-bordeaux.fr\/disciplines\/chaudronnerie\/wp-json\/wp\/v2\/media?parent=64"}],"curies":[{"name":"wp","href":"https:\/\/api.w.org\/{rel}","templated":true}]}}