{"id":59,"date":"2016-12-23T09:17:37","date_gmt":"2016-12-23T08:17:37","guid":{"rendered":"https:\/\/ent2d.ac-bordeaux.fr\/disciplines\/chaudronnerie\/?page_id=59"},"modified":"2017-11-29T20:36:19","modified_gmt":"2017-11-29T19:36:19","slug":"euromac","status":"publish","type":"page","link":"https:\/\/ent2d.ac-bordeaux.fr\/disciplines\/chaudronnerie\/ressources\/euromac\/","title":{"rendered":"Poin\u00e7onneuse Euromac"},"content":{"rendered":"<p>le fichier joint propose l&#8217;ensemble des liens (m\u00e9diacad, youtube et QR code) permettant de travailler sur la poin\u00e7onneuse Euromac.<\/p>\n<p><a href=\"https:\/\/ent2d.ac-bordeaux.fr\/disciplines\/chaudronnerie\/wp-content\/uploads\/sites\/23\/2016\/12\/Lien-et-URL-1.docx\">Lien et URL<\/a><\/p>\n<p>&nbsp;<\/p>\n<p>exemples de vid\u00e9os :<\/p>\n<div><iframe loading=\"lazy\" frameborder=\"0\" width=\"550\" height=\"475.68493150685\" src=\"https:\/\/ent2d.ac-bordeaux.fr\/mediacad\/m\/8617\/d\/i\" webkitAllowFullScreen=\"true\" mozallowfullscreen=\"true\" allowFullScreen=\"true\" ><\/iframe><\/div>\n<p>&nbsp;<\/p>\n<div><iframe loading=\"lazy\" frameborder=\"0\" width=\"550\" height=\"475.68493150685\" src=\"https:\/\/ent2d.ac-bordeaux.fr\/mediacad\/m\/8543\/d\/i\" webkitAllowFullScreen=\"true\" mozallowfullscreen=\"true\" allowFullScreen=\"true\" ><\/iframe><\/div>\n","protected":false},"excerpt":{"rendered":"<p>le fichier joint propose l&#8217;ensemble des liens (m\u00e9diacad, youtube et QR code) permettant de travailler sur la poin\u00e7onneuse Euromac. Lien et URL &nbsp; exemples de vid\u00e9os : &nbsp;<\/p>\n","protected":false},"author":100,"featured_media":0,"parent":24,"menu_order":0,"comment_status":"closed","ping_status":"closed","template":"","meta":{"footnotes":""},"class_list":["post-59","page","type-page","status-publish","hentry","nodate"],"_links":{"self":[{"href":"https:\/\/ent2d.ac-bordeaux.fr\/disciplines\/chaudronnerie\/wp-json\/wp\/v2\/pages\/59","targetHints":{"allow":["GET"]}}],"collection":[{"href":"https:\/\/ent2d.ac-bordeaux.fr\/disciplines\/chaudronnerie\/wp-json\/wp\/v2\/pages"}],"about":[{"href":"https:\/\/ent2d.ac-bordeaux.fr\/disciplines\/chaudronnerie\/wp-json\/wp\/v2\/types\/page"}],"author":[{"embeddable":true,"href":"https:\/\/ent2d.ac-bordeaux.fr\/disciplines\/chaudronnerie\/wp-json\/wp\/v2\/users\/100"}],"replies":[{"embeddable":true,"href":"https:\/\/ent2d.ac-bordeaux.fr\/disciplines\/chaudronnerie\/wp-json\/wp\/v2\/comments?post=59"}],"version-history":[{"count":5,"href":"https:\/\/ent2d.ac-bordeaux.fr\/disciplines\/chaudronnerie\/wp-json\/wp\/v2\/pages\/59\/revisions"}],"predecessor-version":[{"id":396,"href":"https:\/\/ent2d.ac-bordeaux.fr\/disciplines\/chaudronnerie\/wp-json\/wp\/v2\/pages\/59\/revisions\/396"}],"up":[{"embeddable":true,"href":"https:\/\/ent2d.ac-bordeaux.fr\/disciplines\/chaudronnerie\/wp-json\/wp\/v2\/pages\/24"}],"wp:attachment":[{"href":"https:\/\/ent2d.ac-bordeaux.fr\/disciplines\/chaudronnerie\/wp-json\/wp\/v2\/media?parent=59"}],"curies":[{"name":"wp","href":"https:\/\/api.w.org\/{rel}","templated":true}]}}