{"id":541,"date":"2018-12-12T14:59:34","date_gmt":"2018-12-12T13:59:34","guid":{"rendered":"https:\/\/ent2d.ac-bordeaux.fr\/disciplines\/chaudronnerie\/?page_id=541"},"modified":"2018-12-12T18:44:19","modified_gmt":"2018-12-12T17:44:19","slug":"usages-des-cartes-mentales","status":"publish","type":"page","link":"https:\/\/ent2d.ac-bordeaux.fr\/disciplines\/chaudronnerie\/pedagogie-en-lp\/usages-des-cartes-mentales\/","title":{"rendered":"7 Usages des cartes mentales"},"content":{"rendered":"<p>Les logiciels de cartes mentales (heuristiques) sont particuli\u00e8rement appropri\u00e9s. Ils permettent :<\/p>\n<ul>\n<li>de structurer la pens\u00e9e de l&#8217;\u00e9l\u00e8ve<\/li>\n<li>de g\u00e9rer des projets<\/li>\n<li>&#8230;.<\/li>\n<\/ul>\n<p><img loading=\"lazy\" decoding=\"async\" class=\"alignnone wp-image-551 aligncenter\" src=\"https:\/\/ent2d.ac-bordeaux.fr\/disciplines\/chaudronnerie\/wp-content\/uploads\/sites\/23\/2018\/12\/carte-mentale-300x148.png\" alt=\"\" width=\"493\" height=\"243\" srcset=\"https:\/\/ent2d.ac-bordeaux.fr\/disciplines\/chaudronnerie\/wp-content\/uploads\/sites\/23\/2018\/12\/carte-mentale-300x148.png 300w, https:\/\/ent2d.ac-bordeaux.fr\/disciplines\/chaudronnerie\/wp-content\/uploads\/sites\/23\/2018\/12\/carte-mentale-768x378.png 768w, https:\/\/ent2d.ac-bordeaux.fr\/disciplines\/chaudronnerie\/wp-content\/uploads\/sites\/23\/2018\/12\/carte-mentale-1024x504.png 1024w, https:\/\/ent2d.ac-bordeaux.fr\/disciplines\/chaudronnerie\/wp-content\/uploads\/sites\/23\/2018\/12\/carte-mentale.png 1492w\" sizes=\"auto, (max-width: 493px) 100vw, 493px\" \/><\/p>\n<p><a href=\"http:\/\/www.cndp.fr\/crdp-reims\/fileadmin\/Images\/cddp10\/Jocelyne\/cartes_mentales_presentation.pdf\" target=\"_blank\" rel=\"noopener\">Canop\u00e9 carte mentale<\/a><\/p>\n<p><a href=\"https:\/\/ent2d.ac-bordeaux.fr\/mediacad\/m\/16022\" target=\"_blank\" rel=\"noopener\">Carte mentale en chaudronnerie<\/a><\/p>\n<p>&nbsp;<\/p>\n","protected":false},"excerpt":{"rendered":"<p>Les logiciels de cartes mentales (heuristiques) sont particuli\u00e8rement appropri\u00e9s. Ils permettent : de structurer la pens\u00e9e de l&#8217;\u00e9l\u00e8ve de g\u00e9rer des projets &#8230;. Canop\u00e9 carte mentale Carte mentale en chaudronnerie &nbsp;<\/p>\n","protected":false},"author":100,"featured_media":0,"parent":47,"menu_order":0,"comment_status":"closed","ping_status":"closed","template":"","meta":{"footnotes":""},"class_list":["post-541","page","type-page","status-publish","hentry","nodate"],"_links":{"self":[{"href":"https:\/\/ent2d.ac-bordeaux.fr\/disciplines\/chaudronnerie\/wp-json\/wp\/v2\/pages\/541","targetHints":{"allow":["GET"]}}],"collection":[{"href":"https:\/\/ent2d.ac-bordeaux.fr\/disciplines\/chaudronnerie\/wp-json\/wp\/v2\/pages"}],"about":[{"href":"https:\/\/ent2d.ac-bordeaux.fr\/disciplines\/chaudronnerie\/wp-json\/wp\/v2\/types\/page"}],"author":[{"embeddable":true,"href":"https:\/\/ent2d.ac-bordeaux.fr\/disciplines\/chaudronnerie\/wp-json\/wp\/v2\/users\/100"}],"replies":[{"embeddable":true,"href":"https:\/\/ent2d.ac-bordeaux.fr\/disciplines\/chaudronnerie\/wp-json\/wp\/v2\/comments?post=541"}],"version-history":[{"count":14,"href":"https:\/\/ent2d.ac-bordeaux.fr\/disciplines\/chaudronnerie\/wp-json\/wp\/v2\/pages\/541\/revisions"}],"predecessor-version":[{"id":562,"href":"https:\/\/ent2d.ac-bordeaux.fr\/disciplines\/chaudronnerie\/wp-json\/wp\/v2\/pages\/541\/revisions\/562"}],"up":[{"embeddable":true,"href":"https:\/\/ent2d.ac-bordeaux.fr\/disciplines\/chaudronnerie\/wp-json\/wp\/v2\/pages\/47"}],"wp:attachment":[{"href":"https:\/\/ent2d.ac-bordeaux.fr\/disciplines\/chaudronnerie\/wp-json\/wp\/v2\/media?parent=541"}],"curies":[{"name":"wp","href":"https:\/\/api.w.org\/{rel}","templated":true}]}}