{"id":477,"date":"2018-05-11T08:49:18","date_gmt":"2018-05-11T06:49:18","guid":{"rendered":"https:\/\/ent2d.ac-bordeaux.fr\/disciplines\/chaudronnerie\/?page_id=477"},"modified":"2018-06-12T15:07:30","modified_gmt":"2018-06-12T13:07:30","slug":"espace-collaboratif","status":"publish","type":"page","link":"https:\/\/ent2d.ac-bordeaux.fr\/disciplines\/chaudronnerie\/liens-utiles\/espace-collaboratif\/","title":{"rendered":"Espace collaboratif"},"content":{"rendered":"<p>Le portail &#8220;<strong>Owncloud<\/strong>&#8221; vous donne acc\u00e8s \u00e0 des ressources sp\u00e9cifiques sur la mise en oeuvre des r\u00e9f\u00e9rentiels TCI en utilisant vos identifiants de messagerie<\/p>\n<p style=\"text-align: center\"><a href=\"https:\/\/ent2d.ac-bordeaux.fr\/owncloud\/index.php?redirect_url=%2Fowncloud%2Findex.php%2Fapps%2Ffiles%2F\" target=\"_blank\" rel=\"noopener\"><strong>Owncloud<\/strong><\/a><\/p>\n","protected":false},"excerpt":{"rendered":"<p>Le portail &#8220;Owncloud&#8221; vous donne acc\u00e8s \u00e0 des ressources sp\u00e9cifiques sur la mise en oeuvre des r\u00e9f\u00e9rentiels TCI en utilisant vos identifiants de messagerie Owncloud<\/p>\n","protected":false},"author":100,"featured_media":0,"parent":120,"menu_order":0,"comment_status":"closed","ping_status":"closed","template":"","meta":{"footnotes":""},"class_list":["post-477","page","type-page","status-publish","hentry","nodate"],"_links":{"self":[{"href":"https:\/\/ent2d.ac-bordeaux.fr\/disciplines\/chaudronnerie\/wp-json\/wp\/v2\/pages\/477","targetHints":{"allow":["GET"]}}],"collection":[{"href":"https:\/\/ent2d.ac-bordeaux.fr\/disciplines\/chaudronnerie\/wp-json\/wp\/v2\/pages"}],"about":[{"href":"https:\/\/ent2d.ac-bordeaux.fr\/disciplines\/chaudronnerie\/wp-json\/wp\/v2\/types\/page"}],"author":[{"embeddable":true,"href":"https:\/\/ent2d.ac-bordeaux.fr\/disciplines\/chaudronnerie\/wp-json\/wp\/v2\/users\/100"}],"replies":[{"embeddable":true,"href":"https:\/\/ent2d.ac-bordeaux.fr\/disciplines\/chaudronnerie\/wp-json\/wp\/v2\/comments?post=477"}],"version-history":[{"count":2,"href":"https:\/\/ent2d.ac-bordeaux.fr\/disciplines\/chaudronnerie\/wp-json\/wp\/v2\/pages\/477\/revisions"}],"predecessor-version":[{"id":501,"href":"https:\/\/ent2d.ac-bordeaux.fr\/disciplines\/chaudronnerie\/wp-json\/wp\/v2\/pages\/477\/revisions\/501"}],"up":[{"embeddable":true,"href":"https:\/\/ent2d.ac-bordeaux.fr\/disciplines\/chaudronnerie\/wp-json\/wp\/v2\/pages\/120"}],"wp:attachment":[{"href":"https:\/\/ent2d.ac-bordeaux.fr\/disciplines\/chaudronnerie\/wp-json\/wp\/v2\/media?parent=477"}],"curies":[{"name":"wp","href":"https:\/\/api.w.org\/{rel}","templated":true}]}}