{"id":449,"date":"2018-04-08T05:27:19","date_gmt":"2018-04-08T03:27:19","guid":{"rendered":"https:\/\/ent2d.ac-bordeaux.fr\/disciplines\/chaudronnerie\/?page_id=449"},"modified":"2018-04-08T07:20:56","modified_gmt":"2018-04-08T05:20:56","slug":"topsolid-didacticiel","status":"publish","type":"page","link":"https:\/\/ent2d.ac-bordeaux.fr\/disciplines\/chaudronnerie\/ressources\/topsolid-didacticiel\/","title":{"rendered":"TOPSOLID didacticiel"},"content":{"rendered":"<p><strong>Cha\u00eene num\u00e9rique :<\/strong><\/p>\n<p style=\"text-align: center\"><a href=\"https:\/\/ent2d.ac-bordeaux.fr\/disciplines\/chaudronnerie\/wp-content\/uploads\/sites\/23\/2018\/04\/chaine-num\u00e9rique.docx\">chaine num\u00e9rique<\/a><\/p>\n<p><strong>Importer un fichier DXF<\/strong><\/p>\n<div style=\"width: 1364px;\" class=\"wp-video\"><video class=\"wp-video-shortcode\" id=\"video-449-1\" width=\"1364\" height=\"768\" preload=\"metadata\" controls=\"controls\"><source type=\"video\/mp4\" src=\"https:\/\/ent2d.ac-bordeaux.fr\/disciplines\/chaudronnerie\/wp-content\/uploads\/sites\/23\/2018\/04\/importer-un-fichier-DXF.mp4?_=1\" \/><a href=\"https:\/\/ent2d.ac-bordeaux.fr\/disciplines\/chaudronnerie\/wp-content\/uploads\/sites\/23\/2018\/04\/importer-un-fichier-DXF.mp4\">https:\/\/ent2d.ac-bordeaux.fr\/disciplines\/chaudronnerie\/wp-content\/uploads\/sites\/23\/2018\/04\/importer-un-fichier-DXF.mp4<\/a><\/video><\/div>\n<p><strong>Cr\u00e9er un fichier Pi\u00e8ce<\/strong><\/p>\n<div style=\"width: 1364px;\" class=\"wp-video\"><video class=\"wp-video-shortcode\" id=\"video-449-2\" width=\"1364\" height=\"768\" preload=\"metadata\" controls=\"controls\"><source type=\"video\/mp4\" src=\"https:\/\/ent2d.ac-bordeaux.fr\/disciplines\/chaudronnerie\/wp-content\/uploads\/sites\/23\/2018\/04\/cr\u00e9er-un-fichier-pi\u00e9ce.mp4?_=2\" \/><a href=\"https:\/\/ent2d.ac-bordeaux.fr\/disciplines\/chaudronnerie\/wp-content\/uploads\/sites\/23\/2018\/04\/cr\u00e9er-un-fichier-pi\u00e9ce.mp4\">https:\/\/ent2d.ac-bordeaux.fr\/disciplines\/chaudronnerie\/wp-content\/uploads\/sites\/23\/2018\/04\/cr\u00e9er-un-fichier-pi\u00e9ce.mp4<\/a><\/video><\/div>\n<p><strong>Cr\u00e9er un fichier de placement<\/strong><\/p>\n<div style=\"width: 1364px;\" class=\"wp-video\"><video class=\"wp-video-shortcode\" id=\"video-449-3\" width=\"1364\" height=\"768\" preload=\"metadata\" controls=\"controls\"><source type=\"video\/mp4\" src=\"https:\/\/ent2d.ac-bordeaux.fr\/disciplines\/chaudronnerie\/wp-content\/uploads\/sites\/23\/2018\/04\/cr\u00e9er-un-fichier-placement.mp4?_=3\" \/><a href=\"https:\/\/ent2d.ac-bordeaux.fr\/disciplines\/chaudronnerie\/wp-content\/uploads\/sites\/23\/2018\/04\/cr\u00e9er-un-fichier-placement.mp4\">https:\/\/ent2d.ac-bordeaux.fr\/disciplines\/chaudronnerie\/wp-content\/uploads\/sites\/23\/2018\/04\/cr\u00e9er-un-fichier-placement.mp4<\/a><\/video><\/div>\n<p>&nbsp;<\/p>\n","protected":false},"excerpt":{"rendered":"<p>Cha\u00eene num\u00e9rique : chaine num\u00e9rique Importer un fichier DXF Cr\u00e9er un fichier Pi\u00e8ce Cr\u00e9er un fichier de placement &nbsp;<\/p>\n","protected":false},"author":100,"featured_media":0,"parent":24,"menu_order":0,"comment_status":"closed","ping_status":"closed","template":"","meta":{"footnotes":""},"class_list":["post-449","page","type-page","status-publish","hentry","nodate"],"_links":{"self":[{"href":"https:\/\/ent2d.ac-bordeaux.fr\/disciplines\/chaudronnerie\/wp-json\/wp\/v2\/pages\/449","targetHints":{"allow":["GET"]}}],"collection":[{"href":"https:\/\/ent2d.ac-bordeaux.fr\/disciplines\/chaudronnerie\/wp-json\/wp\/v2\/pages"}],"about":[{"href":"https:\/\/ent2d.ac-bordeaux.fr\/disciplines\/chaudronnerie\/wp-json\/wp\/v2\/types\/page"}],"author":[{"embeddable":true,"href":"https:\/\/ent2d.ac-bordeaux.fr\/disciplines\/chaudronnerie\/wp-json\/wp\/v2\/users\/100"}],"replies":[{"embeddable":true,"href":"https:\/\/ent2d.ac-bordeaux.fr\/disciplines\/chaudronnerie\/wp-json\/wp\/v2\/comments?post=449"}],"version-history":[{"count":3,"href":"https:\/\/ent2d.ac-bordeaux.fr\/disciplines\/chaudronnerie\/wp-json\/wp\/v2\/pages\/449\/revisions"}],"predecessor-version":[{"id":459,"href":"https:\/\/ent2d.ac-bordeaux.fr\/disciplines\/chaudronnerie\/wp-json\/wp\/v2\/pages\/449\/revisions\/459"}],"up":[{"embeddable":true,"href":"https:\/\/ent2d.ac-bordeaux.fr\/disciplines\/chaudronnerie\/wp-json\/wp\/v2\/pages\/24"}],"wp:attachment":[{"href":"https:\/\/ent2d.ac-bordeaux.fr\/disciplines\/chaudronnerie\/wp-json\/wp\/v2\/media?parent=449"}],"curies":[{"name":"wp","href":"https:\/\/api.w.org\/{rel}","templated":true}]}}