{"id":380,"date":"2017-11-13T19:23:49","date_gmt":"2017-11-13T18:23:49","guid":{"rendered":"https:\/\/ent2d.ac-bordeaux.fr\/disciplines\/chaudronnerie\/?page_id=380"},"modified":"2017-11-24T10:14:01","modified_gmt":"2017-11-24T09:14:01","slug":"1-instruction-travaux-reglementes","status":"publish","type":"page","link":"https:\/\/ent2d.ac-bordeaux.fr\/disciplines\/chaudronnerie\/8-enseigner-la-securite\/1-instruction-travaux-reglementes\/","title":{"rendered":"1 Instruction &#8220;travaux r\u00e9glement\u00e9s&#8221;"},"content":{"rendered":"<p>La circulaire suivante indique les travaux r\u00e9glement\u00e9s et l&#8217;approche n\u00e9cessaire en formation de la pr\u00e9vention et s\u00e9curit\u00e9. Il est important de noter l&#8217;obligation :<\/p>\n<p>Article R. 4153-40 :<\/p>\n<p>\u00ab b) Pour le chef d\u2019\u00e9tablissement, lui avoir <strong>dispens\u00e9 la formation \u00e0 la s\u00e9curit\u00e9<\/strong> pr\u00e9vue dans le cadre de la formation professionnelle assur\u00e9e, adapt\u00e9e \u00e0 son \u00e2ge, son niveau de formation et son exp\u00e9rience professionnelle et en avoir organis\u00e9<strong> l\u2019\u00e9valuation<\/strong>&#8230;..<\/p>\n<p>La formation \u00e0 la s\u00e9curit\u00e9<strong> doit \u00eatre dispens\u00e9e dans chacun des lieux de formatio<\/strong>n car, si les r\u00e8gles fondamentales sont les m\u00eames en milieu professionnel et en \u00e9tablissement, les conditions et l\u2019environnement de travail sont diff\u00e9rents et pr\u00e9sentent des risques sp\u00e9cifiques que le jeune doit apprendre \u00e0 rep\u00e9rer et \u00e9valuer, de m\u00eame qu\u2019il doit savoir mettre en oeuvre les mesures de pr\u00e9vention adapt\u00e9es&#8230;..<\/p>\n<p><strong>La preuve de l\u2019accomplissement de ces formations<\/strong> \u00e0 la s\u00e9curit\u00e9 doit pouvoir \u00eatre produite par tous moyens lors des contr\u00f4les ex\u00e9cut\u00e9s par l\u2019inspection du travail.<\/p>\n<p style=\"text-align: center\"><a href=\"https:\/\/ent2d.ac-bordeaux.fr\/disciplines\/chaudronnerie\/wp-content\/uploads\/sites\/23\/2017\/11\/01-Inst-Int-Minist\u00e9rielle-du-7-septembre-2016-complet.pdf\" target=\"_blank\" rel=\"noopener\">01 &#8211; Instruction Minist\u00e9rielle du 7 septembre 2016 (complet)<\/a><\/p>\n","protected":false},"excerpt":{"rendered":"<p>La circulaire suivante indique les travaux r\u00e9glement\u00e9s et l&#8217;approche n\u00e9cessaire en formation de la pr\u00e9vention et s\u00e9curit\u00e9. Il est important de noter l&#8217;obligation : Article R. 4153-40 : \u00ab b) Pour le chef d\u2019\u00e9tablissement, lui avoir dispens\u00e9 la formation \u00e0 la s\u00e9curit\u00e9 pr\u00e9vue dans le cadre de la formation professionnelle assur\u00e9e, adapt\u00e9e \u00e0 son \u00e2ge, &hellip; <\/p>\n<p><a class=\"more-link block-button\" href=\"https:\/\/ent2d.ac-bordeaux.fr\/disciplines\/chaudronnerie\/8-enseigner-la-securite\/1-instruction-travaux-reglementes\/\">Lire la Suite &raquo;<\/a><\/p>\n","protected":false},"author":100,"featured_media":0,"parent":303,"menu_order":0,"comment_status":"closed","ping_status":"closed","template":"","meta":{"footnotes":""},"class_list":["post-380","page","type-page","status-publish","hentry","nodate"],"_links":{"self":[{"href":"https:\/\/ent2d.ac-bordeaux.fr\/disciplines\/chaudronnerie\/wp-json\/wp\/v2\/pages\/380","targetHints":{"allow":["GET"]}}],"collection":[{"href":"https:\/\/ent2d.ac-bordeaux.fr\/disciplines\/chaudronnerie\/wp-json\/wp\/v2\/pages"}],"about":[{"href":"https:\/\/ent2d.ac-bordeaux.fr\/disciplines\/chaudronnerie\/wp-json\/wp\/v2\/types\/page"}],"author":[{"embeddable":true,"href":"https:\/\/ent2d.ac-bordeaux.fr\/disciplines\/chaudronnerie\/wp-json\/wp\/v2\/users\/100"}],"replies":[{"embeddable":true,"href":"https:\/\/ent2d.ac-bordeaux.fr\/disciplines\/chaudronnerie\/wp-json\/wp\/v2\/comments?post=380"}],"version-history":[{"count":1,"href":"https:\/\/ent2d.ac-bordeaux.fr\/disciplines\/chaudronnerie\/wp-json\/wp\/v2\/pages\/380\/revisions"}],"predecessor-version":[{"id":382,"href":"https:\/\/ent2d.ac-bordeaux.fr\/disciplines\/chaudronnerie\/wp-json\/wp\/v2\/pages\/380\/revisions\/382"}],"up":[{"embeddable":true,"href":"https:\/\/ent2d.ac-bordeaux.fr\/disciplines\/chaudronnerie\/wp-json\/wp\/v2\/pages\/303"}],"wp:attachment":[{"href":"https:\/\/ent2d.ac-bordeaux.fr\/disciplines\/chaudronnerie\/wp-json\/wp\/v2\/media?parent=380"}],"curies":[{"name":"wp","href":"https:\/\/api.w.org\/{rel}","templated":true}]}}