{"id":377,"date":"2017-11-13T06:52:40","date_gmt":"2017-11-13T05:52:40","guid":{"rendered":"https:\/\/ent2d.ac-bordeaux.fr\/disciplines\/chaudronnerie\/?page_id=377"},"modified":"2020-03-06T10:58:07","modified_gmt":"2020-03-06T09:58:07","slug":"projet-sur-la-pse","status":"publish","type":"page","link":"https:\/\/ent2d.ac-bordeaux.fr\/disciplines\/chaudronnerie\/8-enseigner-la-securite\/projet-sur-la-pse\/","title":{"rendered":"4 Projet sur la PSE"},"content":{"rendered":"<p>L&#8217;INRS propose un concours &#8220;de l&#8217;\u00e9cole au travail &#8220;.\u00a0Les vid\u00e9os devront porter sur les d\u00e9marches et solutions de pr\u00e9vention au-del\u00e0 du simple usage des \u00e9quipements de protection individuelle. Elles seront jug\u00e9es par un jury compos\u00e9 de repr\u00e9sentants de l\u2019Education nationale et de l\u2019enseignement agricole, de Caisses d\u2019assurance retraite et de la sant\u00e9 au travail, de l\u2019INRS et d\u2019experts.<\/p>\n<p style=\"text-align: center\"><strong><a href=\"http:\/\/www.inrs.fr\/services\/formation\/concours-video-2020.html\" target=\"_blank\" rel=\"noopener noreferrer\">&#8220;de l&#8217;\u00e9cole au travail&#8221;<\/a><\/strong><\/p>\n","protected":false},"excerpt":{"rendered":"<p>L&#8217;INRS propose un concours &#8220;de l&#8217;\u00e9cole au travail &#8220;.\u00a0Les vid\u00e9os devront porter sur les d\u00e9marches et solutions de pr\u00e9vention au-del\u00e0 du simple usage des \u00e9quipements de protection individuelle. Elles seront jug\u00e9es par un jury compos\u00e9 de repr\u00e9sentants de l\u2019Education nationale et de l\u2019enseignement agricole, de Caisses d\u2019assurance retraite et de la sant\u00e9 au travail, de &hellip; <\/p>\n<p><a class=\"more-link block-button\" href=\"https:\/\/ent2d.ac-bordeaux.fr\/disciplines\/chaudronnerie\/8-enseigner-la-securite\/projet-sur-la-pse\/\">Lire la Suite &raquo;<\/a><\/p>\n","protected":false},"author":100,"featured_media":0,"parent":303,"menu_order":0,"comment_status":"closed","ping_status":"closed","template":"","meta":{"footnotes":""},"class_list":["post-377","page","type-page","status-publish","hentry","nodate"],"_links":{"self":[{"href":"https:\/\/ent2d.ac-bordeaux.fr\/disciplines\/chaudronnerie\/wp-json\/wp\/v2\/pages\/377","targetHints":{"allow":["GET"]}}],"collection":[{"href":"https:\/\/ent2d.ac-bordeaux.fr\/disciplines\/chaudronnerie\/wp-json\/wp\/v2\/pages"}],"about":[{"href":"https:\/\/ent2d.ac-bordeaux.fr\/disciplines\/chaudronnerie\/wp-json\/wp\/v2\/types\/page"}],"author":[{"embeddable":true,"href":"https:\/\/ent2d.ac-bordeaux.fr\/disciplines\/chaudronnerie\/wp-json\/wp\/v2\/users\/100"}],"replies":[{"embeddable":true,"href":"https:\/\/ent2d.ac-bordeaux.fr\/disciplines\/chaudronnerie\/wp-json\/wp\/v2\/comments?post=377"}],"version-history":[{"count":4,"href":"https:\/\/ent2d.ac-bordeaux.fr\/disciplines\/chaudronnerie\/wp-json\/wp\/v2\/pages\/377\/revisions"}],"predecessor-version":[{"id":668,"href":"https:\/\/ent2d.ac-bordeaux.fr\/disciplines\/chaudronnerie\/wp-json\/wp\/v2\/pages\/377\/revisions\/668"}],"up":[{"embeddable":true,"href":"https:\/\/ent2d.ac-bordeaux.fr\/disciplines\/chaudronnerie\/wp-json\/wp\/v2\/pages\/303"}],"wp:attachment":[{"href":"https:\/\/ent2d.ac-bordeaux.fr\/disciplines\/chaudronnerie\/wp-json\/wp\/v2\/media?parent=377"}],"curies":[{"name":"wp","href":"https:\/\/api.w.org\/{rel}","templated":true}]}}