{"id":350,"date":"2017-10-18T17:33:48","date_gmt":"2017-10-18T15:33:48","guid":{"rendered":"https:\/\/ent2d.ac-bordeaux.fr\/disciplines\/chaudronnerie\/?page_id=350"},"modified":"2017-11-13T19:25:15","modified_gmt":"2017-11-13T18:25:15","slug":"identifier-les-risques-dans-un-atelier","status":"publish","type":"page","link":"https:\/\/ent2d.ac-bordeaux.fr\/disciplines\/chaudronnerie\/8-enseigner-la-securite\/identifier-les-risques-dans-un-atelier\/","title":{"rendered":"2 Identifier les risques dans un atelier"},"content":{"rendered":"<p>Les services de sant\u00e9 du rectorat ont d\u00e9velopp\u00e9 un tableau d&#8217;auto \u00e9valuation des risques permettant d&#8217;identifier les risques et de pr\u00e9parer des mesures pr\u00e9ventives.<\/p>\n<p>les tableaux, ci dessous, peut \u00eatre rempli seul ou avec l&#8217;ensemble de l&#8217;\u00e9quipe p\u00e9dagogique :<\/p>\n<p><a href=\"https:\/\/ent2d.ac-bordeaux.fr\/disciplines\/chaudronnerie\/wp-content\/uploads\/sites\/23\/2017\/10\/Auto-\u00e9valuation-Bruit-posture.pdf\" target=\"_blank\" rel=\"noopener\">Auto \u00e9valuation Bruit &#8211; posture<\/a><\/p>\n<p><a href=\"https:\/\/ent2d.ac-bordeaux.fr\/disciplines\/chaudronnerie\/wp-content\/uploads\/sites\/23\/2017\/10\/Auto-\u00e9valuation-CMR-ACR-Poussi\u00e8res.pdf\" target=\"_blank\" rel=\"noopener\">Auto \u00e9valuation CMR ACR Poussi\u00e8res<\/a><\/p>\n<p><a href=\"https:\/\/ent2d.ac-bordeaux.fr\/disciplines\/chaudronnerie\/wp-content\/uploads\/sites\/23\/2017\/10\/Auto-\u00e9valuation-travail-en-hauteur.pdf\" target=\"_blank\" rel=\"noopener\">Auto \u00e9valuation travail en hauteur<\/a><\/p>\n","protected":false},"excerpt":{"rendered":"<p>Les services de sant\u00e9 du rectorat ont d\u00e9velopp\u00e9 un tableau d&#8217;auto \u00e9valuation des risques permettant d&#8217;identifier les risques et de pr\u00e9parer des mesures pr\u00e9ventives. les tableaux, ci dessous, peut \u00eatre rempli seul ou avec l&#8217;ensemble de l&#8217;\u00e9quipe p\u00e9dagogique : Auto \u00e9valuation Bruit &#8211; posture Auto \u00e9valuation CMR ACR Poussi\u00e8res Auto \u00e9valuation travail en hauteur<\/p>\n","protected":false},"author":100,"featured_media":0,"parent":303,"menu_order":0,"comment_status":"closed","ping_status":"closed","template":"","meta":{"footnotes":""},"class_list":["post-350","page","type-page","status-publish","hentry","nodate"],"_links":{"self":[{"href":"https:\/\/ent2d.ac-bordeaux.fr\/disciplines\/chaudronnerie\/wp-json\/wp\/v2\/pages\/350","targetHints":{"allow":["GET"]}}],"collection":[{"href":"https:\/\/ent2d.ac-bordeaux.fr\/disciplines\/chaudronnerie\/wp-json\/wp\/v2\/pages"}],"about":[{"href":"https:\/\/ent2d.ac-bordeaux.fr\/disciplines\/chaudronnerie\/wp-json\/wp\/v2\/types\/page"}],"author":[{"embeddable":true,"href":"https:\/\/ent2d.ac-bordeaux.fr\/disciplines\/chaudronnerie\/wp-json\/wp\/v2\/users\/100"}],"replies":[{"embeddable":true,"href":"https:\/\/ent2d.ac-bordeaux.fr\/disciplines\/chaudronnerie\/wp-json\/wp\/v2\/comments?post=350"}],"version-history":[{"count":2,"href":"https:\/\/ent2d.ac-bordeaux.fr\/disciplines\/chaudronnerie\/wp-json\/wp\/v2\/pages\/350\/revisions"}],"predecessor-version":[{"id":383,"href":"https:\/\/ent2d.ac-bordeaux.fr\/disciplines\/chaudronnerie\/wp-json\/wp\/v2\/pages\/350\/revisions\/383"}],"up":[{"embeddable":true,"href":"https:\/\/ent2d.ac-bordeaux.fr\/disciplines\/chaudronnerie\/wp-json\/wp\/v2\/pages\/303"}],"wp:attachment":[{"href":"https:\/\/ent2d.ac-bordeaux.fr\/disciplines\/chaudronnerie\/wp-json\/wp\/v2\/media?parent=350"}],"curies":[{"name":"wp","href":"https:\/\/api.w.org\/{rel}","templated":true}]}}