{"id":314,"date":"2017-09-23T07:53:04","date_gmt":"2017-09-23T05:53:04","guid":{"rendered":"https:\/\/ent2d.ac-bordeaux.fr\/disciplines\/chaudronnerie\/?page_id=314"},"modified":"2017-11-13T19:26:04","modified_gmt":"2017-11-13T18:26:04","slug":"exemple-de-fiche-securite-machine","status":"publish","type":"page","link":"https:\/\/ent2d.ac-bordeaux.fr\/disciplines\/chaudronnerie\/8-enseigner-la-securite\/exemple-de-fiche-securite-machine\/","title":{"rendered":"5 Exemple de fiche s\u00e9curit\u00e9 Machine"},"content":{"rendered":"<p>fiche s\u00e9curit\u00e9 Machine<\/p>\n<p><a href=\"https:\/\/ent2d.ac-bordeaux.fr\/disciplines\/chaudronnerie\/wp-content\/uploads\/sites\/23\/2017\/09\/Fiche-de-s\u00e9curit\u00e9-banc-de-d\u00e9coupe-plasma.pdf\" target=\"_blank\" rel=\"noopener\">Fiche de s\u00e9curit\u00e9 banc de d\u00e9coupe plasma<\/a><\/p>\n<p><a href=\"https:\/\/ent2d.ac-bordeaux.fr\/disciplines\/chaudronnerie\/wp-content\/uploads\/sites\/23\/2017\/09\/fiche-s\u00e9curit\u00e9-vide.odp\" target=\"_blank\" rel=\"noopener\">fiche s\u00e9curit\u00e9 vide<\/a><\/p>\n<p>&nbsp;<\/p>\n","protected":false},"excerpt":{"rendered":"<p>fiche s\u00e9curit\u00e9 Machine Fiche de s\u00e9curit\u00e9 banc de d\u00e9coupe plasma fiche s\u00e9curit\u00e9 vide &nbsp;<\/p>\n","protected":false},"author":100,"featured_media":0,"parent":303,"menu_order":0,"comment_status":"closed","ping_status":"closed","template":"","meta":{"footnotes":""},"class_list":["post-314","page","type-page","status-publish","hentry","nodate"],"_links":{"self":[{"href":"https:\/\/ent2d.ac-bordeaux.fr\/disciplines\/chaudronnerie\/wp-json\/wp\/v2\/pages\/314","targetHints":{"allow":["GET"]}}],"collection":[{"href":"https:\/\/ent2d.ac-bordeaux.fr\/disciplines\/chaudronnerie\/wp-json\/wp\/v2\/pages"}],"about":[{"href":"https:\/\/ent2d.ac-bordeaux.fr\/disciplines\/chaudronnerie\/wp-json\/wp\/v2\/types\/page"}],"author":[{"embeddable":true,"href":"https:\/\/ent2d.ac-bordeaux.fr\/disciplines\/chaudronnerie\/wp-json\/wp\/v2\/users\/100"}],"replies":[{"embeddable":true,"href":"https:\/\/ent2d.ac-bordeaux.fr\/disciplines\/chaudronnerie\/wp-json\/wp\/v2\/comments?post=314"}],"version-history":[{"count":5,"href":"https:\/\/ent2d.ac-bordeaux.fr\/disciplines\/chaudronnerie\/wp-json\/wp\/v2\/pages\/314\/revisions"}],"predecessor-version":[{"id":386,"href":"https:\/\/ent2d.ac-bordeaux.fr\/disciplines\/chaudronnerie\/wp-json\/wp\/v2\/pages\/314\/revisions\/386"}],"up":[{"embeddable":true,"href":"https:\/\/ent2d.ac-bordeaux.fr\/disciplines\/chaudronnerie\/wp-json\/wp\/v2\/pages\/303"}],"wp:attachment":[{"href":"https:\/\/ent2d.ac-bordeaux.fr\/disciplines\/chaudronnerie\/wp-json\/wp\/v2\/media?parent=314"}],"curies":[{"name":"wp","href":"https:\/\/api.w.org\/{rel}","templated":true}]}}