{"id":303,"date":"2017-09-23T07:44:49","date_gmt":"2017-09-23T05:44:49","guid":{"rendered":"https:\/\/ent2d.ac-bordeaux.fr\/disciplines\/chaudronnerie\/?page_id=303"},"modified":"2018-06-12T09:38:58","modified_gmt":"2018-06-12T07:38:58","slug":"8-enseigner-la-securite","status":"publish","type":"page","link":"https:\/\/ent2d.ac-bordeaux.fr\/disciplines\/chaudronnerie\/8-enseigner-la-securite\/","title":{"rendered":"5 Enseigner la s\u00e9curit\u00e9"},"content":{"rendered":"<p>L&#8217;enseignement de la s\u00e9curit\u00e9 doit \u00eatre int\u00e9grer dans l&#8217;enseignement du m\u00e9tier. Il y a n\u00e9cessit\u00e9 de cr\u00e9er des mises en situation r\u00e9elle permettant \u00e0 l&#8217;\u00e9l\u00e8ve de comprendre la n\u00e9cessit\u00e9 de cr\u00e9er un environnement s\u00e9curiser pour lui, pour ses camarades, pour les mat\u00e9riels et pour l&#8217;environnement.<\/p>\n<p>Il y a n\u00e9cessit\u00e9 chaque ann\u00e9e \u00e0 analyser les incidents et accidents pour am\u00e9liorer les conditions de travail dans les ateliers. La m\u00e9thode QQOCP est particuli\u00e8rement adapt\u00e9e pour d\u00e9finir des am\u00e9liorations<\/p>\n<p>Cette rubrique propose des exemples de mises en oeuvre.<\/p>\n<p style=\"text-align: center\"><a href=\"https:\/\/ent2d.ac-bordeaux.fr\/disciplines\/chaudronnerie\/wp-content\/uploads\/sites\/23\/2018\/06\/Former-\u00e0-la-s\u00e9curit\u00e9-livret-enseignant-v3.pdf\" target=\"_blank\" rel=\"noopener\">Former \u00e0 la s\u00e9curit\u00e9 &#8211; livret enseignant v3<\/a><\/p>\n<p>&nbsp;<\/p>\n","protected":false},"excerpt":{"rendered":"<p>L&#8217;enseignement de la s\u00e9curit\u00e9 doit \u00eatre int\u00e9grer dans l&#8217;enseignement du m\u00e9tier. Il y a n\u00e9cessit\u00e9 de cr\u00e9er des mises en situation r\u00e9elle permettant \u00e0 l&#8217;\u00e9l\u00e8ve de comprendre la n\u00e9cessit\u00e9 de cr\u00e9er un environnement s\u00e9curiser pour lui, pour ses camarades, pour les mat\u00e9riels et pour l&#8217;environnement. Il y a n\u00e9cessit\u00e9 chaque ann\u00e9e \u00e0 analyser les incidents &hellip; <\/p>\n<p><a class=\"more-link block-button\" href=\"https:\/\/ent2d.ac-bordeaux.fr\/disciplines\/chaudronnerie\/8-enseigner-la-securite\/\">Lire la Suite &raquo;<\/a><\/p>\n","protected":false},"author":100,"featured_media":0,"parent":0,"menu_order":0,"comment_status":"closed","ping_status":"closed","template":"","meta":{"footnotes":""},"class_list":["post-303","page","type-page","status-publish","hentry","nodate"],"_links":{"self":[{"href":"https:\/\/ent2d.ac-bordeaux.fr\/disciplines\/chaudronnerie\/wp-json\/wp\/v2\/pages\/303","targetHints":{"allow":["GET"]}}],"collection":[{"href":"https:\/\/ent2d.ac-bordeaux.fr\/disciplines\/chaudronnerie\/wp-json\/wp\/v2\/pages"}],"about":[{"href":"https:\/\/ent2d.ac-bordeaux.fr\/disciplines\/chaudronnerie\/wp-json\/wp\/v2\/types\/page"}],"author":[{"embeddable":true,"href":"https:\/\/ent2d.ac-bordeaux.fr\/disciplines\/chaudronnerie\/wp-json\/wp\/v2\/users\/100"}],"replies":[{"embeddable":true,"href":"https:\/\/ent2d.ac-bordeaux.fr\/disciplines\/chaudronnerie\/wp-json\/wp\/v2\/comments?post=303"}],"version-history":[{"count":6,"href":"https:\/\/ent2d.ac-bordeaux.fr\/disciplines\/chaudronnerie\/wp-json\/wp\/v2\/pages\/303\/revisions"}],"predecessor-version":[{"id":500,"href":"https:\/\/ent2d.ac-bordeaux.fr\/disciplines\/chaudronnerie\/wp-json\/wp\/v2\/pages\/303\/revisions\/500"}],"wp:attachment":[{"href":"https:\/\/ent2d.ac-bordeaux.fr\/disciplines\/chaudronnerie\/wp-json\/wp\/v2\/media?parent=303"}],"curies":[{"name":"wp","href":"https:\/\/api.w.org\/{rel}","templated":true}]}}