{"id":221,"date":"2017-07-07T07:03:11","date_gmt":"2017-07-07T05:03:11","guid":{"rendered":"https:\/\/ent2d.ac-bordeaux.fr\/disciplines\/chaudronnerie\/?page_id=221"},"modified":"2018-11-16T07:34:17","modified_gmt":"2018-11-16T06:34:17","slug":"introduction-aux-neurosciences","status":"publish","type":"page","link":"https:\/\/ent2d.ac-bordeaux.fr\/disciplines\/chaudronnerie\/pedagogie-en-lp\/introduction-aux-neurosciences\/","title":{"rendered":"6 Introduction aux neurosciences"},"content":{"rendered":"<p>Ce document d\u00e9velopp\u00e9 par l&#8217;IF\u00e9 propose de faire un point sur les Neurosciences et leurs applications p\u00e9dagogiques :<\/p>\n<p style=\"text-align: center\"><a href=\"https:\/\/ent2d.ac-bordeaux.fr\/disciplines\/chaudronnerie\/wp-content\/uploads\/sites\/23\/2017\/07\/neuro-science-IFE.pdf\" target=\"_blank\" rel=\"noopener\">neuro science IFE<\/a><\/p>\n<p>&nbsp;<\/p>\n<p>Conf\u00e9rence ESEN 11 octobre 2016 &#8211; Cassandra POTIER-WATKINS<\/p>\n<h1 style=\"text-align: center\"><a href=\"http:\/\/www.esen.education.fr\/fr\/ressources-par-type\/conferences-en-ligne\/detail-d-une-conference\/?idRessource=1679&amp;cHash=a42dcb1293&amp;p=1&amp;motsCles=neuro%20sciences\" target=\"_blank\" rel=\"noopener\">Fonder la p\u00e9dagogie sur des preuves, non sur des intuitions : les donn\u00e9es des sciences cognitives peuvent-elles \u00eatre mises au service de l&#8217;\u00e9cole ? Peut-on parler de neuro-\u00e9ducation ?<\/a><\/h1>\n<p>&nbsp;<\/p>\n<p>Conf\u00e9rence ESEN 28 Mai 2014 &#8211;\u00a0Catherine GUEGUEN<\/p>\n<h1 style=\"text-align: center\"><a href=\"http:\/\/www.esen.education.fr\/fr\/ressources-par-type\/conferences-en-ligne\/detail-d-une-conference\/?idRessource=1522&amp;cHash=a4d735f723&amp;p=1&amp;motsCles=neuro%20sciences\" target=\"_blank\" rel=\"noopener\">Ce que nous apprennent les recherches en neurosciences sur le d\u00e9veloppement \u00e9motionnel et affectif de l&#8217;enfant<\/a><\/h1>\n","protected":false},"excerpt":{"rendered":"<p>Ce document d\u00e9velopp\u00e9 par l&#8217;IF\u00e9 propose de faire un point sur les Neurosciences et leurs applications p\u00e9dagogiques : neuro science IFE &nbsp; Conf\u00e9rence ESEN 11 octobre 2016 &#8211; Cassandra POTIER-WATKINS Fonder la p\u00e9dagogie sur des preuves, non sur des intuitions : les donn\u00e9es des sciences cognitives peuvent-elles \u00eatre mises au service de l&#8217;\u00e9cole ? Peut-on &hellip; <\/p>\n<p><a class=\"more-link block-button\" href=\"https:\/\/ent2d.ac-bordeaux.fr\/disciplines\/chaudronnerie\/pedagogie-en-lp\/introduction-aux-neurosciences\/\">Lire la Suite &raquo;<\/a><\/p>\n","protected":false},"author":100,"featured_media":0,"parent":47,"menu_order":0,"comment_status":"closed","ping_status":"closed","template":"","meta":{"footnotes":""},"class_list":["post-221","page","type-page","status-publish","hentry","nodate"],"_links":{"self":[{"href":"https:\/\/ent2d.ac-bordeaux.fr\/disciplines\/chaudronnerie\/wp-json\/wp\/v2\/pages\/221","targetHints":{"allow":["GET"]}}],"collection":[{"href":"https:\/\/ent2d.ac-bordeaux.fr\/disciplines\/chaudronnerie\/wp-json\/wp\/v2\/pages"}],"about":[{"href":"https:\/\/ent2d.ac-bordeaux.fr\/disciplines\/chaudronnerie\/wp-json\/wp\/v2\/types\/page"}],"author":[{"embeddable":true,"href":"https:\/\/ent2d.ac-bordeaux.fr\/disciplines\/chaudronnerie\/wp-json\/wp\/v2\/users\/100"}],"replies":[{"embeddable":true,"href":"https:\/\/ent2d.ac-bordeaux.fr\/disciplines\/chaudronnerie\/wp-json\/wp\/v2\/comments?post=221"}],"version-history":[{"count":7,"href":"https:\/\/ent2d.ac-bordeaux.fr\/disciplines\/chaudronnerie\/wp-json\/wp\/v2\/pages\/221\/revisions"}],"predecessor-version":[{"id":536,"href":"https:\/\/ent2d.ac-bordeaux.fr\/disciplines\/chaudronnerie\/wp-json\/wp\/v2\/pages\/221\/revisions\/536"}],"up":[{"embeddable":true,"href":"https:\/\/ent2d.ac-bordeaux.fr\/disciplines\/chaudronnerie\/wp-json\/wp\/v2\/pages\/47"}],"wp:attachment":[{"href":"https:\/\/ent2d.ac-bordeaux.fr\/disciplines\/chaudronnerie\/wp-json\/wp\/v2\/media?parent=221"}],"curies":[{"name":"wp","href":"https:\/\/api.w.org\/{rel}","templated":true}]}}