{"id":210,"date":"2017-07-06T08:01:43","date_gmt":"2017-07-06T06:01:43","guid":{"rendered":"https:\/\/ent2d.ac-bordeaux.fr\/disciplines\/chaudronnerie\/?page_id=210"},"modified":"2020-07-10T00:20:30","modified_gmt":"2020-07-09T22:20:30","slug":"documents-daide-a-la-prise-de-fonction-en-lp","status":"publish","type":"page","link":"https:\/\/ent2d.ac-bordeaux.fr\/disciplines\/chaudronnerie\/pedagogie-en-lp\/documents-daide-a-la-prise-de-fonction-en-lp\/","title":{"rendered":"3 Documents d&#8217;aide \u00e0 la prise de fonction en LP"},"content":{"rendered":"\n<p>les deux livrets joints proposent des conseils pour int\u00e9grer rapidement un \u00e9tablissement et d\u00e9velopper un enseignement de qualit\u00e9 :<\/p>\n\n\n\n<p><\/p>\n\n\n\n<div class=\"wp-block-file\"><a href=\"https:\/\/ent2d.ac-bordeaux.fr\/disciplines\/chaudronnerie\/wp-content\/uploads\/sites\/23\/2020\/07\/Int\u00e9grer-un-LP-1.pdf\">Int\u00e9grer un LP<\/a><a href=\"https:\/\/ent2d.ac-bordeaux.fr\/disciplines\/chaudronnerie\/wp-content\/uploads\/sites\/23\/2020\/07\/Int\u00e9grer-un-LP-1.pdf\" class=\"wp-block-file__button\" download>T\u00e9l\u00e9charger<\/a><\/div>\n\n\n\n<div class=\"wp-block-image\"><figure class=\"aligncenter is-resized\"><img loading=\"lazy\" decoding=\"async\" src=\"https:\/\/ent2d.ac-bordeaux.fr\/disciplines\/chaudronnerie\/wp-content\/uploads\/sites\/23\/2017\/06\/EPLE-300x71.jpg\" alt=\"\" class=\"wp-image-206\" width=\"532\" height=\"126\" srcset=\"https:\/\/ent2d.ac-bordeaux.fr\/disciplines\/chaudronnerie\/wp-content\/uploads\/sites\/23\/2017\/06\/EPLE-300x71.jpg 300w, https:\/\/ent2d.ac-bordeaux.fr\/disciplines\/chaudronnerie\/wp-content\/uploads\/sites\/23\/2017\/06\/EPLE-768x183.jpg 768w, https:\/\/ent2d.ac-bordeaux.fr\/disciplines\/chaudronnerie\/wp-content\/uploads\/sites\/23\/2017\/06\/EPLE.jpg 1017w\" sizes=\"auto, (max-width: 532px) 100vw, 532px\" \/><\/figure><\/div>\n\n\n\n<div class=\"wp-block-file\"><a href=\"https:\/\/ent2d.ac-bordeaux.fr\/disciplines\/chaudronnerie\/wp-content\/uploads\/sites\/23\/2020\/07\/Enseigner-en-lyc\u00e9e-professionnel-V7-2020.pdf\">Enseigner en lyc\u00e9e professionnel V7 2020<\/a><a href=\"https:\/\/ent2d.ac-bordeaux.fr\/disciplines\/chaudronnerie\/wp-content\/uploads\/sites\/23\/2020\/07\/Enseigner-en-lyc\u00e9e-professionnel-V7-2020.pdf\" class=\"wp-block-file__button\" download>T\u00e9l\u00e9charger<\/a><\/div>\n\n\n\n<div class=\"wp-block-image\"><figure class=\"aligncenter is-resized\"><img loading=\"lazy\" decoding=\"async\" src=\"https:\/\/ent2d.ac-bordeaux.fr\/disciplines\/chaudronnerie\/wp-content\/uploads\/sites\/23\/2017\/07\/Enseigner-en-Lyc\u00e9e-professionnel-300x158.jpg\" alt=\"\" class=\"wp-image-211\" width=\"505\" height=\"266\" srcset=\"https:\/\/ent2d.ac-bordeaux.fr\/disciplines\/chaudronnerie\/wp-content\/uploads\/sites\/23\/2017\/07\/Enseigner-en-Lyc\u00e9e-professionnel-300x158.jpg 300w, https:\/\/ent2d.ac-bordeaux.fr\/disciplines\/chaudronnerie\/wp-content\/uploads\/sites\/23\/2017\/07\/Enseigner-en-Lyc\u00e9e-professionnel-768x405.jpg 768w, https:\/\/ent2d.ac-bordeaux.fr\/disciplines\/chaudronnerie\/wp-content\/uploads\/sites\/23\/2017\/07\/Enseigner-en-Lyc\u00e9e-professionnel-1024x540.jpg 1024w, https:\/\/ent2d.ac-bordeaux.fr\/disciplines\/chaudronnerie\/wp-content\/uploads\/sites\/23\/2017\/07\/Enseigner-en-Lyc\u00e9e-professionnel.jpg 1176w\" sizes=\"auto, (max-width: 505px) 100vw, 505px\" \/><\/figure><\/div>\n\n\n\n<p>Exemple de fiche d&#8217;activit\u00e9s:<a href=\"https:\/\/ent2d.ac-bordeaux.fr\/disciplines\/chaudronnerie\/wp-content\/uploads\/sites\/23\/2017\/07\/Fiche-activite-groupe-de-pilotage.pdf\" target=\"_blank\" rel=\"noopener noreferrer\">Fiche activite groupe de pilotage<\/a><\/p>\n\n\n\n<p>Exemple de fiche de d\u00e9roulement de s\u00e9ance :&nbsp;<a href=\"https:\/\/ent2d.ac-bordeaux.fr\/disciplines\/chaudronnerie\/wp-content\/uploads\/sites\/23\/2017\/07\/Fiche-de-d\u00e9roulement-de-s\u00e9ance.pdf\" target=\"_blank\" rel=\"noopener noreferrer\">Fiche de d\u00e9roulement de s\u00e9ance<\/a><\/p>\n\n\n\n<p>Exemple de fiche de d\u00e9roulement de s\u00e9quence :&nbsp;<a href=\"https:\/\/ent2d.ac-bordeaux.fr\/disciplines\/chaudronnerie\/wp-content\/uploads\/sites\/23\/2017\/07\/Fiche-s\u00e9quence.pdf\" target=\"_blank\" rel=\"noopener noreferrer\">Fiche s\u00e9quence<\/a><\/p>\n","protected":false},"excerpt":{"rendered":"<p>les deux livrets joints proposent des conseils pour int\u00e9grer rapidement un \u00e9tablissement et d\u00e9velopper un enseignement de qualit\u00e9 : Exemple de fiche d&#8217;activit\u00e9s:Fiche activite groupe de pilotage Exemple de fiche de d\u00e9roulement de s\u00e9ance :&nbsp;Fiche de d\u00e9roulement de s\u00e9ance Exemple de fiche de d\u00e9roulement de s\u00e9quence :&nbsp;Fiche s\u00e9quence<\/p>\n","protected":false},"author":100,"featured_media":0,"parent":47,"menu_order":0,"comment_status":"closed","ping_status":"closed","template":"","meta":{"footnotes":""},"class_list":["post-210","page","type-page","status-publish","hentry","nodate"],"_links":{"self":[{"href":"https:\/\/ent2d.ac-bordeaux.fr\/disciplines\/chaudronnerie\/wp-json\/wp\/v2\/pages\/210","targetHints":{"allow":["GET"]}}],"collection":[{"href":"https:\/\/ent2d.ac-bordeaux.fr\/disciplines\/chaudronnerie\/wp-json\/wp\/v2\/pages"}],"about":[{"href":"https:\/\/ent2d.ac-bordeaux.fr\/disciplines\/chaudronnerie\/wp-json\/wp\/v2\/types\/page"}],"author":[{"embeddable":true,"href":"https:\/\/ent2d.ac-bordeaux.fr\/disciplines\/chaudronnerie\/wp-json\/wp\/v2\/users\/100"}],"replies":[{"embeddable":true,"href":"https:\/\/ent2d.ac-bordeaux.fr\/disciplines\/chaudronnerie\/wp-json\/wp\/v2\/comments?post=210"}],"version-history":[{"count":20,"href":"https:\/\/ent2d.ac-bordeaux.fr\/disciplines\/chaudronnerie\/wp-json\/wp\/v2\/pages\/210\/revisions"}],"predecessor-version":[{"id":733,"href":"https:\/\/ent2d.ac-bordeaux.fr\/disciplines\/chaudronnerie\/wp-json\/wp\/v2\/pages\/210\/revisions\/733"}],"up":[{"embeddable":true,"href":"https:\/\/ent2d.ac-bordeaux.fr\/disciplines\/chaudronnerie\/wp-json\/wp\/v2\/pages\/47"}],"wp:attachment":[{"href":"https:\/\/ent2d.ac-bordeaux.fr\/disciplines\/chaudronnerie\/wp-json\/wp\/v2\/media?parent=210"}],"curies":[{"name":"wp","href":"https:\/\/api.w.org\/{rel}","templated":true}]}}