{"id":194,"date":"2017-06-23T10:18:17","date_gmt":"2017-06-23T08:18:17","guid":{"rendered":"https:\/\/ent2d.ac-bordeaux.fr\/disciplines\/chaudronnerie\/?page_id=194"},"modified":"2019-10-08T10:17:34","modified_gmt":"2019-10-08T08:17:34","slug":"les-concours","status":"publish","type":"page","link":"https:\/\/ent2d.ac-bordeaux.fr\/disciplines\/chaudronnerie\/relations-ecole-entreprise\/les-concours\/","title":{"rendered":"Les concours"},"content":{"rendered":"<p>Diff\u00e9rents concours ont vocation\u00a0 \u00e0 valoriser la fili\u00e8re. Ils permettent de f\u00e9d\u00e9rer les \u00e9l\u00e8ves et donner du sens aux enseignements autour d&#8217;un projet le long de l&#8217;ann\u00e9e. Ils sont un excellent facteur de d\u00e9cloisonnement des enseignements disciplinaires :<\/p>\n<p>Le meilleur apprenti : <a href=\"https:\/\/ent2d.ac-bordeaux.fr\/disciplines\/chaudronnerie\/wp-content\/uploads\/sites\/23\/2017\/06\/Concours_Meilleur_Apprenti_De_France.pdf\" target=\"_blank\" rel=\"noopener noreferrer\">Concours_Meilleur_Apprenti_De_France<\/a><\/p>\n<p>Concours g\u00e9n\u00e9ral des m\u00e9tiers : <a href=\"https:\/\/ent2d.ac-bordeaux.fr\/disciplines\/chaudronnerie\/wp-content\/uploads\/sites\/23\/2017\/06\/Concours_General_des_metiers.pdf\" target=\"_blank\" rel=\"noopener noreferrer\">Concours_General_des_metiers<\/a><\/p>\n<p>Prix A\u00e9ronautique et Espace Aquitaine : <a href=\"http:\/\/aero-baas.fr\/content\/le-prix-a%C3%A9ronautique-et-espace\" target=\"_blank\" rel=\"noopener noreferrer\">BAAS<\/a><\/p>\n<p>Olympiades des m\u00e9tiers : <a href=\"http:\/\/www.worldskills-france.org\/\" target=\"_blank\" rel=\"noopener noreferrer\">Workskills<\/a><\/p>\n<p><a href=\"http:\/\/www.onisep.fr\/Pres-de-chez-vous\/Nouvelle-Aquitaine\/Bordeaux\/Equipes-educatives\/Partenariat-Ecole-entreprise2\/Concours-Creons-ensemble\" target=\"_blank\" rel=\"noopener noreferrer\">Cr\u00e9ons ensemble<\/a> : Ce concours offre l&#8217;opportunit\u00e9 pour les \u00e9l\u00e8ves de s\u2019engager dans une aventure passionnante de cr\u00e9ation ou de reprise d\u2019entreprise sous l\u2019\u00e9gide du rectorat de l\u2019acad\u00e9mie de Bordeaux, du Conseil r\u00e9gional, des chambres de commerce et d\u2019industrie et des entreprises partenaires r\u00e9gionales.<\/p>\n","protected":false},"excerpt":{"rendered":"<p>Diff\u00e9rents concours ont vocation\u00a0 \u00e0 valoriser la fili\u00e8re. Ils permettent de f\u00e9d\u00e9rer les \u00e9l\u00e8ves et donner du sens aux enseignements autour d&#8217;un projet le long de l&#8217;ann\u00e9e. Ils sont un excellent facteur de d\u00e9cloisonnement des enseignements disciplinaires : Le meilleur apprenti : Concours_Meilleur_Apprenti_De_France Concours g\u00e9n\u00e9ral des m\u00e9tiers : Concours_General_des_metiers Prix A\u00e9ronautique et Espace Aquitaine : &hellip; <\/p>\n<p><a class=\"more-link block-button\" href=\"https:\/\/ent2d.ac-bordeaux.fr\/disciplines\/chaudronnerie\/relations-ecole-entreprise\/les-concours\/\">Lire la Suite &raquo;<\/a><\/p>\n","protected":false},"author":100,"featured_media":0,"parent":76,"menu_order":0,"comment_status":"closed","ping_status":"closed","template":"","meta":{"footnotes":""},"class_list":["post-194","page","type-page","status-publish","hentry","nodate"],"_links":{"self":[{"href":"https:\/\/ent2d.ac-bordeaux.fr\/disciplines\/chaudronnerie\/wp-json\/wp\/v2\/pages\/194","targetHints":{"allow":["GET"]}}],"collection":[{"href":"https:\/\/ent2d.ac-bordeaux.fr\/disciplines\/chaudronnerie\/wp-json\/wp\/v2\/pages"}],"about":[{"href":"https:\/\/ent2d.ac-bordeaux.fr\/disciplines\/chaudronnerie\/wp-json\/wp\/v2\/types\/page"}],"author":[{"embeddable":true,"href":"https:\/\/ent2d.ac-bordeaux.fr\/disciplines\/chaudronnerie\/wp-json\/wp\/v2\/users\/100"}],"replies":[{"embeddable":true,"href":"https:\/\/ent2d.ac-bordeaux.fr\/disciplines\/chaudronnerie\/wp-json\/wp\/v2\/comments?post=194"}],"version-history":[{"count":4,"href":"https:\/\/ent2d.ac-bordeaux.fr\/disciplines\/chaudronnerie\/wp-json\/wp\/v2\/pages\/194\/revisions"}],"predecessor-version":[{"id":625,"href":"https:\/\/ent2d.ac-bordeaux.fr\/disciplines\/chaudronnerie\/wp-json\/wp\/v2\/pages\/194\/revisions\/625"}],"up":[{"embeddable":true,"href":"https:\/\/ent2d.ac-bordeaux.fr\/disciplines\/chaudronnerie\/wp-json\/wp\/v2\/pages\/76"}],"wp:attachment":[{"href":"https:\/\/ent2d.ac-bordeaux.fr\/disciplines\/chaudronnerie\/wp-json\/wp\/v2\/media?parent=194"}],"curies":[{"name":"wp","href":"https:\/\/api.w.org\/{rel}","templated":true}]}}