{"id":187,"date":"2017-06-22T17:23:35","date_gmt":"2017-06-22T15:23:35","guid":{"rendered":"https:\/\/ent2d.ac-bordeaux.fr\/disciplines\/chaudronnerie\/?page_id=187"},"modified":"2017-12-21T17:59:50","modified_gmt":"2017-12-21T16:59:50","slug":"lp-sud-gironde-langon","status":"publish","type":"page","link":"https:\/\/ent2d.ac-bordeaux.fr\/disciplines\/chaudronnerie\/pedagogie-en-lp\/exemples-de-production-industrielles-et-artistiques\/lp-sud-gironde-langon\/","title":{"rendered":"LP Sud Gironde &#8211; Langon"},"content":{"rendered":"<p><em><strong>Armoire Caisse \u00e0 outils :<\/strong><\/em><\/p>\n<p><img loading=\"lazy\" decoding=\"async\" class=\"alignnone size-medium wp-image-411 aligncenter\" src=\"https:\/\/ent2d.ac-bordeaux.fr\/disciplines\/chaudronnerie\/wp-content\/uploads\/sites\/23\/2017\/12\/LP-Sud-gironde-1c--249x300.jpg\" alt=\"\" width=\"249\" height=\"300\" srcset=\"https:\/\/ent2d.ac-bordeaux.fr\/disciplines\/chaudronnerie\/wp-content\/uploads\/sites\/23\/2017\/12\/LP-Sud-gironde-1c--249x300.jpg 249w, https:\/\/ent2d.ac-bordeaux.fr\/disciplines\/chaudronnerie\/wp-content\/uploads\/sites\/23\/2017\/12\/LP-Sud-gironde-1c--768x927.jpg 768w, https:\/\/ent2d.ac-bordeaux.fr\/disciplines\/chaudronnerie\/wp-content\/uploads\/sites\/23\/2017\/12\/LP-Sud-gironde-1c--848x1024.jpg 848w\" sizes=\"auto, (max-width: 249px) 100vw, 249px\" \/><\/p>\n<p><em><strong>Porte bouteille stylis\u00e9 :<\/strong><\/em><\/p>\n<p><img loading=\"lazy\" decoding=\"async\" class=\"alignnone size-full wp-image-188 aligncenter\" src=\"https:\/\/ent2d.ac-bordeaux.fr\/disciplines\/chaudronnerie\/wp-content\/uploads\/sites\/23\/2017\/06\/PORTE-BOUTEILLE.jpg\" alt=\"\" width=\"246\" height=\"222\" \/><\/p>\n<p><em><strong>Table :<\/strong><\/em><\/p>\n<p><img loading=\"lazy\" decoding=\"async\" class=\"alignnone size-medium wp-image-189 aligncenter\" src=\"https:\/\/ent2d.ac-bordeaux.fr\/disciplines\/chaudronnerie\/wp-content\/uploads\/sites\/23\/2017\/06\/LP-Sud-gironde-11-225x300.jpg\" alt=\"\" width=\"225\" height=\"300\" srcset=\"https:\/\/ent2d.ac-bordeaux.fr\/disciplines\/chaudronnerie\/wp-content\/uploads\/sites\/23\/2017\/06\/LP-Sud-gironde-11-225x300.jpg 225w, https:\/\/ent2d.ac-bordeaux.fr\/disciplines\/chaudronnerie\/wp-content\/uploads\/sites\/23\/2017\/06\/LP-Sud-gironde-11-768x1024.jpg 768w, https:\/\/ent2d.ac-bordeaux.fr\/disciplines\/chaudronnerie\/wp-content\/uploads\/sites\/23\/2017\/06\/LP-Sud-gironde-11.jpg 960w\" sizes=\"auto, (max-width: 225px) 100vw, 225px\" \/><\/p>\n<p><em><strong>Aspirateur \u00e0 copeaux<\/strong> <\/em><\/p>\n<p><img loading=\"lazy\" decoding=\"async\" class=\"alignnone size-medium wp-image-190 aligncenter\" src=\"https:\/\/ent2d.ac-bordeaux.fr\/disciplines\/chaudronnerie\/wp-content\/uploads\/sites\/23\/2017\/06\/LP-Sud-gironde-7-169x300.jpg\" alt=\"\" width=\"169\" height=\"300\" srcset=\"https:\/\/ent2d.ac-bordeaux.fr\/disciplines\/chaudronnerie\/wp-content\/uploads\/sites\/23\/2017\/06\/LP-Sud-gironde-7-169x300.jpg 169w, https:\/\/ent2d.ac-bordeaux.fr\/disciplines\/chaudronnerie\/wp-content\/uploads\/sites\/23\/2017\/06\/LP-Sud-gironde-7-768x1365.jpg 768w, https:\/\/ent2d.ac-bordeaux.fr\/disciplines\/chaudronnerie\/wp-content\/uploads\/sites\/23\/2017\/06\/LP-Sud-gironde-7-576x1024.jpg 576w, https:\/\/ent2d.ac-bordeaux.fr\/disciplines\/chaudronnerie\/wp-content\/uploads\/sites\/23\/2017\/06\/LP-Sud-gironde-7.jpg 1836w\" sizes=\"auto, (max-width: 169px) 100vw, 169px\" \/><\/p>\n","protected":false},"excerpt":{"rendered":"<p>Armoire Caisse \u00e0 outils : Porte bouteille stylis\u00e9 : Table : Aspirateur \u00e0 copeaux<\/p>\n","protected":false},"author":100,"featured_media":0,"parent":168,"menu_order":0,"comment_status":"closed","ping_status":"closed","template":"","meta":{"footnotes":""},"class_list":["post-187","page","type-page","status-publish","hentry","nodate"],"_links":{"self":[{"href":"https:\/\/ent2d.ac-bordeaux.fr\/disciplines\/chaudronnerie\/wp-json\/wp\/v2\/pages\/187","targetHints":{"allow":["GET"]}}],"collection":[{"href":"https:\/\/ent2d.ac-bordeaux.fr\/disciplines\/chaudronnerie\/wp-json\/wp\/v2\/pages"}],"about":[{"href":"https:\/\/ent2d.ac-bordeaux.fr\/disciplines\/chaudronnerie\/wp-json\/wp\/v2\/types\/page"}],"author":[{"embeddable":true,"href":"https:\/\/ent2d.ac-bordeaux.fr\/disciplines\/chaudronnerie\/wp-json\/wp\/v2\/users\/100"}],"replies":[{"embeddable":true,"href":"https:\/\/ent2d.ac-bordeaux.fr\/disciplines\/chaudronnerie\/wp-json\/wp\/v2\/comments?post=187"}],"version-history":[{"count":4,"href":"https:\/\/ent2d.ac-bordeaux.fr\/disciplines\/chaudronnerie\/wp-json\/wp\/v2\/pages\/187\/revisions"}],"predecessor-version":[{"id":412,"href":"https:\/\/ent2d.ac-bordeaux.fr\/disciplines\/chaudronnerie\/wp-json\/wp\/v2\/pages\/187\/revisions\/412"}],"up":[{"embeddable":true,"href":"https:\/\/ent2d.ac-bordeaux.fr\/disciplines\/chaudronnerie\/wp-json\/wp\/v2\/pages\/168"}],"wp:attachment":[{"href":"https:\/\/ent2d.ac-bordeaux.fr\/disciplines\/chaudronnerie\/wp-json\/wp\/v2\/media?parent=187"}],"curies":[{"name":"wp","href":"https:\/\/api.w.org\/{rel}","templated":true}]}}