{"id":179,"date":"2017-06-22T17:17:03","date_gmt":"2017-06-22T15:17:03","guid":{"rendered":"https:\/\/ent2d.ac-bordeaux.fr\/disciplines\/chaudronnerie\/?page_id=179"},"modified":"2018-11-13T18:22:02","modified_gmt":"2018-11-13T17:22:02","slug":"lp-leonard-de-vinci-perigueux","status":"publish","type":"page","link":"https:\/\/ent2d.ac-bordeaux.fr\/disciplines\/chaudronnerie\/pedagogie-en-lp\/exemples-de-production-industrielles-et-artistiques\/lp-leonard-de-vinci-perigueux\/","title":{"rendered":"LP L\u00e9onard de Vinci &#8211; P\u00e9rigueux"},"content":{"rendered":"<p><strong>Tri s\u00e9lectif grande distribution 2018<\/strong><\/p>\n<p><img loading=\"lazy\" decoding=\"async\" class=\"alignnone size-medium wp-image-530 aligncenter\" src=\"https:\/\/ent2d.ac-bordeaux.fr\/disciplines\/chaudronnerie\/wp-content\/uploads\/sites\/23\/2018\/11\/Tri-s\u00e9lectif-218x300.jpg\" alt=\"\" width=\"218\" height=\"300\" srcset=\"https:\/\/ent2d.ac-bordeaux.fr\/disciplines\/chaudronnerie\/wp-content\/uploads\/sites\/23\/2018\/11\/Tri-s\u00e9lectif-218x300.jpg 218w, https:\/\/ent2d.ac-bordeaux.fr\/disciplines\/chaudronnerie\/wp-content\/uploads\/sites\/23\/2018\/11\/Tri-s\u00e9lectif.jpg 270w\" sizes=\"auto, (max-width: 218px) 100vw, 218px\" \/><\/p>\n<p>&nbsp;<\/p>\n<p><strong>Banc D\u00e9sign 2018<\/strong><\/p>\n<p><img loading=\"lazy\" decoding=\"async\" class=\"alignnone  wp-image-528 aligncenter\" src=\"https:\/\/ent2d.ac-bordeaux.fr\/disciplines\/chaudronnerie\/wp-content\/uploads\/sites\/23\/2018\/11\/Banc-111-300x193.jpg\" alt=\"\" width=\"361\" height=\"232\" srcset=\"https:\/\/ent2d.ac-bordeaux.fr\/disciplines\/chaudronnerie\/wp-content\/uploads\/sites\/23\/2018\/11\/Banc-111-300x193.jpg 300w, https:\/\/ent2d.ac-bordeaux.fr\/disciplines\/chaudronnerie\/wp-content\/uploads\/sites\/23\/2018\/11\/Banc-111.jpg 545w\" sizes=\"auto, (max-width: 361px) 100vw, 361px\" \/><\/p>\n<p><em><strong>Pi\u00e8ces du concours du &#8220;meilleurs apprentis de France 2017 :<\/strong><\/em><\/p>\n<p><img loading=\"lazy\" decoding=\"async\" class=\"alignnone wp-image-181 aligncenter\" src=\"https:\/\/ent2d.ac-bordeaux.fr\/disciplines\/chaudronnerie\/wp-content\/uploads\/sites\/23\/2017\/06\/Concours-MAF-2017-300x169.jpg\" alt=\"\" width=\"428\" height=\"241\" srcset=\"https:\/\/ent2d.ac-bordeaux.fr\/disciplines\/chaudronnerie\/wp-content\/uploads\/sites\/23\/2017\/06\/Concours-MAF-2017-300x169.jpg 300w, https:\/\/ent2d.ac-bordeaux.fr\/disciplines\/chaudronnerie\/wp-content\/uploads\/sites\/23\/2017\/06\/Concours-MAF-2017-768x432.jpg 768w, https:\/\/ent2d.ac-bordeaux.fr\/disciplines\/chaudronnerie\/wp-content\/uploads\/sites\/23\/2017\/06\/Concours-MAF-2017-1024x576.jpg 1024w, https:\/\/ent2d.ac-bordeaux.fr\/disciplines\/chaudronnerie\/wp-content\/uploads\/sites\/23\/2017\/06\/Concours-MAF-2017.jpg 1632w\" sizes=\"auto, (max-width: 428px) 100vw, 428px\" \/><\/p>\n<p><em><strong>Projet &#8221; Floralie&#8221; :<\/strong><\/em><\/p>\n<p><img loading=\"lazy\" decoding=\"async\" class=\"alignnone wp-image-182 aligncenter\" src=\"https:\/\/ent2d.ac-bordeaux.fr\/disciplines\/chaudronnerie\/wp-content\/uploads\/sites\/23\/2017\/06\/Porte-floralie-4-300x169.jpg\" alt=\"\" width=\"380\" height=\"214\" srcset=\"https:\/\/ent2d.ac-bordeaux.fr\/disciplines\/chaudronnerie\/wp-content\/uploads\/sites\/23\/2017\/06\/Porte-floralie-4-300x169.jpg 300w, https:\/\/ent2d.ac-bordeaux.fr\/disciplines\/chaudronnerie\/wp-content\/uploads\/sites\/23\/2017\/06\/Porte-floralie-4-768x432.jpg 768w, https:\/\/ent2d.ac-bordeaux.fr\/disciplines\/chaudronnerie\/wp-content\/uploads\/sites\/23\/2017\/06\/Porte-floralie-4-1024x576.jpg 1024w, https:\/\/ent2d.ac-bordeaux.fr\/disciplines\/chaudronnerie\/wp-content\/uploads\/sites\/23\/2017\/06\/Porte-floralie-4.jpg 1632w\" sizes=\"auto, (max-width: 380px) 100vw, 380px\" \/><\/p>\n<p><em><strong>Projet &#8220;Tri des d\u00e9chets alimentaires&#8221;<\/strong><\/em><\/p>\n<p><img loading=\"lazy\" decoding=\"async\" class=\"size-medium wp-image-183 aligncenter\" src=\"https:\/\/ent2d.ac-bordeaux.fr\/disciplines\/chaudronnerie\/wp-content\/uploads\/sites\/23\/2017\/06\/Table-de-tri-de-d\u00e9chets-3-300x225.jpg\" alt=\"\" width=\"300\" height=\"225\" srcset=\"https:\/\/ent2d.ac-bordeaux.fr\/disciplines\/chaudronnerie\/wp-content\/uploads\/sites\/23\/2017\/06\/Table-de-tri-de-d\u00e9chets-3-300x225.jpg 300w, https:\/\/ent2d.ac-bordeaux.fr\/disciplines\/chaudronnerie\/wp-content\/uploads\/sites\/23\/2017\/06\/Table-de-tri-de-d\u00e9chets-3-768x576.jpg 768w, https:\/\/ent2d.ac-bordeaux.fr\/disciplines\/chaudronnerie\/wp-content\/uploads\/sites\/23\/2017\/06\/Table-de-tri-de-d\u00e9chets-3-1024x768.jpg 1024w, https:\/\/ent2d.ac-bordeaux.fr\/disciplines\/chaudronnerie\/wp-content\/uploads\/sites\/23\/2017\/06\/Table-de-tri-de-d\u00e9chets-3.jpg 1280w\" sizes=\"auto, (max-width: 300px) 100vw, 300px\" \/><\/p>\n<p><em><strong>Projet &#8220;Hotte de Barbecue&#8221; :<\/strong><\/em><\/p>\n<p><img loading=\"lazy\" decoding=\"async\" class=\"alignnone wp-image-184 aligncenter\" src=\"https:\/\/ent2d.ac-bordeaux.fr\/disciplines\/chaudronnerie\/wp-content\/uploads\/sites\/23\/2017\/06\/hotte-de-barbecue-187x300.jpg\" alt=\"\" width=\"128\" height=\"205\" srcset=\"https:\/\/ent2d.ac-bordeaux.fr\/disciplines\/chaudronnerie\/wp-content\/uploads\/sites\/23\/2017\/06\/hotte-de-barbecue-187x300.jpg 187w, https:\/\/ent2d.ac-bordeaux.fr\/disciplines\/chaudronnerie\/wp-content\/uploads\/sites\/23\/2017\/06\/hotte-de-barbecue-638x1024.jpg 638w, https:\/\/ent2d.ac-bordeaux.fr\/disciplines\/chaudronnerie\/wp-content\/uploads\/sites\/23\/2017\/06\/hotte-de-barbecue.jpg 664w\" sizes=\"auto, (max-width: 128px) 100vw, 128px\" \/><\/p>\n<p><em><strong>Projet &#8220;Protection thermique&#8221;<\/strong><\/em><\/p>\n<p><img loading=\"lazy\" decoding=\"async\" class=\"alignnone size-medium wp-image-185 aligncenter\" src=\"https:\/\/ent2d.ac-bordeaux.fr\/disciplines\/chaudronnerie\/wp-content\/uploads\/sites\/23\/2017\/06\/Protection-foyer-de-po\u00eale-\u00e0-bois-3-190x300.jpg\" alt=\"\" width=\"190\" height=\"300\" srcset=\"https:\/\/ent2d.ac-bordeaux.fr\/disciplines\/chaudronnerie\/wp-content\/uploads\/sites\/23\/2017\/06\/Protection-foyer-de-po\u00eale-\u00e0-bois-3-190x300.jpg 190w, https:\/\/ent2d.ac-bordeaux.fr\/disciplines\/chaudronnerie\/wp-content\/uploads\/sites\/23\/2017\/06\/Protection-foyer-de-po\u00eale-\u00e0-bois-3.jpg 636w\" sizes=\"auto, (max-width: 190px) 100vw, 190px\" \/><\/p>\n","protected":false},"excerpt":{"rendered":"<p>Tri s\u00e9lectif grande distribution 2018 &nbsp; Banc D\u00e9sign 2018 Pi\u00e8ces du concours du &#8220;meilleurs apprentis de France 2017 : Projet &#8221; Floralie&#8221; : Projet &#8220;Tri des d\u00e9chets alimentaires&#8221; Projet &#8220;Hotte de Barbecue&#8221; : Projet &#8220;Protection thermique&#8221;<\/p>\n","protected":false},"author":100,"featured_media":0,"parent":168,"menu_order":0,"comment_status":"closed","ping_status":"closed","template":"","meta":{"footnotes":""},"class_list":["post-179","page","type-page","status-publish","hentry","nodate"],"_links":{"self":[{"href":"https:\/\/ent2d.ac-bordeaux.fr\/disciplines\/chaudronnerie\/wp-json\/wp\/v2\/pages\/179","targetHints":{"allow":["GET"]}}],"collection":[{"href":"https:\/\/ent2d.ac-bordeaux.fr\/disciplines\/chaudronnerie\/wp-json\/wp\/v2\/pages"}],"about":[{"href":"https:\/\/ent2d.ac-bordeaux.fr\/disciplines\/chaudronnerie\/wp-json\/wp\/v2\/types\/page"}],"author":[{"embeddable":true,"href":"https:\/\/ent2d.ac-bordeaux.fr\/disciplines\/chaudronnerie\/wp-json\/wp\/v2\/users\/100"}],"replies":[{"embeddable":true,"href":"https:\/\/ent2d.ac-bordeaux.fr\/disciplines\/chaudronnerie\/wp-json\/wp\/v2\/comments?post=179"}],"version-history":[{"count":4,"href":"https:\/\/ent2d.ac-bordeaux.fr\/disciplines\/chaudronnerie\/wp-json\/wp\/v2\/pages\/179\/revisions"}],"predecessor-version":[{"id":531,"href":"https:\/\/ent2d.ac-bordeaux.fr\/disciplines\/chaudronnerie\/wp-json\/wp\/v2\/pages\/179\/revisions\/531"}],"up":[{"embeddable":true,"href":"https:\/\/ent2d.ac-bordeaux.fr\/disciplines\/chaudronnerie\/wp-json\/wp\/v2\/pages\/168"}],"wp:attachment":[{"href":"https:\/\/ent2d.ac-bordeaux.fr\/disciplines\/chaudronnerie\/wp-json\/wp\/v2\/media?parent=179"}],"curies":[{"name":"wp","href":"https:\/\/api.w.org\/{rel}","templated":true}]}}