{"id":177,"date":"2017-06-22T17:10:53","date_gmt":"2017-06-22T15:10:53","guid":{"rendered":"https:\/\/ent2d.ac-bordeaux.fr\/disciplines\/chaudronnerie\/?page_id=177"},"modified":"2018-05-27T10:23:53","modified_gmt":"2018-05-27T08:23:53","slug":"lp-j-duperier-st-medard-en-jalles","status":"publish","type":"page","link":"https:\/\/ent2d.ac-bordeaux.fr\/disciplines\/chaudronnerie\/pedagogie-en-lp\/exemples-de-production-industrielles-et-artistiques\/lp-j-duperier-st-medard-en-jalles\/","title":{"rendered":"LP J Duperier &#8211; ST MEDARD EN JALLES"},"content":{"rendered":"<p><strong>Ariane V : Projet pluridisciplinaire laur\u00e9at du prix <a href=\"http:\/\/www.ac-bordeaux.fr\/cid116374\/prix-aeronautique-et-espace-nouvelle-aquitaine-2018.html\" target=\"_blank\" rel=\"noopener\">A\u00e9ronautique et Espace Nouvelle Aquitaine<\/a> :<\/strong><\/p>\n<p><img loading=\"lazy\" decoding=\"async\" class=\"alignnone size-medium wp-image-485 aligncenter\" src=\"https:\/\/ent2d.ac-bordeaux.fr\/disciplines\/chaudronnerie\/wp-content\/uploads\/sites\/23\/2018\/05\/20180523_175037-83x300.jpg\" alt=\"\" width=\"83\" height=\"300\" srcset=\"https:\/\/ent2d.ac-bordeaux.fr\/disciplines\/chaudronnerie\/wp-content\/uploads\/sites\/23\/2018\/05\/20180523_175037-83x300.jpg 83w, https:\/\/ent2d.ac-bordeaux.fr\/disciplines\/chaudronnerie\/wp-content\/uploads\/sites\/23\/2018\/05\/20180523_175037.jpg 1044w\" sizes=\"auto, (max-width: 83px) 100vw, 83px\" \/><\/p>\n<p><em><strong>Four \u00e0 pizza<\/strong> <\/em>:<\/p>\n<p><img loading=\"lazy\" decoding=\"async\" class=\"wp-image-169 aligncenter\" src=\"https:\/\/ent2d.ac-bordeaux.fr\/disciplines\/chaudronnerie\/wp-content\/uploads\/sites\/23\/2017\/06\/four-\u00e0-pizza-1-296x300.jpg\" alt=\"\" width=\"165\" height=\"167\" srcset=\"https:\/\/ent2d.ac-bordeaux.fr\/disciplines\/chaudronnerie\/wp-content\/uploads\/sites\/23\/2017\/06\/four-\u00e0-pizza-1-296x300.jpg 296w, https:\/\/ent2d.ac-bordeaux.fr\/disciplines\/chaudronnerie\/wp-content\/uploads\/sites\/23\/2017\/06\/four-\u00e0-pizza-1-768x780.jpg 768w, https:\/\/ent2d.ac-bordeaux.fr\/disciplines\/chaudronnerie\/wp-content\/uploads\/sites\/23\/2017\/06\/four-\u00e0-pizza-1-1009x1024.jpg 1009w\" sizes=\"auto, (max-width: 165px) 100vw, 165px\" \/><\/p>\n<p><em><strong>Projet &#8220;Pont&#8221;<\/strong> <\/em>: R\u00e9alisation d&#8217;une maquette du pont de pierre &#8211; Bordeaux dans un projet en relation avec les arts appliqu\u00e9s et l&#8217;histoire :<\/p>\n<p><img loading=\"lazy\" decoding=\"async\" class=\"size-medium wp-image-172 aligncenter\" src=\"https:\/\/ent2d.ac-bordeaux.fr\/disciplines\/chaudronnerie\/wp-content\/uploads\/sites\/23\/2017\/06\/LP-J-Duperier-1-300x225.jpg\" alt=\"\" width=\"300\" height=\"225\" srcset=\"https:\/\/ent2d.ac-bordeaux.fr\/disciplines\/chaudronnerie\/wp-content\/uploads\/sites\/23\/2017\/06\/LP-J-Duperier-1-300x225.jpg 300w, https:\/\/ent2d.ac-bordeaux.fr\/disciplines\/chaudronnerie\/wp-content\/uploads\/sites\/23\/2017\/06\/LP-J-Duperier-1-768x576.jpg 768w, https:\/\/ent2d.ac-bordeaux.fr\/disciplines\/chaudronnerie\/wp-content\/uploads\/sites\/23\/2017\/06\/LP-J-Duperier-1-1024x768.jpg 1024w\" sizes=\"auto, (max-width: 300px) 100vw, 300px\" \/><\/p>\n<p><em><strong>Maquette Rafale :<\/strong><\/em> une fabrication facile en seconde<\/p>\n<p><img loading=\"lazy\" decoding=\"async\" class=\"wp-image-173 aligncenter\" src=\"https:\/\/ent2d.ac-bordeaux.fr\/disciplines\/chaudronnerie\/wp-content\/uploads\/sites\/23\/2017\/06\/LP-J-Duperier-3-225x300.jpg\" alt=\"\" width=\"143\" height=\"191\" srcset=\"https:\/\/ent2d.ac-bordeaux.fr\/disciplines\/chaudronnerie\/wp-content\/uploads\/sites\/23\/2017\/06\/LP-J-Duperier-3-225x300.jpg 225w, https:\/\/ent2d.ac-bordeaux.fr\/disciplines\/chaudronnerie\/wp-content\/uploads\/sites\/23\/2017\/06\/LP-J-Duperier-3-768x1024.jpg 768w\" sizes=\"auto, (max-width: 143px) 100vw, 143px\" \/><\/p>\n<p><em><strong>Enseigne :<\/strong><\/em><\/p>\n<p><img loading=\"lazy\" decoding=\"async\" class=\"wp-image-175 aligncenter\" src=\"https:\/\/ent2d.ac-bordeaux.fr\/disciplines\/chaudronnerie\/wp-content\/uploads\/sites\/23\/2017\/06\/Lettres-pour-le-Festival-Jalles-House-Rock-2-300x78.jpg\" alt=\"\" width=\"423\" height=\"110\" srcset=\"https:\/\/ent2d.ac-bordeaux.fr\/disciplines\/chaudronnerie\/wp-content\/uploads\/sites\/23\/2017\/06\/Lettres-pour-le-Festival-Jalles-House-Rock-2-300x78.jpg 300w, https:\/\/ent2d.ac-bordeaux.fr\/disciplines\/chaudronnerie\/wp-content\/uploads\/sites\/23\/2017\/06\/Lettres-pour-le-Festival-Jalles-House-Rock-2-768x199.jpg 768w, https:\/\/ent2d.ac-bordeaux.fr\/disciplines\/chaudronnerie\/wp-content\/uploads\/sites\/23\/2017\/06\/Lettres-pour-le-Festival-Jalles-House-Rock-2-1024x266.jpg 1024w\" sizes=\"auto, (max-width: 423px) 100vw, 423px\" \/><\/p>\n","protected":false},"excerpt":{"rendered":"<p>Ariane V : Projet pluridisciplinaire laur\u00e9at du prix A\u00e9ronautique et Espace Nouvelle Aquitaine : Four \u00e0 pizza : Projet &#8220;Pont&#8221; : R\u00e9alisation d&#8217;une maquette du pont de pierre &#8211; Bordeaux dans un projet en relation avec les arts appliqu\u00e9s et l&#8217;histoire : Maquette Rafale : une fabrication facile en seconde Enseigne :<\/p>\n","protected":false},"author":100,"featured_media":0,"parent":168,"menu_order":0,"comment_status":"closed","ping_status":"closed","template":"","meta":{"footnotes":""},"class_list":["post-177","page","type-page","status-publish","hentry","nodate"],"_links":{"self":[{"href":"https:\/\/ent2d.ac-bordeaux.fr\/disciplines\/chaudronnerie\/wp-json\/wp\/v2\/pages\/177","targetHints":{"allow":["GET"]}}],"collection":[{"href":"https:\/\/ent2d.ac-bordeaux.fr\/disciplines\/chaudronnerie\/wp-json\/wp\/v2\/pages"}],"about":[{"href":"https:\/\/ent2d.ac-bordeaux.fr\/disciplines\/chaudronnerie\/wp-json\/wp\/v2\/types\/page"}],"author":[{"embeddable":true,"href":"https:\/\/ent2d.ac-bordeaux.fr\/disciplines\/chaudronnerie\/wp-json\/wp\/v2\/users\/100"}],"replies":[{"embeddable":true,"href":"https:\/\/ent2d.ac-bordeaux.fr\/disciplines\/chaudronnerie\/wp-json\/wp\/v2\/comments?post=177"}],"version-history":[{"count":4,"href":"https:\/\/ent2d.ac-bordeaux.fr\/disciplines\/chaudronnerie\/wp-json\/wp\/v2\/pages\/177\/revisions"}],"predecessor-version":[{"id":492,"href":"https:\/\/ent2d.ac-bordeaux.fr\/disciplines\/chaudronnerie\/wp-json\/wp\/v2\/pages\/177\/revisions\/492"}],"up":[{"embeddable":true,"href":"https:\/\/ent2d.ac-bordeaux.fr\/disciplines\/chaudronnerie\/wp-json\/wp\/v2\/pages\/168"}],"wp:attachment":[{"href":"https:\/\/ent2d.ac-bordeaux.fr\/disciplines\/chaudronnerie\/wp-json\/wp\/v2\/media?parent=177"}],"curies":[{"name":"wp","href":"https:\/\/api.w.org\/{rel}","templated":true}]}}