{"id":168,"date":"2017-06-22T16:49:30","date_gmt":"2017-06-22T14:49:30","guid":{"rendered":"https:\/\/ent2d.ac-bordeaux.fr\/disciplines\/chaudronnerie\/?page_id=168"},"modified":"2017-10-19T09:49:09","modified_gmt":"2017-10-19T07:49:09","slug":"exemples-de-production-industrielles-et-artistiques","status":"publish","type":"page","link":"https:\/\/ent2d.ac-bordeaux.fr\/disciplines\/chaudronnerie\/pedagogie-en-lp\/exemples-de-production-industrielles-et-artistiques\/","title":{"rendered":"4 Exemples de productions industrielles et artistiques"},"content":{"rendered":"<p>Toute r\u00e9alisation doit avoir une utilit\u00e9 permettant \u00e0 l&#8217;\u00e9l\u00e8ve de trouver du sens \u00e0 l&#8217;apprentissage. Ci dans les pages suivantes, vous trouverez des exemples de production pour tous les niveaux d&#8217;\u00e9l\u00e8ves.<\/p>\n<p>&nbsp;<\/p>\n<p>&nbsp;<\/p>\n<p>&nbsp;<\/p>\n","protected":false},"excerpt":{"rendered":"<p>Toute r\u00e9alisation doit avoir une utilit\u00e9 permettant \u00e0 l&#8217;\u00e9l\u00e8ve de trouver du sens \u00e0 l&#8217;apprentissage. Ci dans les pages suivantes, vous trouverez des exemples de production pour tous les niveaux d&#8217;\u00e9l\u00e8ves. &nbsp; &nbsp; &nbsp;<\/p>\n","protected":false},"author":100,"featured_media":0,"parent":47,"menu_order":0,"comment_status":"closed","ping_status":"closed","template":"","meta":{"footnotes":""},"class_list":["post-168","page","type-page","status-publish","hentry","nodate"],"_links":{"self":[{"href":"https:\/\/ent2d.ac-bordeaux.fr\/disciplines\/chaudronnerie\/wp-json\/wp\/v2\/pages\/168","targetHints":{"allow":["GET"]}}],"collection":[{"href":"https:\/\/ent2d.ac-bordeaux.fr\/disciplines\/chaudronnerie\/wp-json\/wp\/v2\/pages"}],"about":[{"href":"https:\/\/ent2d.ac-bordeaux.fr\/disciplines\/chaudronnerie\/wp-json\/wp\/v2\/types\/page"}],"author":[{"embeddable":true,"href":"https:\/\/ent2d.ac-bordeaux.fr\/disciplines\/chaudronnerie\/wp-json\/wp\/v2\/users\/100"}],"replies":[{"embeddable":true,"href":"https:\/\/ent2d.ac-bordeaux.fr\/disciplines\/chaudronnerie\/wp-json\/wp\/v2\/comments?post=168"}],"version-history":[{"count":3,"href":"https:\/\/ent2d.ac-bordeaux.fr\/disciplines\/chaudronnerie\/wp-json\/wp\/v2\/pages\/168\/revisions"}],"predecessor-version":[{"id":361,"href":"https:\/\/ent2d.ac-bordeaux.fr\/disciplines\/chaudronnerie\/wp-json\/wp\/v2\/pages\/168\/revisions\/361"}],"up":[{"embeddable":true,"href":"https:\/\/ent2d.ac-bordeaux.fr\/disciplines\/chaudronnerie\/wp-json\/wp\/v2\/pages\/47"}],"wp:attachment":[{"href":"https:\/\/ent2d.ac-bordeaux.fr\/disciplines\/chaudronnerie\/wp-json\/wp\/v2\/media?parent=168"}],"curies":[{"name":"wp","href":"https:\/\/api.w.org\/{rel}","templated":true}]}}