{"id":147,"date":"2017-06-06T15:05:30","date_gmt":"2017-06-06T13:05:30","guid":{"rendered":"https:\/\/ent2d.ac-bordeaux.fr\/disciplines\/chaudronnerie\/?page_id=147"},"modified":"2017-10-19T09:49:22","modified_gmt":"2017-10-19T07:49:22","slug":"la-pedagogie-de-projet","status":"publish","type":"page","link":"https:\/\/ent2d.ac-bordeaux.fr\/disciplines\/chaudronnerie\/pedagogie-en-lp\/la-pedagogie-de-projet\/","title":{"rendered":"5 La p\u00e9dagogie de projet"},"content":{"rendered":"<p>Le projet fait partie int\u00e9grante du processus de motivation de l&#8217;\u00e9l\u00e8ve. Inscrit dans le cadre de nos enseignements professionnels, il est une obligation r\u00e9glementaire tel que l&#8217;indique le BO sp\u00e9cial N\u00b02 du 19 f\u00e9vrier 2009 :<\/p>\n<p><em>Article 2 &#8211; Dans le cadre des enseignements obligatoires pr\u00e9cit\u00e9s, des activit\u00e9s de projet sont propos\u00e9es aux \u00e9l\u00e8ves. Elles s&#8217;inscrivent dans le cadre du projet d&#8217;\u00e9tablissement et peuvent prendre diff\u00e9rentes formes, en particulier:<\/em><\/p>\n<p><em>&#8211; projet pluridisciplinaire \u00e0 caract\u00e8re professionnel;<\/em><\/p>\n<p><em>&#8211; projet sp\u00e9cifique en enseignement g\u00e9n\u00e9ral, en enseignement professionnel, en enseignement artistique et culturel;<\/em><\/p>\n<p><em>&#8211; activit\u00e9s disciplinaires et pluridisciplinaires autour de la p\u00e9riode de formation en milieu professionnel.<\/em><\/p>\n<p><em>Les projets sont organis\u00e9s sur une partie du cycle ou de l&#8217;ann\u00e9e.<\/em><\/p>\n<p>Pour soutenir cette activit\u00e9s, un groupe acad\u00e9mique vous propose des \u00e9l\u00e9ments de r\u00e9flexion et des formations\/actions :<\/p>\n<ul>\n<li>Des projets pour mieux Apprendre C Reverdy &#8211; If\u00e9 &#8211; f\u00e9vrier 2013 : <a href=\"https:\/\/ent2d.ac-bordeaux.fr\/disciplines\/chaudronnerie\/wp-content\/uploads\/sites\/23\/2017\/06\/82-fevrier-2013.pdf\" target=\"_blank\">82-fevrier-2013<\/a><\/li>\n<li>Mettre en \u0153uvre un projet :\u00a0<a href=\"https:\/\/ent2d.ac-bordeaux.fr\/disciplines\/chaudronnerie\/wp-content\/uploads\/sites\/23\/2017\/06\/Formation-Projet-recap-03-16.pdf\" target=\"_blank\"> Formation Projet recap 03 16<\/a><\/li>\n<\/ul>\n<p>&nbsp;<\/p>\n<p>&nbsp;<\/p>\n<p>&nbsp;<\/p>\n","protected":false},"excerpt":{"rendered":"<p>Le projet fait partie int\u00e9grante du processus de motivation de l&#8217;\u00e9l\u00e8ve. Inscrit dans le cadre de nos enseignements professionnels, il est une obligation r\u00e9glementaire tel que l&#8217;indique le BO sp\u00e9cial N\u00b02 du 19 f\u00e9vrier 2009 : Article 2 &#8211; Dans le cadre des enseignements obligatoires pr\u00e9cit\u00e9s, des activit\u00e9s de projet sont propos\u00e9es aux \u00e9l\u00e8ves. Elles &hellip; <\/p>\n<p><a class=\"more-link block-button\" href=\"https:\/\/ent2d.ac-bordeaux.fr\/disciplines\/chaudronnerie\/pedagogie-en-lp\/la-pedagogie-de-projet\/\">Lire la Suite &raquo;<\/a><\/p>\n","protected":false},"author":100,"featured_media":0,"parent":47,"menu_order":0,"comment_status":"closed","ping_status":"closed","template":"","meta":{"footnotes":""},"class_list":["post-147","page","type-page","status-publish","hentry","nodate"],"_links":{"self":[{"href":"https:\/\/ent2d.ac-bordeaux.fr\/disciplines\/chaudronnerie\/wp-json\/wp\/v2\/pages\/147","targetHints":{"allow":["GET"]}}],"collection":[{"href":"https:\/\/ent2d.ac-bordeaux.fr\/disciplines\/chaudronnerie\/wp-json\/wp\/v2\/pages"}],"about":[{"href":"https:\/\/ent2d.ac-bordeaux.fr\/disciplines\/chaudronnerie\/wp-json\/wp\/v2\/types\/page"}],"author":[{"embeddable":true,"href":"https:\/\/ent2d.ac-bordeaux.fr\/disciplines\/chaudronnerie\/wp-json\/wp\/v2\/users\/100"}],"replies":[{"embeddable":true,"href":"https:\/\/ent2d.ac-bordeaux.fr\/disciplines\/chaudronnerie\/wp-json\/wp\/v2\/comments?post=147"}],"version-history":[{"count":11,"href":"https:\/\/ent2d.ac-bordeaux.fr\/disciplines\/chaudronnerie\/wp-json\/wp\/v2\/pages\/147\/revisions"}],"predecessor-version":[{"id":362,"href":"https:\/\/ent2d.ac-bordeaux.fr\/disciplines\/chaudronnerie\/wp-json\/wp\/v2\/pages\/147\/revisions\/362"}],"up":[{"embeddable":true,"href":"https:\/\/ent2d.ac-bordeaux.fr\/disciplines\/chaudronnerie\/wp-json\/wp\/v2\/pages\/47"}],"wp:attachment":[{"href":"https:\/\/ent2d.ac-bordeaux.fr\/disciplines\/chaudronnerie\/wp-json\/wp\/v2\/media?parent=147"}],"curies":[{"name":"wp","href":"https:\/\/api.w.org\/{rel}","templated":true}]}}