{"id":114,"date":"2017-05-02T08:37:39","date_gmt":"2017-05-02T06:37:39","guid":{"rendered":"https:\/\/ent2d.ac-bordeaux.fr\/disciplines\/chaudronnerie\/?page_id=114"},"modified":"2020-10-03T05:28:50","modified_gmt":"2020-10-03T03:28:50","slug":"formation-des-enseignants","status":"publish","type":"page","link":"https:\/\/ent2d.ac-bordeaux.fr\/disciplines\/chaudronnerie\/pedagogie-en-lp\/formation-des-enseignants\/","title":{"rendered":"2 Se former"},"content":{"rendered":"<p>La formation continue est primordiale pour maintenir un niveau de formation de qualit\u00e9 pour nos \u00e9l\u00e8ves. Il existe plusieurs possibilit\u00e9s :<\/p>\n<ul>\n<li><a href=\"https:\/\/portailrh.ac-bordeaux.fr\/sofia\" target=\"_blank\" rel=\"noopener noreferrer\" data-slimstat=\"5\">le plan de formation acad\u00e9mique<\/a>\u00a0: il propose annuellement des formations p\u00e9dagogiques<\/li>\n<li>le <a href=\"https:\/\/eduscol.education.fr\/cid153851\/presentation-cefpep.html\" target=\"_blank\" rel=\"noopener noreferrer\" data-slimstat=\"5\">CEFPEP <\/a>: D\u00e9velopp\u00e9 au niveau national, il propose des formations techniques et professionnelles<\/li>\n<li>le Cong\u00e9 de Formation Professionnelle : Le cong\u00e9 de formation professionnelle est le cong\u00e9 qui permet \u00e0 l\u2019agent de parfaire sa formation professionnelle personnelle en suivant une formation agr\u00e9\u00e9e par l\u2019Etat<\/li>\n<li>le compte personnel formation :\n<div id=\"conteneur_deux_tiers_un_tiers\">\n<div id=\"col_deux_tiers\">\n<div id=\"c1079\" class=\"csc-default\">\n<p>Le CPF est un droit individuel, ouvert aux agents titulaires et non titulaires, capitalisable.<\/p>\n<p><a href=\"https:\/\/ent2d.ac-bordeaux.fr\/disciplines\/sti-voie-pro\/wp-content\/uploads\/sites\/57\/2019\/10\/circulaire_CPF_2019-2020.pdf\" target=\"_blank\" rel=\"noopener noreferrer\" data-slimstat=\"3\">circulaire_CPF_2019-2020<\/a><\/p>\n<\/div>\n<\/div>\n<\/div>\n<\/li>\n<\/ul>\n<p>Formations \u00e0 distance :<\/p>\n<ul>\n<li>Magist\u00e8re : parcours propos\u00e9 par l\u2019\u00e9ducation nationale.\n<ul>\n<li><a href=\"https:\/\/magistere.education.fr\/ac-bordeaux\/\" target=\"_blank\" rel=\"noopener noreferrer\" data-slimstat=\"5\">Acc\u00e9der \u00e0 magist\u00e8re<\/a><\/li>\n<li><a href=\"https:\/\/ent2d.ac-bordeaux.fr\/mediacad\/m\/18501\/d\/m\/e\/mp4\" target=\"_blank\" rel=\"noopener noreferrer\" data-slimstat=\"5\">Entrer dans magist\u00e8re<\/a><\/li>\n<\/ul>\n<\/li>\n<li><a href=\"https:\/\/www.fun-mooc.fr\/cours\/\" target=\"_blank\" rel=\"noopener noreferrer\" data-slimstat=\"5\">Funmooc :<\/a>\u00a0Des parcours dans divers domaines techniques \u00e9ducatif etc\u2026<\/li>\n<\/ul>\n","protected":false},"excerpt":{"rendered":"<p>La formation continue est primordiale pour maintenir un niveau de formation de qualit\u00e9 pour nos \u00e9l\u00e8ves. Il existe plusieurs possibilit\u00e9s : le plan de formation acad\u00e9mique\u00a0: il propose annuellement des formations p\u00e9dagogiques le CEFPEP : D\u00e9velopp\u00e9 au niveau national, il propose des formations techniques et professionnelles le Cong\u00e9 de Formation Professionnelle : Le cong\u00e9 de &hellip; <\/p>\n<p><a class=\"more-link block-button\" href=\"https:\/\/ent2d.ac-bordeaux.fr\/disciplines\/chaudronnerie\/pedagogie-en-lp\/formation-des-enseignants\/\">Lire la Suite &raquo;<\/a><\/p>\n","protected":false},"author":100,"featured_media":0,"parent":47,"menu_order":0,"comment_status":"closed","ping_status":"closed","template":"","meta":{"footnotes":""},"class_list":["post-114","page","type-page","status-publish","hentry","nodate"],"_links":{"self":[{"href":"https:\/\/ent2d.ac-bordeaux.fr\/disciplines\/chaudronnerie\/wp-json\/wp\/v2\/pages\/114","targetHints":{"allow":["GET"]}}],"collection":[{"href":"https:\/\/ent2d.ac-bordeaux.fr\/disciplines\/chaudronnerie\/wp-json\/wp\/v2\/pages"}],"about":[{"href":"https:\/\/ent2d.ac-bordeaux.fr\/disciplines\/chaudronnerie\/wp-json\/wp\/v2\/types\/page"}],"author":[{"embeddable":true,"href":"https:\/\/ent2d.ac-bordeaux.fr\/disciplines\/chaudronnerie\/wp-json\/wp\/v2\/users\/100"}],"replies":[{"embeddable":true,"href":"https:\/\/ent2d.ac-bordeaux.fr\/disciplines\/chaudronnerie\/wp-json\/wp\/v2\/comments?post=114"}],"version-history":[{"count":11,"href":"https:\/\/ent2d.ac-bordeaux.fr\/disciplines\/chaudronnerie\/wp-json\/wp\/v2\/pages\/114\/revisions"}],"predecessor-version":[{"id":743,"href":"https:\/\/ent2d.ac-bordeaux.fr\/disciplines\/chaudronnerie\/wp-json\/wp\/v2\/pages\/114\/revisions\/743"}],"up":[{"embeddable":true,"href":"https:\/\/ent2d.ac-bordeaux.fr\/disciplines\/chaudronnerie\/wp-json\/wp\/v2\/pages\/47"}],"wp:attachment":[{"href":"https:\/\/ent2d.ac-bordeaux.fr\/disciplines\/chaudronnerie\/wp-json\/wp\/v2\/media?parent=114"}],"curies":[{"name":"wp","href":"https:\/\/api.w.org\/{rel}","templated":true}]}}