{"id":9,"date":"2019-02-02T18:18:45","date_gmt":"2019-02-02T17:18:45","guid":{"rendered":"https:\/\/ent2d.ac-bordeaux.fr\/disciplines\/caesc\/?page_id=9"},"modified":"2019-02-12T21:47:04","modified_gmt":"2019-02-12T20:47:04","slug":"ressources","status":"publish","type":"page","link":"https:\/\/ent2d.ac-bordeaux.fr\/disciplines\/caesc\/ressources\/","title":{"rendered":"Ressources"},"content":{"rendered":"<p><a href=\"https:\/\/ent2d.ac-bordeaux.fr\/disciplines\/caesc\/wp-content\/uploads\/sites\/65\/2019\/02\/Circulaire-2016-E\u0301ducation-a\u0300-la-sante\u0301.docx\">Circulaire 2016 E\u0301ducation a\u0300 la sante\u0301<\/a><\/p>\n<h1><a href=\"https:\/\/ent2d.ac-bordeaux.fr\/disciplines\/caesc\/ressources\/education-a-la-sexualite\/\">Education \u00e0 la sexualit\u00e9<\/a><\/h1>\n<h1><a href=\"https:\/\/ent2d.ac-bordeaux.fr\/disciplines\/caesc\/ressources\/alimentation-et-activite-physique\/\">Alimentation et activit\u00e9 physique<\/a><\/h1>\n<h1><a href=\"https:\/\/ent2d.ac-bordeaux.fr\/disciplines\/caesc\/ressources\/prevention-des-addictions\/\">Pr\u00e9vention des addictions<\/a><\/h1>\n","protected":false},"excerpt":{"rendered":"<p>Circulaire 2016 E\u0301ducation a\u0300 la sante\u0301 Education \u00e0 la sexualit\u00e9 Alimentation et activit\u00e9 physique Pr\u00e9vention des addictions<\/p>\n","protected":false},"author":8,"featured_media":0,"parent":0,"menu_order":0,"comment_status":"closed","ping_status":"closed","template":"","meta":{"footnotes":""},"class_list":["post-9","page","type-page","status-publish","hentry"],"_links":{"self":[{"href":"https:\/\/ent2d.ac-bordeaux.fr\/disciplines\/caesc\/wp-json\/wp\/v2\/pages\/9","targetHints":{"allow":["GET"]}}],"collection":[{"href":"https:\/\/ent2d.ac-bordeaux.fr\/disciplines\/caesc\/wp-json\/wp\/v2\/pages"}],"about":[{"href":"https:\/\/ent2d.ac-bordeaux.fr\/disciplines\/caesc\/wp-json\/wp\/v2\/types\/page"}],"author":[{"embeddable":true,"href":"https:\/\/ent2d.ac-bordeaux.fr\/disciplines\/caesc\/wp-json\/wp\/v2\/users\/8"}],"replies":[{"embeddable":true,"href":"https:\/\/ent2d.ac-bordeaux.fr\/disciplines\/caesc\/wp-json\/wp\/v2\/comments?post=9"}],"version-history":[{"count":4,"href":"https:\/\/ent2d.ac-bordeaux.fr\/disciplines\/caesc\/wp-json\/wp\/v2\/pages\/9\/revisions"}],"predecessor-version":[{"id":43,"href":"https:\/\/ent2d.ac-bordeaux.fr\/disciplines\/caesc\/wp-json\/wp\/v2\/pages\/9\/revisions\/43"}],"wp:attachment":[{"href":"https:\/\/ent2d.ac-bordeaux.fr\/disciplines\/caesc\/wp-json\/wp\/v2\/media?parent=9"}],"curies":[{"name":"wp","href":"https:\/\/api.w.org\/{rel}","templated":true}]}}