{"id":555,"date":"2019-03-01T21:40:37","date_gmt":"2019-03-01T20:40:37","guid":{"rendered":"https:\/\/ent2d.ac-bordeaux.fr\/disciplines\/biotechnologies-sante-social\/?page_id=555"},"modified":"2024-03-11T09:20:45","modified_gmt":"2024-03-11T08:20:45","slug":"serie-stl-biotechnologies","status":"publish","type":"page","link":"https:\/\/ent2d.ac-bordeaux.fr\/disciplines\/biotechnologies-sante-social\/serie-stl-biotechnologies\/","title":{"rendered":"La s\u00e9rie STL Biotechnologies"},"content":{"rendered":"\n<p>La s\u00e9rie STL-biotechnologies est une s\u00e9rie scientifique, alternative \u00e0 la s\u00e9rie g\u00e9n\u00e9rale sp\u00e9cialit\u00e9 SVT, qui s\u2019appuie sur l\u2019exp\u00e9rimentation au laboratoire.<\/p>\n\n\n\n<div style=\"height:30px\" aria-hidden=\"true\" class=\"wp-block-spacer\"><\/div>\n\n\n\n<div class=\"wp-block-columns is-layout-flex wp-container-core-columns-is-layout-28f84493 wp-block-columns-is-layout-flex\">\n<div class=\"wp-block-column is-layout-flow wp-block-column-is-layout-flow\">\n<figure class=\"wp-block-image size-full is-resized\"><a href=\"https:\/\/oniseptv.onisep.fr\/onv\/bac-technologique-stl-biochimie-biologie-biotechnologie\" target=\"_blank\" rel=\"noreferrer noopener\"><img loading=\"lazy\" decoding=\"async\" width=\"1003\" height=\"513\" src=\"https:\/\/ent2d.ac-bordeaux.fr\/disciplines\/biotechnologies-sante-social\/wp-content\/uploads\/sites\/66\/2023\/11\/image-2.png\" alt=\"\" class=\"wp-image-5154\" style=\"width:550px;height:281px\" srcset=\"https:\/\/ent2d.ac-bordeaux.fr\/disciplines\/biotechnologies-sante-social\/wp-content\/uploads\/sites\/66\/2023\/11\/image-2.png 1003w, https:\/\/ent2d.ac-bordeaux.fr\/disciplines\/biotechnologies-sante-social\/wp-content\/uploads\/sites\/66\/2023\/11\/image-2-300x153.png 300w, https:\/\/ent2d.ac-bordeaux.fr\/disciplines\/biotechnologies-sante-social\/wp-content\/uploads\/sites\/66\/2023\/11\/image-2-768x393.png 768w\" sizes=\"auto, (max-width: 1003px) 100vw, 1003px\" \/><\/a><figcaption class=\"wp-element-caption\">Vid\u00e9o de pr\u00e9sentation sur ONISEP TV<\/figcaption><\/figure>\n<\/div>\n\n\n\n<div class=\"wp-block-column is-layout-flow wp-block-column-is-layout-flow\"><iframe loading=\"lazy\" src=\"https:\/\/www.youtube.com\/embed\/hmSoR5gVsNc\" title=\"\" width=\"100%\" height=\"450\" scrolling=\"yes\" frameborder=\"0\" marginheight=\"0\" allowFullScreen=\"true\"><a href=\"https:\/\/www.youtube.com\/embed\/hmSoR5gVsNc\" target=\"_blank\">https:\/\/www.youtube.com\/embed\/hmSoR5gVsNc<\/a><\/iframe>\n<\/div>\n<\/div>\n\n\n\n<h3 class=\"wp-block-heading has-vivid-cyan-blue-color has-text-color\"><span style=\"font-family: trebuchet ms, geneva, sans-serif\"><strong>Option &#8220;Biotechnologies&#8221; en classe de seconde<\/strong><\/span><\/h3>\n\n\n\n<p>L\u2019enseignement optionnel de biotechnologies en seconde propose de faire d\u00e9couvrir les diff\u00e9rents domaines d\u2019application, les pratiques au laboratoire et les secteurs d\u2019activit\u00e9s professionnelles. Sans \u00eatre obligatoire pour choisir l\u2019enseignement de sp\u00e9cialit\u00e9 de biotechnologies de la s\u00e9rie Sciences et techniques de laboratoire, cet enseignement pr\u00e9figure celui de cette sp\u00e9cialit\u00e9 par ses contenus scientifiques et technologiques,et ses pratiques p\u00e9dagogiques.<\/p>\n\n\n\n<h3 class=\"wp-block-heading has-vivid-cyan-blue-color has-text-color\"><span style=\"font-family: trebuchet ms, geneva, sans-serif\"><strong>Les enseignements de sp\u00e9cialit\u00e9 du bac STL Biotechnologies <\/strong><\/span><\/h3>\n\n\n\n<p>Comme le bac g\u00e9n\u00e9ral,&nbsp; le bac STL-Biotechnologies est bas\u00e9 sur un &#8220;tronc commun&#8221; compl\u00e9t\u00e9 par des enseignements de sp\u00e9cialit\u00e9s qui sont impos\u00e9s aux \u00e9l\u00e8ves.<\/p>\n\n\n\n<ul class=\"wp-block-list\">\n<li><span style=\"font-family: trebuchet ms, geneva, sans-serif\">en classe de premi\u00e8re : <\/span>\n<ul class=\"wp-block-list\">\n<li><span style=\"font-family: trebuchet ms, geneva, sans-serif\">Physique-Chimie et math\u00e9matiques (<a href=\"https:\/\/cache.media.education.gouv.fr\/file\/SP1-MEN-22-1-2019\/86\/4\/spe645_annexe3_22-1_1063864.pdf\" target=\"_blank\" rel=\"noopener noreferrer\">programme<\/a>)&nbsp;<\/span><\/li>\n\n\n\n<li><span style=\"font-family: trebuchet ms, geneva, sans-serif\"> Biotechnologies (<a href=\"http:\/\/cache.media.education.gouv.fr\/file\/SP1-MEN-22-1-2019\/86\/2\/spe645_annexe2_22-1_1063862.pdf\" target=\"_blank\" rel=\"noopener noreferrer\">programme<\/a>)<\/span><\/li>\n\n\n\n<li><span style=\"font-family: trebuchet ms, geneva, sans-serif\">Biochimie-Biologie (<a href=\"http:\/\/cache.media.education.gouv.fr\/file\/SP1-MEN-22-1-2019\/58\/4\/spe645_annexe1_1063584.pdf\" target=\"_blank\" rel=\"noopener noreferrer\">programme<\/a>) <\/span><span style=\"font-family: trebuchet ms, geneva, sans-serif\">(\u00e9valu\u00e9 en contr\u00f4le continu)<br><\/span><\/li>\n<\/ul>\n<\/li>\n\n\n\n<li><span style=\"font-family: trebuchet ms, geneva, sans-serif\">en classe de terminale : <\/span>\n<ul class=\"wp-block-list\">\n<li><span style=\"font-family: trebuchet ms, geneva, sans-serif\">Physique-Chimie et math\u00e9matiques (<a href=\"https:\/\/cache.media.eduscol.education.fr\/file\/SPE8_MENJ_25_7_2019\/16\/3\/spe260_annexe1_1159163.pdf\" target=\"_blank\" rel=\"noopener noreferrer\">programme<\/a>)<\/span><\/li>\n\n\n\n<li><span style=\"font-family: trebuchet ms, geneva, sans-serif\"><span style=\"font-family: trebuchet ms, geneva, sans-serif\">Biochimie-Biologie-Biotechnologies (<a href=\"https:\/\/cache.media.eduscol.education.fr\/file\/SPE8_MENJ_25_7_2019\/16\/5\/spe260_annexe2_1159165.pdf\" target=\"_blank\" rel=\"noopener noreferrer\">programme<\/a>)<br><\/span><\/span><\/li>\n<\/ul>\n<\/li>\n<\/ul>\n\n\n\n<p><span style=\"font-family: trebuchet ms, geneva, sans-serif\">La liste des \u00e9preuves de la s\u00e9rie STL, leurs coefficients, natures et dur\u00e9es sont fix\u00e9s par&nbsp;:<\/span><\/p>\n\n\n\n<ul class=\"wp-block-list\">\n<li><span style=\"font-family: trebuchet ms, geneva, sans-serif\">l&#8217;<a href=\"https:\/\/www.legifrance.gouv.fr\/jorf\/id\/JORFTEXT000037202882\/\" target=\"_blank\" rel=\"noopener noreferrer\">arr\u00eat\u00e9 du 16 juillet 2018<\/a>&nbsp;relatif aux \u00e9preuves du baccalaur\u00e9at technologique \u00e0 compter de la session de 2021&nbsp;;<\/span><\/li>\n\n\n\n<li><span style=\"font-family: trebuchet ms, geneva, sans-serif\">l&#8217;<a href=\"https:\/\/www.legifrance.gouv.fr\/jorf\/id\/JORFTEXT000038880992\/\" target=\"_blank\" rel=\"noopener noreferrer\">arr\u00eat\u00e9 du 22 juillet 2019<\/a>&nbsp;relatif \u00e0 la nature et \u00e0 la dur\u00e9e des \u00e9preuves terminales du baccalaur\u00e9at g\u00e9n\u00e9ral et du baccalaur\u00e9at technologique \u00e0 compter de la session de 2021.<\/span><\/li>\n<\/ul>\n\n\n\n<p><span style=\"font-family: trebuchet ms, geneva, sans-serif\">Les tableaux pour la s\u00e9rie STL indiquent pour chaque \u00e9preuve \u00e0 l&#8217;examen, son intitul\u00e9, sa nature, sa dur\u00e9e et son coefficient.<\/span><\/p>\n\n\n\n<h4 class=\"wp-block-heading has-vivid-cyan-blue-color has-text-color\"><span style=\"font-family: trebuchet ms, geneva, sans-serif\">Le contr\u00f4le continu<\/span><\/h4>\n\n\n\n<p><span style=\"font-family: trebuchet ms, geneva, sans-serif\">Le contr\u00f4le continu est pris en compte \u00e0 hauteur de 40% des r\u00e9sultats pour le baccalaur\u00e9at. Il \u00e9value les enseignements obligatoires qui ne font pas l\u2019objet d\u2019\u00e9preuves terminales. Les coefficients se r\u00e9partissent comme indiqu\u00e9 dans le tableau ci-dessous.<\/span><\/p>\n\n\n\n<figure class=\"wp-block-image aligncenter\"><img loading=\"lazy\" decoding=\"async\" width=\"812\" height=\"726\" src=\"https:\/\/ent2d.ac-bordeaux.fr\/disciplines\/biotechnologies-sante-social\/wp-content\/uploads\/sites\/66\/2021\/10\/CC.jpg\" alt=\"\" class=\"wp-image-3595\" srcset=\"https:\/\/ent2d.ac-bordeaux.fr\/disciplines\/biotechnologies-sante-social\/wp-content\/uploads\/sites\/66\/2021\/10\/CC.jpg 812w, https:\/\/ent2d.ac-bordeaux.fr\/disciplines\/biotechnologies-sante-social\/wp-content\/uploads\/sites\/66\/2021\/10\/CC-300x268.jpg 300w, https:\/\/ent2d.ac-bordeaux.fr\/disciplines\/biotechnologies-sante-social\/wp-content\/uploads\/sites\/66\/2021\/10\/CC-768x687.jpg 768w\" sizes=\"auto, (max-width: 812px) 100vw, 812px\" \/><\/figure>\n\n\n\n<h4 class=\"wp-block-heading has-vivid-cyan-blue-color has-text-color\">Les \u00e9preuves terminales<\/h4>\n\n\n\n<p>Les \u00e9preuves terminales comptent \u00e0 hauteur de 60% des r\u00e9sultats pour le baccalaur\u00e9at. Elles sont constitu\u00e9es des \u00e9preuves anticip\u00e9es de fran\u00e7ais&nbsp; , de la philosophie, des deux sp\u00e9cialit\u00e9s et du Grand Oral.<\/p>\n\n\n\n<figure class=\"wp-block-image aligncenter\"><img loading=\"lazy\" decoding=\"async\" width=\"818\" height=\"657\" src=\"https:\/\/ent2d.ac-bordeaux.fr\/disciplines\/biotechnologies-sante-social\/wp-content\/uploads\/sites\/66\/2021\/10\/Epreuves-terminales.jpg\" alt=\"\" class=\"wp-image-3596\" srcset=\"https:\/\/ent2d.ac-bordeaux.fr\/disciplines\/biotechnologies-sante-social\/wp-content\/uploads\/sites\/66\/2021\/10\/Epreuves-terminales.jpg 818w, https:\/\/ent2d.ac-bordeaux.fr\/disciplines\/biotechnologies-sante-social\/wp-content\/uploads\/sites\/66\/2021\/10\/Epreuves-terminales-300x241.jpg 300w, https:\/\/ent2d.ac-bordeaux.fr\/disciplines\/biotechnologies-sante-social\/wp-content\/uploads\/sites\/66\/2021\/10\/Epreuves-terminales-768x617.jpg 768w\" sizes=\"auto, (max-width: 818px) 100vw, 818px\" \/><\/figure>\n\n\n\n<ul class=\"wp-block-list\">\n<li><span style=\"font-size: 12px\">Fran\u00e7ais (\u00e9preuve anticip\u00e9e) Epreuve \u00e9crite&nbsp;<a href=\"https:\/\/www.education.gouv.fr\/bo\/20\/Special7\/MENE2019312N.htm\" target=\"_blank\" rel=\"noopener noreferrer\">Note de service du 23 juillet 2020<\/a>, BO sp\u00e9cial n\u00b06 du 31 juillet 2020<\/span><\/li>\n\n\n\n<li><span style=\"font-size: 12px\">Fran\u00e7ais (\u00e9preuve anticip\u00e9e) Epreuve orale&nbsp;<a href=\"https:\/\/www.education.gouv.fr\/bo\/20\/Special7\/MENE2019312N.htm\" target=\"_blank\" rel=\"noopener noreferrer\">Note de service du 23 juillet 2020<\/a>, BO sp\u00e9cial n\u00b06 du 31 juillet 2020<\/span><\/li>\n\n\n\n<li><span style=\"font-size: 12px\">Philosophie&nbsp;<a href=\"https:\/\/www.education.gouv.fr\/bo\/20\/Special2\/MENE2001090N.htm\">Note de service n\u00b0 2020-004 du 11 f\u00e9vrier 2020<\/a>, BO sp\u00e9cial n\u00b02 du 13 f\u00e9vrier 2020<\/span><\/li>\n\n\n\n<li><span style=\"font-size: 12px\">\u00c9preuve orale terminale&nbsp;<a href=\"https:\/\/www.education.gouv.fr\/bo\/20\/Special2\/MENE2002781N.htm\">Note de service n\u00b0 2020-037 du 11 f\u00e9vrier 2020<\/a>, BO sp\u00e9cial n\u00b02 du 13 f\u00e9vrier 2020<\/span><\/li>\n\n\n\n<li><span style=\"font-size: 12px\">Biochimie &#8211; Biologie &#8211; Biotechnologie ou Sciences physiques et chimiques en laboratoire&nbsp;<a href=\"https:\/\/www.education.gouv.fr\/bo\/20\/Special2\/MENE2001092N.htm\">Note de service n\u00b0 2020-014 du 11 f\u00e9vrier 2020<\/a>, BO sp\u00e9cial n\u00b02 du 13 f\u00e9vrier 2020, et <a href=\"https:\/\/www.education.gouv.fr\/bo\/21\/Hebdo30\/MENE2121279N.htm\">Note de service du 13 juillet 2021<\/a>, BO n\u00b0 30 du 29 juillet 2021<\/span><\/li>\n\n\n\n<li><span style=\"font-size: 12px\">Physique-chimie et Math\u00e9matiques&nbsp;<a href=\"https:\/\/www.education.gouv.fr\/bo\/20\/Special2\/MENE2001092N.htm\">Note de service n\u00b0 2020-014 du 11 f\u00e9vrier 2020<\/a>, BO sp\u00e9cial n\u00b02 du 13 f\u00e9vrier 2020, et <a href=\"https:\/\/www.education.gouv.fr\/bo\/21\/Hebdo30\/MENE2121279N.htm\">Note de service du 13 juillet 2021<\/a>, BO n\u00b0 30 du 29 juillet 2021<\/span><\/li>\n<\/ul>\n\n\n\n<div style=\"height:48px\" aria-hidden=\"true\" class=\"wp-block-spacer\"><\/div>\n\n\n\n<h3 class=\"wp-block-heading has-vivid-cyan-blue-color has-text-color\"><strong>Les lyc\u00e9es STL de l&#8217;acad\u00e9mie de Bordeaux<\/strong><\/h3>\n\n\n\n<div class=\"wp-block-columns is-layout-flex wp-container-core-columns-is-layout-28f84493 wp-block-columns-is-layout-flex\">\n<div class=\"wp-block-column is-layout-flow wp-block-column-is-layout-flow\"><iframe loading=\"lazy\" src=\"https:\/\/www.google.com\/maps\/d\/embed?mid=1ClW0WN0eB5erXtUhA6Y1JV0AYM5FDFI\" title=\"\" width=\"640\" height=\"480\" scrolling=\"yes\" frameborder=\"0\" marginheight=\"0\" allowFullScreen=\"true\"><a href=\"https:\/\/www.google.com\/maps\/d\/embed?mid=1ClW0WN0eB5erXtUhA6Y1JV0AYM5FDFI\" target=\"_blank\">https:\/\/www.google.com\/maps\/d\/embed?mid=1ClW0WN0eB5erXtUhA6Y1JV0AYM5FDFI<\/a><\/iframe>\n<\/div>\n\n\n\n<div class=\"wp-block-column is-layout-flow wp-block-column-is-layout-flow\"><iframe loading=\"lazy\" src=\"https:\/\/www.google.com\/maps\/d\/embed?mid=1WsA1tUjTRgPVz9Tz8Upmfe2Hr3XYepki\" title=\"\" width=\"640\" height=\"480\" scrolling=\"yes\" frameborder=\"0\" marginheight=\"0\" allowFullScreen=\"true\"><a href=\"https:\/\/www.google.com\/maps\/d\/embed?mid=1WsA1tUjTRgPVz9Tz8Upmfe2Hr3XYepki\" target=\"_blank\">https:\/\/www.google.com\/maps\/d\/embed?mid=1WsA1tUjTRgPVz9Tz8Upmfe2Hr3XYepki<\/a><\/iframe>\n<\/div>\n<\/div>\n\n\n\n<p><\/p>\n","protected":false},"excerpt":{"rendered":"<p>La s\u00e9rie STL-biotechnologies est une s\u00e9rie scientifique, alternative \u00e0 la s\u00e9rie g\u00e9n\u00e9rale sp\u00e9cialit\u00e9 SVT, qui s\u2019appuie sur l\u2019exp\u00e9rimentation au laboratoire.<\/p>\n","protected":false},"author":657,"featured_media":5660,"parent":0,"menu_order":0,"comment_status":"closed","ping_status":"closed","template":"","meta":{"_bbp_topic_count":0,"_bbp_reply_count":0,"_bbp_total_topic_count":0,"_bbp_total_reply_count":0,"_bbp_voice_count":0,"_bbp_anonymous_reply_count":0,"_bbp_topic_count_hidden":0,"_bbp_reply_count_hidden":0,"_bbp_forum_subforum_count":0,"footnotes":""},"class_list":["post-555","page","type-page","status-publish","has-post-thumbnail","hentry"],"_links":{"self":[{"href":"https:\/\/ent2d.ac-bordeaux.fr\/disciplines\/biotechnologies-sante-social\/wp-json\/wp\/v2\/pages\/555","targetHints":{"allow":["GET"]}}],"collection":[{"href":"https:\/\/ent2d.ac-bordeaux.fr\/disciplines\/biotechnologies-sante-social\/wp-json\/wp\/v2\/pages"}],"about":[{"href":"https:\/\/ent2d.ac-bordeaux.fr\/disciplines\/biotechnologies-sante-social\/wp-json\/wp\/v2\/types\/page"}],"author":[{"embeddable":true,"href":"https:\/\/ent2d.ac-bordeaux.fr\/disciplines\/biotechnologies-sante-social\/wp-json\/wp\/v2\/users\/657"}],"replies":[{"embeddable":true,"href":"https:\/\/ent2d.ac-bordeaux.fr\/disciplines\/biotechnologies-sante-social\/wp-json\/wp\/v2\/comments?post=555"}],"version-history":[{"count":73,"href":"https:\/\/ent2d.ac-bordeaux.fr\/disciplines\/biotechnologies-sante-social\/wp-json\/wp\/v2\/pages\/555\/revisions"}],"predecessor-version":[{"id":5796,"href":"https:\/\/ent2d.ac-bordeaux.fr\/disciplines\/biotechnologies-sante-social\/wp-json\/wp\/v2\/pages\/555\/revisions\/5796"}],"wp:featuredmedia":[{"embeddable":true,"href":"https:\/\/ent2d.ac-bordeaux.fr\/disciplines\/biotechnologies-sante-social\/wp-json\/wp\/v2\/media\/5660"}],"wp:attachment":[{"href":"https:\/\/ent2d.ac-bordeaux.fr\/disciplines\/biotechnologies-sante-social\/wp-json\/wp\/v2\/media?parent=555"}],"curies":[{"name":"wp","href":"https:\/\/api.w.org\/{rel}","templated":true}]}}