{"id":4964,"date":"2023-11-14T15:54:25","date_gmt":"2023-11-14T14:54:25","guid":{"rendered":"https:\/\/ent2d.ac-bordeaux.fr\/disciplines\/biotechnologies-sante-social\/?page_id=4964"},"modified":"2025-09-11T09:04:06","modified_gmt":"2025-09-11T07:04:06","slug":"les-bts","status":"publish","type":"page","link":"https:\/\/ent2d.ac-bordeaux.fr\/disciplines\/biotechnologies-sante-social\/les-bts\/","title":{"rendered":"Les BTS"},"content":{"rendered":"\n<p class=\"has-black-color has-text-color\"><strong>Le brevet de technicien sup\u00e9rieur (BTS)<\/strong> est un dipl\u00f4me national de l&#8217;enseignement sup\u00e9rieur class\u00e9 au niveau 5 du cadre national des certifications professionnelles. <\/p>\n\n\n\n<p class=\"has-black-color has-text-color\">Cette formation accessible apr\u00e8s le baccalaur\u00e9at ou \u00e9quivalent dispense des enseignements g\u00e9n\u00e9raux et sp\u00e9cialis\u00e9s. Elle est accompagn\u00e9e d&#8217;un ou de plusieurs stages en entreprise. Elle permet d&#8217;obtenir un dipl\u00f4me professionnalis\u00e9 en deux ans. En 2021, 157 900 \u00e9tudiants obtiennent leur BTS, soit 87,3 % des candidats.<\/p>\n\n\n\n<p class=\"has-black-color has-text-color\">Il existe plus de 100 sp\u00e9cialit\u00e9s de brevet de technicien sup\u00e9rieur, dans les domaines des services ou de la production. Dans nos disciplines, les principaux BTS sont:<\/p>\n\n\n\n<ul class=\"wp-block-list\">\n<li>Le BTS Bioanalyses en laboratoire de contr\u00f4le<\/li>\n\n\n\n<li>Le BTS Biotechnologies en recherche et production<\/li>\n\n\n\n<li>Le BTS Biologie m\u00e9dicale<\/li>\n\n\n\n<li>Le BTS Di\u00e9t\u00e9tique et Nutrition<\/li>\n\n\n\n<li>Le BTS SP3S<\/li>\n\n\n\n<li>Le BTS ESF<\/li>\n\n\n\n<li>Le BTS MSE<\/li>\n\n\n\n<li>Le BTS MECP<\/li>\n\n\n\n<li>Le BTS Bioqualit\u00e9<\/li>\n<\/ul>\n","protected":false},"excerpt":{"rendered":"<p>Le brevet de technicien sup\u00e9rieur (BTS) est un dipl\u00f4me national de l&#8217;enseignement sup\u00e9rieur class\u00e9 au niveau 5 du cadre national<\/p>\n","protected":false},"author":1774,"featured_media":4985,"parent":0,"menu_order":0,"comment_status":"closed","ping_status":"closed","template":"","meta":{"_bbp_topic_count":0,"_bbp_reply_count":0,"_bbp_total_topic_count":0,"_bbp_total_reply_count":0,"_bbp_voice_count":0,"_bbp_anonymous_reply_count":0,"_bbp_topic_count_hidden":0,"_bbp_reply_count_hidden":0,"_bbp_forum_subforum_count":0,"footnotes":""},"class_list":["post-4964","page","type-page","status-publish","has-post-thumbnail","hentry"],"_links":{"self":[{"href":"https:\/\/ent2d.ac-bordeaux.fr\/disciplines\/biotechnologies-sante-social\/wp-json\/wp\/v2\/pages\/4964","targetHints":{"allow":["GET"]}}],"collection":[{"href":"https:\/\/ent2d.ac-bordeaux.fr\/disciplines\/biotechnologies-sante-social\/wp-json\/wp\/v2\/pages"}],"about":[{"href":"https:\/\/ent2d.ac-bordeaux.fr\/disciplines\/biotechnologies-sante-social\/wp-json\/wp\/v2\/types\/page"}],"author":[{"embeddable":true,"href":"https:\/\/ent2d.ac-bordeaux.fr\/disciplines\/biotechnologies-sante-social\/wp-json\/wp\/v2\/users\/1774"}],"replies":[{"embeddable":true,"href":"https:\/\/ent2d.ac-bordeaux.fr\/disciplines\/biotechnologies-sante-social\/wp-json\/wp\/v2\/comments?post=4964"}],"version-history":[{"count":6,"href":"https:\/\/ent2d.ac-bordeaux.fr\/disciplines\/biotechnologies-sante-social\/wp-json\/wp\/v2\/pages\/4964\/revisions"}],"predecessor-version":[{"id":7047,"href":"https:\/\/ent2d.ac-bordeaux.fr\/disciplines\/biotechnologies-sante-social\/wp-json\/wp\/v2\/pages\/4964\/revisions\/7047"}],"wp:featuredmedia":[{"embeddable":true,"href":"https:\/\/ent2d.ac-bordeaux.fr\/disciplines\/biotechnologies-sante-social\/wp-json\/wp\/v2\/media\/4985"}],"wp:attachment":[{"href":"https:\/\/ent2d.ac-bordeaux.fr\/disciplines\/biotechnologies-sante-social\/wp-json\/wp\/v2\/media?parent=4964"}],"curies":[{"name":"wp","href":"https:\/\/api.w.org\/{rel}","templated":true}]}}