{"id":4370,"date":"2023-04-20T15:02:32","date_gmt":"2023-04-20T13:02:32","guid":{"rendered":"https:\/\/ent2d.ac-bordeaux.fr\/disciplines\/biotechnologies-sante-social\/?page_id=4370"},"modified":"2024-07-12T15:45:44","modified_gmt":"2024-07-12T13:45:44","slug":"le-concours-general-des-lycees-et-des-metiers","status":"publish","type":"page","link":"https:\/\/ent2d.ac-bordeaux.fr\/disciplines\/biotechnologies-sante-social\/le-concours-general-des-lycees-et-des-metiers\/","title":{"rendered":"Le concours g\u00e9n\u00e9ral des lyc\u00e9es et des m\u00e9tiers"},"content":{"rendered":"\n<p>Le concours g\u00e9n\u00e9ral des lyc\u00e9es et des m\u00e9tiers distingue les meilleurs \u00e9l\u00e8ves des lyc\u00e9es d&#8217;enseignement g\u00e9n\u00e9ral, technologique et professionnel. Il <strong>s&#8217;adresse notamment aux \u00e9l\u00e8ves de terminale de s\u00e9ries technologiques ST2S<\/strong> et <strong>STL-Biotechnologies<\/strong>.<\/p>\n\n\n\n<p>Les candidats composent sur des sujets conformes aux programmes officiels mais dans le cadre d&#8217;\u00e9preuves plus exigeantes et plus longues que celles du baccalaur\u00e9at. Les \u00e9l\u00e8ves (8% max par classe) sont pr\u00e9sent\u00e9s et accompagn\u00e9s dans la pr\u00e9paration au concours par un professeur.<\/p>\n\n\n\n<p>L&#8217;examen des compositions donne lieu aux r\u00e9compenses suivantes&nbsp;:<\/p>\n\n\n\n<ul class=\"wp-block-list\">\n<li><strong>Trois prix<\/strong> : premier prix, deuxi\u00e8me prix, troisi\u00e8me prix<\/li>\n\n\n\n<li><strong>Cinq accessits<\/strong>&nbsp;: du premier au cinqui\u00e8me<\/li>\n\n\n\n<li><strong>Dix mentions<\/strong> au maximum<\/li>\n<\/ul>\n\n\n\n<p>Ces prix sont remis par le ministre en charge de l&#8217;\u00c9ducation nationale, sur proposition des pr\u00e9sidents de jury. Les laur\u00e9ats des premier, deuxi\u00e8me et troisi\u00e8me prix re\u00e7oivent leur r\u00e9compense lors d&#8217;une c\u00e9r\u00e9monie en Sorbonne.<\/p>\n\n\n\n<p>En savoir plus <a href=\"#Sujets-et-rapports-de-jury\" data-type=\"internal\" data-id=\"#Sujets-et-rapports-de-jury\">Sujets-et-rapports-de-jury<\/a><\/p>\n\n\n\n<h2 class=\"wp-block-heading\">Organisation de la session 2024<\/h2>\n\n\n\n<p>Les modalit\u00e9s d\u2019organisation du concours g\u00e9n\u00e9ral des lyc\u00e9es ont \u00e9t\u00e9 publi\u00e9es au&nbsp;<a rel=\"noreferrer noopener\" href=\"https:\/\/www.education.gouv.fr\/bo\/2023\/Hebdo42\/MENE2326654N\" target=\"_blank\">Bulletin officiel n\u00b0 42 du 9 novembre 2023<\/a>.<\/p>\n\n\n\n<p>Les inscriptions seront ouvertes sur l\u2019application Cyclades du&nbsp;<strong>mercredi&nbsp;29&nbsp;novembre<\/strong>&nbsp;<strong>2023 au vendredi&nbsp;15&nbsp;d\u00e9cembre 2023 minuit (heure de Paris).<\/strong><\/p>\n\n\n\n<p>Les \u00e9preuves \u00e9crites de \u00ab&nbsp;Biochimie- Biologie et Biotechnologies&nbsp;\u00bb (STL) et de \u00ab&nbsp;Sciences et techniques sanitaires et sociales&nbsp;\u00bb (ST2S) auront lieu le&nbsp;<strong>mardi 12 mars 2024.<\/strong><\/p>\n\n\n\n<h2 class=\"wp-block-heading\">Laur\u00e9ats et t\u00e9moignages<\/h2>\n\n\n\n<h3 class=\"wp-block-heading\" id=\"2024\">2024<\/h3>\n\n\n\n<p>En sp\u00e9cialit\u00e9 Biochimie, Biologie et Biotechnologies, le sujet portait sur <strong>&#8221; La lutte contre le cancer : approches innovantes dans le diagnostic et les traitements<\/strong>&#8220;.<\/p>\n\n\n\n<div data-wp-interactive=\"core\/file\" class=\"wp-block-file\"><object data-wp-bind--hidden=\"!state.hasPdfPreview\" hidden class=\"wp-block-file__embed\" data=\"https:\/\/ent2d.ac-bordeaux.fr\/disciplines\/biotechnologies-sante-social\/wp-content\/uploads\/sites\/66\/2024\/04\/cglbiot_2024.pdf\" type=\"application\/pdf\" style=\"width:100%;height:600px\" aria-label=\"Contenu embarqu\u00e9 cglbiot_2024.\"><\/object><a id=\"wp-block-file--media-0a3a2c75-233c-45db-b938-7824ff7d060a\" href=\"https:\/\/ent2d.ac-bordeaux.fr\/disciplines\/biotechnologies-sante-social\/wp-content\/uploads\/sites\/66\/2024\/04\/cglbiot_2024.pdf\">cglbiot_2024<\/a><a href=\"https:\/\/ent2d.ac-bordeaux.fr\/disciplines\/biotechnologies-sante-social\/wp-content\/uploads\/sites\/66\/2024\/04\/cglbiot_2024.pdf\" class=\"wp-block-file__button wp-element-button\" download aria-describedby=\"wp-block-file--media-0a3a2c75-233c-45db-b938-7824ff7d060a\">T\u00e9l\u00e9charger<\/a><\/div>\n\n\n\n<p>Trois \u00e9l\u00e8ves de l&#8217;acad\u00e9mie de Bordeaux \u00e9taient dans la liste des <a href=\"https:\/\/cyclades.education.gouv.fr\/candidat\/publication\/CGL\/admis?contexte=Q0dMLE5BVCwyMDI0OkE6Q0dMLTEuMSwxLEJJT1Q6OTQwOkNHTERFQzpBOkNHTC0xLjEsOTQwOkNHTERFQzpBOkNHTC0xLjEsLA%3D%3D\" target=\"_blank\" rel=\"noreferrer noopener\">14 admissibles.<\/a> F\u00e9licitations:<\/p>\n\n\n\n<ul class=\"wp-block-list\">\n<li>\u00e0 Valentin FROUIN et Sarah  PINEAU du lyc\u00e9e Monod de Lescar et \u00e0 leur professeure Odile Maye-Lasserrre<\/li>\n\n\n\n<li>\u00e0 Thibault  PUYO MUR du lyc\u00e9e Saint Louis et \u00e0 leur professeure Muriel Chavanel<\/li>\n<\/ul>\n\n\n\n<p>La c\u00e9r\u00e9monie de remise des prix du concours g\u00e9n\u00e9ral des lyc\u00e9es et des m\u00e9tiers 2024 a eu lieu jeudi 11 juillet \u00e0 la Sorbonne. Les laur\u00e9ats ont \u00e9t\u00e9 f\u00e9licit\u00e9s par Madame la ministre de l\u2019Education Nationale Nicole Belloubet pour leur exigence et excellence dans le travail r\u00e9p\u00e9t\u00e9 fourni. Ces prix ponctuent une ann\u00e9e d\u2019apprentissage, de d\u00e9couverte et d\u2019\u00e9nergie.<\/p>\n\n\n\n<p>C\u2019est Olivier Le Coz ing\u00e9nieur responsable de la plateforme d\u2019histopathologie de l\u2019UFR Simone Veil Sant\u00e9 (Universit\u00e9 Versailles Saint Quentin) qui a remis le prix de <strong>biochimie biologie et biotechnologies<\/strong>. Ayant particip\u00e9 aux \u00e9preuves d\u2019admission du concours, il a soulign\u00e9 le s\u00e9rieux, l\u2019engagement des candidats dans des analyses et \u00e9changes complexes. Cette ann\u00e9e, le concours \u00e9tait organis\u00e9 par l\u2019\u00e9quipe p\u00e9dagogique du lyc\u00e9e Marie Curie de Versailles et le th\u00e8me commun des \u00e9preuves portait sur les approches innovantes dans le diagnostic et la pr\u00e9vention de pathologies telles que le cancer.<\/p>\n\n\n\n<p><strong>Toutes nos f\u00e9licitations \u00e0 Thibault  qui a \u00e9t\u00e9 r\u00e9compens\u00e9 par le 1<sup>er<\/sup> prix<\/strong> du concours. Il a exprim\u00e9 sa gratitude envers ses parents et ses professeurs qui tout au long de son parcours scolaire l\u2019ont encourag\u00e9. Il aborde tr\u00e8s motiv\u00e9 sa rentr\u00e9e en septembre en BUT g\u00e9nie biologique \u00e0 La Rochelle.<\/p>\n\n\n\n<p><strong>Sarah d\u00e9croche  le 2\u00e8me accessit <\/strong>ex aequo<strong> et Valentin le 5\u00e8me accessit <\/strong>.<\/p>\n\n\n\n<figure class=\"wp-block-image aligncenter size-full is-resized\"><img loading=\"lazy\" decoding=\"async\" width=\"1695\" height=\"1920\" src=\"https:\/\/ent2d.ac-bordeaux.fr\/disciplines\/biotechnologies-sante-social\/wp-content\/uploads\/sites\/66\/2024\/07\/IMG_1362-scaled.jpg\" alt=\"\" class=\"wp-image-6177\" style=\"width:400px;height:auto\" srcset=\"https:\/\/ent2d.ac-bordeaux.fr\/disciplines\/biotechnologies-sante-social\/wp-content\/uploads\/sites\/66\/2024\/07\/IMG_1362-scaled.jpg 1695w, https:\/\/ent2d.ac-bordeaux.fr\/disciplines\/biotechnologies-sante-social\/wp-content\/uploads\/sites\/66\/2024\/07\/IMG_1362-265x300.jpg 265w, https:\/\/ent2d.ac-bordeaux.fr\/disciplines\/biotechnologies-sante-social\/wp-content\/uploads\/sites\/66\/2024\/07\/IMG_1362-768x870.jpg 768w, https:\/\/ent2d.ac-bordeaux.fr\/disciplines\/biotechnologies-sante-social\/wp-content\/uploads\/sites\/66\/2024\/07\/IMG_1362-1356x1536.jpg 1356w, https:\/\/ent2d.ac-bordeaux.fr\/disciplines\/biotechnologies-sante-social\/wp-content\/uploads\/sites\/66\/2024\/07\/IMG_1362-1808x2048.jpg 1808w\" sizes=\"auto, (max-width: 1695px) 100vw, 1695px\" \/><figcaption class=\"wp-element-caption\">Thibault  PUYO MUR , 1er prix du CGL<\/figcaption><\/figure>\n\n\n\n<h3 class=\"wp-block-heading\" id=\"2023\">2023<\/h3>\n\n\n\n<p>En sp\u00e9cialit\u00e9 Biochimie, Biologie et Biotechnologies, le sujet portait sur <strong>&#8220;le projet Tara Oc\u00e9an : de l\u2019\u00e9tude de la biodiversit\u00e9 aux applications th\u00e9rapeutiques&#8221;<\/strong><\/p>\n\n\n\n<div class=\"wp-block-file\"><a id=\"wp-block-file--media-85069d6c-0956-435e-983a-d5b43ef350be\" href=\"https:\/\/ent2d.ac-bordeaux.fr\/disciplines\/biotechnologies-sante-social\/wp-content\/uploads\/sites\/66\/2023\/04\/2023_Sujet-CGL_BTK.pdf\" target=\"_blank\" rel=\"noreferrer noopener\">2023_Sujet CGL_BTK<\/a><a href=\"https:\/\/ent2d.ac-bordeaux.fr\/disciplines\/biotechnologies-sante-social\/wp-content\/uploads\/sites\/66\/2023\/04\/2023_Sujet-CGL_BTK.pdf\" class=\"wp-block-file__button wp-element-button\" download aria-describedby=\"wp-block-file--media-85069d6c-0956-435e-983a-d5b43ef350be\"><\/a><\/div>\n\n\n\n<p>Trois \u00e9l\u00e8ves de l&#8217;acad\u00e9mie de Bordeaux \u00e9taient admissibles. Les \u00e9l\u00e8ves de STL-Biotechnologies ont \u00e9t\u00e9 accueilli au G\u00e9noscope d\u2019\u00c9vry, les candidats ont b\u00e9n\u00e9fici\u00e9 d\u2019une visite des laboratoires de s\u00e9quen\u00e7age g\u00e9n\u00e9tique et d\u2019analyse biochimique de ce centre de recherche pour ensuite assister \u00e0 une conf\u00e9rence :<\/p>\n\n\n\n<ul class=\"wp-block-list\">\n<li>la premi\u00e8re partie portait sur la diversit\u00e9 g\u00e9n\u00e9tique des coraux et l\u2019\u00e9valuation de leur r\u00e9action au r\u00e9chauffement climatique en appui sur les r\u00e9sultats d\u2019exp\u00e9ditions TARA ;<\/li>\n\n\n\n<li>la deuxi\u00e8me partie pr\u00e9sentait une \u00e9tude croisant bio-informatique, culture de microalgues et analyses biochimiques pour comprendre un m\u00e9canisme naturel pouvant participer au r\u00f4le de certaines micro-algues dans l\u2019att\u00e9nuation du r\u00e9chauffement des oc\u00e9ans.<\/li>\n<\/ul>\n\n\n\n<p>Forts de ces visites et conf\u00e9rences, les candidats ont compos\u00e9 \u00e0 l\u2019oral sur un sujet les encourageant \u00e0 remobiliser les \u00e9l\u00e9ments pr\u00e9sent\u00e9s en conf\u00e9rence.<br>Durant l\u2019\u00e9preuve pratique en laboratoire de biotechnologies, les candidats ont d\u00fb mettre en \u0153uvre des exp\u00e9riences individuellement et en \u00e9quipe, faisant la preuve \u00e0 la fois de leurs comp\u00e9tences techniques individuelles et de leur capacit\u00e9 \u00e0 collaborer, ou encore \u00e0 d\u00e9couvrir des mat\u00e9riels de laboratoire encore peu utilis\u00e9s au cours de leur cursus, comme le microscope \u00e0 \u00e9pifluorescence.<\/p>\n\n\n\n<p>Nos trois \u00e9l\u00e8ves de STL-Biotechnologies ont \u00e9t\u00e9 laur\u00e9ats de ce concours:<\/p>\n\n\n\n<ul class=\"wp-block-list\">\n<li><strong>Zo\u00e9 Capucine LE BAIL-LAFON<\/strong> du lyc\u00e9e Bernard Palissy \u00e0 Agen, laur\u00e9ate du<strong> 2\u00e8me prix<\/strong><\/li>\n<\/ul>\n\n\n\n<ul class=\"wp-block-list\">\n<li><strong>Duane MARCHAIS<\/strong> du lyc\u00e9e Saint Louis \u00e0 Bordeaux, laur\u00e9at du<strong> 3\u00e8me prix<\/strong><\/li>\n<\/ul>\n\n\n\n<ul class=\"wp-block-list\">\n<li><strong>Audrey CUYEU<\/strong> du lyc\u00e9e Bernard Palissy \u00e0 Agen, laur\u00e9ate du<strong> 2\u00e8me accessit<\/strong><\/li>\n<\/ul>\n\n\n\n<figure class=\"wp-block-image aligncenter size-full is-resized\"><img loading=\"lazy\" decoding=\"async\" width=\"610\" height=\"340\" src=\"https:\/\/ent2d.ac-bordeaux.fr\/disciplines\/biotechnologies-sante-social\/wp-content\/uploads\/sites\/66\/2023\/11\/concours-general-2023-44-jpg-156845.jpg\" alt=\"\" class=\"wp-image-4942\" style=\"width:614px;height:342px\" srcset=\"https:\/\/ent2d.ac-bordeaux.fr\/disciplines\/biotechnologies-sante-social\/wp-content\/uploads\/sites\/66\/2023\/11\/concours-general-2023-44-jpg-156845.jpg 610w, https:\/\/ent2d.ac-bordeaux.fr\/disciplines\/biotechnologies-sante-social\/wp-content\/uploads\/sites\/66\/2023\/11\/concours-general-2023-44-jpg-156845-300x167.jpg 300w\" sizes=\"auto, (max-width: 610px) 100vw, 610px\" \/><figcaption class=\"wp-element-caption\">Remise des prix \u00e0 la Sorbonne, le jeudi 6 juillet 2023 &#8211; Source: education.gouv.fr <br>\u00a9Philippe DEVERNAY.<\/figcaption><\/figure>\n\n\n\n<p>Pour les \u00e9l\u00e8ves de ST2S, l&#8217;\u00e9preuve s&#8217;est d\u00e9roul\u00e9e en deux temps:<\/p>\n\n\n\n<ul class=\"wp-block-list\">\n<li>une mise en situation d\u2019exploitation de donn\u00e9es d\u2019un territoire avec utilisation d\u2019u poste informatique, pr\u00e9paratoire \u00e0 la rencontre avec des professionnels, porteurs d\u2019un projet. Cette session, les candidats ont rencontr\u00e9 deux professionnelles de l\u2019association ADEPAPE qui ont pr\u00e9sent\u00e9 le dispositif \u201cJeunes Adultes Soutenus\u201d et son \u00e9volution depuis sa cr\u00e9ation<\/li>\n<\/ul>\n\n\n\n<ul class=\"wp-block-list\">\n<li>Une partie orale avec pour objectif de permettre au candidat de montrer sa compr\u00e9hension des sp\u00e9cificit\u00e9s de la d\u00e9marche de projet dans le secteur social en concevant une d\u00e9marche de d\u00e9veloppement de partenariat<\/li>\n<\/ul>\n\n\n\n<p>&nbsp;<\/p>\n\n\n\n<h3 class=\"wp-block-heading\">2022<\/h3>\n\n\n\n<p>Le sujet d&#8217;admissibilit\u00e9 portait sur &#8220;les microorganismes halophiles en biotechnologies&#8221;, \u00e0 <a href=\"https:\/\/eduscol.education.fr\/document\/43426\/download\">t\u00e9l\u00e9charger ici<\/a>.<\/p>\n\n\n\n<p>Trois \u00e9l\u00e8ves de l\u2019Acad\u00e9mie de Bordeaux ont \u00e9t\u00e9 laur\u00e9ats de ce concours:<\/p>\n\n\n\n<ul class=\"wp-block-list\">\n<li><strong>Umi Braive<\/strong> du lyc\u00e9e Saint Louis de Bordeaux, laur\u00e9ate du<strong> 3\u00e8me prix<\/strong><\/li>\n\n\n\n<li><strong>Antoine Vignau <\/strong>du<strong> l<\/strong>yc\u00e9e g\u00e9n\u00e9ral et technologique Jacques Monod de Lescar, laur\u00e9at du <strong>4\u00e8me accessit <\/strong><\/li>\n\n\n\n<li><strong>Carlos Dos Santos<\/strong> du lyc\u00e9e des m\u00e9tiers technologies innovantes \u2013 Val de Garonne de Marmande, laur\u00e9at d&#8217;une <strong>mention.<\/strong><\/li>\n<\/ul>\n\n\n\n<figure class=\"wp-block-image aligncenter size-large\"><img decoding=\"async\" src=\"https:\/\/www.education.gouv.fr\/sites\/default\/files\/styles\/personality_content_16x9\/public\/2022-07\/laur-ats-21-jpg-116218.jpg?itok=R2110i1d\" alt=\"\" \/><figcaption class=\"wp-element-caption\">Umi Braive (\u00e0 droite), 3e prix en biochimie-biologie- biotechnologies, lors de la c\u00e9r\u00e9monie de remise des prix \u00e0 la Sorbonne le 7 juillet 2022<br>(source education.gouv.fr)<\/figcaption><\/figure>\n\n\n\n<p>T\u00e9moignage d&#8217;Umi braive<\/p>\n\n\n<iframe loading=\"lazy\" src=\"https:\/\/www.youtube.com\/embed\/T-BLqHasG9M\" title=\"\" width=\"100%\" height=\"450\" scrolling=\"yes\" frameborder=\"0\" marginheight=\"0\" allowFullScreen=\"true\"><a href=\"https:\/\/www.youtube.com\/embed\/T-BLqHasG9M\" target=\"_blank\">https:\/\/www.youtube.com\/embed\/T-BLqHasG9M<\/a><\/iframe>\n\n\n\n<p><\/p>\n\n\n\n<p>T\u00e9moignage de Carlos &#8211; <em>\u00ab&nbsp;Je suis n\u00e9 \u00e0 Lisbonne au Portugal, je suis arriv\u00e9 en France \u00e0 l&#8217;\u00e2ge de 2 ans et demi. Je vis avec ma m\u00e8re, mon beau p\u00e8re et mes 2 petits fr\u00e8res (ma grande s\u0153ur a 22 ans et n&#8217;habite plus avec nous), je garde un contact proche avec mon p\u00e8re malgr\u00e9 la distance. Ma scolarit\u00e9 a \u00e9t\u00e9 plut\u00f4t &#8220;difficile&#8221; moralement, les 2 seules ann\u00e9es qui m&#8217;ont vraiment \u00e9panoui ont \u00e9tait les 2 derni\u00e8res ann\u00e9es du lyc\u00e9e. Mon choix de la fili\u00e8re STL Biotechnologies a \u00e9t\u00e9 &#8220;un coup de c\u0153ur&#8221;, je suis quelqu&#8217;un qui s&#8217;int\u00e9resse un peu \u00e0 tout, j&#8217;aime beaucoup la musique, le dessin, longtemps j&#8217;ai h\u00e9sit\u00e9 \u00e0 devenir architecte ou dessinateur, il y a beaucoup de choses qui me passionnent. Une pr\u00e9sentation la fili\u00e8re STL Biotechnologies quand j&#8217;\u00e9tais en seconde et voil\u00e0&#8230; grand coup de c\u0153ur, moi qui adore les sciences, le vivant, la recherche, les maths&#8230; Cela vraiment r\u00e9veill\u00e9 en moi l&#8217;envie de d\u00e9couvrir cette fili\u00e8re, je n\u2019avais pas envie de faire un BAC G\u00e9n\u00e9ral, certes, certaines mati\u00e8res sont plus approfondies qu&#8217;en fili\u00e8re technologique, mais le c\u00f4t\u00e9 pratique c&#8217;\u00e9tait tr\u00e8s important pour moi. Je suis vraiment content de mon choix, on a la chance d&#8217;avoir un lyc\u00e9e tr\u00e8s bien \u00e9quip\u00e9, et les professeurs m&#8217;ont tir\u00e9 vers le haut. Obtenir le BAC avec mention tr\u00e8s bien et \u00eatre en finale du Concours G\u00e9n\u00e9ral des Lyc\u00e9e ne sont pas le fruit du hasard ou uniquement de mon travail personnel, mais un ensemble de conditions qui ont fait que je suis arriv\u00e9 l\u00e0. Au cours de ma formation STL Biotechnologies est n\u00e9e mon envie de devenir m\u00e9decin, je me suis rendu compte que ce ne pas la fili\u00e8re qui m\u00e8ne d&#8217;habitude \u00e0 des \u00e9tudes de m\u00e9decine&#8230; mais je n\u2019ai pas laiss\u00e9 tomber mon objectif et me voil\u00e0 accept\u00e9 en LAS plus motiv\u00e9 que jamais \u00e0 tout donner pour entrer en 2eme ann\u00e9e de m\u00e9decine l&#8217;ann\u00e9e prochaine ! STL Biotechnologies m&#8217;a apport\u00e9 la rigueur, a approfondi ma passion pour les sciences. Le concours g\u00e9n\u00e9ral a \u00e9t\u00e9 une exp\u00e9rience formidable, 2 jours intenses, plein de bon stress, dans un lyc\u00e9e formidable, je suis un peu &#8220;d\u00e9\u00e7u&#8221; du r\u00e9sultat je suis 11eme&#8230;! Je remercie madame Poncet pour tout ce qu\u2019elle m\u2019a apport\u00e9.<\/em><\/p>\n\n\n\n<p>&nbsp;<\/p>\n\n\n\n<h2 class=\"wp-block-heading\" id=\"Sujets-et-rapports-de-jury\">Sujets et rapports de jury<\/h2>\n\n\n\n<p>Les sujets et rapports de jury des ann\u00e9es pr\u00e9c\u00e9dentes sont disponibles<a href=\"https:\/\/eduscol.education.fr\/1443\/archives-des-sujets-et-des-rapports-de-jury-du-concours-general-des-lycees-et-des-metiers?menu_id=1725\" target=\"_blank\" rel=\"noreferrer noopener\"> sur Eduscol<\/a><\/p>\n\n\n\n<p>&nbsp;<\/p>\n\n\n\n<h2 class=\"wp-block-heading\">D\u00e9roulement des \u00e9preuves<\/h2>\n\n\n\n<p>Le concours g\u00e9n\u00e9ral de Biotechnologies est organis\u00e9 comme suit :<\/p>\n\n\n\n<ul class=\"wp-block-list\">\n<li>Une \u00e9preuve \u00e9crite pour l\u2019obtention de l\u2019admissibilit\u00e9 d\u2019une dur\u00e9e de 5 h ;<\/li>\n\n\n\n<li>Deux \u00e9preuves pour l\u2019admission et le palmar\u00e8s d\u00e9finitif\n<ul class=\"wp-block-list\">\n<li>Une \u00e9preuve orale pr\u00e9par\u00e9e par les candidats pendant une heure et pr\u00e9sent\u00e9e devant les membres de jurys pendant 30 minutes avec un entretien ;<\/li>\n\n\n\n<li>Une \u00e9preuve de travaux pratiques de 4 h portant sur l\u2019ensemble des disciplines de biologie biochimie et biotechnologies.<\/li>\n<\/ul>\n<\/li>\n<\/ul>\n\n\n\n<p>Le concours g\u00e9n\u00e9ral de ST2S est organis\u00e9 comme suit :<\/p>\n\n\n\n<ul class=\"wp-block-list\">\n<li>Une \u00e9preuve \u00e9crite pour l\u2019obtention de l\u2019admissibilit\u00e9 d\u2019une dur\u00e9e de 5 h ;<\/li>\n\n\n\n<li>Une \u00e9preuve d&#8217;admission en deux parties: une r\u00e9alisation num\u00e9rique en lien avec le sujet d&#8217;admissibilit\u00e9, et une \u00e9preuve orale.<\/li>\n<\/ul>\n\n\n\n<p>&nbsp;<\/p>\n","protected":false},"excerpt":{"rendered":"<p>Le concours g\u00e9n\u00e9ral des lyc\u00e9es et des m\u00e9tiers distingue les meilleurs \u00e9l\u00e8ves des lyc\u00e9es d&#8217;enseignement g\u00e9n\u00e9ral, technologique et professionnel. Il<\/p>\n","protected":false},"author":1774,"featured_media":5907,"parent":0,"menu_order":0,"comment_status":"closed","ping_status":"closed","template":"","meta":{"_bbp_topic_count":0,"_bbp_reply_count":0,"_bbp_total_topic_count":0,"_bbp_total_reply_count":0,"_bbp_voice_count":0,"_bbp_anonymous_reply_count":0,"_bbp_topic_count_hidden":0,"_bbp_reply_count_hidden":0,"_bbp_forum_subforum_count":0,"footnotes":""},"class_list":["post-4370","page","type-page","status-publish","has-post-thumbnail","hentry"],"_links":{"self":[{"href":"https:\/\/ent2d.ac-bordeaux.fr\/disciplines\/biotechnologies-sante-social\/wp-json\/wp\/v2\/pages\/4370","targetHints":{"allow":["GET"]}}],"collection":[{"href":"https:\/\/ent2d.ac-bordeaux.fr\/disciplines\/biotechnologies-sante-social\/wp-json\/wp\/v2\/pages"}],"about":[{"href":"https:\/\/ent2d.ac-bordeaux.fr\/disciplines\/biotechnologies-sante-social\/wp-json\/wp\/v2\/types\/page"}],"author":[{"embeddable":true,"href":"https:\/\/ent2d.ac-bordeaux.fr\/disciplines\/biotechnologies-sante-social\/wp-json\/wp\/v2\/users\/1774"}],"replies":[{"embeddable":true,"href":"https:\/\/ent2d.ac-bordeaux.fr\/disciplines\/biotechnologies-sante-social\/wp-json\/wp\/v2\/comments?post=4370"}],"version-history":[{"count":42,"href":"https:\/\/ent2d.ac-bordeaux.fr\/disciplines\/biotechnologies-sante-social\/wp-json\/wp\/v2\/pages\/4370\/revisions"}],"predecessor-version":[{"id":6180,"href":"https:\/\/ent2d.ac-bordeaux.fr\/disciplines\/biotechnologies-sante-social\/wp-json\/wp\/v2\/pages\/4370\/revisions\/6180"}],"wp:featuredmedia":[{"embeddable":true,"href":"https:\/\/ent2d.ac-bordeaux.fr\/disciplines\/biotechnologies-sante-social\/wp-json\/wp\/v2\/media\/5907"}],"wp:attachment":[{"href":"https:\/\/ent2d.ac-bordeaux.fr\/disciplines\/biotechnologies-sante-social\/wp-json\/wp\/v2\/media?parent=4370"}],"curies":[{"name":"wp","href":"https:\/\/api.w.org\/{rel}","templated":true}]}}