{"id":3762,"date":"2021-11-19T09:34:02","date_gmt":"2021-11-19T08:34:02","guid":{"rendered":"https:\/\/ent2d.ac-bordeaux.fr\/disciplines\/biotechnologies-sante-social\/?page_id=3762"},"modified":"2023-11-12T16:58:38","modified_gmt":"2023-11-12T15:58:38","slug":"pix","status":"publish","type":"page","link":"https:\/\/ent2d.ac-bordeaux.fr\/disciplines\/biotechnologies-sante-social\/pix\/","title":{"rendered":"PIX"},"content":{"rendered":"\n<p>Les minist\u00e8res ont act\u00e9 le 1er septembre 2019 au Journal Officiel la g\u00e9n\u00e9ralisation de la <strong>certification des comp\u00e9tences num\u00e9riques pour les \u00e9l\u00e8ves de 3e et de lyc\u00e9e des \u00e9tablissements publics et priv\u00e9s sous contrat<\/strong> (d\u00e9cret n\u00b0 2019-919 du 30 ao\u00fbt 2019). Cette certification remplace le b2i et C2i N et s\u2019appuie sur le <strong>cadre de r\u00e9f\u00e9rence des comp\u00e9tences num\u00e9riques<\/strong> <strong>(CRCN)<\/strong>.<\/p>\n\n\n\n<p>La certification sera pr\u00e9par\u00e9e et d\u00e9livr\u00e9e par l\u2019interm\u00e9diaire de <strong>PIX<\/strong>.&nbsp; La formation aux comp\u00e9tences num\u00e9riques et l\u2019\u00e9valuation de ces comp\u00e9tences doivent se d\u00e9rouler dans les enseignements pr\u00e9vus par les programmes, le chef d\u2019\u00e9tablissement organise la passation de cette certification sur la plateforme en ligne PIX, et le livret scolaire de l\u2019\u00e9l\u00e8ve porte la mention de la certification obtenue (Arr\u00eat\u00e9 du 30 ao\u00fbt 2019).<\/p>\n\n\n\n<p>Toutes les informations concernant la certification PIX dans l&#8217;acad\u00e9mie sont disponibles sur la page de la <a href=\"https:\/\/dane.ac-bordeaux.fr\/mettre-en-place-une-certification\/\">DANE de l&#8217;acad\u00e9mie de Bordeaux.<\/a><\/p>\n","protected":false},"excerpt":{"rendered":"<p>Les minist\u00e8res ont act\u00e9 le 1er septembre 2019 au Journal Officiel la g\u00e9n\u00e9ralisation de la certification des comp\u00e9tences num\u00e9riques pour<\/p>\n","protected":false},"author":1774,"featured_media":4836,"parent":0,"menu_order":0,"comment_status":"closed","ping_status":"closed","template":"","meta":{"_bbp_topic_count":0,"_bbp_reply_count":0,"_bbp_total_topic_count":0,"_bbp_total_reply_count":0,"_bbp_voice_count":0,"_bbp_anonymous_reply_count":0,"_bbp_topic_count_hidden":0,"_bbp_reply_count_hidden":0,"_bbp_forum_subforum_count":0,"footnotes":""},"class_list":["post-3762","page","type-page","status-publish","has-post-thumbnail","hentry"],"_links":{"self":[{"href":"https:\/\/ent2d.ac-bordeaux.fr\/disciplines\/biotechnologies-sante-social\/wp-json\/wp\/v2\/pages\/3762","targetHints":{"allow":["GET"]}}],"collection":[{"href":"https:\/\/ent2d.ac-bordeaux.fr\/disciplines\/biotechnologies-sante-social\/wp-json\/wp\/v2\/pages"}],"about":[{"href":"https:\/\/ent2d.ac-bordeaux.fr\/disciplines\/biotechnologies-sante-social\/wp-json\/wp\/v2\/types\/page"}],"author":[{"embeddable":true,"href":"https:\/\/ent2d.ac-bordeaux.fr\/disciplines\/biotechnologies-sante-social\/wp-json\/wp\/v2\/users\/1774"}],"replies":[{"embeddable":true,"href":"https:\/\/ent2d.ac-bordeaux.fr\/disciplines\/biotechnologies-sante-social\/wp-json\/wp\/v2\/comments?post=3762"}],"version-history":[{"count":2,"href":"https:\/\/ent2d.ac-bordeaux.fr\/disciplines\/biotechnologies-sante-social\/wp-json\/wp\/v2\/pages\/3762\/revisions"}],"predecessor-version":[{"id":3896,"href":"https:\/\/ent2d.ac-bordeaux.fr\/disciplines\/biotechnologies-sante-social\/wp-json\/wp\/v2\/pages\/3762\/revisions\/3896"}],"wp:featuredmedia":[{"embeddable":true,"href":"https:\/\/ent2d.ac-bordeaux.fr\/disciplines\/biotechnologies-sante-social\/wp-json\/wp\/v2\/media\/4836"}],"wp:attachment":[{"href":"https:\/\/ent2d.ac-bordeaux.fr\/disciplines\/biotechnologies-sante-social\/wp-json\/wp\/v2\/media?parent=3762"}],"curies":[{"name":"wp","href":"https:\/\/api.w.org\/{rel}","templated":true}]}}