{"id":3257,"date":"2021-04-28T16:36:19","date_gmt":"2021-04-28T14:36:19","guid":{"rendered":"https:\/\/ent2d.ac-bordeaux.fr\/disciplines\/biotechnologies-sante-social\/?page_id=3257"},"modified":"2023-11-12T16:52:47","modified_gmt":"2023-11-12T15:52:47","slug":"classes-prepa-tb","status":"publish","type":"page","link":"https:\/\/ent2d.ac-bordeaux.fr\/disciplines\/biotechnologies-sante-social\/classes-prepa-tb\/","title":{"rendered":"Classe pr\u00e9pa &#8220;TB&#8221;"},"content":{"rendered":"\n<p>La classe pr\u00e9pa adapt\u00e9e \u00e0 la poursuite d&#8217;\u00e9tudes post <strong>STL Biotechnologies<\/strong> est la &#8220;<a rel=\"noreferrer noopener\" href=\"https:\/\/www.onisep.fr\/Choisir-mes-etudes\/Apres-le-bac\/Organisation-des-etudes-superieures\/CPGE-FILIERES\/Les-prepas-scientifiques\/La-prepa-TB-technologie-et-biologie\" target=\"_blank\">pr\u00e9pa TB<\/a>&#8221; (pour &#8220;Technologie Biologie&#8221;).<\/p>\n\n\n\n<p>La pr\u00e9pa TB la plus proche de l&#8217;acad\u00e9mie de Bordeaux est la classe pr\u00e9pa TB du <a rel=\"noreferrer noopener\" href=\"https:\/\/ozenne.mon-ent-occitanie.fr\/\" target=\"_blank\">lyc\u00e9e Ozenne<\/a> \u00e0 Toulouse.<\/p>\n\n\n\n<p>Vous trouverez de multiples informations sur cette pr\u00e9pa sur <a rel=\"noreferrer noopener\" href=\"https:\/\/app.imagina.io\/module\/199599\/111201\" target=\"_blank\">cette page<\/a>.<\/p>\n\n\n\n<figure class=\"wp-block-image size-large is-resized\"><a href=\"https:\/\/app.imagina.io\/module\/199599\/111201\" target=\"_blank\" rel=\"noopener noreferrer\"><img loading=\"lazy\" decoding=\"async\" src=\"https:\/\/ent2d.ac-bordeaux.fr\/disciplines\/biotechnologies-sante-social\/wp-content\/uploads\/sites\/66\/2021\/04\/imagina_prepa_TB_Toulouse.png\" alt=\"\" class=\"wp-image-3258\" width=\"512\" height=\"357\" srcset=\"https:\/\/ent2d.ac-bordeaux.fr\/disciplines\/biotechnologies-sante-social\/wp-content\/uploads\/sites\/66\/2021\/04\/imagina_prepa_TB_Toulouse.png 1024w, https:\/\/ent2d.ac-bordeaux.fr\/disciplines\/biotechnologies-sante-social\/wp-content\/uploads\/sites\/66\/2021\/04\/imagina_prepa_TB_Toulouse-300x209.png 300w, https:\/\/ent2d.ac-bordeaux.fr\/disciplines\/biotechnologies-sante-social\/wp-content\/uploads\/sites\/66\/2021\/04\/imagina_prepa_TB_Toulouse-768x535.png 768w, https:\/\/ent2d.ac-bordeaux.fr\/disciplines\/biotechnologies-sante-social\/wp-content\/uploads\/sites\/66\/2021\/04\/imagina_prepa_TB_Toulouse-392x272.png 392w, https:\/\/ent2d.ac-bordeaux.fr\/disciplines\/biotechnologies-sante-social\/wp-content\/uploads\/sites\/66\/2021\/04\/imagina_prepa_TB_Toulouse-130x90.png 130w\" sizes=\"auto, (max-width: 512px) 100vw, 512px\" \/><\/a><\/figure>\n","protected":false},"excerpt":{"rendered":"<p>La classe pr\u00e9pa adapt\u00e9e \u00e0 la poursuite d&#8217;\u00e9tudes post STL Biotechnologies est la &#8220;pr\u00e9pa TB&#8221; (pour &#8220;Technologie Biologie&#8221;). La pr\u00e9pa<\/p>\n","protected":false},"author":657,"featured_media":4829,"parent":0,"menu_order":0,"comment_status":"closed","ping_status":"closed","template":"","meta":{"_bbp_topic_count":0,"_bbp_reply_count":0,"_bbp_total_topic_count":0,"_bbp_total_reply_count":0,"_bbp_voice_count":0,"_bbp_anonymous_reply_count":0,"_bbp_topic_count_hidden":0,"_bbp_reply_count_hidden":0,"_bbp_forum_subforum_count":0,"footnotes":""},"class_list":["post-3257","page","type-page","status-publish","has-post-thumbnail","hentry"],"_links":{"self":[{"href":"https:\/\/ent2d.ac-bordeaux.fr\/disciplines\/biotechnologies-sante-social\/wp-json\/wp\/v2\/pages\/3257","targetHints":{"allow":["GET"]}}],"collection":[{"href":"https:\/\/ent2d.ac-bordeaux.fr\/disciplines\/biotechnologies-sante-social\/wp-json\/wp\/v2\/pages"}],"about":[{"href":"https:\/\/ent2d.ac-bordeaux.fr\/disciplines\/biotechnologies-sante-social\/wp-json\/wp\/v2\/types\/page"}],"author":[{"embeddable":true,"href":"https:\/\/ent2d.ac-bordeaux.fr\/disciplines\/biotechnologies-sante-social\/wp-json\/wp\/v2\/users\/657"}],"replies":[{"embeddable":true,"href":"https:\/\/ent2d.ac-bordeaux.fr\/disciplines\/biotechnologies-sante-social\/wp-json\/wp\/v2\/comments?post=3257"}],"version-history":[{"count":6,"href":"https:\/\/ent2d.ac-bordeaux.fr\/disciplines\/biotechnologies-sante-social\/wp-json\/wp\/v2\/pages\/3257\/revisions"}],"predecessor-version":[{"id":3268,"href":"https:\/\/ent2d.ac-bordeaux.fr\/disciplines\/biotechnologies-sante-social\/wp-json\/wp\/v2\/pages\/3257\/revisions\/3268"}],"wp:featuredmedia":[{"embeddable":true,"href":"https:\/\/ent2d.ac-bordeaux.fr\/disciplines\/biotechnologies-sante-social\/wp-json\/wp\/v2\/media\/4829"}],"wp:attachment":[{"href":"https:\/\/ent2d.ac-bordeaux.fr\/disciplines\/biotechnologies-sante-social\/wp-json\/wp\/v2\/media?parent=3257"}],"curies":[{"name":"wp","href":"https:\/\/api.w.org\/{rel}","templated":true}]}}