{"id":2717,"date":"2023-11-12T16:43:33","date_gmt":"2023-11-12T15:43:33","guid":{"rendered":"https:\/\/ent2d.ac-bordeaux.fr\/disciplines\/biotechnologies-sante-social\/?page_id=2717"},"modified":"2026-01-18T16:13:23","modified_gmt":"2026-01-18T15:13:23","slug":"jpo-2","status":"publish","type":"page","link":"https:\/\/ent2d.ac-bordeaux.fr\/disciplines\/biotechnologies-sante-social\/jpo-2\/","title":{"rendered":"Journ\u00e9es portes ouvertes 2026"},"content":{"rendered":"\n<p><a href=\"https:\/\/www.onisep.fr\/pres-de-chez-vous\/nouvelle-aquitaine\" target=\"_blank\" rel=\"noreferrer noopener\">Lien vers le site ONISEP Nouvelle Aquitaine<\/a><\/p>\n\n\n\n<h3 class=\"wp-block-heading has-vivid-cyan-blue-color has-text-color has-link-color wp-elements-deb187baf3d1940040ce45732524f4cc\"><strong>bac STL et bac ST2S<\/strong><\/h3>\n\n\n\n<figure class=\"wp-block-table aligncenter is-style-regular\"><table class=\"has-background has-fixed-layout\" style=\"background-color:#e9f5fb\"><thead><tr><th class=\"has-text-align-left\" data-align=\"left\"><strong>Lieu de formation<\/strong><\/th><th class=\"has-text-align-left\" data-align=\"left\"><strong>Dipl\u00f4me pr\u00e9par\u00e9<\/strong><\/th><th class=\"has-text-align-left\" data-align=\"left\"><strong>Dates JPO \/ immersion<\/strong><\/th><\/tr><\/thead><tbody><tr><td class=\"has-text-align-left\" data-align=\"left\"><a href=\"https:\/\/lyceejaydebeaufort.fr\/\" target=\"_blank\" rel=\"noreferrer noopener\"><strong>Lyc\u00e9e Jay de Beaufort<\/strong><\/a> &#8211; <strong>P\u00e9rigueux (24)<\/strong><\/td><td class=\"has-text-align-left\" data-align=\"left\">Bacs STL Biotechnologies et SPCL<br>Bac ST2S<\/td><td class=\"has-text-align-left\" data-align=\"left\">Jeudi 12 mars 2026<br>16h-20h<\/td><\/tr><tr><td class=\"has-text-align-left\" data-align=\"left\"><strong><a href=\"https:\/\/www.lyceejacquesmonod.fr\/\" target=\"_blank\" rel=\"noreferrer noopener\">Lyc\u00e9e Jacques Monod<\/a> &#8211; Lescar (64)<\/strong><\/td><td class=\"has-text-align-left\" data-align=\"left\">Bac STL Biotechnologies<br>Bac ST2S<\/td><td class=\"has-text-align-left\" data-align=\"left\">Samedi 31 janvier 2026<br>8h30 &#8211; 12h30<\/td><\/tr><tr><td class=\"has-text-align-left\" data-align=\"left\"><strong><strong><a href=\"http:\/\/www.lyceesaintlouis.fr\/\" target=\"_blank\" rel=\"noreferrer noopener\">Lyc\u00e9e Saint-Louis<\/a><\/strong> &#8211; Bordeaux (33)<\/strong><\/td><td class=\"has-text-align-left\" data-align=\"left\">Bacs STL Biotechnologies et SPCL<br>Bac ST2S<\/td><td class=\"has-text-align-left\" data-align=\"left\">Samedi 7 Mars 2026<br>9h-13h<\/td><\/tr><tr><td class=\"has-text-align-left\" data-align=\"left\"><strong><a href=\"https:\/\/www.lyceedelamergujan.fr\/\" target=\"_blank\" rel=\"noreferrer noopener\">Lyc\u00e9e de la mer<\/a> &#8211; Biganos (33)<\/strong><\/td><td class=\"has-text-align-left\" data-align=\"left\">Bac STL Biotechnologies <br><a href=\"https:\/\/view.genial.ly\/621bf98bd731ab00121289dc\/presentation-presentation-stl\">Genially<\/a><\/td><td class=\"has-text-align-left\" data-align=\"left\">Samedi 21 Mars 2026<br>8h45-12h00<\/td><\/tr><tr><td class=\"has-text-align-left\" data-align=\"left\"><strong><a href=\"https:\/\/lyceevaclavhavel.fr\/\" target=\"_blank\" rel=\"noreferrer noopener\">Lyc\u00e9e Vaclav Havel<\/a> &#8211; B\u00e8gles (33)<\/strong><\/td><td class=\"has-text-align-left\" data-align=\"left\">Bac ST2S<\/td><td class=\"has-text-align-left\" data-align=\"left\">Samedi 28 f\u00e9vrier 2026<br>9h00 &#8211; 12h00<\/td><\/tr><tr><td class=\"has-text-align-left\" data-align=\"left\"><strong><a href=\"https:\/\/www.lyceemaxlinder.fr\/\" target=\"_blank\" rel=\"noreferrer noopener\">Lyc\u00e9e Max Linder<\/a> &#8211; Libourne (33)<\/strong><\/td><td class=\"has-text-align-left\" data-align=\"left\">Bac ST2S<\/td><td class=\"has-text-align-left\" data-align=\"left\">Samedi 21 Mars 2026<br>9h00-12h30<\/td><\/tr><tr><td class=\"has-text-align-left\" data-align=\"left\"><strong><a href=\"https:\/\/www.belorme.com\/\" target=\"_blank\" rel=\"noreferrer noopener\">Lyc\u00e9e Bel-Orme<\/a> &#8211; Bordeaux (33)<\/strong><\/td><td class=\"has-text-align-left\" data-align=\"left\">Bac STL Biotechnologies <br>Bac ST2S<\/td><td class=\"has-text-align-left\" data-align=\"left\">Samedi 14 Mars 2026<br>10h00-13h00<br>Samedi 25 avril 2026<br>10h00-13h00<\/td><\/tr><tr><td class=\"has-text-align-left\" data-align=\"left\"><strong><a rel=\"noreferrer noopener\" href=\"https:\/\/lyc\u00e9edebordadax.org\/\" target=\"_blank\">Lyc\u00e9e De Borda<\/a> &#8211; Dax (40)<\/strong><\/td><td class=\"has-text-align-left\" data-align=\"left\">Bacs STL Biotechnologies et SPCL<\/td><td class=\"has-text-align-left\" data-align=\"left\">Samedi 28 f\u00e9vrier 2026<br>9h00 &#8211; 15h00<\/td><\/tr><tr><td class=\"has-text-align-left\" data-align=\"left\"><strong><a href=\"https:\/\/www.lyceedespiau.fr\/\" target=\"_blank\" rel=\"noreferrer noopener\">Lyc\u00e9e Charles Despiau<\/a><\/strong> <strong>&#8211; Mont de Marsan (40)<\/strong><\/td><td class=\"has-text-align-left\" data-align=\"left\">Bac ST2S<\/td><td class=\"has-text-align-left\" data-align=\"left\">Samedi 28 f\u00e9vrier 2026<br>9h00 &#8211; 13h00<\/td><\/tr><tr><td class=\"has-text-align-left\" data-align=\"left\"><strong><a href=\"https:\/\/lyceeduruy.fr\/\" target=\"_blank\" rel=\"noreferrer noopener\">Lyc\u00e9e Victor Duruy<\/a> &#8211; Monte de Marsan (40)<\/strong><\/td><td class=\"has-text-align-left\" data-align=\"left\">Bac STL Biotechnologies<\/td><td class=\"has-text-align-left\" data-align=\"left\">Samedi 28 f\u00e9vrier 2026<br>8h30 &#8211; 13h00<\/td><\/tr><tr><td class=\"has-text-align-left\" data-align=\"left\"><strong><a href=\"https:\/\/www.lyceeharountazieff.com\/\" target=\"_blank\" rel=\"noreferrer noopener\">Lyc\u00e9e Haroun Tazieff<\/a> &#8211; Saint Paul les Dax (40)<\/strong><\/td><td class=\"has-text-align-left\" data-align=\"left\">Bac ST2S<\/td><td class=\"has-text-align-left\" data-align=\"left\">Samedi 7 mars 2026<br>9h00 &#8211; 15h00<\/td><\/tr><tr><td class=\"has-text-align-left\" data-align=\"left\"><strong><a href=\"http:\/\/lycee-palissy-agen.fr\/\" target=\"_blank\" rel=\"noreferrer noopener\">Lyc\u00e9e Bernard Palissy<\/a> &#8211; Agen (47)<\/strong><\/td><td class=\"has-text-align-left\" data-align=\"left\">Bac STL Biotechnologies<br>Bac ST2S<\/td><td class=\"has-text-align-left\" data-align=\"left\">Samedi 28 f\u00e9vrier 2026<br>9h00 &#8211; 12h00<\/td><\/tr><tr><td class=\"has-text-align-left\" data-align=\"left\"><strong><a href=\"https:\/\/www.citescolairedemarmande.fr\/\" target=\"_blank\" rel=\"noreferrer noopener\">Lyc\u00e9e Val de Garonne<\/a> &#8211; Marmande (47)<\/strong><\/td><td class=\"has-text-align-left\" data-align=\"left\">Bac STL Biotechnologies  <\/td><td class=\"has-text-align-left\" data-align=\"left\">Samedi 14 mars 2026<br>9h00 &#8211; 12h00<\/td><\/tr><tr><td class=\"has-text-align-left\" data-align=\"left\"><strong><a href=\"http:\/\/www.citescolairestendhal.fr\/\" target=\"_blank\" rel=\"noreferrer noopener\">Lyc\u00e9e Stendhal<\/a> &#8211; Aiguillon (47)<\/strong><\/td><td class=\"has-text-align-left\" data-align=\"left\">Bac ST2S<\/td><td class=\"has-text-align-left\" data-align=\"left\">Samedi 14 mars 2026<br>9h00 &#8211; 12h00<\/td><\/tr><tr><td class=\"has-text-align-left\" data-align=\"left\"><strong><a href=\"https:\/\/stellamarisanglet.fr\/\" target=\"_blank\" rel=\"noreferrer noopener\">Lyc\u00e9e Stella Maris<\/a> &#8211; Anglet (64)<\/strong><\/td><td class=\"has-text-align-left\" data-align=\"left\">Bac STL Biotechnologies<br>Bac ST2S<\/td><td class=\"has-text-align-left\" data-align=\"left\">Samedi 28 f\u00e9vrier 2026<br>9h00 &#8211; 12h00<\/td><\/tr><tr><td class=\"has-text-align-left\" data-align=\"left\"><strong><a href=\"https:\/\/www.saintdominique.fr\/\" target=\"_blank\" rel=\"noreferrer noopener\">Institut Saint Dominique<\/a> &#8211; Pau (64<\/strong><\/td><td class=\"has-text-align-left\" data-align=\"left\">Bac STL Biotechnologies <br>Bac ST2S<\/td><td class=\"has-text-align-left\" data-align=\"left\">Samedi  31 janvier 2026<br>9h00 &#8211; 12h30<\/td><\/tr><tr><td class=\"has-text-align-left\" data-align=\"left\"><strong><a href=\"https:\/\/louisdefoix.fr\/\" target=\"_blank\" rel=\"noreferrer noopener\">Lyc\u00e9e Louis de Foix<\/a> &#8211; Bayonne (64)<\/strong><\/td><td class=\"has-text-align-left\" data-align=\"left\">Bac ST2S<\/td><td class=\"has-text-align-left\" data-align=\"left\">Samedi 31 janvier 2026 9h00 &#8211; 16h00<\/td><\/tr><\/tbody><\/table><\/figure>\n\n\n\n<hr class=\"wp-block-separator has-css-opacity\" \/>\n\n\n\n<h3 class=\"wp-block-heading has-pale-pink-color has-text-color has-link-color wp-elements-0a3d96085847b4960c7836b12fc0c080\"><strong>Post-Bac <\/strong><\/h3>\n\n\n\n<figure class=\"wp-block-table aligncenter is-style-regular\"><table class=\"has-background has-fixed-layout\" style=\"background-color:#f8e8ec\"><thead><tr><th class=\"has-text-align-left\" data-align=\"left\"><strong>Lieu de formation<\/strong><\/th><th class=\"has-text-align-left\" data-align=\"left\"><strong>Dipl\u00f4me pr\u00e9par\u00e9<\/strong><\/th><th class=\"has-text-align-left\" data-align=\"left\"><strong>Dates JPO \/ immersion<\/strong><\/th><\/tr><\/thead><tbody><tr><td class=\"has-text-align-left\" data-align=\"left\"><strong><a href=\"https:\/\/www.iut.u-bordeaux.fr\/general\/les-sites-geographiques\/site-perigueux\/\" target=\"_blank\" rel=\"noreferrer noopener\">I.U.T de Bordeaux <\/a>&#8211; Site de P\u00e9rigueux (24)<\/strong><\/td><td class=\"has-text-align-left\" data-align=\"left\">BUT &#8211; G\u00e9nie biologique<br>&#8211; Option <strong>Sciences de l&#8217;aliment et biotechnologie<\/strong><br>&#8211; Option <strong>di\u00e9t\u00e9tique et nutrition<\/strong><br>&#8211; Option <strong>Agronomie<\/strong><\/td><td class=\"has-text-align-left\" data-align=\"left\">Samedi 31 janvier 2026<br>9h00-13h00<\/td><\/tr><tr><td class=\"has-text-align-left\" data-align=\"left\"><a href=\"https:\/\/lyceejaydebeaufort.fr\/\" target=\"_blank\" rel=\"noreferrer noopener\"><strong>Lyc\u00e9e Jay de Beaufort<\/strong><\/a> &#8211; <strong>P\u00e9rigueux (24)<\/strong><\/td><td class=\"has-text-align-left\" data-align=\"left\">DTS <strong>Imagerie M\u00e9dicale et Radiologie Th\u00e9rapeutique<\/strong> <strong>(IMRT)<\/strong><br>BTS <strong>SP3S<\/strong><\/td><td class=\"has-text-align-left\" data-align=\"left\">Samedi 17 janvier 2026<br>9h-12h<\/td><\/tr><tr><td class=\"has-text-align-left\" data-align=\"left\"><strong><a rel=\"noreferrer noopener\" href=\"https:\/\/lyc\u00e9edebordadax.org\/\" target=\"_blank\">Lyc\u00e9e de Borda<\/a> &#8211; Dax (40)<\/strong><\/td><td class=\"has-text-align-left\" data-align=\"left\">BTS <strong>M\u00e9tiers de l&#8217;eau<\/strong><br>BTS <strong>M\u00e9tiers des service \u00e0 l&#8217;environnement (MSE)<\/strong><\/td><td class=\"has-text-align-left\" data-align=\"left\">Samedi 28 f\u00e9vrier 2026<br>9h00 &#8211; 15h00<\/td><\/tr><tr><td class=\"has-text-align-left\" data-align=\"left\"><strong><a href=\"http:\/\/www.lyceesaintlouis.fr\/\" target=\"_blank\" rel=\"noreferrer noopener\">Lyc\u00e9e Saint-Louis<\/a> &#8211; Bordeaux (33)<\/strong><\/td><td class=\"has-text-align-left\" data-align=\"left\">BTS <strong><strong>Biologie M\u00e9dicale<\/strong><\/strong><br>BTS <strong>Di\u00e9t\u00e9tique<\/strong> <strong>et Nutrition<\/strong><br>BTS <strong>Bio-analyses en laboratoire de contr\u00f4le<\/strong> (BioALC)<br>BTS <strong>Biotechnologies<\/strong> <strong>en recherche et production<\/strong>(BioRP)<br>BTS <strong>M\u00e9tiers de la chimie<\/strong><\/td><td class=\"has-text-align-left\" data-align=\"left\">Samedi 7 Mars 2026<br>9h-13h<\/td><\/tr><tr><td class=\"has-text-align-left\" data-align=\"left\"><strong><a href=\"https:\/\/lycee-lamorlette.fr\/\" target=\"_blank\" rel=\"noreferrer noopener\">Lyc\u00e9e des M\u00e9tiers des Soins et des Services \u00e0 la Personne La Morlette<\/a> <\/strong>&#8211; <strong>Cenon (33)<\/strong><\/td><td class=\"has-text-align-left\" data-align=\"left\">BTS <strong>M\u00e9tiers de l&#8217;Esth\u00e9tique Cosm\u00e9tique et Parfumerie (MECP)<\/strong> <br>BTS <strong>M\u00e9tiers de la Coiffure<\/strong><\/td><td class=\"has-text-align-left\" data-align=\"left\">mercredi 21 janvier <br>08h30 \u00e0 16h00<\/td><\/tr><tr><td class=\"has-text-align-left\" data-align=\"left\"><strong><a href=\"https:\/\/www.belorme.com\/\" target=\"_blank\" rel=\"noreferrer noopener\">Lyc\u00e9e Bel-Orme<\/a> &#8211; Bordeaux (33)<\/strong><\/td><td class=\"has-text-align-left\" data-align=\"left\"><strong>BTS ESF<\/strong> <strong>\/ DE CESF<\/strong><\/td><td class=\"has-text-align-left\" data-align=\"left\">Samedi 14 Mars 2026<br>10h00-13h00<br>Samedi 25 avril 2026<br>10h00-13h00<\/td><\/tr><tr><td class=\"has-text-align-left\" data-align=\"left\"><a href=\"https:\/\/www.irtsnouvelleaquitaine.fr\/actualites\/une-semaine-pour-decouvrir-les-formations-et-metiers-du-social-a-l-irts-nouvelle-aquitaine-bordeaux\">I<strong>RTS Nouvelle-Aquitaine<\/strong><\/a><strong> &#8211; Talence (33)<\/strong><\/td><td class=\"has-text-align-left\" data-align=\"left\"><strong>DE EJE \/ DE ES \/ DE ASS \/ DE ETS \/ DE CESF<\/strong><\/td><td class=\"has-text-align-left\" data-align=\"left\">samedi 31 janvier <br>9h \u00e0 13h<\/td><\/tr><tr><td class=\"has-text-align-left\" data-align=\"left\"><strong><a href=\"https:\/\/lyceevaclavhavel.fr\/\">Lyc\u00e9e Vaclav Havel<\/a><\/strong> &#8211; <strong>B\u00e8gles (33)<\/strong><\/td><td class=\"has-text-align-left\" data-align=\"left\"><strong>BTS ESF \/ BTS SP3S \/ DE CESF<\/strong><\/td><td class=\"has-text-align-left\" data-align=\"left\">Samedi 28 f\u00e9vrier 2026<br>9h00 &#8211; 12h00<\/td><\/tr><tr><td class=\"has-text-align-left\" data-align=\"left\"><a href=\"https:\/\/gs-cassaigne.fr\/lycee\/\"><strong>Lyc\u00e9e Jean Cassaigne<\/strong><\/a> &#8211; <strong>Saint-Pierre-du-Mont <\/strong>(40)<\/td><td class=\"has-text-align-left\" data-align=\"left\"><strong>BTS M\u00e9tiers de l&#8217;Esth\u00e9tique Cosm\u00e9tique et Parfumerie (MECP) <\/strong><\/td><td class=\"has-text-align-left\" data-align=\"left\">samedi 31 janvier <br>9h00 \u00e0 16h00<br>samedi 25 avril <br>9h00 \u00e0 16h00<\/td><\/tr><tr><td class=\"has-text-align-left\" data-align=\"left\"><strong><a href=\"https:\/\/www.lyceedespiau.fr\/\" target=\"_blank\" rel=\"noreferrer noopener\">Lyc\u00e9e Charles Despiau<\/a><\/strong> <strong>&#8211; Mont-de-Marsan (40)<\/strong><\/td><td class=\"has-text-align-left\" data-align=\"left\"><strong>BTS SP3S<\/strong><\/td><td class=\"has-text-align-left\" data-align=\"left\">Samedi 28 f\u00e9vrier 2026<br>9h00 \u2013 13h00<\/td><\/tr><tr><td class=\"has-text-align-left\" data-align=\"left\"><strong><a href=\"https:\/\/iutpa.univ-pau.fr\/fr\/index.html\" target=\"_blank\" rel=\"noreferrer noopener\">I.U.T Pays de l&#8217;Adour<\/a> &#8211; Mont de Marsan (40)<\/strong><\/td><td class=\"has-text-align-left\" data-align=\"left\">BUT &#8211; G\u00e9nie biologique<br>&#8211; Option <strong>Sciences de l&#8217;aliment et biotechnologie<\/strong><\/td><td class=\"has-text-align-left\" data-align=\"left\">mercredi 11 f\u00e9vrier 2026<br>13h30 \u2013 17h00<br>Samedi 28 f\u00e9vrier 2026<br>9h00 \u2013 16h00<\/td><\/tr><tr><td class=\"has-text-align-left\" data-align=\"left\"><strong><a href=\"http:\/\/lycee-palissy-agen.fr\/\" target=\"_blank\" rel=\"noreferrer noopener\">Lyc\u00e9e Bernard Palissy<\/a> (Agen &#8211; 47)<\/strong><\/td><td class=\"has-text-align-left\" data-align=\"left\">BTS <strong>Bioqualit\u00e9<\/strong><\/td><td class=\"has-text-align-left\" data-align=\"left\">Samedi 28 f\u00e9vrier 2026<br>9h00 \u2013 12h00<\/td><\/tr><tr><td class=\"has-text-align-left\" data-align=\"left\"><strong><a href=\"https:\/\/www.lyceejacquesmonod.fr\/\" target=\"_blank\" rel=\"noreferrer noopener\">Lyc\u00e9e Jacques Monod<\/a>&nbsp;&nbsp; &#8211; Lescar (64)<\/strong><\/td><td class=\"has-text-align-left\" data-align=\"left\">BTS <strong>Bio-analyses en laboratoire de contr\u00f4le<\/strong> (BioALC)<\/td><td class=\"has-text-align-left\" data-align=\"left\">Samedi 31 janvier 2026<br>8h30 &#8211; 12h30<\/td><\/tr><tr><td class=\"has-text-align-left\" data-align=\"left\"><strong><a href=\"https:\/\/www.saintdominique.fr\/\" target=\"_blank\" rel=\"noreferrer noopener\">Institut Saint Dominique<\/a> &#8211; Pau (64)<\/strong><\/td><td class=\"has-text-align-left\" data-align=\"left\">BTS <strong>Biologie M\u00e9dicale<\/strong><\/td><td class=\"has-text-align-left\" data-align=\"left\">Samedi 31 janvier 2026<br>9h00 &#8211; 12h30<\/td><\/tr><tr><td class=\"has-text-align-left\" data-align=\"left\"><strong><a href=\"https:\/\/www.its-pau.fr\/\">ITS Pierre Bourdieu<\/a> &#8211; Pau (64)<\/strong><\/td><td class=\"has-text-align-left\" data-align=\"left\"><strong>BTS ESF \/ DE CESF \/ DE ASS \/ DE ES<\/strong><\/td><td class=\"has-text-align-left\" data-align=\"left\">Samedi 24 janvier 2026<br>9h00 &#8211; 13h30<\/td><\/tr><\/tbody><\/table><\/figure>\n\n\n\n<hr class=\"wp-block-separator has-css-opacity\" \/>\n\n\n\n<hr class=\"wp-block-separator has-css-opacity\" \/>\n","protected":false},"excerpt":{"rendered":"<p>Lien vers le site ONISEP Nouvelle Aquitaine bac STL et bac ST2S Lieu de formation Dipl\u00f4me pr\u00e9par\u00e9 Dates JPO \/<\/p>\n","protected":false},"author":1774,"featured_media":0,"parent":0,"menu_order":0,"comment_status":"closed","ping_status":"closed","template":"","meta":{"_bbp_topic_count":0,"_bbp_reply_count":0,"_bbp_total_topic_count":0,"_bbp_total_reply_count":0,"_bbp_voice_count":0,"_bbp_anonymous_reply_count":0,"_bbp_topic_count_hidden":0,"_bbp_reply_count_hidden":0,"_bbp_forum_subforum_count":0,"footnotes":""},"class_list":["post-2717","page","type-page","status-publish","hentry"],"_links":{"self":[{"href":"https:\/\/ent2d.ac-bordeaux.fr\/disciplines\/biotechnologies-sante-social\/wp-json\/wp\/v2\/pages\/2717","targetHints":{"allow":["GET"]}}],"collection":[{"href":"https:\/\/ent2d.ac-bordeaux.fr\/disciplines\/biotechnologies-sante-social\/wp-json\/wp\/v2\/pages"}],"about":[{"href":"https:\/\/ent2d.ac-bordeaux.fr\/disciplines\/biotechnologies-sante-social\/wp-json\/wp\/v2\/types\/page"}],"author":[{"embeddable":true,"href":"https:\/\/ent2d.ac-bordeaux.fr\/disciplines\/biotechnologies-sante-social\/wp-json\/wp\/v2\/users\/1774"}],"replies":[{"embeddable":true,"href":"https:\/\/ent2d.ac-bordeaux.fr\/disciplines\/biotechnologies-sante-social\/wp-json\/wp\/v2\/comments?post=2717"}],"version-history":[{"count":136,"href":"https:\/\/ent2d.ac-bordeaux.fr\/disciplines\/biotechnologies-sante-social\/wp-json\/wp\/v2\/pages\/2717\/revisions"}],"predecessor-version":[{"id":7319,"href":"https:\/\/ent2d.ac-bordeaux.fr\/disciplines\/biotechnologies-sante-social\/wp-json\/wp\/v2\/pages\/2717\/revisions\/7319"}],"wp:attachment":[{"href":"https:\/\/ent2d.ac-bordeaux.fr\/disciplines\/biotechnologies-sante-social\/wp-json\/wp\/v2\/media?parent=2717"}],"curies":[{"name":"wp","href":"https:\/\/api.w.org\/{rel}","templated":true}]}}