{"id":2447,"date":"2020-12-02T10:53:19","date_gmt":"2020-12-02T09:53:19","guid":{"rendered":"https:\/\/ent2d.ac-bordeaux.fr\/disciplines\/biotechnologies-sante-social\/?page_id=2447"},"modified":"2021-01-07T22:30:05","modified_gmt":"2021-01-07T21:30:05","slug":"classe-prepa-technologie-et-biologie-toulouse","status":"publish","type":"page","link":"https:\/\/ent2d.ac-bordeaux.fr\/disciplines\/biotechnologies-sante-social\/classe-prepa-technologie-et-biologie-toulouse\/","title":{"rendered":"Classe Pr\u00e9pa &#8220;Technologie et Biologie&#8221;, Toulouse"},"content":{"rendered":"\n<figure class=\"wp-block-image size-large\"><a href=\"https:\/\/ozenne.mon-ent-occitanie.fr\/les-formations\/classes-preparatoires-aux-grandes-ecoles\/technologie-et-biologie-tb-\/\" target=\"_blank\" rel=\"noopener noreferrer\"><img loading=\"lazy\" decoding=\"async\" width=\"874\" height=\"86\" src=\"https:\/\/ent2d.ac-bordeaux.fr\/disciplines\/biotechnologies-sante-social\/wp-content\/uploads\/sites\/66\/2020\/12\/image.png\" alt=\"\" class=\"wp-image-2453\" srcset=\"https:\/\/ent2d.ac-bordeaux.fr\/disciplines\/biotechnologies-sante-social\/wp-content\/uploads\/sites\/66\/2020\/12\/image.png 874w, https:\/\/ent2d.ac-bordeaux.fr\/disciplines\/biotechnologies-sante-social\/wp-content\/uploads\/sites\/66\/2020\/12\/image-300x30.png 300w, https:\/\/ent2d.ac-bordeaux.fr\/disciplines\/biotechnologies-sante-social\/wp-content\/uploads\/sites\/66\/2020\/12\/image-768x76.png 768w\" sizes=\"auto, (max-width: 874px) 100vw, 874px\" \/><\/a><\/figure>\n\n\n\n<p>La pr\u00e9pa TB (technologie et biologie) conduit les bacheliers STL et STAV aux concours d\u2019entr\u00e9e de certaines \u00e9coles d\u2019ing\u00e9nieurs en agroalimentaire, en environnement, en g\u00e9nie biologique, ou \u00e0 ceux des \u00e9coles v\u00e9t\u00e9rinaires.<\/p>\n\n\n\n<p><a href=\"https:\/\/www.onisep.fr\/Choisir-mes-etudes\/Apres-le-bac\/Organisation-des-etudes-superieures\/CPGE-FILIERES\/Les-prepas-scientifiques\/La-prepa-TB-technologie-et-biologie\" target=\"_blank\" rel=\"noreferrer noopener\">En savoir plus (ONISEP)<\/a><\/p>\n\n\n\n<p>Voici quelques t\u00e9moignages d&#8217;anciens \u00e9tudiants de la pr\u00e9pa TB du lyc\u00e9e Ozenne \u00e0 Toulouse.<\/p>\n\n\n<iframe loading=\"lazy\" src=\"https:\/\/www.youtube.com\/embed\/s1-YSFRCWRA\" title=\"\" width=\"100%\" height=\"450\" scrolling=\"yes\" frameborder=\"0\" marginheight=\"0\" allowFullScreen=\"true\"><a href=\"https:\/\/www.youtube.com\/embed\/s1-YSFRCWRA\" target=\"_blank\">https:\/\/www.youtube.com\/embed\/s1-YSFRCWRA<\/a><\/iframe>\n","protected":false},"excerpt":{"rendered":"<p>La pr\u00e9pa TB (technologie et biologie) conduit les bacheliers STL et STAV aux concours d\u2019entr\u00e9e de certaines \u00e9coles d\u2019ing\u00e9nieurs en<\/p>\n","protected":false},"author":657,"featured_media":0,"parent":0,"menu_order":0,"comment_status":"closed","ping_status":"closed","template":"","meta":{"_bbp_topic_count":0,"_bbp_reply_count":0,"_bbp_total_topic_count":0,"_bbp_total_reply_count":0,"_bbp_voice_count":0,"_bbp_anonymous_reply_count":0,"_bbp_topic_count_hidden":0,"_bbp_reply_count_hidden":0,"_bbp_forum_subforum_count":0,"footnotes":""},"class_list":["post-2447","page","type-page","status-publish","hentry"],"_links":{"self":[{"href":"https:\/\/ent2d.ac-bordeaux.fr\/disciplines\/biotechnologies-sante-social\/wp-json\/wp\/v2\/pages\/2447","targetHints":{"allow":["GET"]}}],"collection":[{"href":"https:\/\/ent2d.ac-bordeaux.fr\/disciplines\/biotechnologies-sante-social\/wp-json\/wp\/v2\/pages"}],"about":[{"href":"https:\/\/ent2d.ac-bordeaux.fr\/disciplines\/biotechnologies-sante-social\/wp-json\/wp\/v2\/types\/page"}],"author":[{"embeddable":true,"href":"https:\/\/ent2d.ac-bordeaux.fr\/disciplines\/biotechnologies-sante-social\/wp-json\/wp\/v2\/users\/657"}],"replies":[{"embeddable":true,"href":"https:\/\/ent2d.ac-bordeaux.fr\/disciplines\/biotechnologies-sante-social\/wp-json\/wp\/v2\/comments?post=2447"}],"version-history":[{"count":12,"href":"https:\/\/ent2d.ac-bordeaux.fr\/disciplines\/biotechnologies-sante-social\/wp-json\/wp\/v2\/pages\/2447\/revisions"}],"predecessor-version":[{"id":3261,"href":"https:\/\/ent2d.ac-bordeaux.fr\/disciplines\/biotechnologies-sante-social\/wp-json\/wp\/v2\/pages\/2447\/revisions\/3261"}],"wp:attachment":[{"href":"https:\/\/ent2d.ac-bordeaux.fr\/disciplines\/biotechnologies-sante-social\/wp-json\/wp\/v2\/media?parent=2447"}],"curies":[{"name":"wp","href":"https:\/\/api.w.org\/{rel}","templated":true}]}}