{"id":1868,"date":"2019-10-29T23:47:48","date_gmt":"2019-10-29T22:47:48","guid":{"rendered":"https:\/\/ent2d.ac-bordeaux.fr\/disciplines\/biotechnologies-sante-social\/?page_id=1868"},"modified":"2023-11-12T16:55:59","modified_gmt":"2023-11-12T15:55:59","slug":"tutoriels-lycee-connecte","status":"publish","type":"page","link":"https:\/\/ent2d.ac-bordeaux.fr\/disciplines\/biotechnologies-sante-social\/tutoriels-lycee-connecte\/","title":{"rendered":"Tutoriels Lyc\u00e9e Connect\u00e9"},"content":{"rendered":"<h4>Moodle<\/h4>\n<p><span style=\"font-family: trebuchet ms, geneva, sans-serif\"><strong>Tuto n\u00b01<\/strong> : d\u00e9couvrir Moodle (<a href=\"http:\/\/hakilm.free.fr\/academie\/lc\/decouverte_moodle\/index.html\" target=\"_blank\" rel=\"noopener noreferrer\">animation<\/a> ou <a href=\"http:\/\/hakilm.free.fr\/academie\/lc\/decouverte_moodle\/generalites_moodle.pdf\" target=\"_blank\" rel=\"noopener noreferrer\">PDF<\/a>)<\/span><\/p>\n<p><span style=\"font-family: trebuchet ms, geneva, sans-serif\"><strong>Tuto n\u00b02<\/strong> : cr\u00e9er un cours Moodle (<a href=\"http:\/\/hakilm.free.fr\/academie\/lc\/creation_cours\/index.html\" target=\"_blank\" rel=\"noopener noreferrer\">animation<\/a> ou <a href=\"http:\/\/hakilm.free.fr\/academie\/lc\/creation_cours\/creation_cours.pdf\" target=\"_blank\" rel=\"noopener noreferrer\">PDF<\/a>)<\/span><\/p>\n<p><span style=\"font-family: trebuchet ms, geneva, sans-serif\"><strong>Tuto n\u00b03<\/strong> : inscrire des \u00e9l\u00e8ves&nbsp; (<a href=\"http:\/\/hakilm.free.fr\/academie\/lc\/inscription\/index.html\" target=\"_blank\" rel=\"noopener noreferrer\">animation<\/a> ou <a href=\"http:\/\/hakilm.free.fr\/academie\/lc\/inscription\/inscription_eleves.pdf\" target=\"_blank\" rel=\"noopener noreferrer\">PDF)<\/a><\/span><\/p>\n<p><span style=\"font-family: trebuchet ms, geneva, sans-serif\"><strong>Tuto n\u00b04<\/strong> : restaurer une activit\u00e9 dans un cours Moodle \u00e0 partir d&#8217;un fichier .mbz ( <a href=\"http:\/\/hakilm.free.fr\/academie\/lc\/restaurer\/res\/index.html\" target=\"_blank\" rel=\"noopener noreferrer\">animation<\/a>, <a href=\"http:\/\/hakilm.free.fr\/academie\/lc\/restaurer\/res\/restauration_cours.pdf\" target=\"_blank\" rel=\"noopener noreferrer\">PDF<\/a> ou <a href=\"https:\/\/peertube.lyceeconnecte.fr\/videos\/watch\/afd7ef0f-baed-4a49-9382-c90dde808f28\" target=\"_blank\" rel=\"noopener noreferrer\">vid\u00e9o<\/a><\/span><span style=\"font-family: trebuchet ms, geneva, sans-serif\">)<\/span><\/p>\n<p><span style=\"font-family: trebuchet ms, geneva, sans-serif\"><strong>Tuto n\u00b05<\/strong> : <a href=\"https:\/\/ent2d.ac-bordeaux.fr\/disciplines\/biotechnologies-sante-social\/creation-dequations-dans-moodle\/\">ins\u00e9rer des \u00e9quations dans Moodle<\/a><\/span><\/p>\n<p><span style=\"font-family: trebuchet ms, geneva, sans-serif\"><strong>Tuto n\u00b06<\/strong> : mettre un cours en acc\u00e8s anonyme (<a href=\"http:\/\/hakilm.free.fr\/academie\/lc\/acces_anonyme\/index.html\" target=\"_blank\" rel=\"noopener noreferrer\">animation<\/a> ou&nbsp; <a href=\"https:\/\/ent2d.ac-bordeaux.fr\/disciplines\/biotechnologies-sante-social\/wp-content\/uploads\/sites\/66\/2020\/11\/acc\u00e8s-anonyme_cours.pdf\" target=\"_blank\" rel=\"noopener noreferrer\">PDF<\/a>). Cela permet \u00e0 des utilisateurs de Lyc\u00e9econnect\u00e9 de voir un cours sans y \u00eatre inscrit. Il est alors possible \u00e0 l&#8217;utilisateur anonyme de t\u00e9l\u00e9charger les ressources, faire les activit\u00e9s &#8216;H5P&#8217; et certains jeux mais pas de faire les activit\u00e9s &#8216;Test&#8217;.<\/span><br><span style=\"font-family: trebuchet ms, geneva, sans-serif\">Pour acc\u00e9der \u00e0 un cours avec acc\u00e8s anonyme, il suffit de connaitre son adresse internet&nbsp; et d&#8217;avoir un compte sur lyceeconnect\u00e9.<\/span><\/p>\n<p><strong>T<span style=\"font-family: trebuchet ms, geneva, sans-serif\">uto n\u00b07<\/span><\/strong><span style=\"font-family: trebuchet ms, geneva, sans-serif\"> : restaurer un cours Moodle \u00e0 partir d&#8217;un fichier .mbz (<a href=\"https:\/\/peertube.lyceeconnecte.fr\/videos\/watch\/b4815c5e-3197-4b03-9d84-66acd7d166cb\" target=\"_blank\" rel=\"noopener\">vid\u00e9o<\/a>)<\/span><\/p>\n<p><\/p>\n\n\n<ul class=\"wp-block-list\">\n<li><a href=\"https:\/\/dane.ac-bordeaux.fr\/wp-content\/uploads\/2020\/03\/MoodleV2-1.pdf\" target=\"_blank\" rel=\"noreferrer noopener\">Guide de survie Moodle <\/a>de la DANE de Bordeaux<\/li>\n\n\n\n<li><a rel=\"noreferrer noopener\" aria-label=\" (s\u2019ouvre dans un nouvel onglet)\" href=\"https:\/\/docs.moodle.org\/3x\/fr\/Accueil\" target=\"_blank\">Documentation officielle Moodle<\/a> (Moodle.org)<\/li>\n\n\n\n<li> PeerTube  : tutos vid\u00e9os <a rel=\"noreferrer noopener\" aria-label=\"Moodle (s\u2019ouvre dans un nouvel onglet)\" href=\"https:\/\/peertube.lyceeconnecte.fr\/search?search=moodle\" target=\"_blank\">Moodle<\/a> ou <a rel=\"noreferrer noopener\" aria-label=\"lyc\u00e9econnect\u00e9 (s\u2019ouvre dans un nouvel onglet)\" href=\"https:\/\/peertube.lyceeconnecte.fr\/search?search=lyc%C3%A9e%20connect%C3%A9\" target=\"_blank\">lyc\u00e9econnect\u00e9<\/a><\/li>\n<\/ul>\n\n\n<h4>Autres tutoriels<\/h4>\n<p><a href=\"https:\/\/dane.ac-bordeaux.fr\/tutos-lyccon\/\" target=\"_blank\" rel=\"noopener noreferrer\">Tous les Tutos Lyc\u00e9econnect\u00e9 de la DANE<\/a> (D\u00e9l\u00e9gation Acad\u00e9mique au Num\u00e9rique)<br>&#8211; <a href=\"https:\/\/dane.ac-bordeaux.fr\/wp-content\/uploads\/2020\/03\/webconf-lyccon-v2.pdf\" target=\"_blank\" rel=\"noopener noreferrer\">Webconf\u00e9rence<\/a><br>&#8211; <a href=\"https:\/\/dane.ac-bordeaux.fr\/wp-content\/uploads\/2019\/11\/Utiliser-le-me%CC%81diacentre-V02.pdf\" target=\"_blank\" rel=\"noopener noreferrer\">Utiliser le M\u00e9diacentre<\/a><br>&#8211; Wekan : outil de gestion de projets sur LC : <a href=\"https:\/\/peertube.lyceeconnecte.fr\/videos\/watch\/fb574a19-c07d-433e-97e9-34b70dcde19a\" target=\"_blank\" rel=\"noopener noreferrer\">vid\u00e9o de pr\u00e9sentation<\/a><\/p>\n<p><\/p>\n<h3>&nbsp;<\/h3>","protected":false},"excerpt":{"rendered":"<p>Moodle Tuto n\u00b01 : d\u00e9couvrir Moodle (animation ou PDF) Tuto n\u00b02 : cr\u00e9er un cours Moodle (animation ou PDF) Tuto<\/p>\n","protected":false},"author":657,"featured_media":4833,"parent":0,"menu_order":0,"comment_status":"closed","ping_status":"closed","template":"","meta":{"_bbp_topic_count":0,"_bbp_reply_count":0,"_bbp_total_topic_count":0,"_bbp_total_reply_count":0,"_bbp_voice_count":0,"_bbp_anonymous_reply_count":0,"_bbp_topic_count_hidden":0,"_bbp_reply_count_hidden":0,"_bbp_forum_subforum_count":0,"footnotes":""},"class_list":["post-1868","page","type-page","status-publish","has-post-thumbnail","hentry"],"_links":{"self":[{"href":"https:\/\/ent2d.ac-bordeaux.fr\/disciplines\/biotechnologies-sante-social\/wp-json\/wp\/v2\/pages\/1868","targetHints":{"allow":["GET"]}}],"collection":[{"href":"https:\/\/ent2d.ac-bordeaux.fr\/disciplines\/biotechnologies-sante-social\/wp-json\/wp\/v2\/pages"}],"about":[{"href":"https:\/\/ent2d.ac-bordeaux.fr\/disciplines\/biotechnologies-sante-social\/wp-json\/wp\/v2\/types\/page"}],"author":[{"embeddable":true,"href":"https:\/\/ent2d.ac-bordeaux.fr\/disciplines\/biotechnologies-sante-social\/wp-json\/wp\/v2\/users\/657"}],"replies":[{"embeddable":true,"href":"https:\/\/ent2d.ac-bordeaux.fr\/disciplines\/biotechnologies-sante-social\/wp-json\/wp\/v2\/comments?post=1868"}],"version-history":[{"count":41,"href":"https:\/\/ent2d.ac-bordeaux.fr\/disciplines\/biotechnologies-sante-social\/wp-json\/wp\/v2\/pages\/1868\/revisions"}],"predecessor-version":[{"id":4834,"href":"https:\/\/ent2d.ac-bordeaux.fr\/disciplines\/biotechnologies-sante-social\/wp-json\/wp\/v2\/pages\/1868\/revisions\/4834"}],"wp:featuredmedia":[{"embeddable":true,"href":"https:\/\/ent2d.ac-bordeaux.fr\/disciplines\/biotechnologies-sante-social\/wp-json\/wp\/v2\/media\/4833"}],"wp:attachment":[{"href":"https:\/\/ent2d.ac-bordeaux.fr\/disciplines\/biotechnologies-sante-social\/wp-json\/wp\/v2\/media?parent=1868"}],"curies":[{"name":"wp","href":"https:\/\/api.w.org\/{rel}","templated":true}]}}