{"id":1533,"date":"2019-04-30T23:58:31","date_gmt":"2019-04-30T21:58:31","guid":{"rendered":"https:\/\/ent2d.ac-bordeaux.fr\/disciplines\/biotechnologies-sante-social\/?page_id=1533"},"modified":"2023-11-12T16:52:33","modified_gmt":"2023-11-12T15:52:33","slug":"dut-post-stl-b","status":"publish","type":"page","link":"https:\/\/ent2d.ac-bordeaux.fr\/disciplines\/biotechnologies-sante-social\/dut-post-stl-b\/","title":{"rendered":"BUT post STL-B"},"content":{"rendered":"\n<p><strong>Toutes les infos sur le BUT G\u00e9nie Biologique sur ce site :<a href=\"http:\/\/dut-geniebiologique.com\/\" target=\"_blank\" rel=\"noreferrer noopener\"> ACD GB<\/a><\/strong><\/p>\n\n\n<table width=\"90%\" cellspacing=\"0\" cellpadding=\"4\">\n<colgroup>\n<col width=\"459\"> <\/colgroup>\n<colgroup>\n<col width=\"460\"> <\/colgroup>\n<colgroup>\n<col width=\"54\">\n<col width=\"170\"> <\/colgroup>\n<tbody>\n<tr style=\"background-color: #0051ff\">\n<td style=\"background-color: #289dcc;text-align: center;vertical-align: middle\" width=\"459\"><strong><span style=\"color: #ffffff\"><span style=\"font-family: Trebuchet MS, sans-serif\">Intitul\u00e9 (liens site ONISEP)<\/span><\/span><\/strong><\/td>\n<td style=\"background-color: #289dcc;text-align: center;vertical-align: middle\" width=\"460\"><span style=\"color: #ffffff\"><strong><span style=\"font-family: Trebuchet MS, sans-serif\">Ville, Universit\u00e9<\/span><\/strong><\/span><\/td>\n<td style=\"background-color: #ffffff;width: 54px;text-align: center;vertical-align: middle\" width=\"54\">&nbsp;<\/td>\n<td style=\"background-color: #289dcc;text-align: center;vertical-align: middle\" bgcolor=\"#729fcf\" width=\"170\"><span style=\"color: #ffffff\"><span style=\"font-family: Trebuchet MS, sans-serif\"><b>&nbsp; Poursuites d\u2019\u00e9tudes<br>Post STL-B<\/b><\/span><\/span><\/td>\n<\/tr>\n<tr>\n<td style=\"border-color: currentcolor currentcolor #000000 #000000;border-style: none none solid solid;border-width: medium medium 1px 1px;padding: 0cm 0cm 0.1cm 0.1cm;width: 459px;vertical-align: middle\" width=\"459\"><span style=\"font-family: Trebuchet MS, sans-serif\">BUT G\u00e9nie Biologique <\/span><strong><span style=\"font-family: Trebuchet MS, sans-serif\">&#8211; <\/span><span style=\"font-family: Trebuchet MS, sans-serif\">Sciences de l&#8217;aliment et biotechnologie<\/span><\/strong><\/td>\n<td style=\"border-top: none;border-bottom: 1px solid #000000;border-left: 1px solid #000000;border-right: 1px solid #000000;padding: 0cm 0.1cm 0.1cm 0.1cm\" width=\"460\"><span style=\"font-family: Trebuchet MS, sans-serif\">Mont de Marsan (40), <a href=\"https:\/\/iutpa.univ-pau.fr\/fr\/formations\/offre-de-formation\/bachelor-universitaire-de-technologie-but-BUT\/sciences-technologies-sante-STS\/b-u-t-genie-biologique-parcours-sciences-de-l-aliment-et-biotechnologie-KKZOGE50.html\" target=\"_blank\" rel=\"noopener noreferrer\">page de l&#8217;IUT Mont de Marsan (UPPA)<\/a><\/span><p><\/p>\n<p><strong><span style=\"font-family: trebuchet ms, geneva, sans-serif\">P\u00e9rigueux (24), <\/span><\/strong><span style=\"font-family: trebuchet ms, geneva, sans-serif\"><a href=\"https:\/\/jechoisis.u-bordeaux.fr\/choisir\/sciences-et-technologies\/1096\/genie-biologique-sciences-de-laliment-et-biotechnologie\" target=\"_blank\" rel=\"noopener noreferrer\"><strong>page de l&#8217;IUT de Bordeaux<\/strong><\/a><\/span><\/p>\n<\/td>\n<td style=\"border: none;padding: 0cm\" width=\"54\">&nbsp;<\/td>\n<td style=\"border-color: currentcolor #000000 #000000;border-style: none solid solid;border-width: medium 1px 1px;padding: 0cm 0.1cm 0.1cm;width: 170px;vertical-align: middle\" rowspan=\"5\" valign=\"top\" width=\"170\"><a href=\"https:\/\/ent2d.ac-bordeaux.fr\/disciplines\/biotechnologies-sante-social\/post-bac-2\/bts-post-stl-biotechnologies\/\"><span style=\"font-family: Trebuchet MS, sans-serif\">BTS<\/span><\/a><p><\/p>\n<p><strong><span style=\"font-family: Trebuchet MS, sans-serif\">BUT<br><\/span><\/strong><\/p>\n<\/td>\n<\/tr>\n<tr>\n<td style=\"border-color: currentcolor currentcolor #000000 #000000;border-style: none none solid solid;border-width: medium medium 1px 1px;padding: 0cm 0cm 0.1cm 0.1cm;width: 459px;vertical-align: middle\" width=\"459\"><span style=\"font-family: Trebuchet MS, sans-serif\">BUT G\u00e9nie biologique &#8211; <strong>Agronomie<\/strong> <\/span><\/td>\n<td style=\"border-top: none;border-bottom: 1px solid #000000;border-left: 1px solid #000000;border-right: 1px solid #000000;padding: 0cm 0.1cm 0.1cm 0.1cm\" width=\"460\"><span style=\"font-family: Trebuchet MS, sans-serif\">P\u00e9rigueux (24), <a href=\"https:\/\/jechoisis.u-bordeaux.fr\/choisir\/sciences-et-technologies\/1096\/genie-biologique\" target=\"_blank\" rel=\"noopener noreferrer\">page de l&#8217;IUT de Bordeaux<\/a><\/span><\/td>\n<td style=\"border: none;padding: 0cm\" width=\"54\">&nbsp;<\/td>\n<\/tr>\n<tr>\n<td style=\"border-color: currentcolor currentcolor #000000 #000000;border-style: none none solid solid;border-width: medium medium 1px 1px;padding: 0cm 0cm 0.1cm 0.1cm;width: 459px;vertical-align: middle\" width=\"459\"><span style=\"font-family: Trebuchet MS, sans-serif\">BUT G\u00e9nie biologique &#8211; <strong>Di\u00e9t\u00e9tique et nutrition<\/strong><\/span><\/td>\n<td style=\"border-top: none;border-bottom: 1px solid #000000;border-left: 1px solid #000000;border-right: 1px solid #000000;padding: 0cm 0.1cm 0.1cm 0.1cm\" width=\"460\"><span style=\"font-family: Trebuchet MS, sans-serif\">P\u00e9rigueux (24), <a href=\"https:\/\/jechoisis.u-bordeaux.fr\/choisir\/sciences-et-technologies\/1096\/genie-biologique-dietetique-et-nutrition\" target=\"_blank\" rel=\"noopener noreferrer\">page de l&#8217;IUT de Bordeaux<\/a><\/span><\/td>\n<td style=\"border: none;padding: 0cm\" width=\"54\">&nbsp;<\/td>\n<\/tr>\n<tr>\n<td style=\"border-top: none;border-bottom: 1px solid #000000;border-left: 1px solid #000000;border-right: none;padding: 0cm 0cm 0.1cm 0.1cm\" width=\"459\"><span style=\"font-family: Trebuchet MS, sans-serif\">BUT G\u00e9nie biologique &#8211;<br><strong>Biologie m\u00e9dicale et biotechnologie<\/strong><\/span><\/td>\n<td style=\"border-color: currentcolor #000000 #000000;border-style: none solid solid;border-width: medium 1px 1px;padding: 0cm 0.1cm 0.1cm;width: 460px;vertical-align: middle\" width=\"460\"><span style=\"font-family: Trebuchet MS, sans-serif\">Hors acad\u00e9mie (<a href=\"https:\/\/www.iut-larochelle.fr\/formations\/departement-genie-biologique\/but-genie-biologique\/\" target=\"_blank\" rel=\"noopener noreferrer\">La Rochelle<\/a>, &#8230;)<br><\/span><\/td>\n<td style=\"border: none;padding: 0cm\" width=\"54\">&nbsp;<\/td>\n<\/tr>\n<tr>\n<td style=\"border-top: none;border-bottom: 1px solid #000000;border-left: 1px solid #000000;border-right: none;padding: 0cm 0cm 0.1cm 0.1cm\" width=\"459\"><span style=\"font-family: Trebuchet MS, sans-serif\">BUT G\u00e9nie biologique &#8211; Sciences de l&#8217;environnement et \u00e9cotechnologies <\/span><\/td>\n<td style=\"border-top: none;border-bottom: 1px solid #000000;border-left: 1px solid #000000;border-right: 1px solid #000000;padding: 0cm 0.1cm 0.1cm 0.1cm\" width=\"460\"><span style=\"font-family: Trebuchet MS, sans-serif\">Hors acad\u00e9mie (<a href=\"https:\/\/www.onisep.fr\/Ressources\/Univers-Postbac\/Postbac\/Auvergne-Rhone-Alpes\/Cantal\/iut-de-clermont-ferrand-antenne-d-aurillac-universite-clermont-auvergne\/but-genie-biologique\" target=\"_blank\" rel=\"noopener noreferrer\">Aurillac<\/a>, <a href=\"https:\/\/iutlaroche.univ-nantes.fr\/formation\/nos-formations\/dut-genie-biologique-option-genie-de-lenvironnement\" target=\"_blank\" rel=\"noopener noreferrer\">Universit\u00e9 de Nantes<\/a>, &#8230;)<br><\/span><\/td>\n<td style=\"border: none;padding: 0cm\" width=\"54\">&nbsp;<\/td>\n<\/tr>\n<\/tbody>\n<\/table>\n\n<iframe loading=\"lazy\" src=\"https:\/\/www.google.com\/maps\/d\/embed?mid=1qrf1CLFirdCfwqo2V8nR76wBUhFw8oWZ\" title=\"\" width=\"100%\" height=\"450\" scrolling=\"yes\" frameborder=\"0\" marginheight=\"0\" allowFullScreen=\"true\"><a href=\"https:\/\/www.google.com\/maps\/d\/embed?mid=1qrf1CLFirdCfwqo2V8nR76wBUhFw8oWZ\" target=\"_blank\">https:\/\/www.google.com\/maps\/d\/embed?mid=1qrf1CLFirdCfwqo2V8nR76wBUhFw8oWZ<\/a><\/iframe>\n","protected":false},"excerpt":{"rendered":"<p>Toutes les infos sur le BUT G\u00e9nie Biologique sur ce site : ACD GB Intitul\u00e9 (liens site ONISEP) Ville, Universit\u00e9<\/p>\n","protected":false},"author":657,"featured_media":4829,"parent":0,"menu_order":0,"comment_status":"closed","ping_status":"closed","template":"","meta":{"_bbp_topic_count":0,"_bbp_reply_count":0,"_bbp_total_topic_count":0,"_bbp_total_reply_count":0,"_bbp_voice_count":0,"_bbp_anonymous_reply_count":0,"_bbp_topic_count_hidden":0,"_bbp_reply_count_hidden":0,"_bbp_forum_subforum_count":0,"footnotes":""},"class_list":["post-1533","page","type-page","status-publish","has-post-thumbnail","hentry"],"_links":{"self":[{"href":"https:\/\/ent2d.ac-bordeaux.fr\/disciplines\/biotechnologies-sante-social\/wp-json\/wp\/v2\/pages\/1533","targetHints":{"allow":["GET"]}}],"collection":[{"href":"https:\/\/ent2d.ac-bordeaux.fr\/disciplines\/biotechnologies-sante-social\/wp-json\/wp\/v2\/pages"}],"about":[{"href":"https:\/\/ent2d.ac-bordeaux.fr\/disciplines\/biotechnologies-sante-social\/wp-json\/wp\/v2\/types\/page"}],"author":[{"embeddable":true,"href":"https:\/\/ent2d.ac-bordeaux.fr\/disciplines\/biotechnologies-sante-social\/wp-json\/wp\/v2\/users\/657"}],"replies":[{"embeddable":true,"href":"https:\/\/ent2d.ac-bordeaux.fr\/disciplines\/biotechnologies-sante-social\/wp-json\/wp\/v2\/comments?post=1533"}],"version-history":[{"count":59,"href":"https:\/\/ent2d.ac-bordeaux.fr\/disciplines\/biotechnologies-sante-social\/wp-json\/wp\/v2\/pages\/1533\/revisions"}],"predecessor-version":[{"id":4831,"href":"https:\/\/ent2d.ac-bordeaux.fr\/disciplines\/biotechnologies-sante-social\/wp-json\/wp\/v2\/pages\/1533\/revisions\/4831"}],"wp:featuredmedia":[{"embeddable":true,"href":"https:\/\/ent2d.ac-bordeaux.fr\/disciplines\/biotechnologies-sante-social\/wp-json\/wp\/v2\/media\/4829"}],"wp:attachment":[{"href":"https:\/\/ent2d.ac-bordeaux.fr\/disciplines\/biotechnologies-sante-social\/wp-json\/wp\/v2\/media?parent=1533"}],"curies":[{"name":"wp","href":"https:\/\/api.w.org\/{rel}","templated":true}]}}