{"id":1400,"date":"2019-04-28T11:13:01","date_gmt":"2019-04-28T09:13:01","guid":{"rendered":"https:\/\/ent2d.ac-bordeaux.fr\/disciplines\/biotechnologies-sante-social\/?page_id=1400"},"modified":"2023-11-12T16:52:08","modified_gmt":"2023-11-12T15:52:08","slug":"bts-post-stl-biotechnologies","status":"publish","type":"page","link":"https:\/\/ent2d.ac-bordeaux.fr\/disciplines\/biotechnologies-sante-social\/bts-post-stl-biotechnologies\/","title":{"rendered":"BTS Post-STL Biotechnologies"},"content":{"rendered":"\n<p>Apr\u00e8s le bac STL (voir aussi le site de l&#8217;<a href=\"http:\/\/www.onisep.fr\/Choisir-mes-etudes\/Apres-le-bac\/Que-faire-apres-le-bac\/Que-faire-apres-le-bac-STL-sciences-et-technologies-de-laboratoire\/Les-BTS-DUT-et-DEUST-apres-le-bac-STL\" target=\"_blank\" rel=\"noreferrer noopener\" aria-label=\"ONISEP (s\u2019ouvre dans un nouvel onglet)\">ONISEP<\/a>)<\/p>\n\n\n\n<table width=\"90%\" cellspacing=\"0\"><colgroup> <col width=\"103*\"> <\/colgroup> <colgroup> <col width=\"92*\"> <\/colgroup> <colgroup> <col width=\"11*\"> <col width=\"50*\"> <\/colgroup>\n<tbody>\n<tr style=\"background-color: #5594f2\">\n<td style=\"background-color: #289dcc;text-align: center;vertical-align: middle\" width=\"40%\">\n<p><span style=\"color: #ffffff\"><strong><span style=\"font-family: Trebuchet MS, sans-serif\">Intitul\u00e9 (liens site ONISEP)<\/span><\/strong><\/span><\/p>\n<\/td>\n<td style=\"background-color: #289dcc;text-align: center;vertical-align: middle\" width=\"36%\">\n<p><span style=\"color: #ffffff\"><strong><span style=\"font-family: Trebuchet MS, sans-serif\">Ville, Lyc\u00e9e <\/span><\/strong><\/span><\/p>\n<\/td>\n<td style=\"background-color: #ffffff;width: 4%;text-align: center;vertical-align: middle\" width=\"4%\">\n<p>&nbsp;<\/p>\n<\/td>\n<td style=\"background-color: #289dcc;text-align: center;vertical-align: middle\" width=\"19%\" bgcolor=\"#729fcf\">\n<p style=\"text-align: center\"><span style=\"color: #ffffff\"><span style=\"font-family: Trebuchet MS, sans-serif\"><b>Poursuites d\u2019\u00e9tudes<br>Post STL-B<\/b><\/span><\/span><\/p>\n<\/td>\n<\/tr>\n<tr>\n<td style=\"border-color: currentcolor currentcolor #000000 #000000;border-style: none none solid solid;border-width: medium medium 1px 1px;padding: 0cm 0cm 0.1cm 0.1cm;width: 40%;vertical-align: middle\" width=\"40%\">\n<p><span style=\"font-family: Trebuchet MS, sans-serif\"><a href=\"http:\/\/www.onisep.fr\/Ressources\/Univers-Formation\/Formations\/Post-bac\/BTS-Analyses-de-biologie-medicale\/\" target=\"_blank\" rel=\"noopener noreferrer\" data-slimstat=\"5\">BTS Analyses de biologie m\u00e9dicale (ABM)<\/a> <\/span><\/p>\n<\/td>\n<td style=\"border-color: currentcolor #000000 #000000;border-style: none solid solid;border-width: medium 1px 1px;padding: 0cm 0.1cm 0.1cm;vertical-align: middle\" width=\"36%\">\n<p><span style=\"font-family: Trebuchet MS, sans-serif\">Bordeaux (33), <a href=\"http:\/\/www.lyceesaintlouis.fr\/\" target=\"_blank\" rel=\"noopener noreferrer\" data-slimstat=\"5\">Lyc\u00e9e Saint-Louis<\/a> <\/span><\/p>\n<\/td>\n<td style=\"border: none;padding: 0cm\" width=\"4%\">\n<p>&nbsp;<\/p>\n<\/td>\n<td style=\"border-color: currentcolor #000000 #000000;border-style: none solid solid;border-width: medium 1px 1px;padding: 0cm 0.1cm 0.1cm;width: 19%;vertical-align: middle\" rowspan=\"9\" width=\"19%\" valign=\"top\">\n<p><span style=\"font-family: Trebuchet MS, sans-serif\">BTS<br>&nbsp;\u2013 carte <a href=\"https:\/\/www.google.com\/maps\/d\/edit?mid=1nNt5S7s51KbAXSwGl-Ph_sh8WHERl29r&amp;ll=44.09618789055477%2C-0.4251461343750407&amp;z=8\" target=\"_blank\" rel=\"noopener noreferrer\" data-slimstat=\"5\">BTS publics<\/a><br>&nbsp;\u2013 carte <a href=\"https:\/\/www.google.com\/maps\/d\/edit?mid=14eNiJImrGPER8G9DtjY-ck7JkSN9Qs2z&amp;ll=44.09618789055477%2C-0.4251461343750407&amp;z=8\" target=\"_blank\" rel=\"noopener noreferrer\" data-slimstat=\"5\">BTS priv\u00e9s<\/a><br><\/span><\/p>\n<p><a href=\"https:\/\/ent2d.ac-bordeaux.fr\/disciplines\/biotechnologies-sante-social\/dut-post-stl-b\/\" data-slimstat=\"5\"><span style=\"font-family: Trebuchet MS, sans-serif\">BUT<\/span><\/a><\/p>\n<\/td>\n<\/tr>\n<tr>\n<td style=\"border-color: currentcolor currentcolor #000000 #000000;border-style: none none solid solid;border-width: medium medium 1px 1px;padding: 0cm 0cm 0.1cm 0.1cm;width: 40%;vertical-align: middle\" width=\"40%\">\n<p><a href=\"http:\/\/www.onisep.fr\/Ressources\/Univers-Formation\/Formations\/Post-bac\/BTS-Bioanalyses-et-controles\" target=\"_blank\" rel=\"noopener noreferrer\" data-slimstat=\"5\"><span style=\"font-family: Trebuchet MS, sans-serif\">BTS Bio Analyses et Contr\u00f4les (bioAC)<\/span><\/a><\/p>\n<\/td>\n<td style=\"border-color: currentcolor #000000 #000000;border-style: none solid solid;border-width: medium 1px 1px;padding: 0cm 0.1cm 0.1cm;width: 36%;vertical-align: middle\" width=\"36%\">\n<p style=\"margin-bottom: 0cm\"><span style=\"font-family: Trebuchet MS, sans-serif\">Bordeaux (33), <a href=\"http:\/\/www.lyceesaintlouis.fr\/\" target=\"_blank\" rel=\"noopener noreferrer\" data-slimstat=\"5\">Lyc\u00e9e Saint-Louis<\/a><\/span><\/p>\n<p><span style=\"font-family: Trebuchet MS, sans-serif\">Lescar (64), <a href=\"http:\/\/lyceejacquesmonod.fr\/\" target=\"_blank\" rel=\"noopener noreferrer\" data-slimstat=\"5\">lyc\u00e9e J. Monod<\/a> <\/span><\/p>\n<\/td>\n<td style=\"border: none;padding: 0cm\" width=\"4%\">\n<p>&nbsp;<\/p>\n<\/td>\n<\/tr>\n<tr>\n<td style=\"border-color: currentcolor currentcolor #000000 #000000;border-style: none none solid solid;border-width: medium medium 1px 1px;padding: 0cm 0cm 0.1cm 0.1cm;vertical-align: middle\" width=\"40%\">\n<p><span style=\"font-family: trebuchet ms, geneva, sans-serif\"><a href=\"http:\/\/www.onisep.fr\/Ressources\/Univers-Formation\/Formations\/Post-bac\/BTS-Biotechnologies\" target=\"_blank\" rel=\"noopener noreferrer\" data-slimstat=\"5\">BTS Biotechnologies<\/a><\/span><\/p>\n<\/td>\n<td style=\"border-color: currentcolor #000000 #000000;border-style: none solid solid;border-width: medium 1px 1px;padding: 0cm 0.1cm 0.1cm;vertical-align: middle\" width=\"36%\">\n<p><span style=\"font-family: trebuchet ms, geneva, sans-serif\">Bordeaux (33), <a href=\"http:\/\/www.lyceesaintlouis.fr\/\" target=\"_blank\" rel=\"noopener noreferrer\" data-slimstat=\"5\">Lyc\u00e9e Saint-Louis<\/a> <\/span><\/p>\n<\/td>\n<td style=\"border: none;padding: 0cm\" width=\"4%\">\n<p>&nbsp;<\/p>\n<\/td>\n<\/tr>\n<tr>\n<td style=\"border-color: currentcolor currentcolor #000000 #000000;border-style: none none solid solid;border-width: medium medium 1px 1px;padding: 0cm 0cm 0.1cm 0.1cm;width: 40%;vertical-align: middle\" width=\"40%\">\n<p><span style=\"font-family: trebuchet ms, geneva, sans-serif\"><a href=\"https:\/\/www.onisep.fr\/Ressources\/Univers-Formation\/Formations\/Post-bac\/bts-bioqualite-ex-qualite-dans-les-industries-alimentaires-et-les-bio-industries\" target=\"_blank\" rel=\"noopener noreferrer\" data-slimstat=\"5\">BTS Bioqualit\u00e9 (ex-QIAB)<\/a><\/span><\/p>\n<\/td>\n<td style=\"border-color: currentcolor #000000 #000000;border-style: none solid solid;border-width: medium 1px 1px;padding: 0cm 0.1cm 0.1cm;width: 36%;vertical-align: middle\" width=\"36%\">\n<p><span style=\"font-family: trebuchet ms, geneva, sans-serif\">Agen (47), <a href=\"http:\/\/lycee-palissy-agen.fr\/\" target=\"_blank\" rel=\"noopener noreferrer\" data-slimstat=\"5\">Lyc\u00e9e Bernard Palissy<\/a> <\/span><\/p>\n<\/td>\n<td style=\"border: none;padding: 0cm\" width=\"4%\">\n<p>&nbsp;<\/p>\n<\/td>\n<\/tr>\n<tr>\n<td style=\"border-color: currentcolor currentcolor #000000 #000000;border-style: none none solid solid;border-width: medium medium 1px 1px;padding: 0cm 0cm 0.1cm 0.1cm;width: 40%;vertical-align: middle\" width=\"40%\">\n<p><span style=\"font-family: trebuchet ms, geneva, sans-serif\"><a href=\"https:\/\/ent2d.ac-bordeaux.fr\/disciplines\/biotechnologies-sante-social\/bts-metiers-de-leau\/\" target=\"_blank\" rel=\"noopener noreferrer\" data-slimstat=\"5\">BTS M\u00e9tiers de l\u2019eau<\/a><\/span><\/p>\n<\/td>\n<td style=\"border-color: currentcolor #000000 #000000;border-style: none solid solid;border-width: medium 1px 1px;padding: 0cm 0.1cm 0.1cm;width: 36%;vertical-align: middle\" width=\"36%\">\n<p><span style=\"font-family: trebuchet ms, geneva, sans-serif\">Dax (40), <a href=\"https:\/\/lyc\u00e9edebordadax.org\/\" target=\"_blank\" rel=\"noopener noreferrer\" data-slimstat=\"5\">Lyc\u00e9e de Borda<\/a> <\/span><\/p>\n<\/td>\n<td style=\"border: none;padding: 0cm\" width=\"4%\">\n<p>&nbsp;<\/p>\n<\/td>\n<\/tr>\n<tr>\n<td style=\"border-color: currentcolor currentcolor #000000 #000000;border-style: none none solid solid;border-width: medium medium 1px 1px;padding: 0cm 0cm 0.1cm 0.1cm;width: 40%;vertical-align: middle\" width=\"40%\">\n<p><span style=\"font-family: trebuchet ms, geneva, sans-serif\"><a href=\"http:\/\/www.onisep.fr\/Ressources\/Univers-Formation\/Formations\/Post-bac\/BTS-Dietetique\" target=\"_blank\" rel=\"noopener noreferrer\" data-slimstat=\"5\">BTS di\u00e9t\u00e9tique<\/a> <\/span><\/p>\n<\/td>\n<td style=\"border-color: currentcolor #000000 #000000;border-style: none solid solid;border-width: medium 1px 1px;padding: 0cm 0.1cm 0.1cm;width: 36%;vertical-align: middle\" width=\"36%\">\n<p><span style=\"font-family: trebuchet ms, geneva, sans-serif\">Bordeaux (33), <a href=\"http:\/\/www.lyceesaintlouis.fr\/\" target=\"_blank\" rel=\"noopener noreferrer\" data-slimstat=\"5\">Lyc\u00e9e Saint-Louis<\/a><\/span><\/p>\n<\/td>\n<td style=\"border: none;padding: 0cm\" width=\"4%\">\n<p>&nbsp;<\/p>\n<\/td>\n<\/tr>\n<tr>\n<td style=\"border-color: currentcolor currentcolor #000000 #000000;border-style: none none solid solid;border-width: medium medium 1px 1px;padding: 0cm 0cm 0.1cm 0.1cm;width: 40%;vertical-align: middle\" width=\"40%\">\n<p><span style=\"font-family: trebuchet ms, geneva, sans-serif\"><a href=\"http:\/\/www.onisep.fr\/Ressources\/Univers-Formation\/Formations\/Post-bac\/BTS-Metiers-de-l-esthetique-cosmetique-parfumerie-option-C-cosmetologie\" data-slimstat=\"5\">BTS MECP opt C <\/a><\/span><\/p>\n<\/td>\n<td style=\"border-color: currentcolor #000000 #000000;border-style: none solid solid;border-width: medium 1px 1px;padding: 0cm 0.1cm 0.1cm;width: 36%;vertical-align: middle\" width=\"36%\">\n<p><span style=\"font-family: trebuchet ms, geneva, sans-serif\">Bordeaux (33), <a href=\"http:\/\/www.lyceesaintlouis.fr\/\" target=\"_blank\" rel=\"noopener noreferrer\" data-slimstat=\"5\">Lyc\u00e9e Saint-Louis<\/a><\/span><\/p>\n<\/td>\n<td style=\"border: none;padding: 0cm\" width=\"4%\">\n<p>&nbsp;<\/p>\n<\/td>\n<\/tr>\n<tr>\n<td style=\"border-color: currentcolor currentcolor #000000 #000000;border-style: none none solid solid;border-width: medium medium 1px 1px;padding: 0cm 0cm 0.1cm 0.1cm;width: 40%;vertical-align: middle\" width=\"40%\">\n<p><span style=\"font-family: trebuchet ms, geneva, sans-serif\"><a href=\"http:\/\/www.onisep.fr\/Ressources\/Univers-Formation\/Formations\/Post-bac\/DTS-Imagerie-medicale-et-radiologie-therapeutique\" target=\"_blank\" rel=\"noopener noreferrer\" data-slimstat=\"5\">DTS Imagerie m\u00e9dicale<\/a><\/span><\/p>\n<\/td>\n<td style=\"border-color: currentcolor #000000 #000000;border-style: none solid solid;border-width: medium 1px 1px;padding: 0cm 0.1cm 0.1cm;width: 36%;vertical-align: middle\" width=\"36%\">\n<p><span style=\"font-family: trebuchet ms, geneva, sans-serif\">P\u00e9rigueux (24) , <a href=\"http:\/\/lyceejaydebeaufort.fr\/\" target=\"_blank\" rel=\"noopener noreferrer\" data-slimstat=\"5\">Lyc\u00e9e Jay de Beaufort<\/a><\/span><\/p>\n<\/td>\n<td style=\"border: none;padding: 0cm\" width=\"4%\">\n<p>&nbsp;<\/p>\n<\/td>\n<\/tr>\n<tr>\n<td style=\"border-color: currentcolor currentcolor #000000 #000000;border-style: none none solid solid;border-width: medium medium 1px 1px;padding: 0cm 0.1cm 0.1cm;width: 40%;vertical-align: middle\" width=\"40%\">\n<p><span style=\"font-family: trebuchet ms, geneva, sans-serif\"><a href=\"http:\/\/www.onisep.fr\/Ressources\/Univers-Formation\/Formations\/Post-bac\/BTSA-Analyses-agricoles-biologiques-et-biotechnologiques\/\" target=\"_blank\" rel=\"noopener noreferrer\" data-slimstat=\"5\">BTSA Anabiotech<\/a><\/span><\/p>\n<\/td>\n\t<td style=\"border-top: none;border-bottom: 1px solid #000000;border-left: 1px solid #000000;border-right: 1px solid #000000;padding-top: 0cm;padding-bottom: 0.1cm;padding-left: 0.1cm;padding-right: 0.1cm\" width=\"36%\"><p>\n\t\t\t<font face=\"trebuchet ms, geneva, sans-serif\">\u2013 Hasparren (64),\n\t\t\t<a href=\"http:\/\/cfaa64.com\/bts-anabiotec\/\" target=\"_blank\" rel=\"noopener noreferrer\" data-slimstat=\"5\">CFA des\n\t\t\tpyr\u00e9e\u00e9es atlantiques<\/a><br>\n\u2013 Blanquefort (33),\n\t\t\t<a href=\"http:\/\/www.formagri33.com\/epl\/\" target=\"_blank\" rel=\"noopener noreferrer\" data-slimstat=\"5\">Lyc\u00e9e\n\t\t\tAgricole de Bordeaux<\/a><br>\n\u2013 Sainte-Livrade-sur-Lot <\/font><font face=\"trebuchet ms, geneva, sans-serif\">(<\/font><font face=\"trebuchet ms, geneva, sans-serif\">47<\/font><font face=\"trebuchet ms, geneva, sans-serif\">),\n\t\t\t<a href=\"https:\/\/www.agrocampus47.fr\/fr\/1\/30\/Presentation.html\" target=\"_blank\" rel=\"noopener noreferrer\" data-slimstat=\"5\">Lyc\u00e9e\n\t\t\tagricole De Sainte Livrade<\/a><br>\n\n\t\t<\/font><\/p><\/td>\n<td style=\"border: none;padding: 0cm\" width=\"4%\">\n<p>&nbsp;<\/p>\n<\/td>\n<\/tr>\n<\/tbody>\n<\/table>\n\n\n\n<div class=\"wp-block-columns is-layout-flex wp-container-core-columns-is-layout-28f84493 wp-block-columns-is-layout-flex\">\n<div class=\"wp-block-column is-layout-flow wp-block-column-is-layout-flow\"><iframe loading=\"lazy\" src=\"https:\/\/www.google.com\/maps\/d\/embed?mid=1nNt5S7s51KbAXSwGl-Ph_sh8WHERl29r\" title=\"\" width=\"640\" height=\"450\" scrolling=\"yes\" frameborder=\"0\" marginheight=\"0\" allowFullScreen=\"true\"><a href=\"https:\/\/www.google.com\/maps\/d\/embed?mid=1nNt5S7s51KbAXSwGl-Ph_sh8WHERl29r\" target=\"_blank\">https:\/\/www.google.com\/maps\/d\/embed?mid=1nNt5S7s51KbAXSwGl-Ph_sh8WHERl29r<\/a><\/iframe>\n<\/div>\n\n\n\n<div class=\"wp-block-column is-layout-flow wp-block-column-is-layout-flow\"><iframe loading=\"lazy\" src=\"https:\/\/www.google.com\/maps\/d\/embed?mid=14eNiJImrGPER8G9DtjY-ck7JkSN9Qs2z\" title=\"\" width=\"640\" height=\"480\" scrolling=\"yes\" frameborder=\"0\" marginheight=\"0\" allowFullScreen=\"true\"><a href=\"https:\/\/www.google.com\/maps\/d\/embed?mid=14eNiJImrGPER8G9DtjY-ck7JkSN9Qs2z\" target=\"_blank\">https:\/\/www.google.com\/maps\/d\/embed?mid=14eNiJImrGPER8G9DtjY-ck7JkSN9Qs2z<\/a><\/iframe>\n<\/div>\n<\/div>\n","protected":false},"excerpt":{"rendered":"<p>Apr\u00e8s le bac STL (voir aussi le site de l&#8217;ONISEP) Intitul\u00e9 (liens site ONISEP) Ville, Lyc\u00e9e &nbsp; Poursuites d\u2019\u00e9tudesPost STL-B<\/p>\n","protected":false},"author":657,"featured_media":4829,"parent":0,"menu_order":0,"comment_status":"closed","ping_status":"closed","template":"","meta":{"_bbp_topic_count":0,"_bbp_reply_count":0,"_bbp_total_topic_count":0,"_bbp_total_reply_count":0,"_bbp_voice_count":0,"_bbp_anonymous_reply_count":0,"_bbp_topic_count_hidden":0,"_bbp_reply_count_hidden":0,"_bbp_forum_subforum_count":0,"footnotes":""},"class_list":["post-1400","page","type-page","status-publish","has-post-thumbnail","hentry"],"_links":{"self":[{"href":"https:\/\/ent2d.ac-bordeaux.fr\/disciplines\/biotechnologies-sante-social\/wp-json\/wp\/v2\/pages\/1400","targetHints":{"allow":["GET"]}}],"collection":[{"href":"https:\/\/ent2d.ac-bordeaux.fr\/disciplines\/biotechnologies-sante-social\/wp-json\/wp\/v2\/pages"}],"about":[{"href":"https:\/\/ent2d.ac-bordeaux.fr\/disciplines\/biotechnologies-sante-social\/wp-json\/wp\/v2\/types\/page"}],"author":[{"embeddable":true,"href":"https:\/\/ent2d.ac-bordeaux.fr\/disciplines\/biotechnologies-sante-social\/wp-json\/wp\/v2\/users\/657"}],"replies":[{"embeddable":true,"href":"https:\/\/ent2d.ac-bordeaux.fr\/disciplines\/biotechnologies-sante-social\/wp-json\/wp\/v2\/comments?post=1400"}],"version-history":[{"count":55,"href":"https:\/\/ent2d.ac-bordeaux.fr\/disciplines\/biotechnologies-sante-social\/wp-json\/wp\/v2\/pages\/1400\/revisions"}],"predecessor-version":[{"id":4325,"href":"https:\/\/ent2d.ac-bordeaux.fr\/disciplines\/biotechnologies-sante-social\/wp-json\/wp\/v2\/pages\/1400\/revisions\/4325"}],"wp:featuredmedia":[{"embeddable":true,"href":"https:\/\/ent2d.ac-bordeaux.fr\/disciplines\/biotechnologies-sante-social\/wp-json\/wp\/v2\/media\/4829"}],"wp:attachment":[{"href":"https:\/\/ent2d.ac-bordeaux.fr\/disciplines\/biotechnologies-sante-social\/wp-json\/wp\/v2\/media?parent=1400"}],"curies":[{"name":"wp","href":"https:\/\/api.w.org\/{rel}","templated":true}]}}