{"id":1231,"date":"2026-03-25T11:13:16","date_gmt":"2026-03-25T10:13:16","guid":{"rendered":"https:\/\/ent2d.ac-bordeaux.fr\/disciplines\/arts-plastiques\/?page_id=1231"},"modified":"2026-03-25T11:13:16","modified_gmt":"2026-03-25T10:13:16","slug":"ressources-numeriques","status":"publish","type":"page","link":"https:\/\/ent2d.ac-bordeaux.fr\/disciplines\/arts-plastiques\/ressources-numeriques\/","title":{"rendered":"Ressources num\u00e9riques"},"content":{"rendered":"\n<div data-wp-interactive=\"core\/file\" class=\"wp-block-file\"><object data-wp-bind--hidden=\"!state.hasPdfPreview\" hidden class=\"wp-block-file__embed\" data=\"https:\/\/ent2d.ac-bordeaux.fr\/disciplines\/arts-plastiques\/wp-content\/uploads\/sites\/26\/2026\/03\/ressources-numeriques-.pdf\" type=\"application\/pdf\" style=\"width:100%;height:600px\" aria-label=\"Contenu embarqu\u00e9 ressources numeriques.\"><\/object><a id=\"wp-block-file--media-3389a531-30eb-4389-bea3-675295fad051\" href=\"https:\/\/ent2d.ac-bordeaux.fr\/disciplines\/arts-plastiques\/wp-content\/uploads\/sites\/26\/2026\/03\/ressources-numeriques-.pdf\">ressources numeriques<\/a><a href=\"https:\/\/ent2d.ac-bordeaux.fr\/disciplines\/arts-plastiques\/wp-content\/uploads\/sites\/26\/2026\/03\/ressources-numeriques-.pdf\" class=\"wp-block-file__button wp-element-button\" download aria-describedby=\"wp-block-file--media-3389a531-30eb-4389-bea3-675295fad051\">T\u00e9l\u00e9charger<\/a><\/div>\n\n\n\n<p>Ce document rassemble une s\u00e9lection de ressources num\u00e9riques \u2014 podcasts, vid\u00e9os, conf\u00e9rences, MOOC \u2014 destin\u00e9es \u00e0 nourrir la r\u00e9flexion autour de l\u2019axe&nbsp;<em>\u00ab L\u2019art, les sciences et les technologies : dialogue ou hybridation ? \u00bb<\/em>. Pens\u00e9es pour accompagner aussi bien les enseignants que les \u00e9l\u00e8ves, ces ressources offrent des points de vue vari\u00e9s et accessibles sur les multiples relations entre cr\u00e9ation artistique, innovation scientifique et technologies \u00e9mergentes. Elles invitent \u00e0 explorer comment ces domaines se rencontrent, se compl\u00e8tent, s\u2019influencent et parfois se transforment mutuellement.<br>Que ce soit pour enrichir vos cours, ouvrir des pistes de projets ou simplement \u00e9veiller la curiosit\u00e9, ce corpus se veut un support souple et inspirant pour approfondir ces enjeux contemporains.<\/p>\n\n\n\n<div data-wp-interactive=\"core\/file\" class=\"wp-block-file\"><object data-wp-bind--hidden=\"!state.hasPdfPreview\" hidden class=\"wp-block-file__embed\" data=\"https:\/\/ent2d.ac-bordeaux.fr\/disciplines\/arts-plastiques\/wp-content\/uploads\/sites\/26\/2025\/11\/ressources-art-sciences-et-technologies.pdf\" type=\"application\/pdf\" style=\"width:100%;height:600px\" aria-label=\"Contenu embarqu\u00e9 ressources art sciences et technologies.\"><\/object><a id=\"wp-block-file--media-45dee009-ef94-4599-b25c-8dcebddb6e34\" href=\"https:\/\/ent2d.ac-bordeaux.fr\/disciplines\/arts-plastiques\/wp-content\/uploads\/sites\/26\/2025\/11\/ressources-art-sciences-et-technologies.pdf\">ressources art sciences et technologies<\/a><a href=\"https:\/\/ent2d.ac-bordeaux.fr\/disciplines\/arts-plastiques\/wp-content\/uploads\/sites\/26\/2025\/11\/ressources-art-sciences-et-technologies.pdf\" class=\"wp-block-file__button wp-element-button\" download aria-describedby=\"wp-block-file--media-45dee009-ef94-4599-b25c-8dcebddb6e34\">T\u00e9l\u00e9charger<\/a><\/div>\n\n\n\n<div data-wp-interactive=\"core\/file\" class=\"wp-block-file\"><object data-wp-bind--hidden=\"!state.hasPdfPreview\" hidden class=\"wp-block-file__embed\" data=\"https:\/\/ent2d.ac-bordeaux.fr\/disciplines\/arts-plastiques\/wp-content\/uploads\/sites\/26\/2025\/06\/cr_se_minaire_ian_ap_comm_on_lab_la_rochelle_2025-1.pdf\" type=\"application\/pdf\" style=\"width:100%;height:600px\" aria-label=\"Contenu embarqu\u00e9 cr_se_minaire_ian_ap_comm_on_lab_la_rochelle_2025 (1).\"><\/object><a id=\"wp-block-file--media-885bdc3b-fd66-43e5-b877-a741a81feb08\" href=\"https:\/\/ent2d.ac-bordeaux.fr\/disciplines\/arts-plastiques\/wp-content\/uploads\/sites\/26\/2025\/06\/cr_se_minaire_ian_ap_comm_on_lab_la_rochelle_2025-1.pdf\">cr_se_minaire_ian_ap_comm_on_lab_la_rochelle_2025 (1)<\/a><a href=\"https:\/\/ent2d.ac-bordeaux.fr\/disciplines\/arts-plastiques\/wp-content\/uploads\/sites\/26\/2025\/06\/cr_se_minaire_ian_ap_comm_on_lab_la_rochelle_2025-1.pdf\" class=\"wp-block-file__button wp-element-button\" download aria-describedby=\"wp-block-file--media-885bdc3b-fd66-43e5-b877-a741a81feb08\">T\u00e9l\u00e9charger<\/a><\/div>\n\n\n\n<div data-wp-interactive=\"core\/file\" class=\"wp-block-file\"><object data-wp-bind--hidden=\"!state.hasPdfPreview\" hidden class=\"wp-block-file__embed\" data=\"https:\/\/ent2d.ac-bordeaux.fr\/disciplines\/arts-plastiques\/wp-content\/uploads\/sites\/26\/2025\/03\/charte-utilisation-IA.pdf\" type=\"application\/pdf\" style=\"width:100%;height:600px\" aria-label=\"Contenu embarqu\u00e9 charte utilisation IA.\"><\/object><a id=\"wp-block-file--media-e1f0331f-4957-40b0-bf7f-56e55d925023\" href=\"https:\/\/ent2d.ac-bordeaux.fr\/disciplines\/arts-plastiques\/wp-content\/uploads\/sites\/26\/2025\/03\/charte-utilisation-IA.pdf\">charte utilisation IA<\/a><a href=\"https:\/\/ent2d.ac-bordeaux.fr\/disciplines\/arts-plastiques\/wp-content\/uploads\/sites\/26\/2025\/03\/charte-utilisation-IA.pdf\" class=\"wp-block-file__button wp-element-button\" download aria-describedby=\"wp-block-file--media-e1f0331f-4957-40b0-bf7f-56e55d925023\">T\u00e9l\u00e9charger<\/a><\/div>\n\n\n\n<figure class=\"wp-block-image size-full\"><a href=\"https:\/\/ent2d.ac-bordeaux.fr\/disciplines\/arts-plastiques\/wp-content\/uploads\/sites\/26\/2023\/11\/ressources-nume\u0301riques.pdf\" target=\"_blank\" rel=\"noreferrer noopener\"><img loading=\"lazy\" decoding=\"async\" width=\"862\" height=\"644\" src=\"https:\/\/ent2d.ac-bordeaux.fr\/disciplines\/arts-plastiques\/wp-content\/uploads\/sites\/26\/2023\/11\/ressources-numeriques.jpg\" alt=\"En lien, des ressources vers des vid\u00e9os, articles et podcasts\" class=\"wp-image-1241\" srcset=\"https:\/\/ent2d.ac-bordeaux.fr\/disciplines\/arts-plastiques\/wp-content\/uploads\/sites\/26\/2023\/11\/ressources-numeriques.jpg 862w, https:\/\/ent2d.ac-bordeaux.fr\/disciplines\/arts-plastiques\/wp-content\/uploads\/sites\/26\/2023\/11\/ressources-numeriques-300x224.jpg 300w, https:\/\/ent2d.ac-bordeaux.fr\/disciplines\/arts-plastiques\/wp-content\/uploads\/sites\/26\/2023\/11\/ressources-numeriques-768x574.jpg 768w\" sizes=\"auto, (max-width: 862px) 100vw, 862px\" \/><\/a><\/figure>\n\n\n\n<div data-wp-interactive=\"core\/file\" class=\"wp-block-file\"><object data-wp-bind--hidden=\"!state.hasPdfPreview\" hidden class=\"wp-block-file__embed\" data=\"https:\/\/ent2d.ac-bordeaux.fr\/disciplines\/arts-plastiques\/wp-content\/uploads\/sites\/26\/2025\/03\/ressources-nume\u0301riques-1.pdf\" type=\"application\/pdf\" style=\"width:100%;height:600px\" aria-label=\"Contenu embarqu\u00e9 ressources-nume\u0301riques-1.\"><\/object><a id=\"wp-block-file--media-4f8ad336-bf25-4edb-925f-64c3242ad698\" href=\"https:\/\/ent2d.ac-bordeaux.fr\/disciplines\/arts-plastiques\/wp-content\/uploads\/sites\/26\/2025\/03\/ressources-nume\u0301riques-1.pdf\">ressources-nume\u0301riques-1<\/a><a href=\"https:\/\/ent2d.ac-bordeaux.fr\/disciplines\/arts-plastiques\/wp-content\/uploads\/sites\/26\/2025\/03\/ressources-nume\u0301riques-1.pdf\" class=\"wp-block-file__button wp-element-button\" download aria-describedby=\"wp-block-file--media-4f8ad336-bf25-4edb-925f-64c3242ad698\">T\u00e9l\u00e9charger<\/a><\/div>\n\n\n\n<div data-wp-interactive=\"core\/file\" class=\"wp-block-file\"><object data-wp-bind--hidden=\"!state.hasPdfPreview\" hidden class=\"wp-block-file__embed\" data=\"https:\/\/ent2d.ac-bordeaux.fr\/disciplines\/arts-plastiques\/wp-content\/uploads\/sites\/26\/2025\/03\/ressources-nume\u0301riques-colle\u0300ge_Lyce\u0301e.pdf\" type=\"application\/pdf\" style=\"width:100%;height:600px\" aria-label=\"Contenu embarqu\u00e9 ressources nume\u0301riques colle\u0300ge_Lyce\u0301e.\"><\/object><a id=\"wp-block-file--media-6214e775-f23b-4ab3-abeb-8131d59632dd\" href=\"https:\/\/ent2d.ac-bordeaux.fr\/disciplines\/arts-plastiques\/wp-content\/uploads\/sites\/26\/2025\/03\/ressources-nume\u0301riques-colle\u0300ge_Lyce\u0301e.pdf\">ressources nume\u0301riques colle\u0300ge_Lyce\u0301e<\/a><a href=\"https:\/\/ent2d.ac-bordeaux.fr\/disciplines\/arts-plastiques\/wp-content\/uploads\/sites\/26\/2025\/03\/ressources-nume\u0301riques-colle\u0300ge_Lyce\u0301e.pdf\" class=\"wp-block-file__button wp-element-button\" download aria-describedby=\"wp-block-file--media-6214e775-f23b-4ab3-abeb-8131d59632dd\">T\u00e9l\u00e9charger<\/a><\/div>\n\n\n\n<div data-wp-interactive=\"core\/file\" class=\"wp-block-file\"><object data-wp-bind--hidden=\"!state.hasPdfPreview\" hidden class=\"wp-block-file__embed\" data=\"https:\/\/ent2d.ac-bordeaux.fr\/disciplines\/arts-plastiques\/wp-content\/uploads\/sites\/26\/2025\/03\/astuces-et-supports-pour-la-pedagogie-1.pdf\" type=\"application\/pdf\" style=\"width:100%;height:600px\" aria-label=\"Contenu embarqu\u00e9 astuces-et-supports-pour-la-pedagogie-1.\"><\/object><a id=\"wp-block-file--media-e8ceed61-4273-4326-abac-9fcc8c2cc9fc\" href=\"https:\/\/ent2d.ac-bordeaux.fr\/disciplines\/arts-plastiques\/wp-content\/uploads\/sites\/26\/2025\/03\/astuces-et-supports-pour-la-pedagogie-1.pdf\">astuces-et-supports-pour-la-pedagogie-1<\/a><a href=\"https:\/\/ent2d.ac-bordeaux.fr\/disciplines\/arts-plastiques\/wp-content\/uploads\/sites\/26\/2025\/03\/astuces-et-supports-pour-la-pedagogie-1.pdf\" class=\"wp-block-file__button wp-element-button\" download aria-describedby=\"wp-block-file--media-e8ceed61-4273-4326-abac-9fcc8c2cc9fc\">T\u00e9l\u00e9charger<\/a><\/div>\n\n\n\n<div data-wp-interactive=\"core\/file\" class=\"wp-block-file\"><object data-wp-bind--hidden=\"!state.hasPdfPreview\" hidden class=\"wp-block-file__embed\" data=\"https:\/\/ent2d.ac-bordeaux.fr\/disciplines\/arts-plastiques\/wp-content\/uploads\/sites\/26\/2025\/03\/les-grandes-expositions-ressources.pdf\" type=\"application\/pdf\" style=\"width:100%;height:600px\" aria-label=\"Contenu embarqu\u00e9 les grandes expositions-ressources.\"><\/object><a id=\"wp-block-file--media-38468396-1d5d-4419-b4d6-cad73a1ea3b2\" href=\"https:\/\/ent2d.ac-bordeaux.fr\/disciplines\/arts-plastiques\/wp-content\/uploads\/sites\/26\/2025\/03\/les-grandes-expositions-ressources.pdf\">les grandes expositions-ressources<\/a><a href=\"https:\/\/ent2d.ac-bordeaux.fr\/disciplines\/arts-plastiques\/wp-content\/uploads\/sites\/26\/2025\/03\/les-grandes-expositions-ressources.pdf\" class=\"wp-block-file__button wp-element-button\" download aria-describedby=\"wp-block-file--media-38468396-1d5d-4419-b4d6-cad73a1ea3b2\">T\u00e9l\u00e9charger<\/a><\/div>\n\n\n\n<div class=\"wp-block-columns is-layout-flex wp-container-core-columns-is-layout-9d6595d7 wp-block-columns-is-layout-flex\">\n<div class=\"wp-block-column is-layout-flow wp-block-column-is-layout-flow\" style=\"flex-basis:100%\"><\/div>\n<\/div>\n\n\n\n\n\n\n\n\n","protected":false},"excerpt":{"rendered":"<p>Ce document rassemble une s\u00e9lection de ressources num\u00e9riques \u2014 podcasts, vid\u00e9os, conf\u00e9rences, MOOC \u2014 destin\u00e9es \u00e0 nourrir la r\u00e9flexion autour de l\u2019axe&nbsp;\u00ab L\u2019art, les sciences et les technologies : dialogue ou hybridation ? \u00bb. Pens\u00e9es pour accompagner aussi bien les enseignants que les \u00e9l\u00e8ves, ces ressources offrent des points de vue vari\u00e9s et accessibles sur &hellip; <\/p>\n<p><a class=\"more-link block-button\" href=\"https:\/\/ent2d.ac-bordeaux.fr\/disciplines\/arts-plastiques\/ressources-numeriques\/\">Lire la Suite &raquo;<\/a><\/p>\n","protected":false},"author":202,"featured_media":0,"parent":0,"menu_order":0,"comment_status":"closed","ping_status":"closed","template":"","meta":{"footnotes":""},"class_list":["post-1231","page","type-page","status-publish","hentry","nodate"],"_links":{"self":[{"href":"https:\/\/ent2d.ac-bordeaux.fr\/disciplines\/arts-plastiques\/wp-json\/wp\/v2\/pages\/1231","targetHints":{"allow":["GET"]}}],"collection":[{"href":"https:\/\/ent2d.ac-bordeaux.fr\/disciplines\/arts-plastiques\/wp-json\/wp\/v2\/pages"}],"about":[{"href":"https:\/\/ent2d.ac-bordeaux.fr\/disciplines\/arts-plastiques\/wp-json\/wp\/v2\/types\/page"}],"author":[{"embeddable":true,"href":"https:\/\/ent2d.ac-bordeaux.fr\/disciplines\/arts-plastiques\/wp-json\/wp\/v2\/users\/202"}],"replies":[{"embeddable":true,"href":"https:\/\/ent2d.ac-bordeaux.fr\/disciplines\/arts-plastiques\/wp-json\/wp\/v2\/comments?post=1231"}],"version-history":[{"count":8,"href":"https:\/\/ent2d.ac-bordeaux.fr\/disciplines\/arts-plastiques\/wp-json\/wp\/v2\/pages\/1231\/revisions"}],"predecessor-version":[{"id":1449,"href":"https:\/\/ent2d.ac-bordeaux.fr\/disciplines\/arts-plastiques\/wp-json\/wp\/v2\/pages\/1231\/revisions\/1449"}],"wp:attachment":[{"href":"https:\/\/ent2d.ac-bordeaux.fr\/disciplines\/arts-plastiques\/wp-json\/wp\/v2\/media?parent=1231"}],"curies":[{"name":"wp","href":"https:\/\/api.w.org\/{rel}","templated":true}]}}