{"id":1172,"date":"2022-10-18T15:19:40","date_gmt":"2022-10-18T13:19:40","guid":{"rendered":"https:\/\/ent2d.ac-bordeaux.fr\/disciplines\/arts-plastiques\/?page_id=1172"},"modified":"2023-01-12T16:04:59","modified_gmt":"2023-01-12T15:04:59","slug":"architecture-et-espaces","status":"publish","type":"page","link":"https:\/\/ent2d.ac-bordeaux.fr\/disciplines\/arts-plastiques\/architecture-et-espaces\/","title":{"rendered":"Architecture et Espaces"},"content":{"rendered":"\n<h2 class=\"wp-block-heading\">Archiclasse<\/h2>\n\n\n\n<ul class=\"wp-block-list\"><li>Lien vers la fiche num\u00e9ro 13 :<\/li><\/ul>\n\n\n\n<p><a rel=\"noreferrer noopener\" href=\"https:\/\/archiclasse.education.fr\/Fiche-13-E_LRO\" target=\"_blank\"><strong>E_LRO est la terminologie employ\u00e9e pour d\u00e9signer nationalement un \u00ab\u00a0Espace Lieu de rencontre avec l\u2019\u0153uvre d\u2019art\u00a0\u00bb en \u00e9tablissement scolaire.<\/strong><br><strong>Il s\u2019agit principalement d\u2019un lieu physique d\u2019exposition et\/ou d\u2019un espace virtuel de monstration de l\u2019\u0153uvre. Il permet une mise en espace et en regard d\u2019\u0153uvres d\u2019art et\/ou de productions artistiques d\u2019\u00e9l\u00e8ves. C\u2019est donc un lieu de rencontre avec cr\u00e9ation artistique.<\/strong><\/a><\/p>\n\n\n\n<p><\/p>\n\n\n\n<ul class=\"wp-block-list\"><li>QUID #8\u00a0: Espace et Lieu de Rencontre avec l\u2019\u0153uvre d\u2019art en \u00e9tablissement scolaire<\/li><\/ul>\n\n\n\n<p><strong><a href=\"https:\/\/archiclasse.education.fr\/QUID-8-Espace-et-Lieu-de-Rencontre-avec-l-oeuvre-d-art-en-etablissement\" target=\"_blank\" rel=\"noreferrer noopener\">Le huiti\u00e8me num\u00e9ro des fiches QUID est consacr\u00e9 \u00e0 l\u2019E_LRO, Espace et Lieu de Rencontre avec l\u2019\u0153uvre d\u2019art en \u00e9tablissement scolaire.<\/a><\/strong><\/p>\n","protected":false},"excerpt":{"rendered":"<p>Archiclasse Lien vers la fiche num\u00e9ro 13 : E_LRO est la terminologie employ\u00e9e pour d\u00e9signer nationalement un \u00ab\u00a0Espace Lieu de rencontre avec l\u2019\u0153uvre d\u2019art\u00a0\u00bb en \u00e9tablissement scolaire.Il s\u2019agit principalement d\u2019un lieu physique d\u2019exposition et\/ou d\u2019un espace virtuel de monstration de l\u2019\u0153uvre. Il permet une mise en espace et en regard d\u2019\u0153uvres d\u2019art et\/ou de productions &hellip; <\/p>\n<p><a class=\"more-link block-button\" href=\"https:\/\/ent2d.ac-bordeaux.fr\/disciplines\/arts-plastiques\/architecture-et-espaces\/\">Lire la Suite &raquo;<\/a><\/p>\n","protected":false},"author":202,"featured_media":0,"parent":0,"menu_order":0,"comment_status":"closed","ping_status":"closed","template":"","meta":{"footnotes":""},"class_list":["post-1172","page","type-page","status-publish","hentry","nodate"],"_links":{"self":[{"href":"https:\/\/ent2d.ac-bordeaux.fr\/disciplines\/arts-plastiques\/wp-json\/wp\/v2\/pages\/1172","targetHints":{"allow":["GET"]}}],"collection":[{"href":"https:\/\/ent2d.ac-bordeaux.fr\/disciplines\/arts-plastiques\/wp-json\/wp\/v2\/pages"}],"about":[{"href":"https:\/\/ent2d.ac-bordeaux.fr\/disciplines\/arts-plastiques\/wp-json\/wp\/v2\/types\/page"}],"author":[{"embeddable":true,"href":"https:\/\/ent2d.ac-bordeaux.fr\/disciplines\/arts-plastiques\/wp-json\/wp\/v2\/users\/202"}],"replies":[{"embeddable":true,"href":"https:\/\/ent2d.ac-bordeaux.fr\/disciplines\/arts-plastiques\/wp-json\/wp\/v2\/comments?post=1172"}],"version-history":[{"count":5,"href":"https:\/\/ent2d.ac-bordeaux.fr\/disciplines\/arts-plastiques\/wp-json\/wp\/v2\/pages\/1172\/revisions"}],"predecessor-version":[{"id":1205,"href":"https:\/\/ent2d.ac-bordeaux.fr\/disciplines\/arts-plastiques\/wp-json\/wp\/v2\/pages\/1172\/revisions\/1205"}],"wp:attachment":[{"href":"https:\/\/ent2d.ac-bordeaux.fr\/disciplines\/arts-plastiques\/wp-json\/wp\/v2\/media?parent=1172"}],"curies":[{"name":"wp","href":"https:\/\/api.w.org\/{rel}","templated":true}]}}