{"id":4983,"date":"2024-10-30T10:32:45","date_gmt":"2024-10-30T09:32:45","guid":{"rendered":"https:\/\/ent2d.ac-bordeaux.fr\/disciplines\/anglais\/?page_id=4983"},"modified":"2025-06-13T09:46:12","modified_gmt":"2025-06-13T08:46:12","slug":"scolarite","status":"publish","type":"page","link":"https:\/\/ent2d.ac-bordeaux.fr\/disciplines\/anglais\/leleve\/scolarite\/","title":{"rendered":"Scolarit\u00e9"},"content":{"rendered":"<h2 style=\"text-align: center\">L&#8217;\u00e9cole inclusive<\/h2>\n<p>Retrouvez sur <a href=\"https:\/\/www.ac-bordeaux.fr\/eleves-en-situation-de-handicap-122145\" target=\"_blank\" rel=\"noopener\">cette page<\/a> diff\u00e9rentes informations concernant l&#8217;\u00e9cole inclusive<\/p>\n<p>&nbsp;<\/p>\n<h2 style=\"text-align: center\">Le coll\u00e8ge<\/h2>\n<p>Retrouvez sur <a href=\"https:\/\/ent2d.ac-bordeaux.fr\/disciplines\/langues\/scolarite-obligatoire\/\" target=\"_blank\" rel=\"noopener\">cette page<\/a> les diff\u00e9rentes informations concernant le coll\u00e8ge<\/p>\n<p>Retrouvez\u00a0<a href=\"https:\/\/eduscol.education.fr\/2326\/langues-vivantes\" target=\"_blank\" rel=\"noopener\">ici<\/a>\u00a0des informations concernant les langues vivantes<\/p>\n<p>Retrouvez <a href=\"https:\/\/eduscol.education.fr\/164\/langues-vivantes-cycles-2-3-et-4\" target=\"_blank\" rel=\"noopener\">ici<\/a> des ressources d&#8217;accompagnement pour les langues vivantes au coll\u00e8ge<\/p>\n<p>&nbsp;<\/p>\n<h2 style=\"text-align: center\">Le lyc\u00e9e<\/h2>\n<ul>\n<li>Au lyc\u00e9e g\u00e9n\u00e9ral et technologique<\/li>\n<\/ul>\n<p><a href=\"https:\/\/eduscol.education.fr\/1726\/programmes-et-ressources-en-langues-vivantes-voie-gt\" target=\"_blank\" rel=\"noopener\">Programmes et ressources en langues vivantes \u2013 voie GT<\/a><\/p>\n<div class=\"entry-content clearfix\">\n<p><a href=\"http:\/\/www.education.gouv.fr\/cid53324\/mene1019738a.html\" target=\"_blank\" rel=\"noopener\">Programme d\u2019enseignement sp\u00e9cifique de litt\u00e9rature \u00e9trang\u00e8re en langue \u00e9trang\u00e8re au cycle terminal de la s\u00e9rie litt\u00e9raire<\/a><\/p>\n<p><a href=\"https:\/\/www.education.gouv.fr\/les-programmes-du-lycee-general-et-technologique-9812\" target=\"_blank\" rel=\"noopener\">Langues vivantes 1 et 2 du cycle terminal des s\u00e9ries STI2D, STL et STD2A<\/a><\/p>\n<\/div>\n<ul>\n<li>S\u00e9rie STHR<\/li>\n<\/ul>\n<div class=\"entry-content clearfix\">\n<p><a href=\"http:\/\/eduscol.education.fr\/cid46475\/serie-hotellerie.html\" target=\"_blank\" rel=\"noopener\">R\u00e9novation s\u00e9rie sciences et technologies de l\u2019h\u00f4tellerie et\u00a0de la restauration (STHR)<\/a><\/p>\n<p><a href=\"http:\/\/www.education.gouv.fr\/pid25535\/bulletin_officiel.html?cid_bo=87248\" target=\"_blank\" rel=\"noopener\">Programme de langues vivantes en classe de seconde de la s\u00e9rie STHR<\/a><\/p>\n<p><a href=\"http:\/\/www.education.gouv.fr\/pid285\/bulletin_officiel.html?cid_bo=99833\" target=\"_blank\" rel=\"noopener\">Programme de langues vivantes du cycle terminal de la s\u00e9rie STHR<\/a><\/p>\n<p><a href=\"http:\/\/www.education.gouv.fr\/pid285\/bulletin_officiel.html?cid_bo=101992\" target=\"_blank\" rel=\"noopener\">Livret scolaire s\u00e9rie STHR<\/a><\/p>\n<p><span class=\"contenu_titre_non_image\"><a href=\"http:\/\/eduscol.education.fr\/cid104813\/etlv-sthr-cycle-terminal.html\" target=\"_blank\" rel=\"noopener\">Enseignement technologique en langue vivante (ETLV) au cycle terminal de la s\u00e9rie STHR<\/a><\/span><\/p>\n<p>&nbsp;<\/p>\n<h2 style=\"text-align: center\">Le post-bac<\/h2>\n<p>Cliquez<strong>\u00a0<\/strong><a href=\"https:\/\/ent2d.ac-bordeaux.fr\/disciplines\/langues\/wp-content\/uploads\/sites\/61\/2018\/10\/AttendusLicence-_12-12-2017_867168.pdf\" target=\"_blank\" rel=\"noopener\">ici<\/a> pour consulter le document des \u00e9l\u00e9ments de cadrage national des \u00e9l\u00e9ments attendus pour les mentions de licence<\/p>\n<\/div>\n","protected":false},"excerpt":{"rendered":"<p>L&#8217;\u00e9cole inclusive Retrouvez sur cette page diff\u00e9rentes informations concernant l&#8217;\u00e9cole inclusive &nbsp; Le coll\u00e8ge Retrouvez sur cette page les diff\u00e9rentes informations concernant le coll\u00e8ge Retrouvez\u00a0ici\u00a0des informations concernant les langues vivantes &#8230;<\/p>\n","protected":false},"author":19,"featured_media":5016,"parent":4981,"menu_order":0,"comment_status":"closed","ping_status":"closed","template":"","meta":{"footnotes":""},"class_list":["post-4983","page","type-page","status-publish","has-post-thumbnail","hentry"],"_links":{"self":[{"href":"https:\/\/ent2d.ac-bordeaux.fr\/disciplines\/anglais\/wp-json\/wp\/v2\/pages\/4983","targetHints":{"allow":["GET"]}}],"collection":[{"href":"https:\/\/ent2d.ac-bordeaux.fr\/disciplines\/anglais\/wp-json\/wp\/v2\/pages"}],"about":[{"href":"https:\/\/ent2d.ac-bordeaux.fr\/disciplines\/anglais\/wp-json\/wp\/v2\/types\/page"}],"author":[{"embeddable":true,"href":"https:\/\/ent2d.ac-bordeaux.fr\/disciplines\/anglais\/wp-json\/wp\/v2\/users\/19"}],"replies":[{"embeddable":true,"href":"https:\/\/ent2d.ac-bordeaux.fr\/disciplines\/anglais\/wp-json\/wp\/v2\/comments?post=4983"}],"version-history":[{"count":12,"href":"https:\/\/ent2d.ac-bordeaux.fr\/disciplines\/anglais\/wp-json\/wp\/v2\/pages\/4983\/revisions"}],"predecessor-version":[{"id":5038,"href":"https:\/\/ent2d.ac-bordeaux.fr\/disciplines\/anglais\/wp-json\/wp\/v2\/pages\/4983\/revisions\/5038"}],"up":[{"embeddable":true,"href":"https:\/\/ent2d.ac-bordeaux.fr\/disciplines\/anglais\/wp-json\/wp\/v2\/pages\/4981"}],"wp:featuredmedia":[{"embeddable":true,"href":"https:\/\/ent2d.ac-bordeaux.fr\/disciplines\/anglais\/wp-json\/wp\/v2\/media\/5016"}],"wp:attachment":[{"href":"https:\/\/ent2d.ac-bordeaux.fr\/disciplines\/anglais\/wp-json\/wp\/v2\/media?parent=4983"}],"curies":[{"name":"wp","href":"https:\/\/api.w.org\/{rel}","templated":true}]}}