{"id":4978,"date":"2024-10-30T10:12:53","date_gmt":"2024-10-30T09:12:53","guid":{"rendered":"https:\/\/ent2d.ac-bordeaux.fr\/disciplines\/anglais\/?page_id=4978"},"modified":"2026-03-13T19:42:24","modified_gmt":"2026-03-13T18:42:24","slug":"bts","status":"publish","type":"page","link":"https:\/\/ent2d.ac-bordeaux.fr\/disciplines\/anglais\/bac\/bts\/","title":{"rendered":"BTS"},"content":{"rendered":"<h4><span style=\"color: #008000\">Recommandations g\u00e9n\u00e9rales<\/span><\/h4>\n<p>Retrouvez tous les <strong><a href=\"https:\/\/enqdip.sup.adc.education.fr\/bts\/index.htm\" target=\"_blank\" rel=\"noopener\">r\u00e9f\u00e9rentiels<\/a>\u00a0<\/strong><\/p>\n<h4><span style=\"color: #008000\">Liens utiles :<\/span><\/h4>\n<ul>\n<li><a href=\"https:\/\/www.ac-bordeaux.fr\/brevet-de-technicien-superieur-bts-121992\" target=\"_blank\" rel=\"noopener\"><strong>Page BTS de l&#8217;acad\u00e9mie de Bordeaux<\/strong><\/a><\/li>\n<li><a href=\"https:\/\/www.ac-bordeaux.fr\/amenagement-d-epreuves-pour-les-eleves-presentant-un-handicap-ou-un-trouble-de-sante-invalidant-121517\" target=\"_blank\" rel=\"noopener\"><strong>Am\u00e9nagement d&#8217;\u00e9preuves pour les \u00e9l\u00e8ves pr\u00e9sentant un handicap ou un trouble de sant\u00e9 invalidant<\/strong><\/a><\/li>\n<\/ul>\n","protected":false},"excerpt":{"rendered":"<p>Recommandations g\u00e9n\u00e9rales Retrouvez tous les r\u00e9f\u00e9rentiels\u00a0 Liens utiles : Page BTS de l&#8217;acad\u00e9mie de Bordeaux Am\u00e9nagement d&#8217;\u00e9preuves pour les \u00e9l\u00e8ves pr\u00e9sentant un handicap ou un trouble de sant\u00e9 invalidant<\/p>\n","protected":false},"author":19,"featured_media":0,"parent":4968,"menu_order":0,"comment_status":"closed","ping_status":"closed","template":"","meta":{"footnotes":""},"class_list":["post-4978","page","type-page","status-publish","hentry"],"_links":{"self":[{"href":"https:\/\/ent2d.ac-bordeaux.fr\/disciplines\/anglais\/wp-json\/wp\/v2\/pages\/4978","targetHints":{"allow":["GET"]}}],"collection":[{"href":"https:\/\/ent2d.ac-bordeaux.fr\/disciplines\/anglais\/wp-json\/wp\/v2\/pages"}],"about":[{"href":"https:\/\/ent2d.ac-bordeaux.fr\/disciplines\/anglais\/wp-json\/wp\/v2\/types\/page"}],"author":[{"embeddable":true,"href":"https:\/\/ent2d.ac-bordeaux.fr\/disciplines\/anglais\/wp-json\/wp\/v2\/users\/19"}],"replies":[{"embeddable":true,"href":"https:\/\/ent2d.ac-bordeaux.fr\/disciplines\/anglais\/wp-json\/wp\/v2\/comments?post=4978"}],"version-history":[{"count":5,"href":"https:\/\/ent2d.ac-bordeaux.fr\/disciplines\/anglais\/wp-json\/wp\/v2\/pages\/4978\/revisions"}],"predecessor-version":[{"id":5093,"href":"https:\/\/ent2d.ac-bordeaux.fr\/disciplines\/anglais\/wp-json\/wp\/v2\/pages\/4978\/revisions\/5093"}],"up":[{"embeddable":true,"href":"https:\/\/ent2d.ac-bordeaux.fr\/disciplines\/anglais\/wp-json\/wp\/v2\/pages\/4968"}],"wp:attachment":[{"href":"https:\/\/ent2d.ac-bordeaux.fr\/disciplines\/anglais\/wp-json\/wp\/v2\/media?parent=4978"}],"curies":[{"name":"wp","href":"https:\/\/api.w.org\/{rel}","templated":true}]}}