{"id":4971,"date":"2024-10-30T09:59:24","date_gmt":"2024-10-30T08:59:24","guid":{"rendered":"https:\/\/ent2d.ac-bordeaux.fr\/disciplines\/anglais\/?page_id=4971"},"modified":"2025-06-02T20:28:01","modified_gmt":"2025-06-02T19:28:01","slug":"bac","status":"publish","type":"page","link":"https:\/\/ent2d.ac-bordeaux.fr\/disciplines\/anglais\/bac\/bac\/","title":{"rendered":"BAC"},"content":{"rendered":"<h2 style=\"text-align: center\">Le bac g\u00e9n\u00e9ral et technologique<\/h2>\n<p>Retrouvez <a href=\"https:\/\/eduscol.education.fr\/2221\/presenter-le-lycee-general-et-technologique-ressources-et-outils-d-information\" target=\"_blank\" rel=\"noopener\">ici<\/a> une pr\u00e9sentation du lyc\u00e9e g\u00e9n\u00e9ral et technologique avec des ressources et outils d&#8217;information<\/p>\n<p>Retrouvez <a href=\"https:\/\/www.education.gouv.fr\/sites\/default\/files\/ensel621_annexe4.pdf\" target=\"_blank\" rel=\"noopener\">ici<\/a> les programmes et ressources en langues vivantes pour la voie g\u00e9n\u00e9rale et technologique<\/p>\n<p>Retrouvez <a href=\"https:\/\/eduscol.education.fr\/2069\/ressources-en-enseignement-technologique-en-langue-vivante-etlv-au-cycle-terminal-de-la-voie-technologique\" target=\"_blank\" rel=\"noopener\">ici<\/a> des ressources pour l&#8217;enseignement de l&#8217;ETLV en voie technologique<\/p>\n<p>Retrouvez <a href=\"https:\/\/eduscol.education.fr\/880\/les-modalites-d-evaluation-de-langues-vivantes-aux-baccalaureats-general-et-technologique\" target=\"_blank\" rel=\"noopener\">ici<\/a> les modalit\u00e9s d&#8217;\u00e9valuation de langues vivantes au baccalaur\u00e9at g\u00e9n\u00e9ral et technologique<\/p>\n<p>Retrouvez <a href=\"https:\/\/eduscol.education.fr\/3742\/l-attestation-de-langues-vivantes\" target=\"_blank\" rel=\"noopener\">ici<\/a> des informations sur l&#8217;attestation de langues vivantes<\/p>\n<p>&nbsp;<\/p>\n<h2 style=\"text-align: center\">Les \u00e9preuves de sp\u00e9cialit\u00e9 LLCER et AMC<\/h2>\n<p>Retrouvez <a href=\"https:\/\/eduscol.education.fr\/1684\/programmes-et-ressources-en-langues-litteratures-et-cultures-etrangeres-et-regionales-voie-g\" target=\"_blank\" rel=\"noopener\">ici<\/a> les programmes et ressources pour les \u00e9preuves de sp\u00e9cialit\u00e9 LLCER et AMC<\/p>\n<p>&nbsp;<\/p>\n<h2 style=\"text-align: center\">Les grilles d&#8217;\u00e9valuation<\/h2>\n<ul>\n<li><strong>Grille d\u2019\u00e9valuation<\/strong>\u00a0acad\u00e9mique pour l\u2019interrogation orale de l\u2019\u00e9preuve sp\u00e9cifique de\u00a0 contr\u00f4le continu de\u00a0<b>\u201c<a href=\"https:\/\/ent2d.ac-bordeaux.fr\/disciplines\/langues\/wp-content\/uploads\/sites\/61\/2024\/09\/Grille-e%CC%81valuation-DNL-HORS-SELO-2025.pdf\" target=\"_blank\" rel=\"noopener\">DNL \u2013\u00a0<u>HORS<\/u>\u00a0Section Europ\u00e9enne et de Langues Orientales<\/a>\u201c<\/b>\u00a0( BO de r\u00e9f\u00e9rence:\u00a0<a class=\"moz-txt-link-freetext\" href=\"https:\/\/www.education.gouv.fr\/bo\/21\/Hebdo31\/MENE2121393N.htm\" target=\"_blank\" rel=\"noopener\">https:\/\/www.education.gouv.fr\/bo\/21\/Hebdo31\/MENE2121393N.htm<\/a>\u00a0) (<a href=\"https:\/\/ent2d.ac-bordeaux.fr\/disciplines\/langues\/wp-content\/uploads\/sites\/61\/2024\/09\/Grille-e%CC%81valuation-DNL-HORS-SELO-2025.docx\" target=\"_blank\" rel=\"noopener\">Grille au format\u00a0<strong>Word<\/strong><\/a>) (<a href=\"https:\/\/ent2d.ac-bordeaux.fr\/disciplines\/langues\/wp-content\/uploads\/sites\/61\/2024\/09\/Grille-e%CC%81valuation-SELO-2025.pdf\" target=\"_blank\" rel=\"noopener\">Grille au format\u00a0<strong>PDF<\/strong><\/a>)<\/li>\n<li><strong>Grille d\u2019\u00e9valuation<\/strong>\u00a0acad\u00e9mique pour l\u2019interrogation orale de l\u2019\u00e9preuve sp\u00e9cifique de\u00a0 contr\u00f4le continu\u00a0 de\u00a0<b>\u201c<a href=\"https:\/\/ent2d.ac-bordeaux.fr\/disciplines\/langues\/wp-content\/uploads\/sites\/61\/2024\/09\/Grille-e%CC%81valuation-SELO-2025.pdf\" target=\"_blank\" rel=\"noopener\">Section Europ\u00e9enne et de Langues Orientales<\/a>\u201c<\/b>\u00a0( BO de r\u00e9f\u00e9rence:\u00a0<a class=\"moz-txt-link-freetext\" href=\"https:\/\/www.education.gouv.fr\/bo\/21\/Hebdo31\/MENE2121393N.htm\" target=\"_blank\" rel=\"noopener\">https:\/\/www.education.gouv.fr\/bo\/21\/Hebdo31\/MENE2121393N.htm<\/a>\u00a0) (<a href=\"https:\/\/ent2d.ac-bordeaux.fr\/disciplines\/langues\/wp-content\/uploads\/sites\/61\/2024\/09\/Grille-e%CC%81valuation-SELO-2025.docx\" target=\"_blank\" rel=\"noopener\">Grille au format\u00a0<strong>Word<\/strong><\/a>) (<a href=\"https:\/\/ent2d.ac-bordeaux.fr\/disciplines\/langues\/wp-content\/uploads\/sites\/61\/2024\/09\/Grille-e%CC%81valuation-SELO-2025.pdf\" target=\"_blank\" rel=\"noopener\">Grille au format\u00a0<strong>PDF<\/strong><\/a>)<\/li>\n<li>Fiche \u00e9l\u00e8ve LLCER \u2013 <strong>Gabarit<\/strong>\u00a0\u00e0 utiliser en \u00e9tablissement pour la pr\u00e9sentation de la\u00a0 partie orale de l\u2019\u00e9preuve en contr\u00f4le terminal de l\u2019EDS\u00a0<a href=\"https:\/\/ent2d.ac-bordeaux.fr\/disciplines\/langues\/wp-content\/uploads\/sites\/61\/2024\/09\/Gabarit-fiche-e%CC%81le%CC%80ve-e%CC%81preuve_LLCER-ANGLAIS.pdf\" target=\"_blank\" rel=\"noopener\"><b>LLCER ANGLAIS<\/b><\/a>\u00a0(<a href=\"https:\/\/ent2d.ac-bordeaux.fr\/disciplines\/langues\/wp-content\/uploads\/sites\/61\/2024\/09\/Gabarit-fiche-e%CC%81le%CC%80ve-e%CC%81preuve_LLCER-ANGLAIS.docx\" target=\"_blank\" rel=\"noopener\">Gabarit au format\u00a0<strong>Word<\/strong><\/a>) (<a href=\"https:\/\/ent2d.ac-bordeaux.fr\/disciplines\/langues\/wp-content\/uploads\/sites\/61\/2024\/09\/Gabarit-fiche-e%CC%81le%CC%80ve-e%CC%81preuve_LLCER-ANGLAIS.pdf\" target=\"_blank\" rel=\"noopener\">Gabarit au format\u00a0<strong>PDF<\/strong><\/a>)<\/li>\n<li>Fiche \u00e9l\u00e8ve LLCER \u2013 <strong>Gabarit<\/strong>\u00a0\u00e0 utiliser en \u00e9tablissement pour la pr\u00e9sentation de la\u00a0 la partie orale de l\u2019\u00e9preuve en contr\u00f4le terminal de l\u2019EDS\u00a0<b><a href=\"https:\/\/ent2d.ac-bordeaux.fr\/disciplines\/langues\/wp-content\/uploads\/sites\/61\/2024\/09\/Gabarit-fiche-e%CC%81le%CC%80ve-e%CC%81preuve_LLCER-ANGLAIS-MONDE-CONTEMPORAIN.pdf\" target=\"_blank\" rel=\"noopener\">LLCER ANGLAIS MONDE CONTEMPORAIN<\/a>\u00a0\u00a0<\/b>(<a href=\"https:\/\/ent2d.ac-bordeaux.fr\/disciplines\/langues\/wp-content\/uploads\/sites\/61\/2024\/09\/Gabarit-fiche-e%CC%81le%CC%80ve-e%CC%81preuve_LLCER-ANGLAIS-MONDE-CONTEMPORAIN.docx\" target=\"_blank\" rel=\"noopener\">Gabarit au format\u00a0<strong>Word<\/strong><\/a>) (<a href=\"https:\/\/ent2d.ac-bordeaux.fr\/disciplines\/langues\/wp-content\/uploads\/sites\/61\/2024\/09\/Gabarit-fiche-e%CC%81le%CC%80ve-e%CC%81preuve_LLCER-ANGLAIS-MONDE-CONTEMPORAIN.pdf\" target=\"_blank\" rel=\"noopener\">Gabarit au format\u00a0<strong>PDF<\/strong><\/a>)<b><br \/>\n<\/b><\/li>\n<li><strong>Grilles pour<\/strong>\u00a0l\u2019<strong>attestation de niveau de comp\u00e9tence<\/strong>\u00a0de fin de cycle terminal:\u00a0<a class=\"moz-txt-link-freetext\" href=\"https:\/\/eduscol.education.fr\/document\/46426\/download\" target=\"_blank\" rel=\"noopener\">https:\/\/eduscol.education.fr\/document\/46426\/download<\/a>\u00a0<b><br \/>\n<\/b><\/li>\n<li>Les langues vivantes A et B du tronc commun font l\u2019objet d\u2019\u00e9valuations de contr\u00f4le continu, en suivant les <strong>bar\u00e8mes<\/strong>\u00a0d\u00e9finis par les\u00a0<strong>grilles d\u2019\u00e9valuation des comp\u00e9tences<\/strong>\u00a0en langues vivantes :\u00a0<a class=\"moz-txt-link-freetext\" href=\"https:\/\/eduscol.education.fr\/document\/46426\/download\" target=\"_blank\" rel=\"noopener\">https:\/\/eduscol.education.fr\/document\/46426\/download<\/a><\/li>\n<\/ul>\n<h2><\/h2>\n<h2 style=\"text-align: center\">Le Grand Oral<\/h2>\n<p><a href=\"https:\/\/eduscol.education.fr\/729\/presentation-du-grand-oral\" target=\"_blank\" rel=\"noopener\">Page de pr\u00e9sentation du <strong>Grand Oral<\/strong><\/a><\/p>\n","protected":false},"excerpt":{"rendered":"<p>Le bac g\u00e9n\u00e9ral et technologique Retrouvez ici une pr\u00e9sentation du lyc\u00e9e g\u00e9n\u00e9ral et technologique avec des ressources et outils d&#8217;information Retrouvez ici les programmes et ressources en langues vivantes pour &#8230;<\/p>\n","protected":false},"author":19,"featured_media":0,"parent":4968,"menu_order":0,"comment_status":"closed","ping_status":"closed","template":"","meta":{"footnotes":""},"class_list":["post-4971","page","type-page","status-publish","hentry"],"_links":{"self":[{"href":"https:\/\/ent2d.ac-bordeaux.fr\/disciplines\/anglais\/wp-json\/wp\/v2\/pages\/4971","targetHints":{"allow":["GET"]}}],"collection":[{"href":"https:\/\/ent2d.ac-bordeaux.fr\/disciplines\/anglais\/wp-json\/wp\/v2\/pages"}],"about":[{"href":"https:\/\/ent2d.ac-bordeaux.fr\/disciplines\/anglais\/wp-json\/wp\/v2\/types\/page"}],"author":[{"embeddable":true,"href":"https:\/\/ent2d.ac-bordeaux.fr\/disciplines\/anglais\/wp-json\/wp\/v2\/users\/19"}],"replies":[{"embeddable":true,"href":"https:\/\/ent2d.ac-bordeaux.fr\/disciplines\/anglais\/wp-json\/wp\/v2\/comments?post=4971"}],"version-history":[{"count":4,"href":"https:\/\/ent2d.ac-bordeaux.fr\/disciplines\/anglais\/wp-json\/wp\/v2\/pages\/4971\/revisions"}],"predecessor-version":[{"id":5035,"href":"https:\/\/ent2d.ac-bordeaux.fr\/disciplines\/anglais\/wp-json\/wp\/v2\/pages\/4971\/revisions\/5035"}],"up":[{"embeddable":true,"href":"https:\/\/ent2d.ac-bordeaux.fr\/disciplines\/anglais\/wp-json\/wp\/v2\/pages\/4968"}],"wp:attachment":[{"href":"https:\/\/ent2d.ac-bordeaux.fr\/disciplines\/anglais\/wp-json\/wp\/v2\/media?parent=4971"}],"curies":[{"name":"wp","href":"https:\/\/api.w.org\/{rel}","templated":true}]}}