{"id":4488,"date":"2023-10-07T12:20:37","date_gmt":"2023-10-07T11:20:37","guid":{"rendered":"https:\/\/ent2d.ac-bordeaux.fr\/disciplines\/anglais\/?page_id=4488"},"modified":"2025-10-10T10:48:54","modified_gmt":"2025-10-10T09:48:54","slug":"newsletters","status":"publish","type":"page","link":"https:\/\/ent2d.ac-bordeaux.fr\/disciplines\/anglais\/newsletters\/","title":{"rendered":"Newsletters"},"content":{"rendered":"\r\n\r\n\r\n<p><em>Vous trouverez ci-dessous les archives des newsletters destin\u00e9es aux professeurs d&#8217;anglais de l&#8217;acad\u00e9mie de Bordeaux. Les images et les liens sont cliquables pour acc\u00e9der aux ressources en ligne, bonne lecture!<\/em><\/p>\r\n\r\n\r\n\r\n<p><a href=\"https:\/\/ent2d.ac-bordeaux.fr\/disciplines\/anglais\/wp-content\/uploads\/sites\/8\/2025\/10\/ESL-Newsletter-019.pdf\" target=\"_blank\" rel=\"noopener\">ESL Newsletter #019<\/a><\/p>\r\n<p><a href=\"https:\/\/ent2d.ac-bordeaux.fr\/disciplines\/anglais\/wp-content\/uploads\/sites\/8\/2025\/02\/ESL-Newsletter-018.pdf\" target=\"_blank\" rel=\"noopener\">ESL Newsletter #018<\/a><\/p>\r\n<p><a href=\"https:\/\/ent2d.ac-bordeaux.fr\/disciplines\/anglais\/wp-content\/uploads\/sites\/8\/2024\/09\/ESL-Newsletter-017.pdf\" target=\"_blank\" rel=\"noreferrer noopener\">ESL Newsletter #017<\/a><\/p>\r\n\r\n\r\n\r\n<p><a href=\"https:\/\/ent2d.ac-bordeaux.fr\/disciplines\/anglais\/wp-content\/uploads\/sites\/8\/2024\/09\/ESL-Newsletter-016.pdf\" target=\"_blank\" rel=\"noreferrer noopener\">ESL Newsletter #016<\/a><\/p>\r\n\r\n\r\n\r\n<p><a href=\"https:\/\/ent2d.ac-bordeaux.fr\/disciplines\/anglais\/wp-content\/uploads\/sites\/8\/2024\/09\/ESL-Newsletter-015.pdf\" target=\"_blank\" rel=\"noreferrer noopener\">ESL Newsletter # 015<\/a><\/p>\r\n\r\n\r\n\r\n<p><a href=\"https:\/\/ent2d.ac-bordeaux.fr\/disciplines\/anglais\/wp-content\/uploads\/sites\/8\/2024\/09\/ESL-Newsletter-014.pdf\" target=\"_blank\" rel=\"noreferrer noopener\">ESL Newsletter # 014<\/a><\/p>\r\n\r\n\r\n\r\n<p><a href=\"https:\/\/ent2d.ac-bordeaux.fr\/disciplines\/anglais\/wp-content\/uploads\/sites\/8\/2024\/09\/ESL-Newsletter-013.pdf\" target=\"_blank\" rel=\"noreferrer noopener\">ESL Newsletter # 013<\/a><\/p>\r\n\r\n\r\n\r\n<p><a href=\"https:\/\/ent2d.ac-bordeaux.fr\/disciplines\/anglais\/wp-content\/uploads\/sites\/8\/2024\/09\/ESL-Newsletter-012.pdf\" target=\"_blank\" rel=\"noreferrer noopener\">ESL Newsletter # 012<\/a><\/p>\r\n\r\n\r\n\r\n<p><a href=\"https:\/\/ent2d.ac-bordeaux.fr\/disciplines\/anglais\/wp-content\/uploads\/sites\/8\/2024\/09\/ESL-Newsletter-011.pdf\" target=\"_blank\" rel=\"noreferrer noopener\">ESL Newsletter # 011<\/a><\/p>\r\n\r\n\r\n\r\n<p><a href=\"https:\/\/ent2d.ac-bordeaux.fr\/disciplines\/anglais\/wp-content\/uploads\/sites\/8\/2024\/09\/ESL-Newsletter-010.pdf\" target=\"_blank\" rel=\"noreferrer noopener\" data-type=\"URL\" data-id=\"https:\/\/ent2d.ac-bordeaux.fr\/disciplines\/langues\/wp-content\/uploads\/sites\/61\/2022\/04\/ESL-Newsletter-010.pdf\">ESL Newsletter # 010<\/a><\/p>\r\n\r\n\r\n\r\n<p><a href=\"https:\/\/ent2d.ac-bordeaux.fr\/disciplines\/anglais\/wp-content\/uploads\/sites\/8\/2024\/09\/ESL-Newsletter-009.pdf\" target=\"_blank\" rel=\"noreferrer noopener\">ESL Newsletter # 009<\/a><\/p>\r\n\r\n\r\n\r\n<p><a href=\"https:\/\/ent2d.ac-bordeaux.fr\/disciplines\/anglais\/wp-content\/uploads\/sites\/8\/2024\/09\/ESL-Newsletter-008.pdf\" target=\"_blank\" rel=\"noreferrer noopener\">ESL Newsletter # 008<\/a><\/p>\r\n\r\n\r\n\r\n<p><a href=\"https:\/\/ent2d.ac-bordeaux.fr\/disciplines\/anglais\/wp-content\/uploads\/sites\/8\/2024\/09\/ESL-Newsletter-007.pdf\" target=\"_blank\" rel=\"noreferrer noopener\">ESL Newsletter # 007<\/a><\/p>\r\n\r\n\r\n\r\n<p><a href=\"https:\/\/ent2d.ac-bordeaux.fr\/disciplines\/anglais\/wp-content\/uploads\/sites\/8\/2024\/09\/ESL-Newsletter-006.pdf\" target=\"_blank\" rel=\"noreferrer noopener\">ESL Newsletter # 006<\/a><\/p>\r\n\r\n\r\n\r\n<p><a href=\"https:\/\/ent2d.ac-bordeaux.fr\/disciplines\/anglais\/wp-content\/uploads\/sites\/8\/2024\/09\/ESL-Newsletter-005.pdf\" target=\"_blank\" rel=\"noreferrer noopener\">ESL Newsletter # 005<\/a><\/p>\r\n\r\n\r\n\r\n<p><a href=\"https:\/\/ent2d.ac-bordeaux.fr\/disciplines\/anglais\/wp-content\/uploads\/sites\/8\/2024\/09\/ESL-Newsletter-004.pdf\" target=\"_blank\" rel=\"noreferrer noopener\">ESL Newsletter # 004<\/a><\/p>\r\n\r\n\r\n\r\n<p><a href=\"https:\/\/ent2d.ac-bordeaux.fr\/disciplines\/anglais\/wp-content\/uploads\/sites\/8\/2024\/09\/ESL-Newsletter-003.pdf\" target=\"_blank\" rel=\"noreferrer noopener\">ESL Newsletter # 003<\/a><\/p>\r\n\r\n\r\n\r\n<p><a href=\"https:\/\/ent2d.ac-bordeaux.fr\/disciplines\/anglais\/wp-content\/uploads\/sites\/8\/2024\/09\/ESL-Newsletter-002.pdf\" target=\"_blank\" rel=\"noopener\">ESL Newsletter # 002<\/a><\/p>\r\n\r\n\r\n\r\n<p><a href=\"https:\/\/ent2d.ac-bordeaux.fr\/disciplines\/anglais\/wp-content\/uploads\/sites\/8\/2024\/09\/ESL-Newsletter-001.pdf\" target=\"_blank\" rel=\"noreferrer noopener\">ESL Newsletter # 001<\/a><\/p>\r\n","protected":false},"excerpt":{"rendered":"<p>Vous trouverez ci-dessous les archives des newsletters destin\u00e9es aux professeurs d&#8217;anglais de l&#8217;acad\u00e9mie de Bordeaux. Les images et les liens sont cliquables pour acc\u00e9der aux ressources en ligne, bonne lecture! &#8230;<\/p>\n","protected":false},"author":53,"featured_media":4932,"parent":0,"menu_order":0,"comment_status":"closed","ping_status":"closed","template":"","meta":{"footnotes":""},"class_list":["post-4488","page","type-page","status-publish","has-post-thumbnail","hentry"],"_links":{"self":[{"href":"https:\/\/ent2d.ac-bordeaux.fr\/disciplines\/anglais\/wp-json\/wp\/v2\/pages\/4488","targetHints":{"allow":["GET"]}}],"collection":[{"href":"https:\/\/ent2d.ac-bordeaux.fr\/disciplines\/anglais\/wp-json\/wp\/v2\/pages"}],"about":[{"href":"https:\/\/ent2d.ac-bordeaux.fr\/disciplines\/anglais\/wp-json\/wp\/v2\/types\/page"}],"author":[{"embeddable":true,"href":"https:\/\/ent2d.ac-bordeaux.fr\/disciplines\/anglais\/wp-json\/wp\/v2\/users\/53"}],"replies":[{"embeddable":true,"href":"https:\/\/ent2d.ac-bordeaux.fr\/disciplines\/anglais\/wp-json\/wp\/v2\/comments?post=4488"}],"version-history":[{"count":9,"href":"https:\/\/ent2d.ac-bordeaux.fr\/disciplines\/anglais\/wp-json\/wp\/v2\/pages\/4488\/revisions"}],"predecessor-version":[{"id":5056,"href":"https:\/\/ent2d.ac-bordeaux.fr\/disciplines\/anglais\/wp-json\/wp\/v2\/pages\/4488\/revisions\/5056"}],"wp:featuredmedia":[{"embeddable":true,"href":"https:\/\/ent2d.ac-bordeaux.fr\/disciplines\/anglais\/wp-json\/wp\/v2\/media\/4932"}],"wp:attachment":[{"href":"https:\/\/ent2d.ac-bordeaux.fr\/disciplines\/anglais\/wp-json\/wp\/v2\/media?parent=4488"}],"curies":[{"name":"wp","href":"https:\/\/api.w.org\/{rel}","templated":true}]}}