{"id":971,"date":"2018-10-24T20:38:37","date_gmt":"2018-10-24T18:38:37","guid":{"rendered":"https:\/\/ent2d.ac-bordeaux.fr\/disciplines\/allemand\/?page_id=971"},"modified":"2018-10-24T21:02:03","modified_gmt":"2018-10-24T19:02:03","slug":"le-socle-commun-de-connaissances-de-competences-et-de-culture-et-levaluation-des-acquis-scolaires-des-eleves","status":"publish","type":"page","link":"https:\/\/ent2d.ac-bordeaux.fr\/disciplines\/allemand\/le-socle-commun-de-connaissances-de-competences-et-de-culture-et-levaluation-des-acquis-scolaires-des-eleves\/","title":{"rendered":"Le socle commun de connaissances, de comp\u00e9tences et de culture et l&rsquo;\u00e9valuation des acquis scolaires des \u00e9l\u00e8ves"},"content":{"rendered":"<p>Les connaissances acquises par les \u00e9l\u00e8ves et les comp\u00e9tences qu&rsquo;ils d\u00e9veloppent pendant la scolarit\u00e9 obligatoire constituent une culture scolaire commune. Le socle commun de connaissances, de comp\u00e9tences et de culture identifie ces \u00e9l\u00e9ments et les organise en domaines et objectifs. L&rsquo;\u00e9valuation de leur ma\u00eetrise doit se faire parall\u00e8lement \u00e0 leur acquisition, progressivement pendant la scolarit\u00e9 en \u00e9cole \u00e9l\u00e9mentaire et au coll\u00e8ge. Le livret scolaire unique de l&rsquo;\u00e9l\u00e8ve permet un suivi de ses acquis et de ses progr\u00e8s. (Site Eduscol)<\/p>\n<p><a href=\"http:\/\/eduscol.education.fr\/pid23410\/le-socle-commun-et-l-evaluation-des-acquis.html\" target=\"_blank\" rel=\"noopener\"><img loading=\"lazy\" decoding=\"async\" class=\"aligncenter wp-image-973 size-full\" src=\"https:\/\/ent2d.ac-bordeaux.fr\/disciplines\/allemand\/wp-content\/uploads\/sites\/11\/2018\/10\/SCCCC.png\" alt=\"\" width=\"120\" height=\"80\" \/><\/a><\/p>\n<p>Ressources par comp\u00e9tences du socle<\/p>\n<p><a href=\"http:\/\/eduscol.education.fr\/langues-vivantes\/enseigner\/ressources-par-competence-du-socle\/cycle-4\/allemand.html\" target=\"_blank\" rel=\"noopener\"><img loading=\"lazy\" decoding=\"async\" class=\"wp-image-976 size-full aligncenter\" src=\"https:\/\/ent2d.ac-bordeaux.fr\/disciplines\/allemand\/wp-content\/uploads\/sites\/11\/2018\/10\/EduscolS.jpg\" alt=\"\" width=\"80\" height=\"80\" \/><\/a><\/p>\n","protected":false},"excerpt":{"rendered":"<p>Les connaissances acquises par les \u00e9l\u00e8ves et les comp\u00e9tences qu&rsquo;ils d\u00e9veloppent pendant la scolarit\u00e9 obligatoire constituent une culture scolaire commune. Le socle commun de connaissances, de comp\u00e9tences et de culture &#8230;<\/p>\n","protected":false},"author":33,"featured_media":430,"parent":0,"menu_order":0,"comment_status":"closed","ping_status":"closed","template":"template-fullwidth.php","meta":{"footnotes":""},"class_list":["post-971","page","type-page","status-publish","has-post-thumbnail","hentry"],"_links":{"self":[{"href":"https:\/\/ent2d.ac-bordeaux.fr\/disciplines\/allemand\/wp-json\/wp\/v2\/pages\/971","targetHints":{"allow":["GET"]}}],"collection":[{"href":"https:\/\/ent2d.ac-bordeaux.fr\/disciplines\/allemand\/wp-json\/wp\/v2\/pages"}],"about":[{"href":"https:\/\/ent2d.ac-bordeaux.fr\/disciplines\/allemand\/wp-json\/wp\/v2\/types\/page"}],"author":[{"embeddable":true,"href":"https:\/\/ent2d.ac-bordeaux.fr\/disciplines\/allemand\/wp-json\/wp\/v2\/users\/33"}],"replies":[{"embeddable":true,"href":"https:\/\/ent2d.ac-bordeaux.fr\/disciplines\/allemand\/wp-json\/wp\/v2\/comments?post=971"}],"version-history":[{"count":4,"href":"https:\/\/ent2d.ac-bordeaux.fr\/disciplines\/allemand\/wp-json\/wp\/v2\/pages\/971\/revisions"}],"predecessor-version":[{"id":977,"href":"https:\/\/ent2d.ac-bordeaux.fr\/disciplines\/allemand\/wp-json\/wp\/v2\/pages\/971\/revisions\/977"}],"wp:featuredmedia":[{"embeddable":true,"href":"https:\/\/ent2d.ac-bordeaux.fr\/disciplines\/allemand\/wp-json\/wp\/v2\/media\/430"}],"wp:attachment":[{"href":"https:\/\/ent2d.ac-bordeaux.fr\/disciplines\/allemand\/wp-json\/wp\/v2\/media?parent=971"}],"curies":[{"name":"wp","href":"https:\/\/api.w.org\/{rel}","templated":true}]}}