{"id":957,"date":"2018-10-24T14:56:11","date_gmt":"2018-10-24T12:56:11","guid":{"rendered":"https:\/\/ent2d.ac-bordeaux.fr\/disciplines\/allemand\/?page_id=957"},"modified":"2022-09-13T17:01:02","modified_gmt":"2022-09-13T15:01:02","slug":"espace-numerique-2","status":"publish","type":"page","link":"https:\/\/ent2d.ac-bordeaux.fr\/disciplines\/allemand\/espace-numerique-2\/","title":{"rendered":"ESPACE NUM\u00c9RIQUE"},"content":{"rendered":"\n<p><strong>Veille num\u00e9rique <\/strong><\/p>\n\n\n\n<p>Voici les zooms de la semaine 50 :<\/p>\n\n\n\n<p>&#8211;&nbsp;<a href=\"https:\/\/eduscol.education.fr\/langues-vivantes\/actualites\/actualites\/article\/journee-franco-allemande-4.html\" target=\"_blank\" rel=\"noreferrer noopener\">Journ\u00e9e franco-allemande<\/a>&nbsp;Modalit\u00e9s, outils p\u00e9dagogiques, activit\u00e9s et manifestations pour organiser la journ\u00e9e du 22 janvier. &nbsp;<br><\/p>\n\n\n\n<p>&#8211;&nbsp;<a rel=\"noreferrer noopener\" href=\"https:\/\/eduscol.education.fr\/langues-vivantes\/actualites\/actualites\/article\/creation-dun-journal-en-espagnol.html\" target=\"_blank\">Cr\u00e9ation d\u2019un journal en espagnol<\/a> Des \u00e9l\u00e8ves, un professeur et un professeur-documentaliste au c\u0153ur de la r\u00e9alisation d\u2019un journal en langue espagnole. (Transposable \u00e0 d&rsquo;autres langues).<\/p>\n\n\n\n<p><\/p>\n\n\n\n<p>Et les \u00c0 la Une de d\u00e9cembre :<br><\/p>\n\n\n\n<p>&#8211;&nbsp;<a href=\"https:\/\/eduscol.education.fr\/langues-vivantes\/actualites\/actualites\/article\/une-ressource-classroom-screen.html\" target=\"_blank\" rel=\"noreferrer noopener\">Une ressource : Classroom Screen<\/a>&nbsp;Le site des langues vivantes de l\u2019acad\u00e9mie de Toulouse pr\u00e9sente le site Classroom Screen dans le cadre du travail en \u00eelots.<\/p>\n\n\n\n<p>&#8211;&nbsp;<a href=\"https:\/\/eduscol.education.fr\/langues-vivantes\/actualites\/actualites\/article\/une-lecture-cadre-de-reference-des-competences-numeriques-crcn.html\" target=\"_blank\" rel=\"noreferrer noopener\">Une lecture : Cadre de r\u00e9f\u00e9rence des comp\u00e9tences num\u00e9riques (CRCN)<\/a>&nbsp;Un outil de positionnement et de certification des comp\u00e9tences num\u00e9riques.<br><\/p>\n\n\n\n<p>Voici les Zooms sur de la semaine 45 :<\/p>\n\n\n\n<p>&#8211;&nbsp;<a href=\"https:\/\/eduscol.education.fr\/langues-vivantes\/actualites\/actualites\/article\/escpe-gme.html\" target=\"_blank\" rel=\"noreferrer noopener\">Esc@pe G@me<\/a>&nbsp;: un projet eTwinning entre deux lyc\u00e9es professionnels de France et d&rsquo;Espagne sur le th\u00e8me de l&rsquo;\u00e9lectricit\u00e9.<\/p>\n\n\n\n<p>&#8211;&nbsp;<a href=\"https:\/\/eduscol.education.fr\/langues-vivantes\/actualites\/actualites\/article\/ressources-audio-et-video-en-allemand.html\" target=\"_blank\" rel=\"noreferrer noopener\">Ressources audio et vid\u00e9o en allemand<\/a>&nbsp;: des ressources en ligne pour les professeurs d&rsquo;allemand<\/p>\n\n\n\n<p>Voici les actualit\u00e9s du mois de novembre :<br><\/p>\n\n\n\n<p>&#8211;&nbsp;<a href=\"https:\/\/eduscol.education.fr\/langues-vivantes\/actualites\/actualites\/article\/une-lecture-la-lettre-iedu-num-ressourcesi.html\" target=\"_blank\" rel=\"noreferrer noopener\">Une lecture : la lettre Edu_Num Ressources<\/a>. Eduscol a publi\u00e9 la lettre Edu_Num Ressources n\u00b06.<br><\/p>\n\n\n\n<p>&#8211;&nbsp;<a href=\"https:\/\/eduscol.education.fr\/langues-vivantes\/actualites\/actualites\/article\/une-ressource-compte-rendu-des-traam.html\" target=\"_blank\" rel=\"noreferrer noopener\">Une ressource : compte-rendu des TraAM<\/a>. Bilan des Travaux acad\u00e9miques mutualis\u00e9s 2018-2019.<br><\/p>\n\n\n\n<p>&#8211;&nbsp;<a href=\"https:\/\/eduscol.education.fr\/langues-vivantes\/actualites\/actualites\/article\/un-site-cap-ecole-inclusive.html\" target=\"_blank\" rel=\"noreferrer noopener\">Un site : Cap \u00e9cole inclusive<\/a>. Une plateforme d&rsquo;accompagnements, de ressources p\u00e9dagogiques et d&rsquo;appui \u00e0 la formation pour les enseignants.<br><\/p>\n\n\n\n<p>&#8211;&nbsp;<a href=\"https:\/\/eduscol.education.fr\/langues-vivantes\/actualites\/actualites\/article\/un-evenement-festival-augenblick.html\" target=\"_blank\" rel=\"noreferrer noopener\">Un \u00e9v\u00e9nement : Festival Augenblick\u200b<\/a>. La 15e \u00e9dition du festival Augenblick se tiendra du 5 au 22 novembre 2019.<\/p>\n\n\n\n<p>Informations plus anciennes : <\/p>\n\n\n\n<p><a rel=\"noreferrer noopener\" href=\"http:\/\/eduscol.education.fr\/langues-vivantes\/actualites\/actualites\/article\/audio-lingua-operation-un-verbe-un-mois.html\" target=\"_blank\">Audio Lingua : Op\u00e9ration \u00ab Un verbe, un mois \u00bb<\/a>&nbsp;Le site collaboratif Audio Lingua a lanc\u00e9 un appel \u00e0 contribution pour enrichir la base de fichiers sons.<\/p>\n\n\n\n<p><a rel=\"noreferrer noopener\" href=\"http:\/\/eduscol.education.fr\/langues-vivantes\/actualites\/actualites\/article\/utiliser-twitter-en-classe.html\" target=\"_blank\">Utiliser Twitter en classe<\/a>&nbsp;\u00c9duscol a publi\u00e9 une sitographie sur l\u2019usage p\u00e9dagogique de Twitter en classe.<\/p>\n\n\n\n<p><a href=\"http:\/\/eduscol.education.fr\/langues-vivantes\/actualites\/actualites\/article\/videos-de-la-conference-langues-et-numerique-2018.html\" target=\"_blank\" rel=\"noreferrer noopener\">Vid\u00e9os de la conf\u00e9rence \u00ab&nbsp;Langues et&nbsp;num\u00e9rique&nbsp;2018&nbsp;\u00bb<\/a>&nbsp;La D\u00e9l\u00e9gation g\u00e9n\u00e9rale \u00e0 la langue fran\u00e7aise et aux langues de France (DGLFLF) a publi\u00e9 les vid\u00e9os de la conf\u00e9rence \u00ab Langues et&nbsp;num\u00e9rique&nbsp;2018&nbsp;\u00bb.<\/p>\n","protected":false},"excerpt":{"rendered":"<p>Veille num\u00e9rique Voici les zooms de la semaine 50 : &#8211;&nbsp;Journ\u00e9e franco-allemande&nbsp;Modalit\u00e9s, outils p\u00e9dagogiques, activit\u00e9s et manifestations pour organiser la journ\u00e9e du 22 janvier. &nbsp; &#8211;&nbsp;Cr\u00e9ation d\u2019un journal en espagnol &#8230;<\/p>\n","protected":false},"author":33,"featured_media":0,"parent":0,"menu_order":0,"comment_status":"closed","ping_status":"closed","template":"","meta":{"footnotes":""},"class_list":["post-957","page","type-page","status-publish","hentry"],"_links":{"self":[{"href":"https:\/\/ent2d.ac-bordeaux.fr\/disciplines\/allemand\/wp-json\/wp\/v2\/pages\/957","targetHints":{"allow":["GET"]}}],"collection":[{"href":"https:\/\/ent2d.ac-bordeaux.fr\/disciplines\/allemand\/wp-json\/wp\/v2\/pages"}],"about":[{"href":"https:\/\/ent2d.ac-bordeaux.fr\/disciplines\/allemand\/wp-json\/wp\/v2\/types\/page"}],"author":[{"embeddable":true,"href":"https:\/\/ent2d.ac-bordeaux.fr\/disciplines\/allemand\/wp-json\/wp\/v2\/users\/33"}],"replies":[{"embeddable":true,"href":"https:\/\/ent2d.ac-bordeaux.fr\/disciplines\/allemand\/wp-json\/wp\/v2\/comments?post=957"}],"version-history":[{"count":7,"href":"https:\/\/ent2d.ac-bordeaux.fr\/disciplines\/allemand\/wp-json\/wp\/v2\/pages\/957\/revisions"}],"predecessor-version":[{"id":1540,"href":"https:\/\/ent2d.ac-bordeaux.fr\/disciplines\/allemand\/wp-json\/wp\/v2\/pages\/957\/revisions\/1540"}],"wp:attachment":[{"href":"https:\/\/ent2d.ac-bordeaux.fr\/disciplines\/allemand\/wp-json\/wp\/v2\/media?parent=957"}],"curies":[{"name":"wp","href":"https:\/\/api.w.org\/{rel}","templated":true}]}}