{"id":953,"date":"2018-10-24T14:55:36","date_gmt":"2018-10-24T12:55:36","guid":{"rendered":"https:\/\/ent2d.ac-bordeaux.fr\/disciplines\/allemand\/?page_id=953"},"modified":"2026-03-12T09:18:51","modified_gmt":"2026-03-12T08:18:51","slug":"vos-projets","status":"publish","type":"page","link":"https:\/\/ent2d.ac-bordeaux.fr\/disciplines\/allemand\/vos-projets\/","title":{"rendered":"VOS PROJETS"},"content":{"rendered":"\n<p><\/p>\n\n\n<h4 style=\"text-align: center\"><span style=\"color: #ff00ff\">ESCAPE GAME<\/span><\/h4>\n<h4><a href=\"https:\/\/ent2d.ac-bordeaux.fr\/disciplines\/allemand\/escape-game\/\" target=\"_blank\" rel=\"noopener\"><img loading=\"lazy\" decoding=\"async\" class=\"aligncenter wp-image-1319 size-medium\" src=\"https:\/\/ent2d.ac-bordeaux.fr\/disciplines\/allemand\/wp-content\/uploads\/sites\/11\/2019\/02\/image-escape-game-300x206.png\" alt=\"\" width=\"300\" height=\"206\" srcset=\"https:\/\/ent2d.ac-bordeaux.fr\/disciplines\/allemand\/wp-content\/uploads\/sites\/11\/2019\/02\/image-escape-game-300x206.png 300w, https:\/\/ent2d.ac-bordeaux.fr\/disciplines\/allemand\/wp-content\/uploads\/sites\/11\/2019\/02\/image-escape-game-768x527.png 768w, https:\/\/ent2d.ac-bordeaux.fr\/disciplines\/allemand\/wp-content\/uploads\/sites\/11\/2019\/02\/image-escape-game.png 1024w\" sizes=\"auto, (max-width: 300px) 100vw, 300px\" \/><\/a><\/h4>\n\n<h4 style=\"text-align: center\"><span style=\"color: #ff00ff\">ECHANGE PAU-LIMBURG<\/span><\/h4>\n<p data-start=\"204\" data-end=\"525\">Dans le cadre du partenariat entre les \u00e9tablissements de <strong data-start=\"261\" data-end=\"282\">Pau et de Limburg<\/strong>, un \u00e9change scolaire s\u2019est d\u00e9roul\u00e9 en <strong data-start=\"321\" data-end=\"338\">d\u00e9cembre 2025<\/strong>. Ce projet a permis aux \u00e9l\u00e8ves fran\u00e7ais et allemands de se rencontrer, de d\u00e9couvrir le quotidien de leurs correspondants et de pratiquer la langue allemande dans un contexte authentique.<\/p>\n<p data-start=\"527\" data-end=\"863\">Au-del\u00e0 de l\u2019immersion linguistique, cet \u00e9change a \u00e9galement favoris\u00e9 la d\u00e9couverte culturelle et le d\u00e9veloppement de comp\u00e9tences interculturelles. Les \u00e9l\u00e8ves ont particip\u00e9 \u00e0 diff\u00e9rentes activit\u00e9s p\u00e9dagogiques et culturelles leur permettant de mieux comprendre le pays partenaire et de renforcer les liens entre les deux \u00e9tablissements.<\/p>\n<p data-start=\"865\" data-end=\"974\">Vous trouverez ci-dessous un aper\u00e7u de cet \u00e9change \u00e0 travers une s\u00e9lection de photos, de carnets de voyage et de moments marquants.<\/p>\n<p data-start=\"865\" data-end=\"974\"><a href=\"https:\/\/www.lyceelouisbarthou.fr\/informations\/c\/1\/i\/94662169\/austausch-limburg-pau-2025\" target=\"_blank\" rel=\"noopener\">AUSTAUSCH LIMBURG PAU DEZEMBER 2025<\/a><\/p>","protected":false},"excerpt":{"rendered":"<p>ESCAPE GAME ECHANGE PAU-LIMBURG Dans le cadre du partenariat entre les \u00e9tablissements de Pau et de Limburg, un \u00e9change scolaire s\u2019est d\u00e9roul\u00e9 en d\u00e9cembre 2025. Ce projet a permis aux &#8230;<\/p>\n","protected":false},"author":33,"featured_media":430,"parent":0,"menu_order":0,"comment_status":"closed","ping_status":"closed","template":"template-fullwidth.php","meta":{"footnotes":""},"class_list":["post-953","page","type-page","status-publish","has-post-thumbnail","hentry"],"_links":{"self":[{"href":"https:\/\/ent2d.ac-bordeaux.fr\/disciplines\/allemand\/wp-json\/wp\/v2\/pages\/953","targetHints":{"allow":["GET"]}}],"collection":[{"href":"https:\/\/ent2d.ac-bordeaux.fr\/disciplines\/allemand\/wp-json\/wp\/v2\/pages"}],"about":[{"href":"https:\/\/ent2d.ac-bordeaux.fr\/disciplines\/allemand\/wp-json\/wp\/v2\/types\/page"}],"author":[{"embeddable":true,"href":"https:\/\/ent2d.ac-bordeaux.fr\/disciplines\/allemand\/wp-json\/wp\/v2\/users\/33"}],"replies":[{"embeddable":true,"href":"https:\/\/ent2d.ac-bordeaux.fr\/disciplines\/allemand\/wp-json\/wp\/v2\/comments?post=953"}],"version-history":[{"count":10,"href":"https:\/\/ent2d.ac-bordeaux.fr\/disciplines\/allemand\/wp-json\/wp\/v2\/pages\/953\/revisions"}],"predecessor-version":[{"id":1660,"href":"https:\/\/ent2d.ac-bordeaux.fr\/disciplines\/allemand\/wp-json\/wp\/v2\/pages\/953\/revisions\/1660"}],"wp:featuredmedia":[{"embeddable":true,"href":"https:\/\/ent2d.ac-bordeaux.fr\/disciplines\/allemand\/wp-json\/wp\/v2\/media\/430"}],"wp:attachment":[{"href":"https:\/\/ent2d.ac-bordeaux.fr\/disciplines\/allemand\/wp-json\/wp\/v2\/media?parent=953"}],"curies":[{"name":"wp","href":"https:\/\/api.w.org\/{rel}","templated":true}]}}