{"id":870,"date":"2018-10-22T21:52:28","date_gmt":"2018-10-22T19:52:28","guid":{"rendered":"https:\/\/ent2d.ac-bordeaux.fr\/disciplines\/allemand\/?page_id=870"},"modified":"2018-10-22T21:59:37","modified_gmt":"2018-10-22T19:59:37","slug":"seconde-generale-et-technologique","status":"publish","type":"page","link":"https:\/\/ent2d.ac-bordeaux.fr\/disciplines\/allemand\/seconde-generale-et-technologique\/","title":{"rendered":"Seconde g\u00e9n\u00e9rale et technologique"},"content":{"rendered":"<h4 style=\"text-align: center\"><span style=\"color: #0000ff\">Seconde G\u00e9n\u00e9rale &amp; Technologique<\/span><\/h4>\n<div id=\"mainContent\">\n<p><img decoding=\"async\" class=\"blankImgFloat\" src=\"https:\/\/www.ac-strasbourg.fr\/fileadmin\/templates\/commun\/img\/blank.gif\" \/><span style=\"line-height: 1.6\">A savoir<\/span><\/p>\n<div id=\"section\" class=\"\">\n<div id=\"c54709\" class=\"c-item cty-flexible clo-std\">\n<div class=\"boite boiteEncadre encadreRose\">\n<div class=\"texte\">\n<div class=\"bloc\">\n<div id=\"c54710\" class=\"c-item cty-txtimg fondroseclair\">\n<div class=\"csc-textpic-text\">\n<p class=\"align-justifie\"><span class=\"texterose\">\u00ab\u00a0Ces informations sont valables pour l&rsquo;ann\u00e9e scolaire 2018-2019. Les programmes de langues vivantes de la classe de seconde seront revus \u00e0 partir de la rentr\u00e9e scolaire 2019-2020\u00a0\u00bb<\/span><\/p>\n<\/div>\n<\/div>\n<\/div>\n<\/div>\n<\/div>\n<\/div>\n<div id=\"c54548\" class=\"c-item cty-txtimg clo-std\">\n<div class=\"csc-textpic-text\">\n<h5><span style=\"color: #ff00ff\"><strong>Enseignements communs obligatoires<\/strong><\/span><\/h5>\n<p>&nbsp;<\/p>\n<table>\n<thead>\n<tr class=\"align-centre\">\n<th><\/th>\n<th scope=\"col\">Seconde G\u00e9n\u00e9rale et Technologique<\/th>\n<\/tr>\n<\/thead>\n<tbody>\n<tr class=\"align-centre\">\n<td><span class=\"texterose\"><strong class=\"aucune\">Langues Vivantes 1 et 2*<\/strong><\/span><\/td>\n<td>5h30<\/td>\n<\/tr>\n<\/tbody>\n<\/table>\n<h6><\/h6>\n<h5><span style=\"color: #ff00ff\"><strong>Enseignements facultatifs (au choix)\u00a0<\/strong><\/span><\/h5>\n<p>&nbsp;<\/p>\n<table>\n<tbody>\n<tr class=\"align-centre\">\n<th><\/th>\n<th scope=\"col\">Seconde G\u00e9n\u00e9rale et Technologique<\/th>\n<\/tr>\n<tr class=\"align-centre\">\n<td><span class=\"texterose\"><strong class=\"aucune\">Langue Vivante 3*<br \/>\n<\/strong><\/span><\/td>\n<td>3h<\/td>\n<\/tr>\n<\/tbody>\n<\/table>\n<h6><\/h6>\n<h5><span style=\"color: #ff00ff\"><strong>Enseignements\u00a0 de sp\u00e9cialit\u00e9 (au choix) *<\/strong><\/span><\/h5>\n<p>&nbsp;<\/p>\n<table>\n<tbody>\n<tr class=\"align-centre\">\n<th><\/th>\n<th scope=\"col\">Seconde G\u00e9n\u00e9rale et Technologique<\/th>\n<\/tr>\n<tr class=\"align-centre\">\n<td><span class=\"texterose\"><strong class=\"aucune\">Langue Vivante 3*<br \/>\n<\/strong><\/span><\/td>\n<td>3h<\/td>\n<\/tr>\n<\/tbody>\n<\/table>\n<p><strong><span class=\"textegris\">* <\/span><\/strong><span class=\"textegris\">La LV2 ou la LV3 peuvent \u00eatre \u00e9trang\u00e8res ou r\u00e9gionales.<\/span><\/p>\n<p><a href=\"https:\/\/ent2d.ac-bordeaux.fr\/disciplines\/allemand\/wp-content\/uploads\/sites\/11\/2018\/10\/Information.png\"><img loading=\"lazy\" decoding=\"async\" class=\"alignnone wp-image-877\" src=\"https:\/\/ent2d.ac-bordeaux.fr\/disciplines\/allemand\/wp-content\/uploads\/sites\/11\/2018\/10\/Information-300x200.png\" alt=\"\" width=\"56\" height=\"37\" \/><\/a>Un m\u00eame enseignement ne peut \u00eatre choisi au titre des enseignements d&rsquo;exploration et de l&rsquo;enseignement facultatif<br \/>\n<a href=\"https:\/\/ent2d.ac-bordeaux.fr\/disciplines\/allemand\/wp-content\/uploads\/sites\/11\/2018\/10\/Information.png\"><img loading=\"lazy\" decoding=\"async\" class=\"alignnone wp-image-877\" src=\"https:\/\/ent2d.ac-bordeaux.fr\/disciplines\/allemand\/wp-content\/uploads\/sites\/11\/2018\/10\/Information-300x200.png\" alt=\"\" width=\"56\" height=\"37\" \/><\/a>Enseignement auquel peut s\u2019ajouter une heure avec un assistant de langue<\/p>\n<\/div>\n<\/div>\n<\/div>\n<\/div>\n","protected":false},"excerpt":{"rendered":"<p>Seconde G\u00e9n\u00e9rale &amp; Technologique A savoir \u00ab\u00a0Ces informations sont valables pour l&rsquo;ann\u00e9e scolaire 2018-2019. Les programmes de langues vivantes de la classe de seconde seront revus \u00e0 partir de la &#8230;<\/p>\n","protected":false},"author":33,"featured_media":430,"parent":0,"menu_order":0,"comment_status":"closed","ping_status":"closed","template":"template-fullwidth.php","meta":{"footnotes":""},"class_list":["post-870","page","type-page","status-publish","has-post-thumbnail","hentry"],"_links":{"self":[{"href":"https:\/\/ent2d.ac-bordeaux.fr\/disciplines\/allemand\/wp-json\/wp\/v2\/pages\/870","targetHints":{"allow":["GET"]}}],"collection":[{"href":"https:\/\/ent2d.ac-bordeaux.fr\/disciplines\/allemand\/wp-json\/wp\/v2\/pages"}],"about":[{"href":"https:\/\/ent2d.ac-bordeaux.fr\/disciplines\/allemand\/wp-json\/wp\/v2\/types\/page"}],"author":[{"embeddable":true,"href":"https:\/\/ent2d.ac-bordeaux.fr\/disciplines\/allemand\/wp-json\/wp\/v2\/users\/33"}],"replies":[{"embeddable":true,"href":"https:\/\/ent2d.ac-bordeaux.fr\/disciplines\/allemand\/wp-json\/wp\/v2\/comments?post=870"}],"version-history":[{"count":7,"href":"https:\/\/ent2d.ac-bordeaux.fr\/disciplines\/allemand\/wp-json\/wp\/v2\/pages\/870\/revisions"}],"predecessor-version":[{"id":879,"href":"https:\/\/ent2d.ac-bordeaux.fr\/disciplines\/allemand\/wp-json\/wp\/v2\/pages\/870\/revisions\/879"}],"wp:featuredmedia":[{"embeddable":true,"href":"https:\/\/ent2d.ac-bordeaux.fr\/disciplines\/allemand\/wp-json\/wp\/v2\/media\/430"}],"wp:attachment":[{"href":"https:\/\/ent2d.ac-bordeaux.fr\/disciplines\/allemand\/wp-json\/wp\/v2\/media?parent=870"}],"curies":[{"name":"wp","href":"https:\/\/api.w.org\/{rel}","templated":true}]}}