{"id":804,"date":"2018-10-22T17:48:11","date_gmt":"2018-10-22T15:48:11","guid":{"rendered":"https:\/\/ent2d.ac-bordeaux.fr\/disciplines\/allemand\/?page_id=804"},"modified":"2018-10-22T20:41:09","modified_gmt":"2018-10-22T18:41:09","slug":"programmes-accompagnements-voie-generale-et-technologique-classe-de-seconde","status":"publish","type":"page","link":"https:\/\/ent2d.ac-bordeaux.fr\/disciplines\/allemand\/programmes-accompagnements-voie-generale-et-technologique-classe-de-seconde\/","title":{"rendered":"Programmes &amp; accompagnements &#8211; Voie G\u00e9n\u00e9rale et Technologique &#8211; Classe de Seconde"},"content":{"rendered":"<h4 style=\"text-align: center\"><span style=\"color: #3366ff\"><strong>Programme d\u2019enseignement et accompagnements pour la classe de Seconde GT<\/strong><\/span><\/h4>\n<h6><strong>\u00a0<\/strong><\/h6>\n<p>Le programme de seconde s\u2019inscrit dans\u00a0<strong>la continuit\u00e9 des programmes du coll\u00e8ge<\/strong><strong>.<\/strong>\u00a0Il prend appui sur le\u00a0<em>Cadre europ\u00e9en commun de r\u00e9f\u00e9rence pour les langues<\/em>\u00a0(C.E.C.R.L) et vise \u00e0 d\u00e9velopper, chez l\u2019\u00e9l\u00e8ve, des comp\u00e9tences de communication dans les cinq activit\u00e9s langagi\u00e8res suivantes : compr\u00e9hension de l&rsquo;oral et de l&rsquo;\u00e9crit\u00a0<em>(activit\u00e9s de r\u00e9ception<\/em>); expression orale en continu et expression \u00e9crite (<em>activit\u00e9s de production<\/em>); interaction orale.<\/p>\n<p>&nbsp;<\/p>\n<table width=\"0\">\n<tbody>\n<tr>\n<td><strong>Enseignement commun de seconde :<\/strong><strong>\u00a0<\/strong><strong><a href=\"https:\/\/ent2d.ac-bordeaux.fr\/disciplines\/allemand\/wp-content\/uploads\/sites\/11\/2018\/10\/2ndeGT-Prog-LV1-LV2-2010.pdf\" target=\"_blank\" rel=\"noopener\">langues vivantes 1 et 2<\/a><\/strong><\/td>\n<\/tr>\n<tr>\n<td><strong>Enseignements d&rsquo;exploration de seconde :<\/strong><strong>\u00a0<\/strong><a href=\"https:\/\/ent2d.ac-bordeaux.fr\/disciplines\/allemand\/wp-content\/uploads\/sites\/11\/2018\/10\/2ndeGT-Prog-LV3-2010.pdf\" target=\"_blank\" rel=\"noopener\"><strong>langue vivante 3<\/strong><\/a><\/td>\n<\/tr>\n<tr>\n<td><strong>Enseignements facultatifs de seconde :<\/strong><strong>\u00a0<\/strong><a href=\"https:\/\/ent2d.ac-bordeaux.fr\/disciplines\/allemand\/wp-content\/uploads\/sites\/11\/2018\/10\/2ndeGT-Prog-LV3-2010-1.pdf\" target=\"_blank\" rel=\"noopener\"><strong>langue vivante 3<\/strong><\/a><\/td>\n<\/tr>\n<\/tbody>\n<\/table>\n<p><strong><br \/>\n<\/strong><strong>En fin de classe de seconde g\u00e9n\u00e9rale et technologique, le niveau de comp\u00e9tence attendu est :<\/strong><strong>\u00a0<\/strong><\/p>\n<table width=\"0\">\n<tbody>\n<tr>\n<td><strong>Langue Vivante 1<\/strong><\/td>\n<td><strong>Langue Vivante 2<\/strong><\/td>\n<td><strong>Langue Vivante 3<\/strong><\/td>\n<\/tr>\n<tr>\n<td><strong>B1<\/strong><\/td>\n<td><strong>A2<\/strong><\/td>\n<td><strong>A1<\/strong><\/td>\n<\/tr>\n<tr>\n<td>utilisateur ind\u00e9pendant<\/p>\n<p>(<em>niveau seuil<\/em>)<\/td>\n<td>utilisateur interm\u00e9diaire<\/p>\n<p>(<em>niveau interm\u00e9diaire<\/em>)<\/td>\n<td>utilisateur \u00e9l\u00e9mentaire<\/p>\n<p>(<em>niveau introductif<\/em>)<\/td>\n<\/tr>\n<\/tbody>\n<\/table>\n<p><span style=\"color: #ff00ff\"><strong>Fiches th\u00e9matiques &#8211; Classe de Seconde G\u00e9n\u00e9rale et Technologique<\/strong><\/span><\/p>\n<p>Les contextes d\u2019usage de la langue \u00e9tudi\u00e9e sont prioritairement dict\u00e9s par<strong>\u00a0<\/strong><strong>l\u2019entr\u00e9e culturelle<\/strong>\u00a0\u00ab<strong>l\u2019art de vivre ensemble<\/strong>\u00bb <em>(famille, communaut\u00e9s, villes, territoires<\/em>). Cette entr\u00e9e s\u2019organise autour de trois\u00a0<strong>notions<\/strong><strong>\u00a0<\/strong>li\u00e9es au pr\u00e9sent, au pass\u00e9 et \u00e0 l\u2019avenir:\u00a0<strong>m\u00e9moire<\/strong><strong>\u00a0<\/strong>(<em>h\u00e9ritages et ruptures<\/em>);\u00a0<strong>sentiment d&rsquo;appartenance<\/strong>\u00a0(<em>singularit\u00e9s et solidarit\u00e9s<\/em>);\u00a0<strong>visions d&rsquo;avenir <\/strong>(<em>cr\u00e9ations et adaptations<\/em>).<\/p>\n<p>Pour chaque langue,\u00a0des th\u00e9matiques inh\u00e9rentes aux sp\u00e9cificit\u00e9s des aires culturelles et linguistiques \u00e9tudi\u00e9es sont propos\u00e9es et t\u00e9l\u00e9chargeables au format .pdf. Ces ressources proviennent du site\u00a0<strong><a href=\"http:\/\/eduscol.education.fr\/cid56575\/banque-d-idees-de-themes-d-etude.html\">Eduscol<\/a><\/strong>.<\/p>\n<p><a href=\"https:\/\/ent2d.ac-bordeaux.fr\/disciplines\/allemand\/wp-content\/uploads\/sites\/11\/2018\/10\/LyceeGT_Ressources_LV_2_exempletheme_allemand_182725_234399.pdf\" target=\"_blank\" rel=\"noopener\">Ressources pour l\u2019allemand<\/a><\/p>\n<p><span style=\"color: #ff00ff\"><strong>Fiches de mise en \u0153uvre par notions &#8211; Classe de Seconde G\u00e9n\u00e9rale et Technologique<\/strong><\/span><\/p>\n<p>Inscrites dans une d\u00e9marche de projet et\u00a0<strong>transf\u00e9rables<\/strong><strong>\u00a0<\/strong>d&rsquo;une langue \u00e0 l&rsquo;autre, elles proposent des pistes de mise en \u0153uvre structur\u00e9es autour de connaissances et de comp\u00e9tences culturelles, linguistiques et pragmatiques. Ces ressources proviennent du site\u00a0<strong><a href=\"http:\/\/eduscol.education.fr\/cid56575\/banque-d-idees-de-themes-d-etude.html\">Eduscol<\/a><\/strong>. Il revient \u00e0 chaque langue de d\u00e9cliner ces notions en\u00a0<strong>probl\u00e9matiques inh\u00e9rentes<\/strong>\u00a0aux sp\u00e9cificit\u00e9s des aires culturelles et linguistiques \u00e9tudi\u00e9es.<\/p>\n<p><a href=\"https:\/\/ent2d.ac-bordeaux.fr\/disciplines\/allemand\/wp-content\/uploads\/sites\/11\/2018\/10\/2nde-GT-Fichesthematiques_allemand-2011-1.pdf\" target=\"_blank\" rel=\"noopener\">Ressources pour l\u2019allemand<\/a><\/p>\n","protected":false},"excerpt":{"rendered":"<p>Programme d\u2019enseignement et accompagnements pour la classe de Seconde GT \u00a0 Le programme de seconde s\u2019inscrit dans\u00a0la continuit\u00e9 des programmes du coll\u00e8ge.\u00a0Il prend appui sur le\u00a0Cadre europ\u00e9en commun de r\u00e9f\u00e9rence &#8230;<\/p>\n","protected":false},"author":33,"featured_media":430,"parent":0,"menu_order":0,"comment_status":"closed","ping_status":"closed","template":"template-fullwidth.php","meta":{"footnotes":""},"class_list":["post-804","page","type-page","status-publish","has-post-thumbnail","hentry"],"_links":{"self":[{"href":"https:\/\/ent2d.ac-bordeaux.fr\/disciplines\/allemand\/wp-json\/wp\/v2\/pages\/804","targetHints":{"allow":["GET"]}}],"collection":[{"href":"https:\/\/ent2d.ac-bordeaux.fr\/disciplines\/allemand\/wp-json\/wp\/v2\/pages"}],"about":[{"href":"https:\/\/ent2d.ac-bordeaux.fr\/disciplines\/allemand\/wp-json\/wp\/v2\/types\/page"}],"author":[{"embeddable":true,"href":"https:\/\/ent2d.ac-bordeaux.fr\/disciplines\/allemand\/wp-json\/wp\/v2\/users\/33"}],"replies":[{"embeddable":true,"href":"https:\/\/ent2d.ac-bordeaux.fr\/disciplines\/allemand\/wp-json\/wp\/v2\/comments?post=804"}],"version-history":[{"count":14,"href":"https:\/\/ent2d.ac-bordeaux.fr\/disciplines\/allemand\/wp-json\/wp\/v2\/pages\/804\/revisions"}],"predecessor-version":[{"id":854,"href":"https:\/\/ent2d.ac-bordeaux.fr\/disciplines\/allemand\/wp-json\/wp\/v2\/pages\/804\/revisions\/854"}],"wp:featuredmedia":[{"embeddable":true,"href":"https:\/\/ent2d.ac-bordeaux.fr\/disciplines\/allemand\/wp-json\/wp\/v2\/media\/430"}],"wp:attachment":[{"href":"https:\/\/ent2d.ac-bordeaux.fr\/disciplines\/allemand\/wp-json\/wp\/v2\/media?parent=804"}],"curies":[{"name":"wp","href":"https:\/\/api.w.org\/{rel}","templated":true}]}}