{"id":794,"date":"2018-10-22T11:41:22","date_gmt":"2018-10-22T09:41:22","guid":{"rendered":"https:\/\/ent2d.ac-bordeaux.fr\/disciplines\/allemand\/?page_id=794"},"modified":"2018-10-27T20:29:00","modified_gmt":"2018-10-27T18:29:00","slug":"textes","status":"publish","type":"page","link":"https:\/\/ent2d.ac-bordeaux.fr\/disciplines\/allemand\/textes\/","title":{"rendered":"TEXTES"},"content":{"rendered":"<h3><span style=\"color: #0000ff\">TEXTES : BO<\/span><\/h3>\n<p style=\"text-align: center\">\u00a0<a href=\"https:\/\/ent2d.ac-bordeaux.fr\/disciplines\/allemand\/textes-officiels-bo\/\"><img loading=\"lazy\" decoding=\"async\" class=\"alignnone wp-image-770 size-medium\" src=\"https:\/\/ent2d.ac-bordeaux.fr\/disciplines\/allemand\/wp-content\/uploads\/sites\/11\/2018\/10\/BO-300x109.png\" alt=\"\" width=\"300\" height=\"109\" srcset=\"https:\/\/ent2d.ac-bordeaux.fr\/disciplines\/allemand\/wp-content\/uploads\/sites\/11\/2018\/10\/BO-300x109.png 300w, https:\/\/ent2d.ac-bordeaux.fr\/disciplines\/allemand\/wp-content\/uploads\/sites\/11\/2018\/10\/BO.png 370w\" sizes=\"auto, (max-width: 300px) 100vw, 300px\" \/><\/a><\/p>\n<p>&nbsp;<\/p>\n<h3><span style=\"color: #0000ff\">TEXTES : PROGRAMMES<\/span><\/h3>\n<p style=\"text-align: center\"><a href=\"https:\/\/ent2d.ac-bordeaux.fr\/disciplines\/allemand\/textes-officiels\/\"><img loading=\"lazy\" decoding=\"async\" class=\"alignnone wp-image-1247\" src=\"https:\/\/ent2d.ac-bordeaux.fr\/disciplines\/allemand\/wp-content\/uploads\/sites\/11\/2018\/10\/Education.gouv_.fr_.png\" alt=\"\" width=\"254\" height=\"147\" \/><\/a><\/p>\n<p>&nbsp;<\/p>\n<h3><span style=\"color: #0000ff\">CECRL : le Cadre europ\u00e9en commun de r\u00e9f\u00e9rence pour les langues<\/span><\/h3>\n<p><a href=\"https:\/\/ent2d.ac-bordeaux.fr\/disciplines\/allemand\/cecrl-le-cadre-europeen-commun-de-reference-pour-les-langues\/\"><img loading=\"lazy\" decoding=\"async\" class=\"aligncenter wp-image-1260\" src=\"https:\/\/ent2d.ac-bordeaux.fr\/disciplines\/allemand\/wp-content\/uploads\/sites\/11\/2018\/10\/CECR-300x237.png\" alt=\"\" width=\"267\" height=\"211\" srcset=\"https:\/\/ent2d.ac-bordeaux.fr\/disciplines\/allemand\/wp-content\/uploads\/sites\/11\/2018\/10\/CECR-300x237.png 300w, https:\/\/ent2d.ac-bordeaux.fr\/disciplines\/allemand\/wp-content\/uploads\/sites\/11\/2018\/10\/CECR.png 726w\" sizes=\"auto, (max-width: 267px) 100vw, 267px\" \/><\/a><\/p>\n<p>&nbsp;<\/p>\n<h3><span style=\"color: #0000ff\">Le socle commun de connaissances, de comp\u00e9tences et de culture<\/span><\/h3>\n<p><a href=\"https:\/\/ent2d.ac-bordeaux.fr\/disciplines\/allemand\/le-socle-commun-de-connaissances-de-competences-et-de-culture-et-levaluation-des-acquis-scolaires-des-eleves\/\"><img loading=\"lazy\" decoding=\"async\" class=\"aligncenter wp-image-973\" src=\"https:\/\/ent2d.ac-bordeaux.fr\/disciplines\/allemand\/wp-content\/uploads\/sites\/11\/2018\/10\/SCCCC.png\" alt=\"\" width=\"202\" height=\"134\" \/><\/a><\/p>\n<p>&nbsp;<\/p>\n","protected":false},"excerpt":{"rendered":"<p>TEXTES : BO \u00a0 &nbsp; TEXTES : PROGRAMMES &nbsp; CECRL : le Cadre europ\u00e9en commun de r\u00e9f\u00e9rence pour les langues &nbsp; Le socle commun de connaissances, de comp\u00e9tences et de &#8230;<\/p>\n","protected":false},"author":33,"featured_media":430,"parent":0,"menu_order":0,"comment_status":"closed","ping_status":"closed","template":"template-fullwidth.php","meta":{"footnotes":""},"class_list":["post-794","page","type-page","status-publish","has-post-thumbnail","hentry"],"_links":{"self":[{"href":"https:\/\/ent2d.ac-bordeaux.fr\/disciplines\/allemand\/wp-json\/wp\/v2\/pages\/794","targetHints":{"allow":["GET"]}}],"collection":[{"href":"https:\/\/ent2d.ac-bordeaux.fr\/disciplines\/allemand\/wp-json\/wp\/v2\/pages"}],"about":[{"href":"https:\/\/ent2d.ac-bordeaux.fr\/disciplines\/allemand\/wp-json\/wp\/v2\/types\/page"}],"author":[{"embeddable":true,"href":"https:\/\/ent2d.ac-bordeaux.fr\/disciplines\/allemand\/wp-json\/wp\/v2\/users\/33"}],"replies":[{"embeddable":true,"href":"https:\/\/ent2d.ac-bordeaux.fr\/disciplines\/allemand\/wp-json\/wp\/v2\/comments?post=794"}],"version-history":[{"count":12,"href":"https:\/\/ent2d.ac-bordeaux.fr\/disciplines\/allemand\/wp-json\/wp\/v2\/pages\/794\/revisions"}],"predecessor-version":[{"id":1590,"href":"https:\/\/ent2d.ac-bordeaux.fr\/disciplines\/allemand\/wp-json\/wp\/v2\/pages\/794\/revisions\/1590"}],"wp:featuredmedia":[{"embeddable":true,"href":"https:\/\/ent2d.ac-bordeaux.fr\/disciplines\/allemand\/wp-json\/wp\/v2\/media\/430"}],"wp:attachment":[{"href":"https:\/\/ent2d.ac-bordeaux.fr\/disciplines\/allemand\/wp-json\/wp\/v2\/media?parent=794"}],"curies":[{"name":"wp","href":"https:\/\/api.w.org\/{rel}","templated":true}]}}