{"id":775,"date":"2018-10-22T10:41:38","date_gmt":"2018-10-22T08:41:38","guid":{"rendered":"https:\/\/ent2d.ac-bordeaux.fr\/disciplines\/allemand\/?page_id=775"},"modified":"2018-10-22T22:24:18","modified_gmt":"2018-10-22T20:24:18","slug":"textes-officiels","status":"publish","type":"page","link":"https:\/\/ent2d.ac-bordeaux.fr\/disciplines\/allemand\/textes-officiels\/","title":{"rendered":"Textes officiels : programmes"},"content":{"rendered":"<h3 style=\"text-align: center\"><span style=\"color: #ff0000\"><strong>Programmes du CYCLE 2 AU CYCLE 4<\/strong><\/span><\/h3>\n<p>Les documents suivants sont t\u00e9l\u00e9chargeables au format .pdf et sont extraits du <span class=\"texterose\" style=\"color: #ff00ff\">Bulletin Officiel sp\u00e9cial n\u00b011 du 26 novembre 2015<\/span><\/p>\n<p class=\"align-justifie\"><strong>Volet 1<\/strong> : Les sp\u00e9cificit\u00e9s du cycle des apprentissages fondamentaux<\/p>\n<p><strong>Volet 2<\/strong>\u00a0: Contributions essentielles des diff\u00e9rents enseignements au socle commun<\/p>\n<p class=\"align-justifie\"><strong>Volet 3<\/strong>\u00a0: Les enseignements \u2013 Langues Vivantes \u00c9trang\u00e8res et R\u00e9gionales<\/p>\n<hr \/>\n<p><strong>Cycle 2<\/strong> \u00a0 \u00a0 \u00a0 \u00a0 \u00a0 \u00a0 \u00a0 \u00a0 \u00a0 \u00a0 \u00a0<strong>Cycle 3 \u00a0<\/strong> \u00a0 \u00a0 \u00a0 \u00a0 \u00a0 \u00a0 \u00a0 \u00a0<strong>Cycle 4<\/strong><\/p>\n<p><a href=\"https:\/\/www.ac-strasbourg.fr\/fileadmin\/pedagogie\/langues\/ressources-pedagogiques\/Cycle_2_-_Volet_1.pdf\" target=\"_blank\" rel=\"noopener\">Volet 1<\/a> \u00a0 \u00a0 \u00a0 \u00a0 \u00a0 \u00a0 \u00a0 \u00a0 \u00a0 \u00a0 \u00a0<a href=\"https:\/\/www.ac-strasbourg.fr\/fileadmin\/pedagogie\/langues\/ressources-pedagogiques\/Cycle_3_-_Volet_1.pdf\" target=\"_blank\" rel=\"noopener\">Volet 1<\/a> \u00a0 \u00a0 \u00a0 \u00a0 \u00a0 \u00a0 \u00a0 \u00a0 \u00a0<a href=\"https:\/\/www.ac-strasbourg.fr\/fileadmin\/pedagogie\/langues\/ressources-pedagogiques\/Cycle_4_-_volet_1.pdf\" target=\"_blank\" rel=\"noopener\">Volet 1<\/a><\/p>\n<p><a href=\"https:\/\/www.ac-strasbourg.fr\/fileadmin\/pedagogie\/langues\/ressources-pedagogiques\/Cycle_2_-_Volet_2.pdf\" target=\"_blank\" rel=\"noopener\">Volet 2<\/a> \u00a0 \u00a0 \u00a0 \u00a0 \u00a0 \u00a0 \u00a0 \u00a0 \u00a0 \u00a0 \u00a0<a href=\"https:\/\/www.ac-strasbourg.fr\/fileadmin\/pedagogie\/langues\/ressources-pedagogiques\/Cycle_3_-_Volet_2.pdf\" target=\"_blank\" rel=\"noopener\">Volet 2<\/a> \u00a0 \u00a0 \u00a0 \u00a0 \u00a0 \u00a0 \u00a0 \u00a0 \u00a0<a href=\"https:\/\/www.ac-strasbourg.fr\/fileadmin\/pedagogie\/langues\/ressources-pedagogiques\/Cycle_4_-_volet_2.pdf\" target=\"_blank\" rel=\"noopener\">Volet 2<\/a><\/p>\n<p><a href=\"https:\/\/www.ac-strasbourg.fr\/fileadmin\/pedagogie\/langues\/ressources-pedagogiques\/Cycle_2_-_Volet_3.pdf\" target=\"_blank\" rel=\"noopener\">Volet 3<\/a> \u00a0 \u00a0 \u00a0 \u00a0 \u00a0 \u00a0 \u00a0 \u00a0 \u00a0 \u00a0 \u00a0<a href=\"https:\/\/www.ac-strasbourg.fr\/fileadmin\/pedagogie\/langues\/ressources-pedagogiques\/Cycle_3_-_Volet_3.pdf\" target=\"_blank\" rel=\"noopener\">Volet 3<\/a> \u00a0 \u00a0 \u00a0 \u00a0 \u00a0 \u00a0 \u00a0 \u00a0 \u00a0<a href=\"https:\/\/www.ac-strasbourg.fr\/fileadmin\/pedagogie\/langues\/ressources-pedagogiques\/Cycle_4_-_volet_3.pdf\" target=\"_blank\" rel=\"noopener\">Volet 3<\/a><\/p>\n<hr \/>\n<h4 style=\"text-align: center\"><span style=\"color: #0000ff\">DECLINAISON LINGUISTIQUE PAR CYCLES (Eduscol)<\/span><\/h4>\n<p>Ces ressources proviennent du site <a href=\"http:\/\/eduscol.education.fr\/cid100364\/ressources-pour-les-langues-vivantes-aux-cycles-4.html\" target=\"_blank\" rel=\"noopener\">Eduscol<\/a><\/p>\n<p><a href=\"http:\/\/cache.media.eduscol.education.fr\/file\/allemand\/63\/9\/RA16_C2_LV_allemand_declinaison_linguistisque_V2_582639.pdf\" target=\"_blank\" rel=\"noopener\"><strong>Cycle 2<\/strong> <\/a>\u00a0 \u00a0 \u00a0 \u00a0 \u00a0 \u00a0 \u00a0 \u00a0 \u00a0 \u00a0 \u00a0<strong><a href=\"http:\/\/cache.media.eduscol.education.fr\/file\/Allemand\/27\/1\/RA16_C3_LV_allemand_declinaison_linguistique_V2_609271.pdf\" target=\"_blank\" rel=\"noopener\">Cycle 3<\/a> \u00a0<\/strong> \u00a0 \u00a0 \u00a0 \u00a0 \u00a0 \u00a0 \u00a0 <a href=\"http:\/\/cache.media.eduscol.education.fr\/file\/Allemand\/27\/7\/RA16_C4_LV_allemand_declination_linguistique_609277.pdf\" target=\"_blank\" rel=\"noopener\">\u00a0<strong>Cycle 4<\/strong><\/a><\/p>\n<hr \/>\n<h4 style=\"text-align: center\"><span style=\"color: #0000ff\">DECLINAISON CULTURELLE PAR CYCLES (Eduscol)<\/span><\/h4>\n<p>Ces ressources proviennent du site <a href=\"http:\/\/eduscol.education.fr\/cid100364\/ressources-pour-les-langues-vivantes-aux-cycles-4.html\" target=\"_blank\" rel=\"noopener\">Eduscol<\/a><\/p>\n<p><a href=\"http:\/\/cache.media.eduscol.education.fr\/file\/allemand\/52\/7\/RA16_C2_LV_allemand_declinaison_culturelle_635527.pdf\" target=\"_blank\" rel=\"noopener\"><strong>Cycle 2<\/strong> <\/a>\u00a0 \u00a0 \u00a0 \u00a0 \u00a0 \u00a0 \u00a0 \u00a0 \u00a0 \u00a0 \u00a0<strong><a href=\"http:\/\/cache.media.eduscol.education.fr\/file\/Allemand\/72\/6\/RA16_C3_LV_allemand_declinaison_culturelle_616726.pdf\" target=\"_blank\" rel=\"noopener\">Cycle 3<\/a> \u00a0<\/strong> \u00a0 \u00a0 \u00a0 \u00a0 \u00a0 \u00a0 \u00a0 <a href=\"http:\/\/cache.media.eduscol.education.fr\/file\/Allemand\/96\/1\/RA16_C4_LV_allemand_declinaison_culturelle_616961.pdf\" target=\"_blank\" rel=\"noopener\">\u00a0<strong>Cycle 4<\/strong><\/a><\/p>\n<hr \/>\n<h3 style=\"text-align: center\"><span style=\"color: #ff0000\">PROGRAMMES LYCEE<\/span><\/h3>\n<p><strong>Les programmes d&rsquo;enseignement vont \u00eatre revus pour les classes de premi\u00e8re et de terminale \u00e0 compter de la rentr\u00e9e 2019.<\/strong><\/p>\n<h4 style=\"text-align: center\"><span style=\"color: #0000ff\">Horaires et enseignement<\/span><\/h4>\n<p><a href=\"https:\/\/ent2d.ac-bordeaux.fr\/disciplines\/allemand\/seconde-generale-et-technologique\/\" target=\"_blank\" rel=\"noopener\">Seconde g\u00e9n\u00e9rale et technologique<\/a><\/p>\n<p><a href=\"https:\/\/ent2d.ac-bordeaux.fr\/disciplines\/allemand\/cycle-terminal-voie-generale\/\" target=\"_blank\" rel=\"noopener\">Cycle terminal &#8211; voie g\u00e9n\u00e9rale<\/a><\/p>\n<p><a href=\"https:\/\/ent2d.ac-bordeaux.fr\/disciplines\/allemand\/seconde-generale-et-technologique\/\" target=\"_blank\" rel=\"noopener\">Seconde g\u00e9n\u00e9rale et technologique<\/a><\/p>\n<p><a href=\"https:\/\/ent2d.ac-bordeaux.fr\/disciplines\/allemand\/cycle-terminal-voie-technologique\/\" target=\"_blank\" rel=\"noopener\">Cycle terminal &#8211; voie technologique<\/a><\/p>\n<h4 style=\"text-align: center\"><span style=\"color: #0000ff\">PROGRAMME ET ACCOMPAGNEMENTS<\/span><\/h4>\n<p><a href=\"https:\/\/ent2d.ac-bordeaux.fr\/disciplines\/allemand\/programmes-accompagnements-voie-generale-et-technologique-classe-de-seconde\/\" target=\"_blank\" rel=\"noopener\">Programmes et accompagnements &#8211; Voie g\u00e9n\u00e9rale et technologique &#8211; Classe de seconde<\/a><\/p>\n<p><a href=\"https:\/\/ent2d.ac-bordeaux.fr\/disciplines\/allemand\/programmes-denseignement-et-ressources-pour-le-cycle-terminal-voie-generale-et-technologique\/\" target=\"_blank\" rel=\"noopener\">Programmes et accompagnements &#8211; Voie g\u00e9n\u00e9rale et technologique &#8211; Cycle terminal<\/a><\/p>\n<p>Programmes et accompagnements pour la voie professionnelle<\/p>\n<p>&nbsp;<\/p>\n","protected":false},"excerpt":{"rendered":"<p>Programmes du CYCLE 2 AU CYCLE 4 Les documents suivants sont t\u00e9l\u00e9chargeables au format .pdf et sont extraits du Bulletin Officiel sp\u00e9cial n\u00b011 du 26 novembre 2015 Volet 1 : &#8230;<\/p>\n","protected":false},"author":33,"featured_media":430,"parent":0,"menu_order":0,"comment_status":"closed","ping_status":"closed","template":"template-fullwidth.php","meta":{"footnotes":""},"class_list":["post-775","page","type-page","status-publish","has-post-thumbnail","hentry"],"_links":{"self":[{"href":"https:\/\/ent2d.ac-bordeaux.fr\/disciplines\/allemand\/wp-json\/wp\/v2\/pages\/775","targetHints":{"allow":["GET"]}}],"collection":[{"href":"https:\/\/ent2d.ac-bordeaux.fr\/disciplines\/allemand\/wp-json\/wp\/v2\/pages"}],"about":[{"href":"https:\/\/ent2d.ac-bordeaux.fr\/disciplines\/allemand\/wp-json\/wp\/v2\/types\/page"}],"author":[{"embeddable":true,"href":"https:\/\/ent2d.ac-bordeaux.fr\/disciplines\/allemand\/wp-json\/wp\/v2\/users\/33"}],"replies":[{"embeddable":true,"href":"https:\/\/ent2d.ac-bordeaux.fr\/disciplines\/allemand\/wp-json\/wp\/v2\/comments?post=775"}],"version-history":[{"count":18,"href":"https:\/\/ent2d.ac-bordeaux.fr\/disciplines\/allemand\/wp-json\/wp\/v2\/pages\/775\/revisions"}],"predecessor-version":[{"id":896,"href":"https:\/\/ent2d.ac-bordeaux.fr\/disciplines\/allemand\/wp-json\/wp\/v2\/pages\/775\/revisions\/896"}],"wp:featuredmedia":[{"embeddable":true,"href":"https:\/\/ent2d.ac-bordeaux.fr\/disciplines\/allemand\/wp-json\/wp\/v2\/media\/430"}],"wp:attachment":[{"href":"https:\/\/ent2d.ac-bordeaux.fr\/disciplines\/allemand\/wp-json\/wp\/v2\/media?parent=775"}],"curies":[{"name":"wp","href":"https:\/\/api.w.org\/{rel}","templated":true}]}}