{"id":739,"date":"2018-10-21T21:40:34","date_gmt":"2018-10-21T19:40:34","guid":{"rendered":"https:\/\/ent2d.ac-bordeaux.fr\/disciplines\/allemand\/?page_id=739"},"modified":"2026-03-12T09:25:14","modified_gmt":"2026-03-12T08:25:14","slug":"actualites","status":"publish","type":"page","link":"https:\/\/ent2d.ac-bordeaux.fr\/disciplines\/allemand\/actualites\/","title":{"rendered":"ACTUALITES"},"content":{"rendered":"\n<p><\/p>\n\n\n\n<p class=\"has-text-align-center\">AUSTAUSCH PAU-LIMBURG<\/p>\n\n\n\n<p>Dans le cadre du partenariat entre les \u00e9tablissements de <strong>Pau et de Limburg<\/strong>, un \u00e9change scolaire s\u2019est d\u00e9roul\u00e9 en <strong>d\u00e9cembre 2025<\/strong>. Ce projet a permis aux \u00e9l\u00e8ves fran\u00e7ais et allemands de se rencontrer, de d\u00e9couvrir le quotidien de leurs correspondants et de pratiquer la langue allemande dans un contexte authentique.<\/p>\n\n\n\n<p>Au-del\u00e0 de l\u2019immersion linguistique, cet \u00e9change a \u00e9galement favoris\u00e9 la d\u00e9couverte culturelle et le d\u00e9veloppement de comp\u00e9tences interculturelles. Les \u00e9l\u00e8ves ont particip\u00e9 \u00e0 diff\u00e9rentes activit\u00e9s p\u00e9dagogiques et culturelles leur permettant de mieux comprendre le pays partenaire et de renforcer les liens entre les deux \u00e9tablissements.<\/p>\n\n\n\n<p>Vous trouverez ci-dessous un aper\u00e7u de cet \u00e9change \u00e0 travers une s\u00e9lection de photos, de carnets de voyage et de moments marquants.<\/p>\n\n\n\n<p><a href=\"https:\/\/www.lyceelouisbarthou.fr\/informations\/c\/1\/i\/94662169\/austausch-limburg-pau-2025\" target=\"_blank\" rel=\"noreferrer noopener\">AUSTAUSCH LIMBURG PAU DEZEMBER 2025<\/a><\/p>\n\n\n<div class=\"wp-block-image\">\n<figure class=\"aligncenter size-large\"><img loading=\"lazy\" decoding=\"async\" width=\"301\" height=\"189\" src=\"https:\/\/ent2d.ac-bordeaux.fr\/disciplines\/allemand\/wp-content\/uploads\/sites\/11\/2021\/09\/Maad.png\" alt=\"\" class=\"wp-image-1505\" \/><\/figure>\n<\/div>\n\n<p>Information du Goethe Institut de Bordeaux<\/p>\n<p style=\"font-weight: 400\">das Museum MADD bietet F\u00fchrungen durch die sehr interessante und gut konzipierte Ausstellung \u201ePaysans \u2013 Designers \u2013 un art du vivant\u201c f\u00fcr Deutschlerner:innen jeder Altersgruppe an.\u00a0<a href=\"https:\/\/madd-bordeaux.fr\/expositions\/paysans-designers-un-art-du-vivant\" data-saferedirecturl=\"https:\/\/www.google.com\/url?q=https:\/\/madd-bordeaux.fr\/expositions\/paysans-designers-un-art-du-vivant&amp;source=gmail&amp;ust=1632492983136000&amp;usg=AFQjCNGzHcEJEJHryW266uBAZUmkmZYkBA\">https:\/\/madd-bordeaux.fr\/expositions\/paysans-designers-un-art-du-vivant<\/a> Wenn Sie daran Interesse haben, wenden Sie sich direkt an Esra Blohberger (e.blohberger@mairie-bordeaux.fr), die gerne mit Ihnen und Ihren Sch\u00fcler:innen einen Besuch organisieren wird. Die Sch\u00fclerinnen und Sch\u00fcler erfahren, \u201e..dass der Design zur Entwicklung unseres modernen Lebens beigetragen hat, in dem er die industrielle Produktion vorangetrieben hat. Aber heute muss er eine neue Rolle spielen. Mehr als je zuvor versucht der Designer auf die aktuellen Probleme unseres sozialen Lebens zu antworten: Wie kann man sich weiterhin gut ern\u00e4hren, wie erziehen und wie medizinisch versorgt werden?\u201c \u00dcbersetzung D. Ladiges-Evans \u2013 Pressedossier).<\/p>\n<p style=\"font-weight: 400\">Wir w\u00fcrden uns \u00fcber Ihre Teilnahme an diesem sch\u00f6nen Projekt \u00fcberaus freuen.<\/p>\n<h3>\u00a0<\/h3>\n<h3 style=\"text-align: center\"><a href=\"https:\/\/ent2d.ac-bordeaux.fr\/disciplines\/allemand\/wp-content\/uploads\/sites\/11\/2018\/10\/lettre3-1.png\"><img loading=\"lazy\" decoding=\"async\" class=\"alignnone wp-image-1239\" src=\"https:\/\/ent2d.ac-bordeaux.fr\/disciplines\/allemand\/wp-content\/uploads\/sites\/11\/2018\/10\/lettre3-1-300x150.png\" alt=\"\" width=\"248\" height=\"124\" \/><\/a><\/h3>\n<h3>\u00a0<\/h3>\n<p>La lettre de rentr\u00e9e 2025-2026 est consultable <a href=\"https:\/\/ent2d.ac-bordeaux.fr\/disciplines\/allemand\/wp-content\/uploads\/sites\/11\/2025\/10\/LETTRE_RENTREE_LV-R2025_PUBLIC.pdf\" target=\"_blank\" rel=\"noopener\">ici<\/a>.<\/p>\n<h3 style=\"text-align: center\"><span style=\"color: #0000ff\">CERTIFICATION 2026 &#8211; INFORMATIONS IMPORTANTES<\/span><\/h3>\n<p style=\"text-align: center\"><a href=\"https:\/\/ent2d.ac-bordeaux.fr\/disciplines\/allemand\/wp-content\/uploads\/sites\/11\/2018\/10\/DSD-1.png\"><img loading=\"lazy\" decoding=\"async\" class=\"alignnone wp-image-1014\" src=\"https:\/\/ent2d.ac-bordeaux.fr\/disciplines\/allemand\/wp-content\/uploads\/sites\/11\/2018\/10\/DSD-1-300x219.png\" alt=\"\" width=\"140\" height=\"102\" srcset=\"https:\/\/ent2d.ac-bordeaux.fr\/disciplines\/allemand\/wp-content\/uploads\/sites\/11\/2018\/10\/DSD-1-300x219.png 300w, https:\/\/ent2d.ac-bordeaux.fr\/disciplines\/allemand\/wp-content\/uploads\/sites\/11\/2018\/10\/DSD-1.png 762w\" sizes=\"auto, (max-width: 140px) 100vw, 140px\" \/><\/a><\/p>\n<ul class=\"spip\">\n<li>les\u00a0<strong>\u00e9preuves orales\u00a0<\/strong>de la certification en allemand devront imp\u00e9rativement se d\u00e9rouler durant la p\u00e9riode\u00a0<strong>du 02 au 27 mars 2026<\/strong>.<\/li>\n<li>Les\u00a0<strong>\u00e9preuves \u00e9crites<\/strong>\u00a0auront lieu le\u00a0<strong>mardi 10 mars 2026 de 9 h \u00e0 12 h30<\/strong>. (175mn + 2 pauses)<\/li>\n<\/ul>\n<h4>\u00a0<\/h4>\n<h4 style=\"text-align: center\"><a href=\"https:\/\/ent2d.ac-bordeaux.fr\/disciplines\/allemand\/wp-content\/uploads\/sites\/11\/2019\/11\/Descriptif_AllES.pdf\" target=\"_blank\" rel=\"noopener noreferrer\"><span style=\"color: #0000ff\">ACTION POUR L&rsquo;<em><strong>ALL<\/strong><\/em>EMAND DANS L&rsquo;<em>E<\/em>NSEIGNEMENT <em>S<\/em>UPERIEUR<\/span><\/a><\/h4>\n<p id=\"Duree\" class=\"spip\">Vous \u00eates professeur\/ e d&rsquo;allemand ? Invitez des \u00e9tudiants-ambassadeurs \/ \u00e9tudiantes-ambassadrices dans vos cours pour promouvoir l&rsquo;allemand dans l&rsquo;enseignement sup\u00e9rieur !<\/p>\n<p>L&rsquo;initiative \u00ab\u00a0All\u00a0\u00bbES souhaite motiver davantage d&rsquo;\u00e9l\u00e8ves \u00e0 continuer l&rsquo;allemand apr\u00e8s le bac. Pour cela, des ambassadeurs et ambassadrices proposent des animations gratuites dans les coll\u00e8ges et lyc\u00e9es afin d&rsquo;informer les \u00e9l\u00e8ves des diff\u00e9rentes possibilit\u00e9s pour continuer l&rsquo;allemand dans le sup\u00e9rieur et des programmes de mobilit\u00e9 universitaires.<\/p>\n<p>Les interventions \u00ab\u00a0All\u00a0\u00bbES se font du niveau 3\u00e8me au niveau Terminale.<\/p>\n<p>Veuillez trouver plus d&rsquo;informations sous <a href=\"https:\/\/www.allemand-postbac.fr\/accueil\/\" target=\"_blank\" rel=\"noopener noreferrer\">www.allemand-postbac.fr<\/a><\/p>\n<p>Demande d&rsquo;intervention dans les \u00e9tablissements :<\/p>\n<p><a href=\"https:\/\/www.allemand-postbac.fr\/ambassadeurs\/demande-dambassadeur-professeur\/\" target=\"_blank\" rel=\"noopener noreferrer\">www.allemand-postbac.fr\/ambassadeurs\/demande-dambassadeur-professeur\/<\/a><\/p>\n\n\n<figure class=\"wp-block-image\"><img loading=\"lazy\" decoding=\"async\" width=\"870\" height=\"154\" src=\"https:\/\/ent2d.ac-bordeaux.fr\/disciplines\/allemand\/wp-content\/uploads\/sites\/11\/2019\/11\/Capture-d\u2019e\u0301cran-2019-11-09-a\u0300-11.11.50-1.png\" alt=\"\" class=\"wp-image-1353\" srcset=\"https:\/\/ent2d.ac-bordeaux.fr\/disciplines\/allemand\/wp-content\/uploads\/sites\/11\/2019\/11\/Capture-d\u2019e\u0301cran-2019-11-09-a\u0300-11.11.50-1.png 870w, https:\/\/ent2d.ac-bordeaux.fr\/disciplines\/allemand\/wp-content\/uploads\/sites\/11\/2019\/11\/Capture-d\u2019e\u0301cran-2019-11-09-a\u0300-11.11.50-1-300x53.png 300w, https:\/\/ent2d.ac-bordeaux.fr\/disciplines\/allemand\/wp-content\/uploads\/sites\/11\/2019\/11\/Capture-d\u2019e\u0301cran-2019-11-09-a\u0300-11.11.50-1-768x136.png 768w\" sizes=\"auto, (max-width: 870px) 100vw, 870px\" \/><\/figure>\n\n\n\n<figure class=\"wp-block-image\"><img loading=\"lazy\" decoding=\"async\" width=\"870\" height=\"154\" src=\"https:\/\/ent2d.ac-bordeaux.fr\/disciplines\/allemand\/wp-content\/uploads\/sites\/11\/2019\/11\/Capture-d\u2019e\u0301cran-2019-11-09-a\u0300-11.11.31.png\" alt=\"\" class=\"wp-image-1352\" srcset=\"https:\/\/ent2d.ac-bordeaux.fr\/disciplines\/allemand\/wp-content\/uploads\/sites\/11\/2019\/11\/Capture-d\u2019e\u0301cran-2019-11-09-a\u0300-11.11.31.png 870w, https:\/\/ent2d.ac-bordeaux.fr\/disciplines\/allemand\/wp-content\/uploads\/sites\/11\/2019\/11\/Capture-d\u2019e\u0301cran-2019-11-09-a\u0300-11.11.31-300x53.png 300w, https:\/\/ent2d.ac-bordeaux.fr\/disciplines\/allemand\/wp-content\/uploads\/sites\/11\/2019\/11\/Capture-d\u2019e\u0301cran-2019-11-09-a\u0300-11.11.31-768x136.png 768w\" sizes=\"auto, (max-width: 870px) 100vw, 870px\" \/><\/figure>\n","protected":false},"excerpt":{"rendered":"<p>AUSTAUSCH PAU-LIMBURG Dans le cadre du partenariat entre les \u00e9tablissements de Pau et de Limburg, un \u00e9change scolaire s\u2019est d\u00e9roul\u00e9 en d\u00e9cembre 2025. Ce projet a permis aux \u00e9l\u00e8ves fran\u00e7ais &#8230;<\/p>\n","protected":false},"author":33,"featured_media":430,"parent":0,"menu_order":0,"comment_status":"closed","ping_status":"closed","template":"template-fullwidth.php","meta":{"footnotes":""},"class_list":["post-739","page","type-page","status-publish","has-post-thumbnail","hentry"],"_links":{"self":[{"href":"https:\/\/ent2d.ac-bordeaux.fr\/disciplines\/allemand\/wp-json\/wp\/v2\/pages\/739","targetHints":{"allow":["GET"]}}],"collection":[{"href":"https:\/\/ent2d.ac-bordeaux.fr\/disciplines\/allemand\/wp-json\/wp\/v2\/pages"}],"about":[{"href":"https:\/\/ent2d.ac-bordeaux.fr\/disciplines\/allemand\/wp-json\/wp\/v2\/types\/page"}],"author":[{"embeddable":true,"href":"https:\/\/ent2d.ac-bordeaux.fr\/disciplines\/allemand\/wp-json\/wp\/v2\/users\/33"}],"replies":[{"embeddable":true,"href":"https:\/\/ent2d.ac-bordeaux.fr\/disciplines\/allemand\/wp-json\/wp\/v2\/comments?post=739"}],"version-history":[{"count":42,"href":"https:\/\/ent2d.ac-bordeaux.fr\/disciplines\/allemand\/wp-json\/wp\/v2\/pages\/739\/revisions"}],"predecessor-version":[{"id":1667,"href":"https:\/\/ent2d.ac-bordeaux.fr\/disciplines\/allemand\/wp-json\/wp\/v2\/pages\/739\/revisions\/1667"}],"wp:featuredmedia":[{"embeddable":true,"href":"https:\/\/ent2d.ac-bordeaux.fr\/disciplines\/allemand\/wp-json\/wp\/v2\/media\/430"}],"wp:attachment":[{"href":"https:\/\/ent2d.ac-bordeaux.fr\/disciplines\/allemand\/wp-json\/wp\/v2\/media?parent=739"}],"curies":[{"name":"wp","href":"https:\/\/api.w.org\/{rel}","templated":true}]}}