{"id":696,"date":"2018-10-22T10:00:10","date_gmt":"2018-10-22T08:00:10","guid":{"rendered":"https:\/\/ent2d.ac-bordeaux.fr\/disciplines\/allemand\/?page_id=696"},"modified":"2025-10-28T16:10:35","modified_gmt":"2025-10-28T15:10:35","slug":"lettre-de-rentree-2018-2019","status":"publish","type":"page","link":"https:\/\/ent2d.ac-bordeaux.fr\/disciplines\/allemand\/lettre-de-rentree-2018-2019\/","title":{"rendered":"Inspection"},"content":{"rendered":"<h4 style=\"text-align: left\">La lettre de rentr\u00e9e 2025-2026 est consultable en cliquant sur la vignette ci-dessous :<\/h4>\n<p><a href=\"https:\/\/ent2d.ac-bordeaux.fr\/disciplines\/allemand\/wp-content\/uploads\/sites\/11\/2025\/10\/LETTRE_RENTREE_LV-R2025_PUBLIC.pdf\" target=\"_blank\" rel=\"noopener noreferrer\"><img loading=\"lazy\" decoding=\"async\" class=\"aligncenter wp-image-765\" src=\"https:\/\/ent2d.ac-bordeaux.fr\/disciplines\/allemand\/wp-content\/uploads\/sites\/11\/2018\/10\/lettre3-300x150.png\" alt=\"\" width=\"232\" height=\"116\" srcset=\"https:\/\/ent2d.ac-bordeaux.fr\/disciplines\/allemand\/wp-content\/uploads\/sites\/11\/2018\/10\/lettre3-300x150.png 300w, https:\/\/ent2d.ac-bordeaux.fr\/disciplines\/allemand\/wp-content\/uploads\/sites\/11\/2018\/10\/lettre3.png 400w\" sizes=\"auto, (max-width: 232px) 100vw, 232px\" \/><\/a><\/p>\n<h4>Les nouvelles modalit\u00e9s d&rsquo;\u00e9valuation des enseignants : cliquez sur la vignette pour consulter le BO.<\/h4>\n<p><a href=\"http:\/\/www.education.gouv.fr\/cid118572\/rendez-vous-carriere-mode-emploi.html\" target=\"_blank\" rel=\"noopener noreferrer\"><img loading=\"lazy\" decoding=\"async\" class=\"wp-image-770 aligncenter\" src=\"https:\/\/ent2d.ac-bordeaux.fr\/disciplines\/allemand\/wp-content\/uploads\/sites\/11\/2018\/10\/BO-300x109.png\" alt=\"\" width=\"218\" height=\"79\" srcset=\"https:\/\/ent2d.ac-bordeaux.fr\/disciplines\/allemand\/wp-content\/uploads\/sites\/11\/2018\/10\/BO-300x109.png 300w, https:\/\/ent2d.ac-bordeaux.fr\/disciplines\/allemand\/wp-content\/uploads\/sites\/11\/2018\/10\/BO.png 370w\" sizes=\"auto, (max-width: 218px) 100vw, 218px\" \/><\/a><\/p>\n<h4>R\u00e9f\u00e9rentiel de comp\u00e9tences des m\u00e9tiers du professorat et de l&rsquo;\u00e9ducation :<\/h4>\n<p><a href=\"http:\/\/www.education.gouv.fr\/cid73215\/le-referentiel-de-competences-des-enseignants-au-bo-du-25-juillet-2013.html\" target=\"_blank\" rel=\"noopener noreferrer\"><img loading=\"lazy\" decoding=\"async\" class=\"wp-image-770 aligncenter\" src=\"https:\/\/ent2d.ac-bordeaux.fr\/disciplines\/allemand\/wp-content\/uploads\/sites\/11\/2018\/10\/BO-300x109.png\" alt=\"\" width=\"218\" height=\"79\" srcset=\"https:\/\/ent2d.ac-bordeaux.fr\/disciplines\/allemand\/wp-content\/uploads\/sites\/11\/2018\/10\/BO-300x109.png 300w, https:\/\/ent2d.ac-bordeaux.fr\/disciplines\/allemand\/wp-content\/uploads\/sites\/11\/2018\/10\/BO.png 370w\" sizes=\"auto, (max-width: 218px) 100vw, 218px\" \/><\/a><\/p>\n","protected":false},"excerpt":{"rendered":"<p>La lettre de rentr\u00e9e 2025-2026 est consultable en cliquant sur la vignette ci-dessous : Les nouvelles modalit\u00e9s d&rsquo;\u00e9valuation des enseignants : cliquez sur la vignette pour consulter le BO. R\u00e9f\u00e9rentiel &#8230;<\/p>\n","protected":false},"author":33,"featured_media":430,"parent":0,"menu_order":0,"comment_status":"closed","ping_status":"closed","template":"template-fullwidth.php","meta":{"footnotes":""},"class_list":["post-696","page","type-page","status-publish","has-post-thumbnail","hentry"],"_links":{"self":[{"href":"https:\/\/ent2d.ac-bordeaux.fr\/disciplines\/allemand\/wp-json\/wp\/v2\/pages\/696","targetHints":{"allow":["GET"]}}],"collection":[{"href":"https:\/\/ent2d.ac-bordeaux.fr\/disciplines\/allemand\/wp-json\/wp\/v2\/pages"}],"about":[{"href":"https:\/\/ent2d.ac-bordeaux.fr\/disciplines\/allemand\/wp-json\/wp\/v2\/types\/page"}],"author":[{"embeddable":true,"href":"https:\/\/ent2d.ac-bordeaux.fr\/disciplines\/allemand\/wp-json\/wp\/v2\/users\/33"}],"replies":[{"embeddable":true,"href":"https:\/\/ent2d.ac-bordeaux.fr\/disciplines\/allemand\/wp-json\/wp\/v2\/comments?post=696"}],"version-history":[{"count":17,"href":"https:\/\/ent2d.ac-bordeaux.fr\/disciplines\/allemand\/wp-json\/wp\/v2\/pages\/696\/revisions"}],"predecessor-version":[{"id":1649,"href":"https:\/\/ent2d.ac-bordeaux.fr\/disciplines\/allemand\/wp-json\/wp\/v2\/pages\/696\/revisions\/1649"}],"wp:featuredmedia":[{"embeddable":true,"href":"https:\/\/ent2d.ac-bordeaux.fr\/disciplines\/allemand\/wp-json\/wp\/v2\/media\/430"}],"wp:attachment":[{"href":"https:\/\/ent2d.ac-bordeaux.fr\/disciplines\/allemand\/wp-json\/wp\/v2\/media?parent=696"}],"curies":[{"name":"wp","href":"https:\/\/api.w.org\/{rel}","templated":true}]}}